{"id":139739,"date":"2024-02-13T13:41:39","date_gmt":"2024-02-13T11:41:39","guid":{"rendered":"https:\/\/metaltale.com\/produktas\/dekoratiivne-metallplaat-texaco-1\/"},"modified":"2024-02-13T13:41:39","modified_gmt":"2024-02-13T11:41:39","slug":"dekoratiivne-metallplaat-texaco-1","status":"publish","type":"product","link":"https:\/\/metaltale.com\/et\/toode\/dekoratiivne-metallplaat-texaco-1\/","title":{"rendered":"Dekoratiivne metallplaat TEXACO 1"},"content":{"rendered":"<div class=\"prod_data\"><strong>Model<\/strong> To. Y29  <br \/><strong>EAN.<\/strong>  5905369910043  <br \/><strong>\u00dcldl\u00e4bim\u00f5\u00f5t (cm)<\/strong> 30  <br \/><strong>Materjal<\/strong> teras  <br \/><strong>Kuju<\/strong> \u00dcmmargune  <br \/><strong>Orienteerumine<\/strong> Universaalne  <br \/><strong>Ruum<\/strong> Garaa\u017e  <br \/><strong>Motiiv<\/strong> Motoriseerimine  <\/p>\n<p>Metallist, \u00fcmmargune plaat, v\u00e4rvitud kulumiskindla v\u00e4rviga, millele on lisatud lakk, mis kaitseb kriimustuste eest. Plakatielemendid on reljeefsed, mis suurendab toote atraktiivsust. Plaadi servad on ohutuse tagamiseks \u00fcmardatud. V\u00e4rvitud kriimustused s\u00e4ilitavad retroatmosf\u00e4\u00e4ri ja p\u00fc\u00fcavad pilku, samas kui \u00fcmmargune paneel on tagak\u00fcljel n\u00f6\u00f6ri abil kinnitatud.<br \/>Iga eksemplar on \u00fcmbritsetud kaitsekilega.<\/p>\n<p>Tootel on Texaco kaubam\u00e4rgi logo, mida \u00fcmbritseb \u00e4\u00e4rik s\u00f5nadega &#8220;Motor Spirit Motor Oil&#8221;. K\u00f5ik see on s\u00e4ilitatud vanade aegade kliimas.<\/p>\n<p>Retro paneel ei toimi mitte ainult baarides, vaid ka stiilse lisana vintage-sisekujunduses.<br \/>Metallist plakat on originaalne kingiidee.<\/p>\n<\/div>\n","protected":false},"excerpt":{"rendered":"<p>Model To. Y29 EAN. 5905369910043 \u00dcldl\u00e4bim\u00f5\u00f5t (cm) 30 Materjal teras Kuju \u00dcmmargune Orienteerumine Universaalne Ruum Garaa\u017e Motiiv Motoriseerimine Metallist, \u00fcmmargune<\/p>\n","protected":false},"featured_media":67794,"comment_status":"open","ping_status":"closed","template":"","meta":{"_acf_changed":false,"pmpro_default_level":""},"product_brand":[],"product_cat":[23895],"product_tag":[],"class_list":{"0":"post-139739","1":"product","2":"type-product","3":"status-publish","4":"has-post-thumbnail","6":"product_cat-kaunistused","7":"pmpro-has-access","9":"first","10":"instock","11":"shipping-taxable","12":"purchasable","13":"product-type-simple"},"acf":[],"yoast_head":"<!-- This site is optimized with the Yoast SEO plugin v24.9 - https:\/\/yoast.com\/wordpress\/plugins\/seo\/ -->\n<title>Dekoratiivne metallplaat TEXACO 1 - MetalTale.com<\/title>\n<meta name=\"robots\" content=\"index, follow, max-snippet:-1, max-image-preview:large, max-video-preview:-1\" \/>\n<link rel=\"canonical\" href=\"https:\/\/metaltale.com\/et\/toode\/dekoratiivne-metallplaat-texaco-1\/\" \/>\n<meta property=\"og:locale\" content=\"et_EE\" \/>\n<meta property=\"og:type\" content=\"article\" \/>\n<meta property=\"og:title\" content=\"Dekoratiivne metallplaat TEXACO 1 - MetalTale.com\" \/>\n<meta property=\"og:description\" content=\"Model To. Y29 EAN. 5905369910043 \u00dcldl\u00e4bim\u00f5\u00f5t (cm) 30 Materjal teras Kuju \u00dcmmargune Orienteerumine Universaalne Ruum Garaa\u017e Motiiv Motoriseerimine Metallist, \u00fcmmargune\" \/>\n<meta property=\"og:url\" content=\"https:\/\/metaltale.com\/et\/toode\/dekoratiivne-metallplaat-texaco-1\/\" \/>\n<meta property=\"og:site_name\" content=\"MetalTale.com\" \/>\n<meta name=\"twitter:card\" content=\"summary_large_image\" \/>\n<meta name=\"twitter:label1\" content=\"Est. reading time\" \/>\n\t<meta name=\"twitter:data1\" content=\"1 minut\" \/>\n<script type=\"application\/ld+json\" class=\"yoast-schema-graph\">{\"@context\":\"https:\/\/schema.org\",\"@graph\":[{\"@type\":\"WebPage\",\"@id\":\"https:\/\/metaltale.com\/et\/toode\/dekoratiivne-metallplaat-texaco-1\/\",\"url\":\"https:\/\/metaltale.com\/et\/toode\/dekoratiivne-metallplaat-texaco-1\/\",\"name\":\"Dekoratiivne metallplaat TEXACO 1 - MetalTale.com\",\"isPartOf\":{\"@id\":\"https:\/\/metaltale.com\/et\/#website\"},\"primaryImageOfPage\":{\"@id\":\"https:\/\/metaltale.com\/et\/toode\/dekoratiivne-metallplaat-texaco-1\/#primaryimage\"},\"image\":{\"@id\":\"https:\/\/metaltale.com\/et\/toode\/dekoratiivne-metallplaat-texaco-1\/#primaryimage\"},\"thumbnailUrl\":\"https:\/\/metaltale.com\/wp-content\/uploads\/2023\/09\/Metalinx117-plokx161tx117-TEXACO-1.jpg\",\"datePublished\":\"2024-02-13T11:41:39+00:00\",\"breadcrumb\":{\"@id\":\"https:\/\/metaltale.com\/et\/toode\/dekoratiivne-metallplaat-texaco-1\/#breadcrumb\"},\"inLanguage\":\"et\",\"potentialAction\":[{\"@type\":\"ReadAction\",\"target\":[\"https:\/\/metaltale.com\/et\/toode\/dekoratiivne-metallplaat-texaco-1\/\"]}]},{\"@type\":\"ImageObject\",\"inLanguage\":\"et\",\"@id\":\"https:\/\/metaltale.com\/et\/toode\/dekoratiivne-metallplaat-texaco-1\/#primaryimage\",\"url\":\"https:\/\/metaltale.com\/wp-content\/uploads\/2023\/09\/Metalinx117-plokx161tx117-TEXACO-1.jpg\",\"contentUrl\":\"https:\/\/metaltale.com\/wp-content\/uploads\/2023\/09\/Metalinx117-plokx161tx117-TEXACO-1.jpg\",\"width\":800,\"height\":800},{\"@type\":\"BreadcrumbList\",\"@id\":\"https:\/\/metaltale.com\/et\/toode\/dekoratiivne-metallplaat-texaco-1\/#breadcrumb\",\"itemListElement\":[{\"@type\":\"ListItem\",\"position\":1,\"name\":\"Home\",\"item\":\"https:\/\/metaltale.com\/et\/kodu\/\"},{\"@type\":\"ListItem\",\"position\":2,\"name\":\"Kauplus\",\"item\":\"https:\/\/metaltale.com\/et\/shop\/\"},{\"@type\":\"ListItem\",\"position\":3,\"name\":\"Dekoratiivne metallplaat TEXACO 1\"}]},{\"@type\":\"WebSite\",\"@id\":\"https:\/\/metaltale.com\/et\/#website\",\"url\":\"https:\/\/metaltale.com\/et\/\",\"name\":\"Metaltale.com\",\"description\":\"\",\"potentialAction\":[{\"@type\":\"SearchAction\",\"target\":{\"@type\":\"EntryPoint\",\"urlTemplate\":\"https:\/\/metaltale.com\/et\/?s={search_term_string}\"},\"query-input\":{\"@type\":\"PropertyValueSpecification\",\"valueRequired\":true,\"valueName\":\"search_term_string\"}}],\"inLanguage\":\"et\"}]}<\/script>\n<!-- \/ Yoast SEO plugin. -->","yoast_head_json":{"title":"Dekoratiivne metallplaat TEXACO 1 - MetalTale.com","robots":{"index":"index","follow":"follow","max-snippet":"max-snippet:-1","max-image-preview":"max-image-preview:large","max-video-preview":"max-video-preview:-1"},"canonical":"https:\/\/metaltale.com\/et\/toode\/dekoratiivne-metallplaat-texaco-1\/","og_locale":"et_EE","og_type":"article","og_title":"Dekoratiivne metallplaat TEXACO 1 - MetalTale.com","og_description":"Model To. Y29 EAN. 5905369910043 \u00dcldl\u00e4bim\u00f5\u00f5t (cm) 30 Materjal teras Kuju \u00dcmmargune Orienteerumine Universaalne Ruum Garaa\u017e Motiiv Motoriseerimine Metallist, \u00fcmmargune","og_url":"https:\/\/metaltale.com\/et\/toode\/dekoratiivne-metallplaat-texaco-1\/","og_site_name":"MetalTale.com","twitter_card":"summary_large_image","twitter_misc":{"Est. reading time":"1 minut"},"schema":{"@context":"https:\/\/schema.org","@graph":[{"@type":"WebPage","@id":"https:\/\/metaltale.com\/et\/toode\/dekoratiivne-metallplaat-texaco-1\/","url":"https:\/\/metaltale.com\/et\/toode\/dekoratiivne-metallplaat-texaco-1\/","name":"Dekoratiivne metallplaat TEXACO 1 - MetalTale.com","isPartOf":{"@id":"https:\/\/metaltale.com\/et\/#website"},"primaryImageOfPage":{"@id":"https:\/\/metaltale.com\/et\/toode\/dekoratiivne-metallplaat-texaco-1\/#primaryimage"},"image":{"@id":"https:\/\/metaltale.com\/et\/toode\/dekoratiivne-metallplaat-texaco-1\/#primaryimage"},"thumbnailUrl":"https:\/\/metaltale.com\/wp-content\/uploads\/2023\/09\/Metalinx117-plokx161tx117-TEXACO-1.jpg","datePublished":"2024-02-13T11:41:39+00:00","breadcrumb":{"@id":"https:\/\/metaltale.com\/et\/toode\/dekoratiivne-metallplaat-texaco-1\/#breadcrumb"},"inLanguage":"et","potentialAction":[{"@type":"ReadAction","target":["https:\/\/metaltale.com\/et\/toode\/dekoratiivne-metallplaat-texaco-1\/"]}]},{"@type":"ImageObject","inLanguage":"et","@id":"https:\/\/metaltale.com\/et\/toode\/dekoratiivne-metallplaat-texaco-1\/#primaryimage","url":"https:\/\/metaltale.com\/wp-content\/uploads\/2023\/09\/Metalinx117-plokx161tx117-TEXACO-1.jpg","contentUrl":"https:\/\/metaltale.com\/wp-content\/uploads\/2023\/09\/Metalinx117-plokx161tx117-TEXACO-1.jpg","width":800,"height":800},{"@type":"BreadcrumbList","@id":"https:\/\/metaltale.com\/et\/toode\/dekoratiivne-metallplaat-texaco-1\/#breadcrumb","itemListElement":[{"@type":"ListItem","position":1,"name":"Home","item":"https:\/\/metaltale.com\/et\/kodu\/"},{"@type":"ListItem","position":2,"name":"Kauplus","item":"https:\/\/metaltale.com\/et\/shop\/"},{"@type":"ListItem","position":3,"name":"Dekoratiivne metallplaat TEXACO 1"}]},{"@type":"WebSite","@id":"https:\/\/metaltale.com\/et\/#website","url":"https:\/\/metaltale.com\/et\/","name":"Metaltale.com","description":"","potentialAction":[{"@type":"SearchAction","target":{"@type":"EntryPoint","urlTemplate":"https:\/\/metaltale.com\/et\/?s={search_term_string}"},"query-input":{"@type":"PropertyValueSpecification","valueRequired":true,"valueName":"search_term_string"}}],"inLanguage":"et"}]}},"_links":{"self":[{"href":"https:\/\/metaltale.com\/et\/wp-json\/wp\/v2\/product\/139739","targetHints":{"allow":["GET"]}}],"collection":[{"href":"https:\/\/metaltale.com\/et\/wp-json\/wp\/v2\/product"}],"about":[{"href":"https:\/\/metaltale.com\/et\/wp-json\/wp\/v2\/types\/product"}],"replies":[{"embeddable":true,"href":"https:\/\/metaltale.com\/et\/wp-json\/wp\/v2\/comments?post=139739"}],"version-history":[{"count":0,"href":"https:\/\/metaltale.com\/et\/wp-json\/wp\/v2\/product\/139739\/revisions"}],"wp:featuredmedia":[{"embeddable":true,"href":"https:\/\/metaltale.com\/et\/wp-json\/wp\/v2\/media\/67794"}],"wp:attachment":[{"href":"https:\/\/metaltale.com\/et\/wp-json\/wp\/v2\/media?parent=139739"}],"wp:term":[{"taxonomy":"product_brand","embeddable":true,"href":"https:\/\/metaltale.com\/et\/wp-json\/wp\/v2\/product_brand?post=139739"},{"taxonomy":"product_cat","embeddable":true,"href":"https:\/\/metaltale.com\/et\/wp-json\/wp\/v2\/product_cat?post=139739"},{"taxonomy":"product_tag","embeddable":true,"href":"https:\/\/metaltale.com\/et\/wp-json\/wp\/v2\/product_tag?post=139739"}],"curies":[{"name":"wp","href":"https:\/\/api.w.org\/{rel}","templated":true}]}}