{"id":139730,"date":"2024-02-13T13:41:04","date_gmt":"2024-02-13T11:41:04","guid":{"rendered":"https:\/\/metaltale.com\/produktas\/rig-kasipuude-nurgaliitmik\/"},"modified":"2024-02-13T13:41:04","modified_gmt":"2024-02-13T11:41:04","slug":"rig-kasipuude-nurgaliitmik","status":"publish","type":"product","link":"https:\/\/metaltale.com\/et\/toode\/rig-kasipuude-nurgaliitmik\/","title":{"rendered":"RIG k\u00e4sipuude nurgaliitmik"},"content":{"rendered":"<div class=\"prod_data\">\n<p><strong>Mudel<\/strong> 70.100.AI. RK<br \/>\n<strong>EAN.<\/strong>  5905369919121<br \/>\nMaterjal Ketus<br \/>\n<strong>\u00dcldine k\u00f5rgus (cm)<\/strong> 4<br \/>\n<strong>\u00dcldine laius (cm)<\/strong> 4<br \/>\n<strong>V\u00e4rv<\/strong> teras<\/p>\n<p>Tutvustame mooduls\u00fcsteemi erinevat t\u00fc\u00fcpi riiulite, riiulite ja muude konstruktsioonide ehitamiseks torude ja liitmike baasil.<\/p>\n<p>KOLANO 90 \u00fchendus on valmistatud malmist. Sellel on kaks toru jaoks m\u00f5eldud ava, mis on \u00fcksteise suhtes 90 kraadi all. Igas augus on kaks lukustusmurdu, mis takistavad toru v\u00e4lja libisemist.<\/p>\n<\/div>\n","protected":false},"excerpt":{"rendered":"<p>Mudel 70.100.AI. RK EAN. 5905369919121 Materjal Ketus \u00dcldine k\u00f5rgus (cm) 4 \u00dcldine laius (cm) 4 V\u00e4rv teras Tutvustame mooduls\u00fcsteemi erinevat<\/p>\n","protected":false},"featured_media":79632,"comment_status":"open","ping_status":"closed","template":"","meta":{"_acf_changed":false,"pmpro_default_level":""},"product_brand":[],"product_cat":[24150,24206,23895],"product_tag":[],"class_list":{"0":"post-139730","1":"product","2":"type-product","3":"status-publish","4":"has-post-thumbnail","6":"product_cat-koogi-kaunistused","7":"product_cat-riputused-ja-roopad","8":"product_cat-kaunistused","9":"pmpro-has-access","11":"first","12":"instock","13":"shipping-taxable","14":"purchasable","15":"product-type-simple"},"acf":[],"yoast_head":"<!-- This site is optimized with the Yoast SEO plugin v24.9 - https:\/\/yoast.com\/wordpress\/plugins\/seo\/ -->\n<title>RIG k\u00e4sipuude nurgaliitmik - MetalTale.com<\/title>\n<meta name=\"robots\" content=\"index, follow, max-snippet:-1, max-image-preview:large, max-video-preview:-1\" \/>\n<link rel=\"canonical\" href=\"https:\/\/metaltale.com\/et\/toode\/rig-kasipuude-nurgaliitmik\/\" \/>\n<meta property=\"og:locale\" content=\"et_EE\" \/>\n<meta property=\"og:type\" content=\"article\" \/>\n<meta property=\"og:title\" content=\"RIG k\u00e4sipuude nurgaliitmik - MetalTale.com\" \/>\n<meta property=\"og:description\" content=\"Mudel 70.100.AI. RK EAN. 5905369919121 Materjal Ketus \u00dcldine k\u00f5rgus (cm) 4 \u00dcldine laius (cm) 4 V\u00e4rv teras Tutvustame mooduls\u00fcsteemi erinevat\" \/>\n<meta property=\"og:url\" content=\"https:\/\/metaltale.com\/et\/toode\/rig-kasipuude-nurgaliitmik\/\" \/>\n<meta property=\"og:site_name\" content=\"MetalTale.com\" \/>\n<meta property=\"og:image\" content=\"https:\/\/metaltale.com\/wp-content\/uploads\/2023\/10\/Kampinx117-jungtis-RIG-turx117klams.jpg\" \/>\n\t<meta property=\"og:image:width\" content=\"800\" \/>\n\t<meta property=\"og:image:height\" content=\"800\" \/>\n\t<meta property=\"og:image:type\" content=\"image\/jpeg\" \/>\n<meta name=\"twitter:card\" content=\"summary_large_image\" \/>\n<script type=\"application\/ld+json\" class=\"yoast-schema-graph\">{\"@context\":\"https:\/\/schema.org\",\"@graph\":[{\"@type\":\"WebPage\",\"@id\":\"https:\/\/metaltale.com\/et\/toode\/rig-kasipuude-nurgaliitmik\/\",\"url\":\"https:\/\/metaltale.com\/et\/toode\/rig-kasipuude-nurgaliitmik\/\",\"name\":\"RIG k\u00e4sipuude nurgaliitmik - MetalTale.com\",\"isPartOf\":{\"@id\":\"https:\/\/metaltale.com\/et\/#website\"},\"primaryImageOfPage\":{\"@id\":\"https:\/\/metaltale.com\/et\/toode\/rig-kasipuude-nurgaliitmik\/#primaryimage\"},\"image\":{\"@id\":\"https:\/\/metaltale.com\/et\/toode\/rig-kasipuude-nurgaliitmik\/#primaryimage\"},\"thumbnailUrl\":\"https:\/\/metaltale.com\/wp-content\/uploads\/2023\/10\/Kampinx117-jungtis-RIG-turx117klams.jpg\",\"datePublished\":\"2024-02-13T11:41:04+00:00\",\"breadcrumb\":{\"@id\":\"https:\/\/metaltale.com\/et\/toode\/rig-kasipuude-nurgaliitmik\/#breadcrumb\"},\"inLanguage\":\"et\",\"potentialAction\":[{\"@type\":\"ReadAction\",\"target\":[\"https:\/\/metaltale.com\/et\/toode\/rig-kasipuude-nurgaliitmik\/\"]}]},{\"@type\":\"ImageObject\",\"inLanguage\":\"et\",\"@id\":\"https:\/\/metaltale.com\/et\/toode\/rig-kasipuude-nurgaliitmik\/#primaryimage\",\"url\":\"https:\/\/metaltale.com\/wp-content\/uploads\/2023\/10\/Kampinx117-jungtis-RIG-turx117klams.jpg\",\"contentUrl\":\"https:\/\/metaltale.com\/wp-content\/uploads\/2023\/10\/Kampinx117-jungtis-RIG-turx117klams.jpg\",\"width\":800,\"height\":800},{\"@type\":\"BreadcrumbList\",\"@id\":\"https:\/\/metaltale.com\/et\/toode\/rig-kasipuude-nurgaliitmik\/#breadcrumb\",\"itemListElement\":[{\"@type\":\"ListItem\",\"position\":1,\"name\":\"Home\",\"item\":\"https:\/\/metaltale.com\/et\/kodu\/\"},{\"@type\":\"ListItem\",\"position\":2,\"name\":\"Kauplus\",\"item\":\"https:\/\/metaltale.com\/et\/shop\/\"},{\"@type\":\"ListItem\",\"position\":3,\"name\":\"RIG k\u00e4sipuude nurgaliitmik\"}]},{\"@type\":\"WebSite\",\"@id\":\"https:\/\/metaltale.com\/et\/#website\",\"url\":\"https:\/\/metaltale.com\/et\/\",\"name\":\"Metaltale.com\",\"description\":\"\",\"potentialAction\":[{\"@type\":\"SearchAction\",\"target\":{\"@type\":\"EntryPoint\",\"urlTemplate\":\"https:\/\/metaltale.com\/et\/?s={search_term_string}\"},\"query-input\":{\"@type\":\"PropertyValueSpecification\",\"valueRequired\":true,\"valueName\":\"search_term_string\"}}],\"inLanguage\":\"et\"}]}<\/script>\n<!-- \/ Yoast SEO plugin. -->","yoast_head_json":{"title":"RIG k\u00e4sipuude nurgaliitmik - MetalTale.com","robots":{"index":"index","follow":"follow","max-snippet":"max-snippet:-1","max-image-preview":"max-image-preview:large","max-video-preview":"max-video-preview:-1"},"canonical":"https:\/\/metaltale.com\/et\/toode\/rig-kasipuude-nurgaliitmik\/","og_locale":"et_EE","og_type":"article","og_title":"RIG k\u00e4sipuude nurgaliitmik - MetalTale.com","og_description":"Mudel 70.100.AI. RK EAN. 5905369919121 Materjal Ketus \u00dcldine k\u00f5rgus (cm) 4 \u00dcldine laius (cm) 4 V\u00e4rv teras Tutvustame mooduls\u00fcsteemi erinevat","og_url":"https:\/\/metaltale.com\/et\/toode\/rig-kasipuude-nurgaliitmik\/","og_site_name":"MetalTale.com","og_image":[{"width":800,"height":800,"url":"https:\/\/metaltale.com\/wp-content\/uploads\/2023\/10\/Kampinx117-jungtis-RIG-turx117klams.jpg","type":"image\/jpeg"}],"twitter_card":"summary_large_image","schema":{"@context":"https:\/\/schema.org","@graph":[{"@type":"WebPage","@id":"https:\/\/metaltale.com\/et\/toode\/rig-kasipuude-nurgaliitmik\/","url":"https:\/\/metaltale.com\/et\/toode\/rig-kasipuude-nurgaliitmik\/","name":"RIG k\u00e4sipuude nurgaliitmik - MetalTale.com","isPartOf":{"@id":"https:\/\/metaltale.com\/et\/#website"},"primaryImageOfPage":{"@id":"https:\/\/metaltale.com\/et\/toode\/rig-kasipuude-nurgaliitmik\/#primaryimage"},"image":{"@id":"https:\/\/metaltale.com\/et\/toode\/rig-kasipuude-nurgaliitmik\/#primaryimage"},"thumbnailUrl":"https:\/\/metaltale.com\/wp-content\/uploads\/2023\/10\/Kampinx117-jungtis-RIG-turx117klams.jpg","datePublished":"2024-02-13T11:41:04+00:00","breadcrumb":{"@id":"https:\/\/metaltale.com\/et\/toode\/rig-kasipuude-nurgaliitmik\/#breadcrumb"},"inLanguage":"et","potentialAction":[{"@type":"ReadAction","target":["https:\/\/metaltale.com\/et\/toode\/rig-kasipuude-nurgaliitmik\/"]}]},{"@type":"ImageObject","inLanguage":"et","@id":"https:\/\/metaltale.com\/et\/toode\/rig-kasipuude-nurgaliitmik\/#primaryimage","url":"https:\/\/metaltale.com\/wp-content\/uploads\/2023\/10\/Kampinx117-jungtis-RIG-turx117klams.jpg","contentUrl":"https:\/\/metaltale.com\/wp-content\/uploads\/2023\/10\/Kampinx117-jungtis-RIG-turx117klams.jpg","width":800,"height":800},{"@type":"BreadcrumbList","@id":"https:\/\/metaltale.com\/et\/toode\/rig-kasipuude-nurgaliitmik\/#breadcrumb","itemListElement":[{"@type":"ListItem","position":1,"name":"Home","item":"https:\/\/metaltale.com\/et\/kodu\/"},{"@type":"ListItem","position":2,"name":"Kauplus","item":"https:\/\/metaltale.com\/et\/shop\/"},{"@type":"ListItem","position":3,"name":"RIG k\u00e4sipuude nurgaliitmik"}]},{"@type":"WebSite","@id":"https:\/\/metaltale.com\/et\/#website","url":"https:\/\/metaltale.com\/et\/","name":"Metaltale.com","description":"","potentialAction":[{"@type":"SearchAction","target":{"@type":"EntryPoint","urlTemplate":"https:\/\/metaltale.com\/et\/?s={search_term_string}"},"query-input":{"@type":"PropertyValueSpecification","valueRequired":true,"valueName":"search_term_string"}}],"inLanguage":"et"}]}},"_links":{"self":[{"href":"https:\/\/metaltale.com\/et\/wp-json\/wp\/v2\/product\/139730","targetHints":{"allow":["GET"]}}],"collection":[{"href":"https:\/\/metaltale.com\/et\/wp-json\/wp\/v2\/product"}],"about":[{"href":"https:\/\/metaltale.com\/et\/wp-json\/wp\/v2\/types\/product"}],"replies":[{"embeddable":true,"href":"https:\/\/metaltale.com\/et\/wp-json\/wp\/v2\/comments?post=139730"}],"version-history":[{"count":0,"href":"https:\/\/metaltale.com\/et\/wp-json\/wp\/v2\/product\/139730\/revisions"}],"wp:featuredmedia":[{"embeddable":true,"href":"https:\/\/metaltale.com\/et\/wp-json\/wp\/v2\/media\/79632"}],"wp:attachment":[{"href":"https:\/\/metaltale.com\/et\/wp-json\/wp\/v2\/media?parent=139730"}],"wp:term":[{"taxonomy":"product_brand","embeddable":true,"href":"https:\/\/metaltale.com\/et\/wp-json\/wp\/v2\/product_brand?post=139730"},{"taxonomy":"product_cat","embeddable":true,"href":"https:\/\/metaltale.com\/et\/wp-json\/wp\/v2\/product_cat?post=139730"},{"taxonomy":"product_tag","embeddable":true,"href":"https:\/\/metaltale.com\/et\/wp-json\/wp\/v2\/product_tag?post=139730"}],"curies":[{"name":"wp","href":"https:\/\/api.w.org\/{rel}","templated":true}]}}