{"id":139722,"date":"2024-02-13T13:41:04","date_gmt":"2024-02-13T11:41:04","guid":{"rendered":"https:\/\/metaltale.com\/produktas\/eliza-metallist-potihoidjad\/"},"modified":"2024-02-13T13:41:04","modified_gmt":"2024-02-13T11:41:04","slug":"eliza-metallist-potihoidjad","status":"publish","type":"product","link":"https:\/\/metaltale.com\/et\/toode\/eliza-metallist-potihoidjad\/","title":{"rendered":"ELIZA metallist potihoidjad"},"content":{"rendered":"<div class=\"prod_data\">\n<p><strong>Mudel<\/strong> AF.785.XXX<br \/>\nMaterjal Metall<br \/>\n<strong>\u00dcldine k\u00f5rgus (cm)<\/strong> 14 \/ 15 \/ 19<br \/>\n<strong>\u00dcldl\u00e4bim\u00f5\u00f5t (cm<\/strong> ) 15 \/ 18 \/ 22<br \/>\n<strong>V\u00e4rv<\/strong> Hall<br \/>\nKogus komplekti kohta 1 tk.<\/p>\n<p>&#8211; universaalne v\u00e4rv (hall) tagab mitmek\u00fclgsuse<br \/>\n&#8211; lihtne kuju on ideaalne taust lilledele<br \/>\n&#8211; kolm keham\u00f5\u00f5tu (S, M, L)<\/p>\n<hr>\n<p>Lilled on kujunduse oluline element, mis \u00f5iges kohas elavdab interj\u00f6\u00f6ri ja annab sellele iseloomu. Metallist korpuste hall v\u00e4rvus tagab nende mitmek\u00fclgsuse, samal ajal kui pinnal olev h\u00f5\u00f5rdumine n\u00e4itab vana ja veidi t\u00f6\u00f6tlemata iseloomu.<\/p>\n<p>Karbid sobivad paljudesse stiilidesse, alates rohelistest, loft- ja t\u00f6\u00f6stuslikest interj\u00f6\u00f6ridest kuni rustikaalsete ja hubasemate boho-kompositsioonideni.<\/p>\n<hr>\n<\/div>\n","protected":false},"excerpt":{"rendered":"<p>Mudel AF.785.XXX Materjal Metall \u00dcldine k\u00f5rgus (cm) 14 \/ 15 \/ 19 \u00dcldl\u00e4bim\u00f5\u00f5t (cm ) 15 \/ 18 \/ 22<\/p>\n","protected":false},"featured_media":67620,"comment_status":"open","ping_status":"closed","template":"","meta":{"_acf_changed":false,"pmpro_default_level":""},"product_brand":[],"product_cat":[23896,23903,23895],"product_tag":[],"class_list":{"0":"post-139722","1":"product","2":"type-product","3":"status-publish","4":"has-post-thumbnail","6":"product_cat-dangciai-ir-geliu-vazonai-et","7":"product_cat-geliu-ir-augalu-dekorai-et","8":"product_cat-kaunistused","9":"pmpro-has-access","11":"first","12":"instock","13":"shipping-taxable","14":"purchasable","15":"product-type-simple"},"acf":[],"yoast_head":"<!-- This site is optimized with the Yoast SEO plugin v24.9 - https:\/\/yoast.com\/wordpress\/plugins\/seo\/ -->\n<title>ELIZA metallist potihoidjad - MetalTale.com<\/title>\n<meta name=\"robots\" content=\"index, follow, max-snippet:-1, max-image-preview:large, max-video-preview:-1\" \/>\n<link rel=\"canonical\" href=\"https:\/\/metaltale.com\/et\/toode\/eliza-metallist-potihoidjad\/\" \/>\n<meta property=\"og:locale\" content=\"et_EE\" \/>\n<meta property=\"og:type\" content=\"article\" \/>\n<meta property=\"og:title\" content=\"ELIZA metallist potihoidjad - MetalTale.com\" \/>\n<meta property=\"og:description\" content=\"Mudel AF.785.XXX Materjal Metall \u00dcldine k\u00f5rgus (cm) 14 \/ 15 \/ 19 \u00dcldl\u00e4bim\u00f5\u00f5t (cm ) 15 \/ 18 \/ 22\" \/>\n<meta property=\"og:url\" content=\"https:\/\/metaltale.com\/et\/toode\/eliza-metallist-potihoidjad\/\" \/>\n<meta property=\"og:site_name\" content=\"MetalTale.com\" \/>\n<meta name=\"twitter:card\" content=\"summary_large_image\" \/>\n<script type=\"application\/ld+json\" class=\"yoast-schema-graph\">{\"@context\":\"https:\/\/schema.org\",\"@graph\":[{\"@type\":\"WebPage\",\"@id\":\"https:\/\/metaltale.com\/et\/toode\/eliza-metallist-potihoidjad\/\",\"url\":\"https:\/\/metaltale.com\/et\/toode\/eliza-metallist-potihoidjad\/\",\"name\":\"ELIZA metallist potihoidjad - MetalTale.com\",\"isPartOf\":{\"@id\":\"https:\/\/metaltale.com\/et\/#website\"},\"primaryImageOfPage\":{\"@id\":\"https:\/\/metaltale.com\/et\/toode\/eliza-metallist-potihoidjad\/#primaryimage\"},\"image\":{\"@id\":\"https:\/\/metaltale.com\/et\/toode\/eliza-metallist-potihoidjad\/#primaryimage\"},\"thumbnailUrl\":\"https:\/\/metaltale.com\/wp-content\/uploads\/2023\/09\/Puodo-korpusas-ELIZA-S.jpg\",\"datePublished\":\"2024-02-13T11:41:04+00:00\",\"breadcrumb\":{\"@id\":\"https:\/\/metaltale.com\/et\/toode\/eliza-metallist-potihoidjad\/#breadcrumb\"},\"inLanguage\":\"et\",\"potentialAction\":[{\"@type\":\"ReadAction\",\"target\":[\"https:\/\/metaltale.com\/et\/toode\/eliza-metallist-potihoidjad\/\"]}]},{\"@type\":\"ImageObject\",\"inLanguage\":\"et\",\"@id\":\"https:\/\/metaltale.com\/et\/toode\/eliza-metallist-potihoidjad\/#primaryimage\",\"url\":\"https:\/\/metaltale.com\/wp-content\/uploads\/2023\/09\/Puodo-korpusas-ELIZA-S.jpg\",\"contentUrl\":\"https:\/\/metaltale.com\/wp-content\/uploads\/2023\/09\/Puodo-korpusas-ELIZA-S.jpg\",\"width\":800,\"height\":800},{\"@type\":\"BreadcrumbList\",\"@id\":\"https:\/\/metaltale.com\/et\/toode\/eliza-metallist-potihoidjad\/#breadcrumb\",\"itemListElement\":[{\"@type\":\"ListItem\",\"position\":1,\"name\":\"Home\",\"item\":\"https:\/\/metaltale.com\/et\/kodu\/\"},{\"@type\":\"ListItem\",\"position\":2,\"name\":\"Kauplus\",\"item\":\"https:\/\/metaltale.com\/et\/shop\/\"},{\"@type\":\"ListItem\",\"position\":3,\"name\":\"ELIZA metallist potihoidjad\"}]},{\"@type\":\"WebSite\",\"@id\":\"https:\/\/metaltale.com\/et\/#website\",\"url\":\"https:\/\/metaltale.com\/et\/\",\"name\":\"Metaltale.com\",\"description\":\"\",\"potentialAction\":[{\"@type\":\"SearchAction\",\"target\":{\"@type\":\"EntryPoint\",\"urlTemplate\":\"https:\/\/metaltale.com\/et\/?s={search_term_string}\"},\"query-input\":{\"@type\":\"PropertyValueSpecification\",\"valueRequired\":true,\"valueName\":\"search_term_string\"}}],\"inLanguage\":\"et\"}]}<\/script>\n<!-- \/ Yoast SEO plugin. -->","yoast_head_json":{"title":"ELIZA metallist potihoidjad - MetalTale.com","robots":{"index":"index","follow":"follow","max-snippet":"max-snippet:-1","max-image-preview":"max-image-preview:large","max-video-preview":"max-video-preview:-1"},"canonical":"https:\/\/metaltale.com\/et\/toode\/eliza-metallist-potihoidjad\/","og_locale":"et_EE","og_type":"article","og_title":"ELIZA metallist potihoidjad - MetalTale.com","og_description":"Mudel AF.785.XXX Materjal Metall \u00dcldine k\u00f5rgus (cm) 14 \/ 15 \/ 19 \u00dcldl\u00e4bim\u00f5\u00f5t (cm ) 15 \/ 18 \/ 22","og_url":"https:\/\/metaltale.com\/et\/toode\/eliza-metallist-potihoidjad\/","og_site_name":"MetalTale.com","twitter_card":"summary_large_image","schema":{"@context":"https:\/\/schema.org","@graph":[{"@type":"WebPage","@id":"https:\/\/metaltale.com\/et\/toode\/eliza-metallist-potihoidjad\/","url":"https:\/\/metaltale.com\/et\/toode\/eliza-metallist-potihoidjad\/","name":"ELIZA metallist potihoidjad - MetalTale.com","isPartOf":{"@id":"https:\/\/metaltale.com\/et\/#website"},"primaryImageOfPage":{"@id":"https:\/\/metaltale.com\/et\/toode\/eliza-metallist-potihoidjad\/#primaryimage"},"image":{"@id":"https:\/\/metaltale.com\/et\/toode\/eliza-metallist-potihoidjad\/#primaryimage"},"thumbnailUrl":"https:\/\/metaltale.com\/wp-content\/uploads\/2023\/09\/Puodo-korpusas-ELIZA-S.jpg","datePublished":"2024-02-13T11:41:04+00:00","breadcrumb":{"@id":"https:\/\/metaltale.com\/et\/toode\/eliza-metallist-potihoidjad\/#breadcrumb"},"inLanguage":"et","potentialAction":[{"@type":"ReadAction","target":["https:\/\/metaltale.com\/et\/toode\/eliza-metallist-potihoidjad\/"]}]},{"@type":"ImageObject","inLanguage":"et","@id":"https:\/\/metaltale.com\/et\/toode\/eliza-metallist-potihoidjad\/#primaryimage","url":"https:\/\/metaltale.com\/wp-content\/uploads\/2023\/09\/Puodo-korpusas-ELIZA-S.jpg","contentUrl":"https:\/\/metaltale.com\/wp-content\/uploads\/2023\/09\/Puodo-korpusas-ELIZA-S.jpg","width":800,"height":800},{"@type":"BreadcrumbList","@id":"https:\/\/metaltale.com\/et\/toode\/eliza-metallist-potihoidjad\/#breadcrumb","itemListElement":[{"@type":"ListItem","position":1,"name":"Home","item":"https:\/\/metaltale.com\/et\/kodu\/"},{"@type":"ListItem","position":2,"name":"Kauplus","item":"https:\/\/metaltale.com\/et\/shop\/"},{"@type":"ListItem","position":3,"name":"ELIZA metallist potihoidjad"}]},{"@type":"WebSite","@id":"https:\/\/metaltale.com\/et\/#website","url":"https:\/\/metaltale.com\/et\/","name":"Metaltale.com","description":"","potentialAction":[{"@type":"SearchAction","target":{"@type":"EntryPoint","urlTemplate":"https:\/\/metaltale.com\/et\/?s={search_term_string}"},"query-input":{"@type":"PropertyValueSpecification","valueRequired":true,"valueName":"search_term_string"}}],"inLanguage":"et"}]}},"_links":{"self":[{"href":"https:\/\/metaltale.com\/et\/wp-json\/wp\/v2\/product\/139722","targetHints":{"allow":["GET"]}}],"collection":[{"href":"https:\/\/metaltale.com\/et\/wp-json\/wp\/v2\/product"}],"about":[{"href":"https:\/\/metaltale.com\/et\/wp-json\/wp\/v2\/types\/product"}],"replies":[{"embeddable":true,"href":"https:\/\/metaltale.com\/et\/wp-json\/wp\/v2\/comments?post=139722"}],"version-history":[{"count":0,"href":"https:\/\/metaltale.com\/et\/wp-json\/wp\/v2\/product\/139722\/revisions"}],"wp:featuredmedia":[{"embeddable":true,"href":"https:\/\/metaltale.com\/et\/wp-json\/wp\/v2\/media\/67620"}],"wp:attachment":[{"href":"https:\/\/metaltale.com\/et\/wp-json\/wp\/v2\/media?parent=139722"}],"wp:term":[{"taxonomy":"product_brand","embeddable":true,"href":"https:\/\/metaltale.com\/et\/wp-json\/wp\/v2\/product_brand?post=139722"},{"taxonomy":"product_cat","embeddable":true,"href":"https:\/\/metaltale.com\/et\/wp-json\/wp\/v2\/product_cat?post=139722"},{"taxonomy":"product_tag","embeddable":true,"href":"https:\/\/metaltale.com\/et\/wp-json\/wp\/v2\/product_tag?post=139722"}],"curies":[{"name":"wp","href":"https:\/\/api.w.org\/{rel}","templated":true}]}}