{"id":139706,"date":"2024-02-13T13:39:04","date_gmt":"2024-02-13T11:39:04","guid":{"rendered":"https:\/\/metaltale.com\/produktas\/lofter-baaritooli-terashall\/"},"modified":"2024-02-13T13:39:04","modified_gmt":"2024-02-13T11:39:04","slug":"lofter-baaritooli-terashall","status":"publish","type":"product","link":"https:\/\/metaltale.com\/et\/toode\/lofter-baaritooli-terashall\/","title":{"rendered":"LOFTER baaritooli, terashall"},"content":{"rendered":"<div class=\"prod_data\">\n<p><strong>Mudel<\/strong> ZA. T4-S10-BH<br \/>\n<strong>EAN.<\/strong>  5905369913938<br \/>\n<strong>Materjal<\/strong> teras, m\u00e4nnipuit<br \/>\n<strong>\u00dcldk\u00f5rgus (cm)<\/strong> min. 71 \/ max. 86<br \/>\n<strong>Kogulaius (cm<\/strong> ) Rattalaud 38 \/ iste 28<br \/>\n<strong>V\u00e4rv<\/strong> teras<\/p>\n<p>Puidu ja terase kombinatsioon on t\u00e4iuslik retsept t\u00f6\u00f6stusliku baaritooli jaoks. Kavandatud toolil on huvitav disain ning kindel ja stabiilne konstruktsioon. Puidust istmel ja jalgadel on m\u00e4rgata kerget h\u00f5\u00f5rdumist. Originaalsust ja stiili t\u00e4iendab tooli teras &#8211; lakiga kaitstud keevitusj\u00e4ljed ja kriimustused r\u00f5hutavad toote loft-ilmet. Keermestatud terasvardale paigaldatud iste v\u00f5imaldab suurt k\u00f5rguse reguleerimist. T\u00e4helepanu v\u00e4\u00e4rib ka istme all olev dekoratiivne kaar, mille t\u00f6\u00f6stuslikku iseloomu r\u00f5hutavad veelgi serval n\u00e4htavad neetid. Tool on muljetavaldav ja seda kasutatakse kindlasti kodus, baarides ja pubides.<\/p>\n<hr>\n<\/div>\n","protected":false},"excerpt":{"rendered":"<p>Mudel ZA. T4-S10-BH EAN. 5905369913938 Materjal teras, m\u00e4nnipuit \u00dcldk\u00f5rgus (cm) min. 71 \/ max. 86 Kogulaius (cm ) Rattalaud 38<\/p>\n","protected":false},"featured_media":100140,"comment_status":"open","ping_status":"closed","template":"","meta":{"_acf_changed":false,"pmpro_default_level":""},"product_brand":[],"product_cat":[24138],"product_tag":[],"class_list":{"0":"post-139706","1":"product","2":"type-product","3":"status-publish","4":"has-post-thumbnail","6":"product_cat-toostusmoobel","7":"pmpro-has-access","9":"first","10":"instock","11":"shipping-taxable","12":"purchasable","13":"product-type-simple"},"acf":[],"yoast_head":"<!-- This site is optimized with the Yoast SEO plugin v24.9 - https:\/\/yoast.com\/wordpress\/plugins\/seo\/ -->\n<title>LOFTER baaritooli, terashall - MetalTale.com<\/title>\n<meta name=\"robots\" content=\"index, follow, max-snippet:-1, max-image-preview:large, max-video-preview:-1\" \/>\n<link rel=\"canonical\" href=\"https:\/\/metaltale.com\/et\/toode\/lofter-baaritooli-terashall\/\" \/>\n<meta property=\"og:locale\" content=\"et_EE\" \/>\n<meta property=\"og:type\" content=\"article\" \/>\n<meta property=\"og:title\" content=\"LOFTER baaritooli, terashall - MetalTale.com\" \/>\n<meta property=\"og:description\" content=\"Mudel ZA. T4-S10-BH EAN. 5905369913938 Materjal teras, m\u00e4nnipuit \u00dcldk\u00f5rgus (cm) min. 71 \/ max. 86 Kogulaius (cm ) Rattalaud 38\" \/>\n<meta property=\"og:url\" content=\"https:\/\/metaltale.com\/et\/toode\/lofter-baaritooli-terashall\/\" \/>\n<meta property=\"og:site_name\" content=\"MetalTale.com\" \/>\n<meta name=\"twitter:card\" content=\"summary_large_image\" \/>\n<meta name=\"twitter:label1\" content=\"Est. reading time\" \/>\n\t<meta name=\"twitter:data1\" content=\"1 minut\" \/>\n<script type=\"application\/ld+json\" class=\"yoast-schema-graph\">{\"@context\":\"https:\/\/schema.org\",\"@graph\":[{\"@type\":\"WebPage\",\"@id\":\"https:\/\/metaltale.com\/et\/toode\/lofter-baaritooli-terashall\/\",\"url\":\"https:\/\/metaltale.com\/et\/toode\/lofter-baaritooli-terashall\/\",\"name\":\"LOFTER baaritooli, terashall - MetalTale.com\",\"isPartOf\":{\"@id\":\"https:\/\/metaltale.com\/et\/#website\"},\"primaryImageOfPage\":{\"@id\":\"https:\/\/metaltale.com\/et\/toode\/lofter-baaritooli-terashall\/#primaryimage\"},\"image\":{\"@id\":\"https:\/\/metaltale.com\/et\/toode\/lofter-baaritooli-terashall\/#primaryimage\"},\"thumbnailUrl\":\"https:\/\/metaltale.com\/wp-content\/uploads\/2023\/11\/STEEL-LOFTER-taburetx117.jpg\",\"datePublished\":\"2024-02-13T11:39:04+00:00\",\"breadcrumb\":{\"@id\":\"https:\/\/metaltale.com\/et\/toode\/lofter-baaritooli-terashall\/#breadcrumb\"},\"inLanguage\":\"et\",\"potentialAction\":[{\"@type\":\"ReadAction\",\"target\":[\"https:\/\/metaltale.com\/et\/toode\/lofter-baaritooli-terashall\/\"]}]},{\"@type\":\"ImageObject\",\"inLanguage\":\"et\",\"@id\":\"https:\/\/metaltale.com\/et\/toode\/lofter-baaritooli-terashall\/#primaryimage\",\"url\":\"https:\/\/metaltale.com\/wp-content\/uploads\/2023\/11\/STEEL-LOFTER-taburetx117.jpg\",\"contentUrl\":\"https:\/\/metaltale.com\/wp-content\/uploads\/2023\/11\/STEEL-LOFTER-taburetx117.jpg\",\"width\":800,\"height\":800,\"caption\":\"Baaritooli\"},{\"@type\":\"BreadcrumbList\",\"@id\":\"https:\/\/metaltale.com\/et\/toode\/lofter-baaritooli-terashall\/#breadcrumb\",\"itemListElement\":[{\"@type\":\"ListItem\",\"position\":1,\"name\":\"Home\",\"item\":\"https:\/\/metaltale.com\/et\/kodu\/\"},{\"@type\":\"ListItem\",\"position\":2,\"name\":\"Kauplus\",\"item\":\"https:\/\/metaltale.com\/et\/shop\/\"},{\"@type\":\"ListItem\",\"position\":3,\"name\":\"LOFTER baaritooli, terashall\"}]},{\"@type\":\"WebSite\",\"@id\":\"https:\/\/metaltale.com\/et\/#website\",\"url\":\"https:\/\/metaltale.com\/et\/\",\"name\":\"Metaltale.com\",\"description\":\"\",\"potentialAction\":[{\"@type\":\"SearchAction\",\"target\":{\"@type\":\"EntryPoint\",\"urlTemplate\":\"https:\/\/metaltale.com\/et\/?s={search_term_string}\"},\"query-input\":{\"@type\":\"PropertyValueSpecification\",\"valueRequired\":true,\"valueName\":\"search_term_string\"}}],\"inLanguage\":\"et\"}]}<\/script>\n<!-- \/ Yoast SEO plugin. -->","yoast_head_json":{"title":"LOFTER baaritooli, terashall - MetalTale.com","robots":{"index":"index","follow":"follow","max-snippet":"max-snippet:-1","max-image-preview":"max-image-preview:large","max-video-preview":"max-video-preview:-1"},"canonical":"https:\/\/metaltale.com\/et\/toode\/lofter-baaritooli-terashall\/","og_locale":"et_EE","og_type":"article","og_title":"LOFTER baaritooli, terashall - MetalTale.com","og_description":"Mudel ZA. T4-S10-BH EAN. 5905369913938 Materjal teras, m\u00e4nnipuit \u00dcldk\u00f5rgus (cm) min. 71 \/ max. 86 Kogulaius (cm ) Rattalaud 38","og_url":"https:\/\/metaltale.com\/et\/toode\/lofter-baaritooli-terashall\/","og_site_name":"MetalTale.com","twitter_card":"summary_large_image","twitter_misc":{"Est. reading time":"1 minut"},"schema":{"@context":"https:\/\/schema.org","@graph":[{"@type":"WebPage","@id":"https:\/\/metaltale.com\/et\/toode\/lofter-baaritooli-terashall\/","url":"https:\/\/metaltale.com\/et\/toode\/lofter-baaritooli-terashall\/","name":"LOFTER baaritooli, terashall - MetalTale.com","isPartOf":{"@id":"https:\/\/metaltale.com\/et\/#website"},"primaryImageOfPage":{"@id":"https:\/\/metaltale.com\/et\/toode\/lofter-baaritooli-terashall\/#primaryimage"},"image":{"@id":"https:\/\/metaltale.com\/et\/toode\/lofter-baaritooli-terashall\/#primaryimage"},"thumbnailUrl":"https:\/\/metaltale.com\/wp-content\/uploads\/2023\/11\/STEEL-LOFTER-taburetx117.jpg","datePublished":"2024-02-13T11:39:04+00:00","breadcrumb":{"@id":"https:\/\/metaltale.com\/et\/toode\/lofter-baaritooli-terashall\/#breadcrumb"},"inLanguage":"et","potentialAction":[{"@type":"ReadAction","target":["https:\/\/metaltale.com\/et\/toode\/lofter-baaritooli-terashall\/"]}]},{"@type":"ImageObject","inLanguage":"et","@id":"https:\/\/metaltale.com\/et\/toode\/lofter-baaritooli-terashall\/#primaryimage","url":"https:\/\/metaltale.com\/wp-content\/uploads\/2023\/11\/STEEL-LOFTER-taburetx117.jpg","contentUrl":"https:\/\/metaltale.com\/wp-content\/uploads\/2023\/11\/STEEL-LOFTER-taburetx117.jpg","width":800,"height":800,"caption":"Baaritooli"},{"@type":"BreadcrumbList","@id":"https:\/\/metaltale.com\/et\/toode\/lofter-baaritooli-terashall\/#breadcrumb","itemListElement":[{"@type":"ListItem","position":1,"name":"Home","item":"https:\/\/metaltale.com\/et\/kodu\/"},{"@type":"ListItem","position":2,"name":"Kauplus","item":"https:\/\/metaltale.com\/et\/shop\/"},{"@type":"ListItem","position":3,"name":"LOFTER baaritooli, terashall"}]},{"@type":"WebSite","@id":"https:\/\/metaltale.com\/et\/#website","url":"https:\/\/metaltale.com\/et\/","name":"Metaltale.com","description":"","potentialAction":[{"@type":"SearchAction","target":{"@type":"EntryPoint","urlTemplate":"https:\/\/metaltale.com\/et\/?s={search_term_string}"},"query-input":{"@type":"PropertyValueSpecification","valueRequired":true,"valueName":"search_term_string"}}],"inLanguage":"et"}]}},"_links":{"self":[{"href":"https:\/\/metaltale.com\/et\/wp-json\/wp\/v2\/product\/139706","targetHints":{"allow":["GET"]}}],"collection":[{"href":"https:\/\/metaltale.com\/et\/wp-json\/wp\/v2\/product"}],"about":[{"href":"https:\/\/metaltale.com\/et\/wp-json\/wp\/v2\/types\/product"}],"replies":[{"embeddable":true,"href":"https:\/\/metaltale.com\/et\/wp-json\/wp\/v2\/comments?post=139706"}],"version-history":[{"count":0,"href":"https:\/\/metaltale.com\/et\/wp-json\/wp\/v2\/product\/139706\/revisions"}],"wp:featuredmedia":[{"embeddable":true,"href":"https:\/\/metaltale.com\/et\/wp-json\/wp\/v2\/media\/100140"}],"wp:attachment":[{"href":"https:\/\/metaltale.com\/et\/wp-json\/wp\/v2\/media?parent=139706"}],"wp:term":[{"taxonomy":"product_brand","embeddable":true,"href":"https:\/\/metaltale.com\/et\/wp-json\/wp\/v2\/product_brand?post=139706"},{"taxonomy":"product_cat","embeddable":true,"href":"https:\/\/metaltale.com\/et\/wp-json\/wp\/v2\/product_cat?post=139706"},{"taxonomy":"product_tag","embeddable":true,"href":"https:\/\/metaltale.com\/et\/wp-json\/wp\/v2\/product_tag?post=139706"}],"curies":[{"name":"wp","href":"https:\/\/api.w.org\/{rel}","templated":true}]}}