{"id":139700,"date":"2024-02-13T13:39:04","date_gmt":"2024-02-13T11:39:04","guid":{"rendered":"https:\/\/metaltale.com\/produktas\/baaritooli-industrial-1-must\/"},"modified":"2024-02-13T13:39:04","modified_gmt":"2024-02-13T11:39:04","slug":"baaritooli-industrial-1-must","status":"publish","type":"product","link":"https:\/\/metaltale.com\/et\/toode\/baaritooli-industrial-1-must\/","title":{"rendered":"Baaritooli INDUSTRIAL 1, must"},"content":{"rendered":"<div class=\"prod_data\">\n<p><strong>Mudel<\/strong> ZA. T1-XX<br \/>\n<strong>Materjal<\/strong> teras<br \/>\n<strong>\u00dcldine k\u00f5rgus (cm)<\/strong> 57 &#8211; 80<br \/>\n<strong>V\u00e4rv<\/strong> Must<\/p>\n<p>Rustikalised m\u00f6\u00f6blitarvikud lisavad meie interj\u00f6\u00f6ridele ainulaadse atmosf\u00e4\u00e4ri, kombineerituna meie lahenduste k\u00f5rge funktsionaalsusega. Esitatud v\u00e4ljaheide p\u00f5hines klassikalisel v\u00e4ljaheite mustril, mida sageli leidub t\u00f6\u00f6kodades v\u00f5i t\u00f6\u00f6stusettev\u00f5tetes. Selle veidi toores, naturaalne terasev\u00e4rv muudab selle kaunistatud ruumides oluliseks visuaalseks aktsendiks. See v\u00f5ib toimida praktilise istmisena, kuid seda saab kasutada ka tugeva t\u00f6\u00f6stusliku iseloomuga lauana. Lai valik istme k\u00f5rguse reguleerimise v\u00f5imalusi tagab praktilise kasutamise.<\/p>\n<p>Selle tooli vana disain on v\u00f5etud inglise pubidest, kus see on t\u00e4nap\u00e4evalgi v\u00e4ga moes. Sellist baaritooli ei kasutata t\u00f5en\u00e4oliselt mitte ainult pubis v\u00f5i baaris, vaid see sobib ideaalselt ka kodubaarisse v\u00f5i vintage- v\u00f5i t\u00f6\u00f6stuslikus stiilis interj\u00f6\u00f6ri.<\/p>\n<p>Tooli konstruktsioon on valmistatud terasest, mis on kaetud spetsiaalse lakiga, mis annab toormetallile \u00f5ige iseloomu ja samal ajal kaitseb seda rooste v\u00f5i mustuse eest.<\/p>\n<\/div>\n","protected":false},"excerpt":{"rendered":"<p>Mudel ZA. T1-XX Materjal teras \u00dcldine k\u00f5rgus (cm) 57 &#8211; 80 V\u00e4rv Must Rustikalised m\u00f6\u00f6blitarvikud lisavad meie interj\u00f6\u00f6ridele ainulaadse atmosf\u00e4\u00e4ri,<\/p>\n","protected":false},"featured_media":96393,"comment_status":"open","ping_status":"closed","template":"","meta":{"_acf_changed":false,"pmpro_default_level":""},"product_brand":[],"product_cat":[24196,24138],"product_tag":[],"class_list":{"0":"post-139700","1":"product","2":"type-product","3":"status-publish","4":"has-post-thumbnail","6":"product_cat-baaritoolid","7":"product_cat-toostusmoobel","8":"pmpro-has-access","10":"first","11":"instock","12":"shipping-taxable","13":"purchasable","14":"product-type-simple"},"acf":[],"yoast_head":"<!-- This site is optimized with the Yoast SEO plugin v24.9 - https:\/\/yoast.com\/wordpress\/plugins\/seo\/ -->\n<title>Baaritooli INDUSTRIAL 1, must - MetalTale.com<\/title>\n<meta name=\"robots\" content=\"index, follow, max-snippet:-1, max-image-preview:large, max-video-preview:-1\" \/>\n<link rel=\"canonical\" href=\"https:\/\/metaltale.com\/et\/toode\/baaritooli-industrial-1-must\/\" \/>\n<meta property=\"og:locale\" content=\"et_EE\" \/>\n<meta property=\"og:type\" content=\"article\" \/>\n<meta property=\"og:title\" content=\"Baaritooli INDUSTRIAL 1, must - MetalTale.com\" \/>\n<meta property=\"og:description\" content=\"Mudel ZA. T1-XX Materjal teras \u00dcldine k\u00f5rgus (cm) 57 &#8211; 80 V\u00e4rv Must Rustikalised m\u00f6\u00f6blitarvikud lisavad meie interj\u00f6\u00f6ridele ainulaadse atmosf\u00e4\u00e4ri,\" \/>\n<meta property=\"og:url\" content=\"https:\/\/metaltale.com\/et\/toode\/baaritooli-industrial-1-must\/\" \/>\n<meta property=\"og:site_name\" content=\"MetalTale.com\" \/>\n<meta name=\"twitter:card\" content=\"summary_large_image\" \/>\n<meta name=\"twitter:label1\" content=\"Est. reading time\" \/>\n\t<meta name=\"twitter:data1\" content=\"1 minut\" \/>\n<script type=\"application\/ld+json\" class=\"yoast-schema-graph\">{\"@context\":\"https:\/\/schema.org\",\"@graph\":[{\"@type\":\"WebPage\",\"@id\":\"https:\/\/metaltale.com\/et\/toode\/baaritooli-industrial-1-must\/\",\"url\":\"https:\/\/metaltale.com\/et\/toode\/baaritooli-industrial-1-must\/\",\"name\":\"Baaritooli INDUSTRIAL 1, must - MetalTale.com\",\"isPartOf\":{\"@id\":\"https:\/\/metaltale.com\/et\/#website\"},\"primaryImageOfPage\":{\"@id\":\"https:\/\/metaltale.com\/et\/toode\/baaritooli-industrial-1-must\/#primaryimage\"},\"image\":{\"@id\":\"https:\/\/metaltale.com\/et\/toode\/baaritooli-industrial-1-must\/#primaryimage\"},\"thumbnailUrl\":\"https:\/\/metaltale.com\/wp-content\/uploads\/2023\/10\/PRAMONINx116-1-PLIENINx116-Kx116Dx116.jpg\",\"datePublished\":\"2024-02-13T11:39:04+00:00\",\"breadcrumb\":{\"@id\":\"https:\/\/metaltale.com\/et\/toode\/baaritooli-industrial-1-must\/#breadcrumb\"},\"inLanguage\":\"et\",\"potentialAction\":[{\"@type\":\"ReadAction\",\"target\":[\"https:\/\/metaltale.com\/et\/toode\/baaritooli-industrial-1-must\/\"]}]},{\"@type\":\"ImageObject\",\"inLanguage\":\"et\",\"@id\":\"https:\/\/metaltale.com\/et\/toode\/baaritooli-industrial-1-must\/#primaryimage\",\"url\":\"https:\/\/metaltale.com\/wp-content\/uploads\/2023\/10\/PRAMONINx116-1-PLIENINx116-Kx116Dx116.jpg\",\"contentUrl\":\"https:\/\/metaltale.com\/wp-content\/uploads\/2023\/10\/PRAMONINx116-1-PLIENINx116-Kx116Dx116.jpg\",\"width\":800,\"height\":800,\"caption\":\"Baaritooli\"},{\"@type\":\"BreadcrumbList\",\"@id\":\"https:\/\/metaltale.com\/et\/toode\/baaritooli-industrial-1-must\/#breadcrumb\",\"itemListElement\":[{\"@type\":\"ListItem\",\"position\":1,\"name\":\"Home\",\"item\":\"https:\/\/metaltale.com\/et\/kodu\/\"},{\"@type\":\"ListItem\",\"position\":2,\"name\":\"Kauplus\",\"item\":\"https:\/\/metaltale.com\/et\/shop\/\"},{\"@type\":\"ListItem\",\"position\":3,\"name\":\"Baaritooli INDUSTRIAL 1, must\"}]},{\"@type\":\"WebSite\",\"@id\":\"https:\/\/metaltale.com\/et\/#website\",\"url\":\"https:\/\/metaltale.com\/et\/\",\"name\":\"Metaltale.com\",\"description\":\"\",\"potentialAction\":[{\"@type\":\"SearchAction\",\"target\":{\"@type\":\"EntryPoint\",\"urlTemplate\":\"https:\/\/metaltale.com\/et\/?s={search_term_string}\"},\"query-input\":{\"@type\":\"PropertyValueSpecification\",\"valueRequired\":true,\"valueName\":\"search_term_string\"}}],\"inLanguage\":\"et\"}]}<\/script>\n<!-- \/ Yoast SEO plugin. -->","yoast_head_json":{"title":"Baaritooli INDUSTRIAL 1, must - MetalTale.com","robots":{"index":"index","follow":"follow","max-snippet":"max-snippet:-1","max-image-preview":"max-image-preview:large","max-video-preview":"max-video-preview:-1"},"canonical":"https:\/\/metaltale.com\/et\/toode\/baaritooli-industrial-1-must\/","og_locale":"et_EE","og_type":"article","og_title":"Baaritooli INDUSTRIAL 1, must - MetalTale.com","og_description":"Mudel ZA. T1-XX Materjal teras \u00dcldine k\u00f5rgus (cm) 57 &#8211; 80 V\u00e4rv Must Rustikalised m\u00f6\u00f6blitarvikud lisavad meie interj\u00f6\u00f6ridele ainulaadse atmosf\u00e4\u00e4ri,","og_url":"https:\/\/metaltale.com\/et\/toode\/baaritooli-industrial-1-must\/","og_site_name":"MetalTale.com","twitter_card":"summary_large_image","twitter_misc":{"Est. reading time":"1 minut"},"schema":{"@context":"https:\/\/schema.org","@graph":[{"@type":"WebPage","@id":"https:\/\/metaltale.com\/et\/toode\/baaritooli-industrial-1-must\/","url":"https:\/\/metaltale.com\/et\/toode\/baaritooli-industrial-1-must\/","name":"Baaritooli INDUSTRIAL 1, must - MetalTale.com","isPartOf":{"@id":"https:\/\/metaltale.com\/et\/#website"},"primaryImageOfPage":{"@id":"https:\/\/metaltale.com\/et\/toode\/baaritooli-industrial-1-must\/#primaryimage"},"image":{"@id":"https:\/\/metaltale.com\/et\/toode\/baaritooli-industrial-1-must\/#primaryimage"},"thumbnailUrl":"https:\/\/metaltale.com\/wp-content\/uploads\/2023\/10\/PRAMONINx116-1-PLIENINx116-Kx116Dx116.jpg","datePublished":"2024-02-13T11:39:04+00:00","breadcrumb":{"@id":"https:\/\/metaltale.com\/et\/toode\/baaritooli-industrial-1-must\/#breadcrumb"},"inLanguage":"et","potentialAction":[{"@type":"ReadAction","target":["https:\/\/metaltale.com\/et\/toode\/baaritooli-industrial-1-must\/"]}]},{"@type":"ImageObject","inLanguage":"et","@id":"https:\/\/metaltale.com\/et\/toode\/baaritooli-industrial-1-must\/#primaryimage","url":"https:\/\/metaltale.com\/wp-content\/uploads\/2023\/10\/PRAMONINx116-1-PLIENINx116-Kx116Dx116.jpg","contentUrl":"https:\/\/metaltale.com\/wp-content\/uploads\/2023\/10\/PRAMONINx116-1-PLIENINx116-Kx116Dx116.jpg","width":800,"height":800,"caption":"Baaritooli"},{"@type":"BreadcrumbList","@id":"https:\/\/metaltale.com\/et\/toode\/baaritooli-industrial-1-must\/#breadcrumb","itemListElement":[{"@type":"ListItem","position":1,"name":"Home","item":"https:\/\/metaltale.com\/et\/kodu\/"},{"@type":"ListItem","position":2,"name":"Kauplus","item":"https:\/\/metaltale.com\/et\/shop\/"},{"@type":"ListItem","position":3,"name":"Baaritooli INDUSTRIAL 1, must"}]},{"@type":"WebSite","@id":"https:\/\/metaltale.com\/et\/#website","url":"https:\/\/metaltale.com\/et\/","name":"Metaltale.com","description":"","potentialAction":[{"@type":"SearchAction","target":{"@type":"EntryPoint","urlTemplate":"https:\/\/metaltale.com\/et\/?s={search_term_string}"},"query-input":{"@type":"PropertyValueSpecification","valueRequired":true,"valueName":"search_term_string"}}],"inLanguage":"et"}]}},"_links":{"self":[{"href":"https:\/\/metaltale.com\/et\/wp-json\/wp\/v2\/product\/139700","targetHints":{"allow":["GET"]}}],"collection":[{"href":"https:\/\/metaltale.com\/et\/wp-json\/wp\/v2\/product"}],"about":[{"href":"https:\/\/metaltale.com\/et\/wp-json\/wp\/v2\/types\/product"}],"replies":[{"embeddable":true,"href":"https:\/\/metaltale.com\/et\/wp-json\/wp\/v2\/comments?post=139700"}],"version-history":[{"count":0,"href":"https:\/\/metaltale.com\/et\/wp-json\/wp\/v2\/product\/139700\/revisions"}],"wp:featuredmedia":[{"embeddable":true,"href":"https:\/\/metaltale.com\/et\/wp-json\/wp\/v2\/media\/96393"}],"wp:attachment":[{"href":"https:\/\/metaltale.com\/et\/wp-json\/wp\/v2\/media?parent=139700"}],"wp:term":[{"taxonomy":"product_brand","embeddable":true,"href":"https:\/\/metaltale.com\/et\/wp-json\/wp\/v2\/product_brand?post=139700"},{"taxonomy":"product_cat","embeddable":true,"href":"https:\/\/metaltale.com\/et\/wp-json\/wp\/v2\/product_cat?post=139700"},{"taxonomy":"product_tag","embeddable":true,"href":"https:\/\/metaltale.com\/et\/wp-json\/wp\/v2\/product_tag?post=139700"}],"curies":[{"name":"wp","href":"https:\/\/api.w.org\/{rel}","templated":true}]}}