{"id":139681,"date":"2024-02-13T13:39:04","date_gmt":"2024-02-13T11:39:04","guid":{"rendered":"https:\/\/metaltale.com\/produktas\/baaritoolid-lofter-black-terashall\/"},"modified":"2024-02-13T13:39:04","modified_gmt":"2024-02-13T11:39:04","slug":"baaritoolid-lofter-black-terashall","status":"publish","type":"product","link":"https:\/\/metaltale.com\/et\/toode\/baaritoolid-lofter-black-terashall\/","title":{"rendered":"Baaritoolid LOFTER BLACK, terashall"},"content":{"rendered":"<div class=\"prod_data\">\n<p><strong>Mudel<\/strong> ZA. T5-PRGR<br \/>\nMaterjal Puit, teras<br \/>\n<strong>\u00dcldk\u00f5rgus (cm)<\/strong> 71 &#8211; 89<br \/>\n<strong>\u00dcldine laius (cm)<\/strong> 38<br \/>\n<strong>\u00dcldl\u00e4bim\u00f5\u00f5t (cm<\/strong> ) 28<br \/>\n<strong>V\u00e4rv<\/strong> teras<br \/>\nK\u00f5rguse <strong>reguleerimine<\/strong> &#8211; kruvid<br \/>\n<strong>Pinna t\u00fc\u00fcp<\/strong> Silea<\/p>\n<hr>\n<p>&#8211; Istme k\u00f5rguse reguleerimine (paigaldatud keermestatud terasvardale)<br \/>\n&#8211; jalad m\u00e4nnipuidust, mustaks v\u00e4rvitud<br \/>\n&#8211; kahev\u00e4rvilised terasliitmikud &#8211; pulberv\u00e4rvitud must v\u00f5i vanandatud teras<\/p>\n<hr>\n<p>LOFTER BLACK on tugeva t\u00f6\u00f6stusliku iseloomuga baaritooli. Saetud puidu ja terase kombinatsioon on \u00e4\u00e4rmiselt stiilne ning naelaga on lisatud ka neetidega \u00e4\u00e4ristatud \u00e4\u00e4ristus istme \u00fcmber. Sellise disaineri v\u00e4limusega tool r\u00f5hutab ideaalselt interj\u00f6\u00f6ri loft&#8217;i stiili v\u00f5i lisab k\u00fc\u00fcni pehmematele kokkulepetele. LOFTER sobib suurep\u00e4raselt koduk\u00f6\u00f6kidesse, baaridesse, restoranidesse ja pubidesse.<br \/>\nMudel on saadaval ka pehme istmega.<\/p>\n<hr>\n<\/div>\n","protected":false},"excerpt":{"rendered":"<p>Mudel ZA. T5-PRGR Materjal Puit, teras \u00dcldk\u00f5rgus (cm) 71 &#8211; 89 \u00dcldine laius (cm) 38 \u00dcldl\u00e4bim\u00f5\u00f5t (cm ) 28 V\u00e4rv<\/p>\n","protected":false},"featured_media":118501,"comment_status":"open","ping_status":"closed","template":"","meta":{"_acf_changed":false,"pmpro_default_level":""},"product_brand":[],"product_cat":[24196,24138],"product_tag":[],"class_list":{"0":"post-139681","1":"product","2":"type-product","3":"status-publish","4":"has-post-thumbnail","6":"product_cat-baaritoolid","7":"product_cat-toostusmoobel","8":"pmpro-has-access","10":"first","11":"instock","12":"shipping-taxable","13":"purchasable","14":"product-type-simple"},"acf":[],"yoast_head":"<!-- This site is optimized with the Yoast SEO plugin v24.9 - https:\/\/yoast.com\/wordpress\/plugins\/seo\/ -->\n<title>Baaritoolid LOFTER BLACK, terashall - MetalTale.com<\/title>\n<meta name=\"robots\" content=\"index, follow, max-snippet:-1, max-image-preview:large, max-video-preview:-1\" \/>\n<link rel=\"canonical\" href=\"https:\/\/metaltale.com\/et\/toode\/baaritoolid-lofter-black-terashall\/\" \/>\n<meta property=\"og:locale\" content=\"et_EE\" \/>\n<meta property=\"og:type\" content=\"article\" \/>\n<meta property=\"og:title\" content=\"Baaritoolid LOFTER BLACK, terashall - MetalTale.com\" \/>\n<meta property=\"og:description\" content=\"Mudel ZA. T5-PRGR Materjal Puit, teras \u00dcldk\u00f5rgus (cm) 71 &#8211; 89 \u00dcldine laius (cm) 38 \u00dcldl\u00e4bim\u00f5\u00f5t (cm ) 28 V\u00e4rv\" \/>\n<meta property=\"og:url\" content=\"https:\/\/metaltale.com\/et\/toode\/baaritoolid-lofter-black-terashall\/\" \/>\n<meta property=\"og:site_name\" content=\"MetalTale.com\" \/>\n<meta name=\"twitter:card\" content=\"summary_large_image\" \/>\n<meta name=\"twitter:label1\" content=\"Est. reading time\" \/>\n\t<meta name=\"twitter:data1\" content=\"1 minut\" \/>\n<script type=\"application\/ld+json\" class=\"yoast-schema-graph\">{\"@context\":\"https:\/\/schema.org\",\"@graph\":[{\"@type\":\"WebPage\",\"@id\":\"https:\/\/metaltale.com\/et\/toode\/baaritoolid-lofter-black-terashall\/\",\"url\":\"https:\/\/metaltale.com\/et\/toode\/baaritoolid-lofter-black-terashall\/\",\"name\":\"Baaritoolid LOFTER BLACK, terashall - MetalTale.com\",\"isPartOf\":{\"@id\":\"https:\/\/metaltale.com\/et\/#website\"},\"primaryImageOfPage\":{\"@id\":\"https:\/\/metaltale.com\/et\/toode\/baaritoolid-lofter-black-terashall\/#primaryimage\"},\"image\":{\"@id\":\"https:\/\/metaltale.com\/et\/toode\/baaritoolid-lofter-black-terashall\/#primaryimage\"},\"thumbnailUrl\":\"https:\/\/metaltale.com\/wp-content\/uploads\/2023\/12\/krzeslo-barowe-industrialne-3180.jpg\",\"datePublished\":\"2024-02-13T11:39:04+00:00\",\"breadcrumb\":{\"@id\":\"https:\/\/metaltale.com\/et\/toode\/baaritoolid-lofter-black-terashall\/#breadcrumb\"},\"inLanguage\":\"et\",\"potentialAction\":[{\"@type\":\"ReadAction\",\"target\":[\"https:\/\/metaltale.com\/et\/toode\/baaritoolid-lofter-black-terashall\/\"]}]},{\"@type\":\"ImageObject\",\"inLanguage\":\"et\",\"@id\":\"https:\/\/metaltale.com\/et\/toode\/baaritoolid-lofter-black-terashall\/#primaryimage\",\"url\":\"https:\/\/metaltale.com\/wp-content\/uploads\/2023\/12\/krzeslo-barowe-industrialne-3180.jpg\",\"contentUrl\":\"https:\/\/metaltale.com\/wp-content\/uploads\/2023\/12\/krzeslo-barowe-industrialne-3180.jpg\",\"width\":800,\"height\":800,\"caption\":\"Loft baarijalats\"},{\"@type\":\"BreadcrumbList\",\"@id\":\"https:\/\/metaltale.com\/et\/toode\/baaritoolid-lofter-black-terashall\/#breadcrumb\",\"itemListElement\":[{\"@type\":\"ListItem\",\"position\":1,\"name\":\"Home\",\"item\":\"https:\/\/metaltale.com\/et\/kodu\/\"},{\"@type\":\"ListItem\",\"position\":2,\"name\":\"Kauplus\",\"item\":\"https:\/\/metaltale.com\/et\/shop\/\"},{\"@type\":\"ListItem\",\"position\":3,\"name\":\"Baaritoolid LOFTER BLACK, terashall\"}]},{\"@type\":\"WebSite\",\"@id\":\"https:\/\/metaltale.com\/et\/#website\",\"url\":\"https:\/\/metaltale.com\/et\/\",\"name\":\"Metaltale.com\",\"description\":\"\",\"potentialAction\":[{\"@type\":\"SearchAction\",\"target\":{\"@type\":\"EntryPoint\",\"urlTemplate\":\"https:\/\/metaltale.com\/et\/?s={search_term_string}\"},\"query-input\":{\"@type\":\"PropertyValueSpecification\",\"valueRequired\":true,\"valueName\":\"search_term_string\"}}],\"inLanguage\":\"et\"}]}<\/script>\n<!-- \/ Yoast SEO plugin. -->","yoast_head_json":{"title":"Baaritoolid LOFTER BLACK, terashall - MetalTale.com","robots":{"index":"index","follow":"follow","max-snippet":"max-snippet:-1","max-image-preview":"max-image-preview:large","max-video-preview":"max-video-preview:-1"},"canonical":"https:\/\/metaltale.com\/et\/toode\/baaritoolid-lofter-black-terashall\/","og_locale":"et_EE","og_type":"article","og_title":"Baaritoolid LOFTER BLACK, terashall - MetalTale.com","og_description":"Mudel ZA. T5-PRGR Materjal Puit, teras \u00dcldk\u00f5rgus (cm) 71 &#8211; 89 \u00dcldine laius (cm) 38 \u00dcldl\u00e4bim\u00f5\u00f5t (cm ) 28 V\u00e4rv","og_url":"https:\/\/metaltale.com\/et\/toode\/baaritoolid-lofter-black-terashall\/","og_site_name":"MetalTale.com","twitter_card":"summary_large_image","twitter_misc":{"Est. reading time":"1 minut"},"schema":{"@context":"https:\/\/schema.org","@graph":[{"@type":"WebPage","@id":"https:\/\/metaltale.com\/et\/toode\/baaritoolid-lofter-black-terashall\/","url":"https:\/\/metaltale.com\/et\/toode\/baaritoolid-lofter-black-terashall\/","name":"Baaritoolid LOFTER BLACK, terashall - MetalTale.com","isPartOf":{"@id":"https:\/\/metaltale.com\/et\/#website"},"primaryImageOfPage":{"@id":"https:\/\/metaltale.com\/et\/toode\/baaritoolid-lofter-black-terashall\/#primaryimage"},"image":{"@id":"https:\/\/metaltale.com\/et\/toode\/baaritoolid-lofter-black-terashall\/#primaryimage"},"thumbnailUrl":"https:\/\/metaltale.com\/wp-content\/uploads\/2023\/12\/krzeslo-barowe-industrialne-3180.jpg","datePublished":"2024-02-13T11:39:04+00:00","breadcrumb":{"@id":"https:\/\/metaltale.com\/et\/toode\/baaritoolid-lofter-black-terashall\/#breadcrumb"},"inLanguage":"et","potentialAction":[{"@type":"ReadAction","target":["https:\/\/metaltale.com\/et\/toode\/baaritoolid-lofter-black-terashall\/"]}]},{"@type":"ImageObject","inLanguage":"et","@id":"https:\/\/metaltale.com\/et\/toode\/baaritoolid-lofter-black-terashall\/#primaryimage","url":"https:\/\/metaltale.com\/wp-content\/uploads\/2023\/12\/krzeslo-barowe-industrialne-3180.jpg","contentUrl":"https:\/\/metaltale.com\/wp-content\/uploads\/2023\/12\/krzeslo-barowe-industrialne-3180.jpg","width":800,"height":800,"caption":"Loft baarijalats"},{"@type":"BreadcrumbList","@id":"https:\/\/metaltale.com\/et\/toode\/baaritoolid-lofter-black-terashall\/#breadcrumb","itemListElement":[{"@type":"ListItem","position":1,"name":"Home","item":"https:\/\/metaltale.com\/et\/kodu\/"},{"@type":"ListItem","position":2,"name":"Kauplus","item":"https:\/\/metaltale.com\/et\/shop\/"},{"@type":"ListItem","position":3,"name":"Baaritoolid LOFTER BLACK, terashall"}]},{"@type":"WebSite","@id":"https:\/\/metaltale.com\/et\/#website","url":"https:\/\/metaltale.com\/et\/","name":"Metaltale.com","description":"","potentialAction":[{"@type":"SearchAction","target":{"@type":"EntryPoint","urlTemplate":"https:\/\/metaltale.com\/et\/?s={search_term_string}"},"query-input":{"@type":"PropertyValueSpecification","valueRequired":true,"valueName":"search_term_string"}}],"inLanguage":"et"}]}},"_links":{"self":[{"href":"https:\/\/metaltale.com\/et\/wp-json\/wp\/v2\/product\/139681","targetHints":{"allow":["GET"]}}],"collection":[{"href":"https:\/\/metaltale.com\/et\/wp-json\/wp\/v2\/product"}],"about":[{"href":"https:\/\/metaltale.com\/et\/wp-json\/wp\/v2\/types\/product"}],"replies":[{"embeddable":true,"href":"https:\/\/metaltale.com\/et\/wp-json\/wp\/v2\/comments?post=139681"}],"version-history":[{"count":0,"href":"https:\/\/metaltale.com\/et\/wp-json\/wp\/v2\/product\/139681\/revisions"}],"wp:featuredmedia":[{"embeddable":true,"href":"https:\/\/metaltale.com\/et\/wp-json\/wp\/v2\/media\/118501"}],"wp:attachment":[{"href":"https:\/\/metaltale.com\/et\/wp-json\/wp\/v2\/media?parent=139681"}],"wp:term":[{"taxonomy":"product_brand","embeddable":true,"href":"https:\/\/metaltale.com\/et\/wp-json\/wp\/v2\/product_brand?post=139681"},{"taxonomy":"product_cat","embeddable":true,"href":"https:\/\/metaltale.com\/et\/wp-json\/wp\/v2\/product_cat?post=139681"},{"taxonomy":"product_tag","embeddable":true,"href":"https:\/\/metaltale.com\/et\/wp-json\/wp\/v2\/product_tag?post=139681"}],"curies":[{"name":"wp","href":"https:\/\/api.w.org\/{rel}","templated":true}]}}