{"id":139680,"date":"2024-02-13T13:39:04","date_gmt":"2024-02-13T11:39:04","guid":{"rendered":"https:\/\/metaltale.com\/produktas\/baaritooli-lofter-black-tap\/"},"modified":"2024-02-13T13:39:04","modified_gmt":"2024-02-13T11:39:04","slug":"baaritooli-lofter-black-tap","status":"publish","type":"product","link":"https:\/\/metaltale.com\/et\/toode\/baaritooli-lofter-black-tap\/","title":{"rendered":"Baaritooli LOFTER BLACK TAP"},"content":{"rendered":"<div class=\"prod_data\">\n<p><strong>Mudel<\/strong> ZA. T5. TAP-C10<br \/>\n<strong>EAN.<\/strong>  5905369913914<br \/>\n<strong>Materjal<\/strong> M\u00e4nnipuit, teras, nahk<br \/>\n<strong>\u00dcldk\u00f5rgus (cm)<\/strong> 71 &#8211; 89<br \/>\n<strong>\u00dcldine laius (cm)<\/strong> 38<br \/>\n<strong>\u00dcldl\u00e4bim\u00f5\u00f5t (cm<\/strong> ) 28<br \/>\nV\u00e4rv Must<br \/>\nK\u00f5rguse <strong>reguleerimine<\/strong> &#8211; kruvid<\/p>\n<hr>\n<p>&#8211; Looduslik nahaga polsterdatud iste<br \/>\n&#8211; istme k\u00f5rguse reguleerimine<br \/>\n&#8211; jalad m\u00e4nnipuidust, mustaks v\u00e4rvitud<br \/>\n&#8211; terasest liitmikud, mustaks v\u00e4rvitud<\/p>\n<hr>\n<p>LOFTER BLACK TAP on loft-tool, mille stabiilne konstruktsioon \u00fchendab disainerlikult puitu, terast ja nahka. Terasest keermestatud vardale paigaldatud iste on k\u00f5rguse reguleerimise v\u00f5imalus, mis v\u00f5imaldab toodet kasutada ka k\u00f5rgetel baarilettidel. Baaritooli t\u00f6\u00f6stuslikku iseloomu r\u00f5hutab istme \u00fcmber olev neetitud \u00e4\u00e4ris. See baaritooli mudel sobib suurep\u00e4raselt nii erakorteritesse kui ka pubidesse, baaridesse, pubidesse.<br \/>\nToode on saadaval ka ilma pehme istmega.<\/p>\n<hr>\n<\/div>\n","protected":false},"excerpt":{"rendered":"<p>Mudel ZA. T5. TAP-C10 EAN. 5905369913914 Materjal M\u00e4nnipuit, teras, nahk \u00dcldk\u00f5rgus (cm) 71 &#8211; 89 \u00dcldine laius (cm) 38 \u00dcldl\u00e4bim\u00f5\u00f5t<\/p>\n","protected":false},"featured_media":67455,"comment_status":"open","ping_status":"closed","template":"","meta":{"_acf_changed":false,"pmpro_default_level":""},"product_brand":[],"product_cat":[24196,24138],"product_tag":[],"class_list":{"0":"post-139680","1":"product","2":"type-product","3":"status-publish","4":"has-post-thumbnail","6":"product_cat-baaritoolid","7":"product_cat-toostusmoobel","8":"pmpro-has-access","10":"first","11":"instock","12":"shipping-taxable","13":"purchasable","14":"product-type-simple"},"acf":[],"yoast_head":"<!-- This site is optimized with the Yoast SEO plugin v24.9 - https:\/\/yoast.com\/wordpress\/plugins\/seo\/ -->\n<title>Baaritooli LOFTER BLACK TAP - MetalTale.com<\/title>\n<meta name=\"robots\" content=\"index, follow, max-snippet:-1, max-image-preview:large, max-video-preview:-1\" \/>\n<link rel=\"canonical\" href=\"https:\/\/metaltale.com\/et\/toode\/baaritooli-lofter-black-tap\/\" \/>\n<meta property=\"og:locale\" content=\"et_EE\" \/>\n<meta property=\"og:type\" content=\"article\" \/>\n<meta property=\"og:title\" content=\"Baaritooli LOFTER BLACK TAP - MetalTale.com\" \/>\n<meta property=\"og:description\" content=\"Mudel ZA. T5. TAP-C10 EAN. 5905369913914 Materjal M\u00e4nnipuit, teras, nahk \u00dcldk\u00f5rgus (cm) 71 &#8211; 89 \u00dcldine laius (cm) 38 \u00dcldl\u00e4bim\u00f5\u00f5t\" \/>\n<meta property=\"og:url\" content=\"https:\/\/metaltale.com\/et\/toode\/baaritooli-lofter-black-tap\/\" \/>\n<meta property=\"og:site_name\" content=\"MetalTale.com\" \/>\n<meta name=\"twitter:card\" content=\"summary_large_image\" \/>\n<meta name=\"twitter:label1\" content=\"Est. reading time\" \/>\n\t<meta name=\"twitter:data1\" content=\"1 minut\" \/>\n<script type=\"application\/ld+json\" class=\"yoast-schema-graph\">{\"@context\":\"https:\/\/schema.org\",\"@graph\":[{\"@type\":\"WebPage\",\"@id\":\"https:\/\/metaltale.com\/et\/toode\/baaritooli-lofter-black-tap\/\",\"url\":\"https:\/\/metaltale.com\/et\/toode\/baaritooli-lofter-black-tap\/\",\"name\":\"Baaritooli LOFTER BLACK TAP - MetalTale.com\",\"isPartOf\":{\"@id\":\"https:\/\/metaltale.com\/et\/#website\"},\"primaryImageOfPage\":{\"@id\":\"https:\/\/metaltale.com\/et\/toode\/baaritooli-lofter-black-tap\/#primaryimage\"},\"image\":{\"@id\":\"https:\/\/metaltale.com\/et\/toode\/baaritooli-lofter-black-tap\/#primaryimage\"},\"thumbnailUrl\":\"https:\/\/metaltale.com\/wp-content\/uploads\/2023\/09\/Hoker-LOFTER-BLACK-TAP.jpg\",\"datePublished\":\"2024-02-13T11:39:04+00:00\",\"breadcrumb\":{\"@id\":\"https:\/\/metaltale.com\/et\/toode\/baaritooli-lofter-black-tap\/#breadcrumb\"},\"inLanguage\":\"et\",\"potentialAction\":[{\"@type\":\"ReadAction\",\"target\":[\"https:\/\/metaltale.com\/et\/toode\/baaritooli-lofter-black-tap\/\"]}]},{\"@type\":\"ImageObject\",\"inLanguage\":\"et\",\"@id\":\"https:\/\/metaltale.com\/et\/toode\/baaritooli-lofter-black-tap\/#primaryimage\",\"url\":\"https:\/\/metaltale.com\/wp-content\/uploads\/2023\/09\/Hoker-LOFTER-BLACK-TAP.jpg\",\"contentUrl\":\"https:\/\/metaltale.com\/wp-content\/uploads\/2023\/09\/Hoker-LOFTER-BLACK-TAP.jpg\",\"width\":800,\"height\":800,\"caption\":\"Baaritooli\"},{\"@type\":\"BreadcrumbList\",\"@id\":\"https:\/\/metaltale.com\/et\/toode\/baaritooli-lofter-black-tap\/#breadcrumb\",\"itemListElement\":[{\"@type\":\"ListItem\",\"position\":1,\"name\":\"Home\",\"item\":\"https:\/\/metaltale.com\/et\/kodu\/\"},{\"@type\":\"ListItem\",\"position\":2,\"name\":\"Kauplus\",\"item\":\"https:\/\/metaltale.com\/et\/shop\/\"},{\"@type\":\"ListItem\",\"position\":3,\"name\":\"Baaritooli LOFTER BLACK TAP\"}]},{\"@type\":\"WebSite\",\"@id\":\"https:\/\/metaltale.com\/et\/#website\",\"url\":\"https:\/\/metaltale.com\/et\/\",\"name\":\"Metaltale.com\",\"description\":\"\",\"potentialAction\":[{\"@type\":\"SearchAction\",\"target\":{\"@type\":\"EntryPoint\",\"urlTemplate\":\"https:\/\/metaltale.com\/et\/?s={search_term_string}\"},\"query-input\":{\"@type\":\"PropertyValueSpecification\",\"valueRequired\":true,\"valueName\":\"search_term_string\"}}],\"inLanguage\":\"et\"}]}<\/script>\n<!-- \/ Yoast SEO plugin. -->","yoast_head_json":{"title":"Baaritooli LOFTER BLACK TAP - MetalTale.com","robots":{"index":"index","follow":"follow","max-snippet":"max-snippet:-1","max-image-preview":"max-image-preview:large","max-video-preview":"max-video-preview:-1"},"canonical":"https:\/\/metaltale.com\/et\/toode\/baaritooli-lofter-black-tap\/","og_locale":"et_EE","og_type":"article","og_title":"Baaritooli LOFTER BLACK TAP - MetalTale.com","og_description":"Mudel ZA. T5. TAP-C10 EAN. 5905369913914 Materjal M\u00e4nnipuit, teras, nahk \u00dcldk\u00f5rgus (cm) 71 &#8211; 89 \u00dcldine laius (cm) 38 \u00dcldl\u00e4bim\u00f5\u00f5t","og_url":"https:\/\/metaltale.com\/et\/toode\/baaritooli-lofter-black-tap\/","og_site_name":"MetalTale.com","twitter_card":"summary_large_image","twitter_misc":{"Est. reading time":"1 minut"},"schema":{"@context":"https:\/\/schema.org","@graph":[{"@type":"WebPage","@id":"https:\/\/metaltale.com\/et\/toode\/baaritooli-lofter-black-tap\/","url":"https:\/\/metaltale.com\/et\/toode\/baaritooli-lofter-black-tap\/","name":"Baaritooli LOFTER BLACK TAP - MetalTale.com","isPartOf":{"@id":"https:\/\/metaltale.com\/et\/#website"},"primaryImageOfPage":{"@id":"https:\/\/metaltale.com\/et\/toode\/baaritooli-lofter-black-tap\/#primaryimage"},"image":{"@id":"https:\/\/metaltale.com\/et\/toode\/baaritooli-lofter-black-tap\/#primaryimage"},"thumbnailUrl":"https:\/\/metaltale.com\/wp-content\/uploads\/2023\/09\/Hoker-LOFTER-BLACK-TAP.jpg","datePublished":"2024-02-13T11:39:04+00:00","breadcrumb":{"@id":"https:\/\/metaltale.com\/et\/toode\/baaritooli-lofter-black-tap\/#breadcrumb"},"inLanguage":"et","potentialAction":[{"@type":"ReadAction","target":["https:\/\/metaltale.com\/et\/toode\/baaritooli-lofter-black-tap\/"]}]},{"@type":"ImageObject","inLanguage":"et","@id":"https:\/\/metaltale.com\/et\/toode\/baaritooli-lofter-black-tap\/#primaryimage","url":"https:\/\/metaltale.com\/wp-content\/uploads\/2023\/09\/Hoker-LOFTER-BLACK-TAP.jpg","contentUrl":"https:\/\/metaltale.com\/wp-content\/uploads\/2023\/09\/Hoker-LOFTER-BLACK-TAP.jpg","width":800,"height":800,"caption":"Baaritooli"},{"@type":"BreadcrumbList","@id":"https:\/\/metaltale.com\/et\/toode\/baaritooli-lofter-black-tap\/#breadcrumb","itemListElement":[{"@type":"ListItem","position":1,"name":"Home","item":"https:\/\/metaltale.com\/et\/kodu\/"},{"@type":"ListItem","position":2,"name":"Kauplus","item":"https:\/\/metaltale.com\/et\/shop\/"},{"@type":"ListItem","position":3,"name":"Baaritooli LOFTER BLACK TAP"}]},{"@type":"WebSite","@id":"https:\/\/metaltale.com\/et\/#website","url":"https:\/\/metaltale.com\/et\/","name":"Metaltale.com","description":"","potentialAction":[{"@type":"SearchAction","target":{"@type":"EntryPoint","urlTemplate":"https:\/\/metaltale.com\/et\/?s={search_term_string}"},"query-input":{"@type":"PropertyValueSpecification","valueRequired":true,"valueName":"search_term_string"}}],"inLanguage":"et"}]}},"_links":{"self":[{"href":"https:\/\/metaltale.com\/et\/wp-json\/wp\/v2\/product\/139680","targetHints":{"allow":["GET"]}}],"collection":[{"href":"https:\/\/metaltale.com\/et\/wp-json\/wp\/v2\/product"}],"about":[{"href":"https:\/\/metaltale.com\/et\/wp-json\/wp\/v2\/types\/product"}],"replies":[{"embeddable":true,"href":"https:\/\/metaltale.com\/et\/wp-json\/wp\/v2\/comments?post=139680"}],"version-history":[{"count":0,"href":"https:\/\/metaltale.com\/et\/wp-json\/wp\/v2\/product\/139680\/revisions"}],"wp:featuredmedia":[{"embeddable":true,"href":"https:\/\/metaltale.com\/et\/wp-json\/wp\/v2\/media\/67455"}],"wp:attachment":[{"href":"https:\/\/metaltale.com\/et\/wp-json\/wp\/v2\/media?parent=139680"}],"wp:term":[{"taxonomy":"product_brand","embeddable":true,"href":"https:\/\/metaltale.com\/et\/wp-json\/wp\/v2\/product_brand?post=139680"},{"taxonomy":"product_cat","embeddable":true,"href":"https:\/\/metaltale.com\/et\/wp-json\/wp\/v2\/product_cat?post=139680"},{"taxonomy":"product_tag","embeddable":true,"href":"https:\/\/metaltale.com\/et\/wp-json\/wp\/v2\/product_tag?post=139680"}],"curies":[{"name":"wp","href":"https:\/\/api.w.org\/{rel}","templated":true}]}}