{"id":139663,"date":"2024-02-13T13:41:04","date_gmt":"2024-02-13T11:41:04","guid":{"rendered":"https:\/\/metaltale.com\/produktas\/riiulid-ladder-with-deep-shelves-3\/"},"modified":"2024-02-13T13:41:04","modified_gmt":"2024-02-13T11:41:04","slug":"riiulid-ladder-with-deep-shelves-3","status":"publish","type":"product","link":"https:\/\/metaltale.com\/et\/toode\/riiulid-ladder-with-deep-shelves-3\/","title":{"rendered":"Riiulid LADDER WITH DEEP SHELVES 3"},"content":{"rendered":"<div class=\"prod_data\">\n<p><strong>Mudel<\/strong> ZA. REG10DR<br \/>\n<strong>EAN.<\/strong>  5905369914751<br \/>\n<strong>Materjal<\/strong> puit<br \/>\n<strong>\u00dcldine k\u00f5rgus (cm)<\/strong> 14<br \/>\n<strong>\u00dcldine laius (cm)<\/strong> 90<br \/>\n<strong>S\u00fcgavus (cm)<\/strong> 60<\/p>\n<p>Puidust raamaturiiul redeliga.<br \/>\nSellel on 3 eemaldatavat riiulit, millel on \u00fcsna suured k\u00fcljed.<br \/>\nRiiulid on eemaldatavad ja neid saab kasutada salvedena, pesakastidena.<br \/>\nRedelid ja riiulid on valmistatud puidu struktureerimise ja laagerdamise teel.<\/p>\n<p>See raamaturiiul sobib ideaalselt kambrisse, lastetuppa, koduaeda v\u00f5i lillepoodi.<\/p>\n<p>Riiuli sisemised m\u00f5\u00f5tmed: 50x35cm; 50x60cm; 50x84cm.<\/p>\n<\/div>\n","protected":false},"excerpt":{"rendered":"<p>Mudel ZA. REG10DR EAN. 5905369914751 Materjal puit \u00dcldine k\u00f5rgus (cm) 14 \u00dcldine laius (cm) 90 S\u00fcgavus (cm) 60 Puidust raamaturiiul<\/p>\n","protected":false},"featured_media":119707,"comment_status":"open","ping_status":"closed","template":"","meta":{"_acf_changed":false,"pmpro_default_level":""},"product_brand":[],"product_cat":[24173,24138,23906,23895],"product_tag":[],"class_list":{"0":"post-139663","1":"product","2":"type-product","3":"status-publish","4":"has-post-thumbnail","6":"product_cat-riiulid","7":"product_cat-toostusmoobel","8":"product_cat-dekoratyvines-kopecios-et","9":"product_cat-kaunistused","10":"pmpro-has-access","12":"first","13":"instock","14":"shipping-taxable","15":"purchasable","16":"product-type-simple"},"acf":[],"yoast_head":"<!-- This site is optimized with the Yoast SEO plugin v24.9 - https:\/\/yoast.com\/wordpress\/plugins\/seo\/ -->\n<title>Riiulid LADDER WITH DEEP SHELVES 3 - MetalTale.com<\/title>\n<meta name=\"robots\" content=\"index, follow, max-snippet:-1, max-image-preview:large, max-video-preview:-1\" \/>\n<link rel=\"canonical\" href=\"https:\/\/metaltale.com\/et\/toode\/riiulid-ladder-with-deep-shelves-3\/\" \/>\n<meta property=\"og:locale\" content=\"et_EE\" \/>\n<meta property=\"og:type\" content=\"article\" \/>\n<meta property=\"og:title\" content=\"Riiulid LADDER WITH DEEP SHELVES 3 - MetalTale.com\" \/>\n<meta property=\"og:description\" content=\"Mudel ZA. REG10DR EAN. 5905369914751 Materjal puit \u00dcldine k\u00f5rgus (cm) 14 \u00dcldine laius (cm) 90 S\u00fcgavus (cm) 60 Puidust raamaturiiul\" \/>\n<meta property=\"og:url\" content=\"https:\/\/metaltale.com\/et\/toode\/riiulid-ladder-with-deep-shelves-3\/\" \/>\n<meta property=\"og:site_name\" content=\"MetalTale.com\" \/>\n<meta name=\"twitter:card\" content=\"summary_large_image\" \/>\n<script type=\"application\/ld+json\" class=\"yoast-schema-graph\">{\"@context\":\"https:\/\/schema.org\",\"@graph\":[{\"@type\":\"WebPage\",\"@id\":\"https:\/\/metaltale.com\/et\/toode\/riiulid-ladder-with-deep-shelves-3\/\",\"url\":\"https:\/\/metaltale.com\/et\/toode\/riiulid-ladder-with-deep-shelves-3\/\",\"name\":\"Riiulid LADDER WITH DEEP SHELVES 3 - MetalTale.com\",\"isPartOf\":{\"@id\":\"https:\/\/metaltale.com\/et\/#website\"},\"primaryImageOfPage\":{\"@id\":\"https:\/\/metaltale.com\/et\/toode\/riiulid-ladder-with-deep-shelves-3\/#primaryimage\"},\"image\":{\"@id\":\"https:\/\/metaltale.com\/et\/toode\/riiulid-ladder-with-deep-shelves-3\/#primaryimage\"},\"thumbnailUrl\":\"https:\/\/metaltale.com\/wp-content\/uploads\/2023\/12\/lentyna.jpg\",\"datePublished\":\"2024-02-13T11:41:04+00:00\",\"breadcrumb\":{\"@id\":\"https:\/\/metaltale.com\/et\/toode\/riiulid-ladder-with-deep-shelves-3\/#breadcrumb\"},\"inLanguage\":\"et\",\"potentialAction\":[{\"@type\":\"ReadAction\",\"target\":[\"https:\/\/metaltale.com\/et\/toode\/riiulid-ladder-with-deep-shelves-3\/\"]}]},{\"@type\":\"ImageObject\",\"inLanguage\":\"et\",\"@id\":\"https:\/\/metaltale.com\/et\/toode\/riiulid-ladder-with-deep-shelves-3\/#primaryimage\",\"url\":\"https:\/\/metaltale.com\/wp-content\/uploads\/2023\/12\/lentyna.jpg\",\"contentUrl\":\"https:\/\/metaltale.com\/wp-content\/uploads\/2023\/12\/lentyna.jpg\",\"width\":800,\"height\":800,\"caption\":\"Riiul\"},{\"@type\":\"BreadcrumbList\",\"@id\":\"https:\/\/metaltale.com\/et\/toode\/riiulid-ladder-with-deep-shelves-3\/#breadcrumb\",\"itemListElement\":[{\"@type\":\"ListItem\",\"position\":1,\"name\":\"Home\",\"item\":\"https:\/\/metaltale.com\/et\/kodu\/\"},{\"@type\":\"ListItem\",\"position\":2,\"name\":\"Kauplus\",\"item\":\"https:\/\/metaltale.com\/et\/shop\/\"},{\"@type\":\"ListItem\",\"position\":3,\"name\":\"Riiulid LADDER WITH DEEP SHELVES 3\"}]},{\"@type\":\"WebSite\",\"@id\":\"https:\/\/metaltale.com\/et\/#website\",\"url\":\"https:\/\/metaltale.com\/et\/\",\"name\":\"Metaltale.com\",\"description\":\"\",\"potentialAction\":[{\"@type\":\"SearchAction\",\"target\":{\"@type\":\"EntryPoint\",\"urlTemplate\":\"https:\/\/metaltale.com\/et\/?s={search_term_string}\"},\"query-input\":{\"@type\":\"PropertyValueSpecification\",\"valueRequired\":true,\"valueName\":\"search_term_string\"}}],\"inLanguage\":\"et\"}]}<\/script>\n<!-- \/ Yoast SEO plugin. -->","yoast_head_json":{"title":"Riiulid LADDER WITH DEEP SHELVES 3 - MetalTale.com","robots":{"index":"index","follow":"follow","max-snippet":"max-snippet:-1","max-image-preview":"max-image-preview:large","max-video-preview":"max-video-preview:-1"},"canonical":"https:\/\/metaltale.com\/et\/toode\/riiulid-ladder-with-deep-shelves-3\/","og_locale":"et_EE","og_type":"article","og_title":"Riiulid LADDER WITH DEEP SHELVES 3 - MetalTale.com","og_description":"Mudel ZA. REG10DR EAN. 5905369914751 Materjal puit \u00dcldine k\u00f5rgus (cm) 14 \u00dcldine laius (cm) 90 S\u00fcgavus (cm) 60 Puidust raamaturiiul","og_url":"https:\/\/metaltale.com\/et\/toode\/riiulid-ladder-with-deep-shelves-3\/","og_site_name":"MetalTale.com","twitter_card":"summary_large_image","schema":{"@context":"https:\/\/schema.org","@graph":[{"@type":"WebPage","@id":"https:\/\/metaltale.com\/et\/toode\/riiulid-ladder-with-deep-shelves-3\/","url":"https:\/\/metaltale.com\/et\/toode\/riiulid-ladder-with-deep-shelves-3\/","name":"Riiulid LADDER WITH DEEP SHELVES 3 - MetalTale.com","isPartOf":{"@id":"https:\/\/metaltale.com\/et\/#website"},"primaryImageOfPage":{"@id":"https:\/\/metaltale.com\/et\/toode\/riiulid-ladder-with-deep-shelves-3\/#primaryimage"},"image":{"@id":"https:\/\/metaltale.com\/et\/toode\/riiulid-ladder-with-deep-shelves-3\/#primaryimage"},"thumbnailUrl":"https:\/\/metaltale.com\/wp-content\/uploads\/2023\/12\/lentyna.jpg","datePublished":"2024-02-13T11:41:04+00:00","breadcrumb":{"@id":"https:\/\/metaltale.com\/et\/toode\/riiulid-ladder-with-deep-shelves-3\/#breadcrumb"},"inLanguage":"et","potentialAction":[{"@type":"ReadAction","target":["https:\/\/metaltale.com\/et\/toode\/riiulid-ladder-with-deep-shelves-3\/"]}]},{"@type":"ImageObject","inLanguage":"et","@id":"https:\/\/metaltale.com\/et\/toode\/riiulid-ladder-with-deep-shelves-3\/#primaryimage","url":"https:\/\/metaltale.com\/wp-content\/uploads\/2023\/12\/lentyna.jpg","contentUrl":"https:\/\/metaltale.com\/wp-content\/uploads\/2023\/12\/lentyna.jpg","width":800,"height":800,"caption":"Riiul"},{"@type":"BreadcrumbList","@id":"https:\/\/metaltale.com\/et\/toode\/riiulid-ladder-with-deep-shelves-3\/#breadcrumb","itemListElement":[{"@type":"ListItem","position":1,"name":"Home","item":"https:\/\/metaltale.com\/et\/kodu\/"},{"@type":"ListItem","position":2,"name":"Kauplus","item":"https:\/\/metaltale.com\/et\/shop\/"},{"@type":"ListItem","position":3,"name":"Riiulid LADDER WITH DEEP SHELVES 3"}]},{"@type":"WebSite","@id":"https:\/\/metaltale.com\/et\/#website","url":"https:\/\/metaltale.com\/et\/","name":"Metaltale.com","description":"","potentialAction":[{"@type":"SearchAction","target":{"@type":"EntryPoint","urlTemplate":"https:\/\/metaltale.com\/et\/?s={search_term_string}"},"query-input":{"@type":"PropertyValueSpecification","valueRequired":true,"valueName":"search_term_string"}}],"inLanguage":"et"}]}},"_links":{"self":[{"href":"https:\/\/metaltale.com\/et\/wp-json\/wp\/v2\/product\/139663","targetHints":{"allow":["GET"]}}],"collection":[{"href":"https:\/\/metaltale.com\/et\/wp-json\/wp\/v2\/product"}],"about":[{"href":"https:\/\/metaltale.com\/et\/wp-json\/wp\/v2\/types\/product"}],"replies":[{"embeddable":true,"href":"https:\/\/metaltale.com\/et\/wp-json\/wp\/v2\/comments?post=139663"}],"version-history":[{"count":0,"href":"https:\/\/metaltale.com\/et\/wp-json\/wp\/v2\/product\/139663\/revisions"}],"wp:featuredmedia":[{"embeddable":true,"href":"https:\/\/metaltale.com\/et\/wp-json\/wp\/v2\/media\/119707"}],"wp:attachment":[{"href":"https:\/\/metaltale.com\/et\/wp-json\/wp\/v2\/media?parent=139663"}],"wp:term":[{"taxonomy":"product_brand","embeddable":true,"href":"https:\/\/metaltale.com\/et\/wp-json\/wp\/v2\/product_brand?post=139663"},{"taxonomy":"product_cat","embeddable":true,"href":"https:\/\/metaltale.com\/et\/wp-json\/wp\/v2\/product_cat?post=139663"},{"taxonomy":"product_tag","embeddable":true,"href":"https:\/\/metaltale.com\/et\/wp-json\/wp\/v2\/product_tag?post=139663"}],"curies":[{"name":"wp","href":"https:\/\/api.w.org\/{rel}","templated":true}]}}