{"id":139662,"date":"2024-02-13T13:41:04","date_gmt":"2024-02-13T11:41:04","guid":{"rendered":"https:\/\/metaltale.com\/produktas\/grill-kuuma-poti-hoidja-ruudukujuline-heart\/"},"modified":"2024-02-13T13:41:04","modified_gmt":"2024-02-13T11:41:04","slug":"grill-kuuma-poti-hoidja-ruudukujuline-heart","status":"publish","type":"product","link":"https:\/\/metaltale.com\/et\/toode\/grill-kuuma-poti-hoidja-ruudukujuline-heart\/","title":{"rendered":"Grill &#8211; kuuma poti hoidja ruudukujuline HEART"},"content":{"rendered":"<div class=\"prod_data\"><strong>Mudel<\/strong> 01.691R. AI.180 <br \/><strong>EAN.<\/strong>  5905369919022  <br \/><strong>Materjal<\/strong> Ketus  <br \/><strong> [cm]Kogupikkus<\/strong> 17,5 <strong> <\/strong> <br \/>\u00dcldine k\u00f5rgus (cm) 4,5 <br \/><strong>\u00dcldine laius (cm)<\/strong> 17,5  <br \/>V\u00e4rv teras <\/p>\n<p>Dekoratiivne alus \/ kuumade roogade all.<\/p>\n<p>Statiivil on nii esteetiline kui ka praktiline funktsioon.<br \/>Seda kasutatakse igas k\u00f6\u00f6gis. See on m\u00f5eldud roogade kuumana hoidmiseks.<br \/>Seda iseloomustab nelja s\u00fcdamest koosnev vorming, mida \u00fchendab keskel olev lill.<br \/>Sellel on neli massiivset jalga, mille l\u00e4bim\u00f5\u00f5t on 10 mm.<br \/>Toode on valmistatud malmist, mis t\u00e4hendab, et selle disain v\u00f5ib olla ebakorrap\u00e4rane.<br \/>Dekoratiivne alus \/ kuumade roogade all.<\/p>\n<\/div>\n","protected":false},"excerpt":{"rendered":"<p>Mudel 01.691R. AI.180 EAN. 5905369919022 Materjal Ketus [cm]Kogupikkus 17,5 \u00dcldine k\u00f5rgus (cm) 4,5 \u00dcldine laius (cm) 17,5 V\u00e4rv teras Dekoratiivne<\/p>\n","protected":false},"featured_media":100281,"comment_status":"open","ping_status":"closed","template":"","meta":{"_acf_changed":false,"pmpro_default_level":""},"product_brand":[],"product_cat":[23895],"product_tag":[],"class_list":{"0":"post-139662","1":"product","2":"type-product","3":"status-publish","4":"has-post-thumbnail","6":"product_cat-kaunistused","7":"pmpro-has-access","9":"first","10":"instock","11":"shipping-taxable","12":"purchasable","13":"product-type-simple"},"acf":[],"yoast_head":"<!-- This site is optimized with the Yoast SEO plugin v24.9 - https:\/\/yoast.com\/wordpress\/plugins\/seo\/ -->\n<title>Grill - kuuma poti hoidja ruudukujuline HEART - MetalTale.com<\/title>\n<meta name=\"robots\" content=\"index, follow, max-snippet:-1, max-image-preview:large, max-video-preview:-1\" \/>\n<link rel=\"canonical\" href=\"https:\/\/metaltale.com\/et\/toode\/grill-kuuma-poti-hoidja-ruudukujuline-heart\/\" \/>\n<meta property=\"og:locale\" content=\"et_EE\" \/>\n<meta property=\"og:type\" content=\"article\" \/>\n<meta property=\"og:title\" content=\"Grill - kuuma poti hoidja ruudukujuline HEART - MetalTale.com\" \/>\n<meta property=\"og:description\" content=\"Mudel 01.691R. AI.180 EAN. 5905369919022 Materjal Ketus [cm]Kogupikkus 17,5 \u00dcldine k\u00f5rgus (cm) 4,5 \u00dcldine laius (cm) 17,5 V\u00e4rv teras Dekoratiivne\" \/>\n<meta property=\"og:url\" content=\"https:\/\/metaltale.com\/et\/toode\/grill-kuuma-poti-hoidja-ruudukujuline-heart\/\" \/>\n<meta property=\"og:site_name\" content=\"MetalTale.com\" \/>\n<meta name=\"twitter:card\" content=\"summary_large_image\" \/>\n<script type=\"application\/ld+json\" class=\"yoast-schema-graph\">{\"@context\":\"https:\/\/schema.org\",\"@graph\":[{\"@type\":\"WebPage\",\"@id\":\"https:\/\/metaltale.com\/et\/toode\/grill-kuuma-poti-hoidja-ruudukujuline-heart\/\",\"url\":\"https:\/\/metaltale.com\/et\/toode\/grill-kuuma-poti-hoidja-ruudukujuline-heart\/\",\"name\":\"Grill - kuuma poti hoidja ruudukujuline HEART - MetalTale.com\",\"isPartOf\":{\"@id\":\"https:\/\/metaltale.com\/et\/#website\"},\"primaryImageOfPage\":{\"@id\":\"https:\/\/metaltale.com\/et\/toode\/grill-kuuma-poti-hoidja-ruudukujuline-heart\/#primaryimage\"},\"image\":{\"@id\":\"https:\/\/metaltale.com\/et\/toode\/grill-kuuma-poti-hoidja-ruudukujuline-heart\/#primaryimage\"},\"thumbnailUrl\":\"https:\/\/metaltale.com\/wp-content\/uploads\/2023\/11\/Stovas-karx161tiems-patiekalams-x160IRDIS.jpg\",\"datePublished\":\"2024-02-13T11:41:04+00:00\",\"breadcrumb\":{\"@id\":\"https:\/\/metaltale.com\/et\/toode\/grill-kuuma-poti-hoidja-ruudukujuline-heart\/#breadcrumb\"},\"inLanguage\":\"et\",\"potentialAction\":[{\"@type\":\"ReadAction\",\"target\":[\"https:\/\/metaltale.com\/et\/toode\/grill-kuuma-poti-hoidja-ruudukujuline-heart\/\"]}]},{\"@type\":\"ImageObject\",\"inLanguage\":\"et\",\"@id\":\"https:\/\/metaltale.com\/et\/toode\/grill-kuuma-poti-hoidja-ruudukujuline-heart\/#primaryimage\",\"url\":\"https:\/\/metaltale.com\/wp-content\/uploads\/2023\/11\/Stovas-karx161tiems-patiekalams-x160IRDIS.jpg\",\"contentUrl\":\"https:\/\/metaltale.com\/wp-content\/uploads\/2023\/11\/Stovas-karx161tiems-patiekalams-x160IRDIS.jpg\",\"width\":800,\"height\":800},{\"@type\":\"BreadcrumbList\",\"@id\":\"https:\/\/metaltale.com\/et\/toode\/grill-kuuma-poti-hoidja-ruudukujuline-heart\/#breadcrumb\",\"itemListElement\":[{\"@type\":\"ListItem\",\"position\":1,\"name\":\"Home\",\"item\":\"https:\/\/metaltale.com\/et\/kodu\/\"},{\"@type\":\"ListItem\",\"position\":2,\"name\":\"Kauplus\",\"item\":\"https:\/\/metaltale.com\/et\/shop\/\"},{\"@type\":\"ListItem\",\"position\":3,\"name\":\"Grill &#8211; kuuma poti hoidja ruudukujuline HEART\"}]},{\"@type\":\"WebSite\",\"@id\":\"https:\/\/metaltale.com\/et\/#website\",\"url\":\"https:\/\/metaltale.com\/et\/\",\"name\":\"Metaltale.com\",\"description\":\"\",\"potentialAction\":[{\"@type\":\"SearchAction\",\"target\":{\"@type\":\"EntryPoint\",\"urlTemplate\":\"https:\/\/metaltale.com\/et\/?s={search_term_string}\"},\"query-input\":{\"@type\":\"PropertyValueSpecification\",\"valueRequired\":true,\"valueName\":\"search_term_string\"}}],\"inLanguage\":\"et\"}]}<\/script>\n<!-- \/ Yoast SEO plugin. -->","yoast_head_json":{"title":"Grill - kuuma poti hoidja ruudukujuline HEART - MetalTale.com","robots":{"index":"index","follow":"follow","max-snippet":"max-snippet:-1","max-image-preview":"max-image-preview:large","max-video-preview":"max-video-preview:-1"},"canonical":"https:\/\/metaltale.com\/et\/toode\/grill-kuuma-poti-hoidja-ruudukujuline-heart\/","og_locale":"et_EE","og_type":"article","og_title":"Grill - kuuma poti hoidja ruudukujuline HEART - MetalTale.com","og_description":"Mudel 01.691R. AI.180 EAN. 5905369919022 Materjal Ketus [cm]Kogupikkus 17,5 \u00dcldine k\u00f5rgus (cm) 4,5 \u00dcldine laius (cm) 17,5 V\u00e4rv teras Dekoratiivne","og_url":"https:\/\/metaltale.com\/et\/toode\/grill-kuuma-poti-hoidja-ruudukujuline-heart\/","og_site_name":"MetalTale.com","twitter_card":"summary_large_image","schema":{"@context":"https:\/\/schema.org","@graph":[{"@type":"WebPage","@id":"https:\/\/metaltale.com\/et\/toode\/grill-kuuma-poti-hoidja-ruudukujuline-heart\/","url":"https:\/\/metaltale.com\/et\/toode\/grill-kuuma-poti-hoidja-ruudukujuline-heart\/","name":"Grill - kuuma poti hoidja ruudukujuline HEART - MetalTale.com","isPartOf":{"@id":"https:\/\/metaltale.com\/et\/#website"},"primaryImageOfPage":{"@id":"https:\/\/metaltale.com\/et\/toode\/grill-kuuma-poti-hoidja-ruudukujuline-heart\/#primaryimage"},"image":{"@id":"https:\/\/metaltale.com\/et\/toode\/grill-kuuma-poti-hoidja-ruudukujuline-heart\/#primaryimage"},"thumbnailUrl":"https:\/\/metaltale.com\/wp-content\/uploads\/2023\/11\/Stovas-karx161tiems-patiekalams-x160IRDIS.jpg","datePublished":"2024-02-13T11:41:04+00:00","breadcrumb":{"@id":"https:\/\/metaltale.com\/et\/toode\/grill-kuuma-poti-hoidja-ruudukujuline-heart\/#breadcrumb"},"inLanguage":"et","potentialAction":[{"@type":"ReadAction","target":["https:\/\/metaltale.com\/et\/toode\/grill-kuuma-poti-hoidja-ruudukujuline-heart\/"]}]},{"@type":"ImageObject","inLanguage":"et","@id":"https:\/\/metaltale.com\/et\/toode\/grill-kuuma-poti-hoidja-ruudukujuline-heart\/#primaryimage","url":"https:\/\/metaltale.com\/wp-content\/uploads\/2023\/11\/Stovas-karx161tiems-patiekalams-x160IRDIS.jpg","contentUrl":"https:\/\/metaltale.com\/wp-content\/uploads\/2023\/11\/Stovas-karx161tiems-patiekalams-x160IRDIS.jpg","width":800,"height":800},{"@type":"BreadcrumbList","@id":"https:\/\/metaltale.com\/et\/toode\/grill-kuuma-poti-hoidja-ruudukujuline-heart\/#breadcrumb","itemListElement":[{"@type":"ListItem","position":1,"name":"Home","item":"https:\/\/metaltale.com\/et\/kodu\/"},{"@type":"ListItem","position":2,"name":"Kauplus","item":"https:\/\/metaltale.com\/et\/shop\/"},{"@type":"ListItem","position":3,"name":"Grill &#8211; kuuma poti hoidja ruudukujuline HEART"}]},{"@type":"WebSite","@id":"https:\/\/metaltale.com\/et\/#website","url":"https:\/\/metaltale.com\/et\/","name":"Metaltale.com","description":"","potentialAction":[{"@type":"SearchAction","target":{"@type":"EntryPoint","urlTemplate":"https:\/\/metaltale.com\/et\/?s={search_term_string}"},"query-input":{"@type":"PropertyValueSpecification","valueRequired":true,"valueName":"search_term_string"}}],"inLanguage":"et"}]}},"_links":{"self":[{"href":"https:\/\/metaltale.com\/et\/wp-json\/wp\/v2\/product\/139662","targetHints":{"allow":["GET"]}}],"collection":[{"href":"https:\/\/metaltale.com\/et\/wp-json\/wp\/v2\/product"}],"about":[{"href":"https:\/\/metaltale.com\/et\/wp-json\/wp\/v2\/types\/product"}],"replies":[{"embeddable":true,"href":"https:\/\/metaltale.com\/et\/wp-json\/wp\/v2\/comments?post=139662"}],"version-history":[{"count":0,"href":"https:\/\/metaltale.com\/et\/wp-json\/wp\/v2\/product\/139662\/revisions"}],"wp:featuredmedia":[{"embeddable":true,"href":"https:\/\/metaltale.com\/et\/wp-json\/wp\/v2\/media\/100281"}],"wp:attachment":[{"href":"https:\/\/metaltale.com\/et\/wp-json\/wp\/v2\/media?parent=139662"}],"wp:term":[{"taxonomy":"product_brand","embeddable":true,"href":"https:\/\/metaltale.com\/et\/wp-json\/wp\/v2\/product_brand?post=139662"},{"taxonomy":"product_cat","embeddable":true,"href":"https:\/\/metaltale.com\/et\/wp-json\/wp\/v2\/product_cat?post=139662"},{"taxonomy":"product_tag","embeddable":true,"href":"https:\/\/metaltale.com\/et\/wp-json\/wp\/v2\/product_tag?post=139662"}],"curies":[{"name":"wp","href":"https:\/\/api.w.org\/{rel}","templated":true}]}}