{"id":139477,"date":"2024-02-13T13:49:44","date_gmt":"2024-02-13T11:49:44","guid":{"rendered":"https:\/\/metaltale.com\/produktas\/dusisegisti-bolton-must\/"},"modified":"2024-02-13T13:49:44","modified_gmt":"2024-02-13T11:49:44","slug":"dusisegisti-bolton-must","status":"publish","type":"product","link":"https:\/\/metaltale.com\/et\/toode\/dusisegisti-bolton-must\/","title":{"rendered":"Du\u0161isegisti BOLTON, must"},"content":{"rendered":"<div class=\"prod_data\">\n<p><strong>Mudel<\/strong> WX. XT306. BLA<br \/>\nLihtsalt Retro <strong>kollektsioon<\/strong><br \/>\n<strong>EAN.<\/strong>  5905369900259<br \/>\n<strong>V\u00e4ljalaskeava pikkus (cm<\/strong> ) 10,5<br \/>\n<strong>Materjal<\/strong> Messing<br \/>\n<strong>\u00dcldk\u00f5rgus (cm)<\/strong> 129,5<br \/>\n<strong>Du\u0161ipea l\u00e4bim\u00f5\u00f5t (cm)<\/strong> 5<br \/>\n<strong>Du\u0161ipea pikkus (cm)<\/strong> 17<br \/>\n<strong>Du\u0161ipea l\u00e4bim\u00f5\u00f5t (cm)<\/strong> 21<br \/>\nKraanide vaheline kaugus (cm) 14,5<br \/>\n<strong>P\u00f6\u00f6rlev v\u00e4ljalaskeava<\/strong> Ei<br \/>\n<strong>Anti-Calc (lubjavastane)<\/strong> Jah<br \/>\nV\u00e4rv Must<br \/>\n<strong>Viimistlus<\/strong> Pehme, satiinne efekt<br \/>\n<strong>Reguleeritav<\/strong> du\u0161ipea nurk ja k\u00f5rgus (kuni -25 cm)<br \/>\n<strong>LISATEAVE<\/strong> Anti-calc s\u00fcsteem ei kehti du\u0161ipeale<\/p>\n<p>&#8211; Messingist pinnale paigaldatav du\u0161isegisti<br \/>\n&#8211; Du\u0161ikomplekt: vanniotsik, telefon, vihmadu\u0161\u0161<br \/>\n&#8211; keraamiline pea &#8211; element, mis tagab vee n\u00f5uetekohase jaotumise<br \/>\n&#8211; Anti-Calc &#8211; katlakivivastane s\u00fcsteem<\/p>\n<hr>\n<p>Du\u0161ikomplekt on v\u00e4ga praktiline seade kodu- ja hotellivannitubadesse. Stiilne t\u00f6\u00f6stuslik retroh\u00f5nguline s\u00e4\u00e4stut\u00f6\u00f6 on muutumas \u00fcha populaarsemaks. Mustad pinnale paigaldatavad du\u0161isegistid toovad moodsasse ja minimalistlikku interj\u00f6\u00f6ri t\u00e4iesti uue ilme. Kavandatava mudeli lihtne disain sobib ideaalselt loft du\u0161\u0161ide ja maal\u00e4hedaste vannitubade jaoks. Messingist liitmikke iseloomustab nende k\u00f5rge kvaliteet ja kriimustuskindlus, mis koos kaasaegsete lahendustega, nagu keraamilised pead ja kivivastane s\u00fcsteem, loovad ideaalse toote.<\/p>\n<hr>\n<\/div>\n","protected":false},"excerpt":{"rendered":"<p>Mudel WX. XT306. BLA Lihtsalt Retro kollektsioon EAN. 5905369900259 V\u00e4ljalaskeava pikkus (cm ) 10,5 Materjal Messing \u00dcldk\u00f5rgus (cm) 129,5 Du\u0161ipea<\/p>\n","protected":false},"featured_media":81063,"comment_status":"open","ping_status":"closed","template":"","meta":{"_acf_changed":false,"pmpro_default_level":""},"product_brand":[],"product_cat":[24194,24154],"product_tag":[],"class_list":{"0":"post-139477","1":"product","2":"type-product","3":"status-publish","4":"has-post-thumbnail","6":"product_cat-dusisegistid","7":"product_cat-vannitoa-kraanid","8":"pmpro-has-access","10":"first","11":"instock","12":"shipping-taxable","13":"purchasable","14":"product-type-simple"},"acf":[],"yoast_head":"<!-- This site is optimized with the Yoast SEO plugin v24.9 - https:\/\/yoast.com\/wordpress\/plugins\/seo\/ -->\n<title>Du\u0161isegisti BOLTON, must - MetalTale.com<\/title>\n<meta name=\"robots\" content=\"index, follow, max-snippet:-1, max-image-preview:large, max-video-preview:-1\" \/>\n<link rel=\"canonical\" href=\"https:\/\/metaltale.com\/et\/toode\/dusisegisti-bolton-must\/\" \/>\n<meta property=\"og:locale\" content=\"et_EE\" \/>\n<meta property=\"og:type\" content=\"article\" \/>\n<meta property=\"og:title\" content=\"Du\u0161isegisti BOLTON, must - MetalTale.com\" \/>\n<meta property=\"og:description\" content=\"Mudel WX. XT306. BLA Lihtsalt Retro kollektsioon EAN. 5905369900259 V\u00e4ljalaskeava pikkus (cm ) 10,5 Materjal Messing \u00dcldk\u00f5rgus (cm) 129,5 Du\u0161ipea\" \/>\n<meta property=\"og:url\" content=\"https:\/\/metaltale.com\/et\/toode\/dusisegisti-bolton-must\/\" \/>\n<meta property=\"og:site_name\" content=\"MetalTale.com\" \/>\n<meta name=\"twitter:card\" content=\"summary_large_image\" \/>\n<meta name=\"twitter:label1\" content=\"Est. reading time\" \/>\n\t<meta name=\"twitter:data1\" content=\"1 minut\" \/>\n<script type=\"application\/ld+json\" class=\"yoast-schema-graph\">{\"@context\":\"https:\/\/schema.org\",\"@graph\":[{\"@type\":\"WebPage\",\"@id\":\"https:\/\/metaltale.com\/et\/toode\/dusisegisti-bolton-must\/\",\"url\":\"https:\/\/metaltale.com\/et\/toode\/dusisegisti-bolton-must\/\",\"name\":\"Du\u0161isegisti BOLTON, must - MetalTale.com\",\"isPartOf\":{\"@id\":\"https:\/\/metaltale.com\/et\/#website\"},\"primaryImageOfPage\":{\"@id\":\"https:\/\/metaltale.com\/et\/toode\/dusisegisti-bolton-must\/#primaryimage\"},\"image\":{\"@id\":\"https:\/\/metaltale.com\/et\/toode\/dusisegisti-bolton-must\/#primaryimage\"},\"thumbnailUrl\":\"https:\/\/metaltale.com\/wp-content\/uploads\/2023\/10\/Dux161o-maix161ytuvas-BOLTON.jpg\",\"datePublished\":\"2024-02-13T11:49:44+00:00\",\"breadcrumb\":{\"@id\":\"https:\/\/metaltale.com\/et\/toode\/dusisegisti-bolton-must\/#breadcrumb\"},\"inLanguage\":\"et\",\"potentialAction\":[{\"@type\":\"ReadAction\",\"target\":[\"https:\/\/metaltale.com\/et\/toode\/dusisegisti-bolton-must\/\"]}]},{\"@type\":\"ImageObject\",\"inLanguage\":\"et\",\"@id\":\"https:\/\/metaltale.com\/et\/toode\/dusisegisti-bolton-must\/#primaryimage\",\"url\":\"https:\/\/metaltale.com\/wp-content\/uploads\/2023\/10\/Dux161o-maix161ytuvas-BOLTON.jpg\",\"contentUrl\":\"https:\/\/metaltale.com\/wp-content\/uploads\/2023\/10\/Dux161o-maix161ytuvas-BOLTON.jpg\",\"width\":800,\"height\":800,\"caption\":\"Du\u0161isegisti BOLTON, must\"},{\"@type\":\"BreadcrumbList\",\"@id\":\"https:\/\/metaltale.com\/et\/toode\/dusisegisti-bolton-must\/#breadcrumb\",\"itemListElement\":[{\"@type\":\"ListItem\",\"position\":1,\"name\":\"Home\",\"item\":\"https:\/\/metaltale.com\/et\/kodu\/\"},{\"@type\":\"ListItem\",\"position\":2,\"name\":\"Kauplus\",\"item\":\"https:\/\/metaltale.com\/et\/shop\/\"},{\"@type\":\"ListItem\",\"position\":3,\"name\":\"Du\u0161isegisti BOLTON, must\"}]},{\"@type\":\"WebSite\",\"@id\":\"https:\/\/metaltale.com\/et\/#website\",\"url\":\"https:\/\/metaltale.com\/et\/\",\"name\":\"Metaltale.com\",\"description\":\"\",\"potentialAction\":[{\"@type\":\"SearchAction\",\"target\":{\"@type\":\"EntryPoint\",\"urlTemplate\":\"https:\/\/metaltale.com\/et\/?s={search_term_string}\"},\"query-input\":{\"@type\":\"PropertyValueSpecification\",\"valueRequired\":true,\"valueName\":\"search_term_string\"}}],\"inLanguage\":\"et\"}]}<\/script>\n<!-- \/ Yoast SEO plugin. -->","yoast_head_json":{"title":"Du\u0161isegisti BOLTON, must - MetalTale.com","robots":{"index":"index","follow":"follow","max-snippet":"max-snippet:-1","max-image-preview":"max-image-preview:large","max-video-preview":"max-video-preview:-1"},"canonical":"https:\/\/metaltale.com\/et\/toode\/dusisegisti-bolton-must\/","og_locale":"et_EE","og_type":"article","og_title":"Du\u0161isegisti BOLTON, must - MetalTale.com","og_description":"Mudel WX. XT306. BLA Lihtsalt Retro kollektsioon EAN. 5905369900259 V\u00e4ljalaskeava pikkus (cm ) 10,5 Materjal Messing \u00dcldk\u00f5rgus (cm) 129,5 Du\u0161ipea","og_url":"https:\/\/metaltale.com\/et\/toode\/dusisegisti-bolton-must\/","og_site_name":"MetalTale.com","twitter_card":"summary_large_image","twitter_misc":{"Est. reading time":"1 minut"},"schema":{"@context":"https:\/\/schema.org","@graph":[{"@type":"WebPage","@id":"https:\/\/metaltale.com\/et\/toode\/dusisegisti-bolton-must\/","url":"https:\/\/metaltale.com\/et\/toode\/dusisegisti-bolton-must\/","name":"Du\u0161isegisti BOLTON, must - MetalTale.com","isPartOf":{"@id":"https:\/\/metaltale.com\/et\/#website"},"primaryImageOfPage":{"@id":"https:\/\/metaltale.com\/et\/toode\/dusisegisti-bolton-must\/#primaryimage"},"image":{"@id":"https:\/\/metaltale.com\/et\/toode\/dusisegisti-bolton-must\/#primaryimage"},"thumbnailUrl":"https:\/\/metaltale.com\/wp-content\/uploads\/2023\/10\/Dux161o-maix161ytuvas-BOLTON.jpg","datePublished":"2024-02-13T11:49:44+00:00","breadcrumb":{"@id":"https:\/\/metaltale.com\/et\/toode\/dusisegisti-bolton-must\/#breadcrumb"},"inLanguage":"et","potentialAction":[{"@type":"ReadAction","target":["https:\/\/metaltale.com\/et\/toode\/dusisegisti-bolton-must\/"]}]},{"@type":"ImageObject","inLanguage":"et","@id":"https:\/\/metaltale.com\/et\/toode\/dusisegisti-bolton-must\/#primaryimage","url":"https:\/\/metaltale.com\/wp-content\/uploads\/2023\/10\/Dux161o-maix161ytuvas-BOLTON.jpg","contentUrl":"https:\/\/metaltale.com\/wp-content\/uploads\/2023\/10\/Dux161o-maix161ytuvas-BOLTON.jpg","width":800,"height":800,"caption":"Du\u0161isegisti BOLTON, must"},{"@type":"BreadcrumbList","@id":"https:\/\/metaltale.com\/et\/toode\/dusisegisti-bolton-must\/#breadcrumb","itemListElement":[{"@type":"ListItem","position":1,"name":"Home","item":"https:\/\/metaltale.com\/et\/kodu\/"},{"@type":"ListItem","position":2,"name":"Kauplus","item":"https:\/\/metaltale.com\/et\/shop\/"},{"@type":"ListItem","position":3,"name":"Du\u0161isegisti BOLTON, must"}]},{"@type":"WebSite","@id":"https:\/\/metaltale.com\/et\/#website","url":"https:\/\/metaltale.com\/et\/","name":"Metaltale.com","description":"","potentialAction":[{"@type":"SearchAction","target":{"@type":"EntryPoint","urlTemplate":"https:\/\/metaltale.com\/et\/?s={search_term_string}"},"query-input":{"@type":"PropertyValueSpecification","valueRequired":true,"valueName":"search_term_string"}}],"inLanguage":"et"}]}},"_links":{"self":[{"href":"https:\/\/metaltale.com\/et\/wp-json\/wp\/v2\/product\/139477","targetHints":{"allow":["GET"]}}],"collection":[{"href":"https:\/\/metaltale.com\/et\/wp-json\/wp\/v2\/product"}],"about":[{"href":"https:\/\/metaltale.com\/et\/wp-json\/wp\/v2\/types\/product"}],"replies":[{"embeddable":true,"href":"https:\/\/metaltale.com\/et\/wp-json\/wp\/v2\/comments?post=139477"}],"version-history":[{"count":0,"href":"https:\/\/metaltale.com\/et\/wp-json\/wp\/v2\/product\/139477\/revisions"}],"wp:featuredmedia":[{"embeddable":true,"href":"https:\/\/metaltale.com\/et\/wp-json\/wp\/v2\/media\/81063"}],"wp:attachment":[{"href":"https:\/\/metaltale.com\/et\/wp-json\/wp\/v2\/media?parent=139477"}],"wp:term":[{"taxonomy":"product_brand","embeddable":true,"href":"https:\/\/metaltale.com\/et\/wp-json\/wp\/v2\/product_brand?post=139477"},{"taxonomy":"product_cat","embeddable":true,"href":"https:\/\/metaltale.com\/et\/wp-json\/wp\/v2\/product_cat?post=139477"},{"taxonomy":"product_tag","embeddable":true,"href":"https:\/\/metaltale.com\/et\/wp-json\/wp\/v2\/product_tag?post=139477"}],"curies":[{"name":"wp","href":"https:\/\/api.w.org\/{rel}","templated":true}]}}