{"id":139472,"date":"2024-02-13T13:49:44","date_gmt":"2024-02-13T11:49:44","guid":{"rendered":"https:\/\/metaltale.com\/produktas\/dusisegisti-antiikpronks-luxury\/"},"modified":"2024-02-13T13:49:44","modified_gmt":"2024-02-13T11:49:44","slug":"dusisegisti-antiikpronks-luxury","status":"publish","type":"product","link":"https:\/\/metaltale.com\/et\/toode\/dusisegisti-antiikpronks-luxury\/","title":{"rendered":"Du\u0161isegisti Antiikpronks LUXURY"},"content":{"rendered":"<div class=\"prod_data\"><strong>Mudel<\/strong> WX. QY3601  <br \/>S\u00e4ra <strong>kollektsioon<\/strong>  <br \/><strong>EAN.<\/strong>  5905369900181  <br \/>V\u00e4ljalaskeava pikkus (cm ) 11,5 <br \/>Materjal Messing <br \/><strong>\u00dcldine k\u00f5rgus (cm)<\/strong> 142  <br \/>Du\u0161ipea l\u00e4bim\u00f5\u00f5t (cm) 8 <br \/>Du\u0161ipea pikkus (cm) 22 <br \/>Du\u0161ipea l\u00e4bim\u00f5\u00f5t (cm) 21 <br \/>Vooliku pikkus (cm ) 150 <br \/>Kraanide vaheline kaugus (cm) 15 <br \/>Anti-Calc (lubjavastane) Jah <br \/>V\u00e4rv Antiikpronks <br \/>Viimistlus l\u00e4ikiv <br \/><strong>Reguleeritav<\/strong> du\u0161ipea nurk ja k\u00f5rgus (kuni -25 cm)  <\/p>\n<p>&#8211; Messingist pinnale paigaldatav du\u0161isegisti<br \/>&#8211; Du\u0161ikomplekt: vanniotsik, telefon, vihmadu\u0161\u0161<br \/>&#8211; keraamiline pea &#8211; element, mis tagab vee n\u00f5uetekohase jaotumise<br \/>&#8211; Anti-Calc &#8211; katlakivivastane s\u00fcsteem<br \/>&#8211; lihtne puhastada &#8211; soe vesi ja PH-neutraalne seep<br \/>&#8211; vaata teisi mudeleid kollektsioonist Gleam<\/p>\n<hr>\n<p>Retro seinale paigaldatav du\u0161ikomplekt, mis on kaunistatud kuldse taimemotiivi ja kristallidega keraamiliste intarsiatega. \u00dclimalt elegantne du\u0161isegisti lisab igasse vannituppa luksust. See mudel sobib ideaalselt retro-, vintage- ja rustikaalseks kujunduseks. Stiilne vanaaegse ratsapiiriku kujuga vihmadu\u0161\u0161 lisab teie du\u0161ile ebatavalist v\u00f5lu. Toode \u00fchendab endas retroh\u00f5ngulist esteetikat ja uusimaid standardeid, tagades k\u00f5rgetasemelise mugavuse.  <\/p>\n<hr>\n<\/div>\n","protected":false},"excerpt":{"rendered":"<p>Mudel WX. QY3601 S\u00e4ra kollektsioon EAN. 5905369900181 V\u00e4ljalaskeava pikkus (cm ) 11,5 Materjal Messing \u00dcldine k\u00f5rgus (cm) 142 Du\u0161ipea l\u00e4bim\u00f5\u00f5t<\/p>\n","protected":false},"featured_media":81009,"comment_status":"open","ping_status":"closed","template":"","meta":{"_acf_changed":false,"pmpro_default_level":""},"product_brand":[],"product_cat":[24141],"product_tag":[],"class_list":{"0":"post-139472","1":"product","2":"type-product","3":"status-publish","4":"has-post-thumbnail","6":"product_cat-taps-et","7":"pmpro-has-access","9":"first","10":"instock","11":"shipping-taxable","12":"purchasable","13":"product-type-simple"},"acf":[],"yoast_head":"<!-- This site is optimized with the Yoast SEO plugin v24.9 - https:\/\/yoast.com\/wordpress\/plugins\/seo\/ -->\n<title>Du\u0161isegisti Antiikpronks LUXURY - MetalTale.com<\/title>\n<meta name=\"robots\" content=\"index, follow, max-snippet:-1, max-image-preview:large, max-video-preview:-1\" \/>\n<link rel=\"canonical\" href=\"https:\/\/metaltale.com\/et\/toode\/dusisegisti-antiikpronks-luxury\/\" \/>\n<meta property=\"og:locale\" content=\"et_EE\" \/>\n<meta property=\"og:type\" content=\"article\" \/>\n<meta property=\"og:title\" content=\"Du\u0161isegisti Antiikpronks LUXURY - MetalTale.com\" \/>\n<meta property=\"og:description\" content=\"Mudel WX. QY3601 S\u00e4ra kollektsioon EAN. 5905369900181 V\u00e4ljalaskeava pikkus (cm ) 11,5 Materjal Messing \u00dcldine k\u00f5rgus (cm) 142 Du\u0161ipea l\u00e4bim\u00f5\u00f5t\" \/>\n<meta property=\"og:url\" content=\"https:\/\/metaltale.com\/et\/toode\/dusisegisti-antiikpronks-luxury\/\" \/>\n<meta property=\"og:site_name\" content=\"MetalTale.com\" \/>\n<meta name=\"twitter:card\" content=\"summary_large_image\" \/>\n<meta name=\"twitter:label1\" content=\"Est. reading time\" \/>\n\t<meta name=\"twitter:data1\" content=\"1 minut\" \/>\n<script type=\"application\/ld+json\" class=\"yoast-schema-graph\">{\"@context\":\"https:\/\/schema.org\",\"@graph\":[{\"@type\":\"WebPage\",\"@id\":\"https:\/\/metaltale.com\/et\/toode\/dusisegisti-antiikpronks-luxury\/\",\"url\":\"https:\/\/metaltale.com\/et\/toode\/dusisegisti-antiikpronks-luxury\/\",\"name\":\"Du\u0161isegisti Antiikpronks LUXURY - MetalTale.com\",\"isPartOf\":{\"@id\":\"https:\/\/metaltale.com\/et\/#website\"},\"primaryImageOfPage\":{\"@id\":\"https:\/\/metaltale.com\/et\/toode\/dusisegisti-antiikpronks-luxury\/#primaryimage\"},\"image\":{\"@id\":\"https:\/\/metaltale.com\/et\/toode\/dusisegisti-antiikpronks-luxury\/#primaryimage\"},\"thumbnailUrl\":\"https:\/\/metaltale.com\/wp-content\/uploads\/2023\/10\/Dux161o-maix161ytuvas-LUXURY.jpg\",\"datePublished\":\"2024-02-13T11:49:44+00:00\",\"breadcrumb\":{\"@id\":\"https:\/\/metaltale.com\/et\/toode\/dusisegisti-antiikpronks-luxury\/#breadcrumb\"},\"inLanguage\":\"et\",\"potentialAction\":[{\"@type\":\"ReadAction\",\"target\":[\"https:\/\/metaltale.com\/et\/toode\/dusisegisti-antiikpronks-luxury\/\"]}]},{\"@type\":\"ImageObject\",\"inLanguage\":\"et\",\"@id\":\"https:\/\/metaltale.com\/et\/toode\/dusisegisti-antiikpronks-luxury\/#primaryimage\",\"url\":\"https:\/\/metaltale.com\/wp-content\/uploads\/2023\/10\/Dux161o-maix161ytuvas-LUXURY.jpg\",\"contentUrl\":\"https:\/\/metaltale.com\/wp-content\/uploads\/2023\/10\/Dux161o-maix161ytuvas-LUXURY.jpg\",\"width\":800,\"height\":800},{\"@type\":\"BreadcrumbList\",\"@id\":\"https:\/\/metaltale.com\/et\/toode\/dusisegisti-antiikpronks-luxury\/#breadcrumb\",\"itemListElement\":[{\"@type\":\"ListItem\",\"position\":1,\"name\":\"Home\",\"item\":\"https:\/\/metaltale.com\/et\/kodu\/\"},{\"@type\":\"ListItem\",\"position\":2,\"name\":\"Kauplus\",\"item\":\"https:\/\/metaltale.com\/et\/shop\/\"},{\"@type\":\"ListItem\",\"position\":3,\"name\":\"Du\u0161isegisti Antiikpronks LUXURY\"}]},{\"@type\":\"WebSite\",\"@id\":\"https:\/\/metaltale.com\/et\/#website\",\"url\":\"https:\/\/metaltale.com\/et\/\",\"name\":\"Metaltale.com\",\"description\":\"\",\"potentialAction\":[{\"@type\":\"SearchAction\",\"target\":{\"@type\":\"EntryPoint\",\"urlTemplate\":\"https:\/\/metaltale.com\/et\/?s={search_term_string}\"},\"query-input\":{\"@type\":\"PropertyValueSpecification\",\"valueRequired\":true,\"valueName\":\"search_term_string\"}}],\"inLanguage\":\"et\"}]}<\/script>\n<!-- \/ Yoast SEO plugin. -->","yoast_head_json":{"title":"Du\u0161isegisti Antiikpronks LUXURY - MetalTale.com","robots":{"index":"index","follow":"follow","max-snippet":"max-snippet:-1","max-image-preview":"max-image-preview:large","max-video-preview":"max-video-preview:-1"},"canonical":"https:\/\/metaltale.com\/et\/toode\/dusisegisti-antiikpronks-luxury\/","og_locale":"et_EE","og_type":"article","og_title":"Du\u0161isegisti Antiikpronks LUXURY - MetalTale.com","og_description":"Mudel WX. QY3601 S\u00e4ra kollektsioon EAN. 5905369900181 V\u00e4ljalaskeava pikkus (cm ) 11,5 Materjal Messing \u00dcldine k\u00f5rgus (cm) 142 Du\u0161ipea l\u00e4bim\u00f5\u00f5t","og_url":"https:\/\/metaltale.com\/et\/toode\/dusisegisti-antiikpronks-luxury\/","og_site_name":"MetalTale.com","twitter_card":"summary_large_image","twitter_misc":{"Est. reading time":"1 minut"},"schema":{"@context":"https:\/\/schema.org","@graph":[{"@type":"WebPage","@id":"https:\/\/metaltale.com\/et\/toode\/dusisegisti-antiikpronks-luxury\/","url":"https:\/\/metaltale.com\/et\/toode\/dusisegisti-antiikpronks-luxury\/","name":"Du\u0161isegisti Antiikpronks LUXURY - MetalTale.com","isPartOf":{"@id":"https:\/\/metaltale.com\/et\/#website"},"primaryImageOfPage":{"@id":"https:\/\/metaltale.com\/et\/toode\/dusisegisti-antiikpronks-luxury\/#primaryimage"},"image":{"@id":"https:\/\/metaltale.com\/et\/toode\/dusisegisti-antiikpronks-luxury\/#primaryimage"},"thumbnailUrl":"https:\/\/metaltale.com\/wp-content\/uploads\/2023\/10\/Dux161o-maix161ytuvas-LUXURY.jpg","datePublished":"2024-02-13T11:49:44+00:00","breadcrumb":{"@id":"https:\/\/metaltale.com\/et\/toode\/dusisegisti-antiikpronks-luxury\/#breadcrumb"},"inLanguage":"et","potentialAction":[{"@type":"ReadAction","target":["https:\/\/metaltale.com\/et\/toode\/dusisegisti-antiikpronks-luxury\/"]}]},{"@type":"ImageObject","inLanguage":"et","@id":"https:\/\/metaltale.com\/et\/toode\/dusisegisti-antiikpronks-luxury\/#primaryimage","url":"https:\/\/metaltale.com\/wp-content\/uploads\/2023\/10\/Dux161o-maix161ytuvas-LUXURY.jpg","contentUrl":"https:\/\/metaltale.com\/wp-content\/uploads\/2023\/10\/Dux161o-maix161ytuvas-LUXURY.jpg","width":800,"height":800},{"@type":"BreadcrumbList","@id":"https:\/\/metaltale.com\/et\/toode\/dusisegisti-antiikpronks-luxury\/#breadcrumb","itemListElement":[{"@type":"ListItem","position":1,"name":"Home","item":"https:\/\/metaltale.com\/et\/kodu\/"},{"@type":"ListItem","position":2,"name":"Kauplus","item":"https:\/\/metaltale.com\/et\/shop\/"},{"@type":"ListItem","position":3,"name":"Du\u0161isegisti Antiikpronks LUXURY"}]},{"@type":"WebSite","@id":"https:\/\/metaltale.com\/et\/#website","url":"https:\/\/metaltale.com\/et\/","name":"Metaltale.com","description":"","potentialAction":[{"@type":"SearchAction","target":{"@type":"EntryPoint","urlTemplate":"https:\/\/metaltale.com\/et\/?s={search_term_string}"},"query-input":{"@type":"PropertyValueSpecification","valueRequired":true,"valueName":"search_term_string"}}],"inLanguage":"et"}]}},"_links":{"self":[{"href":"https:\/\/metaltale.com\/et\/wp-json\/wp\/v2\/product\/139472","targetHints":{"allow":["GET"]}}],"collection":[{"href":"https:\/\/metaltale.com\/et\/wp-json\/wp\/v2\/product"}],"about":[{"href":"https:\/\/metaltale.com\/et\/wp-json\/wp\/v2\/types\/product"}],"replies":[{"embeddable":true,"href":"https:\/\/metaltale.com\/et\/wp-json\/wp\/v2\/comments?post=139472"}],"version-history":[{"count":0,"href":"https:\/\/metaltale.com\/et\/wp-json\/wp\/v2\/product\/139472\/revisions"}],"wp:featuredmedia":[{"embeddable":true,"href":"https:\/\/metaltale.com\/et\/wp-json\/wp\/v2\/media\/81009"}],"wp:attachment":[{"href":"https:\/\/metaltale.com\/et\/wp-json\/wp\/v2\/media?parent=139472"}],"wp:term":[{"taxonomy":"product_brand","embeddable":true,"href":"https:\/\/metaltale.com\/et\/wp-json\/wp\/v2\/product_brand?post=139472"},{"taxonomy":"product_cat","embeddable":true,"href":"https:\/\/metaltale.com\/et\/wp-json\/wp\/v2\/product_cat?post=139472"},{"taxonomy":"product_tag","embeddable":true,"href":"https:\/\/metaltale.com\/et\/wp-json\/wp\/v2\/product_tag?post=139472"}],"curies":[{"name":"wp","href":"https:\/\/api.w.org\/{rel}","templated":true}]}}