{"id":139463,"date":"2024-02-13T13:49:44","date_gmt":"2024-02-13T11:49:44","guid":{"rendered":"https:\/\/metaltale.com\/produktas\/dusisegisti-antiikpruun-dragor\/"},"modified":"2024-02-13T13:49:44","modified_gmt":"2024-02-13T11:49:44","slug":"dusisegisti-antiikpruun-dragor","status":"publish","type":"product","link":"https:\/\/metaltale.com\/et\/toode\/dusisegisti-antiikpruun-dragor\/","title":{"rendered":"Du\u0161isegisti antiikpruun DRAGOR"},"content":{"rendered":"<div class=\"prod_data\"><strong>Mudel<\/strong> WX. XT315  <br \/>S\u00e4ra <strong>kollektsioon<\/strong>  <br \/><strong>EAN.<\/strong>  5905369900167  <br \/>Materjal Messing <br \/><strong>\u00dcldine k\u00f5rgus (cm)<\/strong> 134,5  <br \/>Du\u0161ipea l\u00e4bim\u00f5\u00f5t (cm) 8 <br \/>Du\u0161ipea pikkus (cm) 22 <br \/>Du\u0161ipea l\u00e4bim\u00f5\u00f5t (cm) 21 <br \/>Vooliku pikkus (cm ) 150 <br \/>Kraanide vaheline kaugus (cm) 15 <br \/>Anti-Calc (lubjavastane) Jah <br \/>V\u00e4rv Antiikpronks <br \/>Viimistlus l\u00e4ikiv <br \/><strong>Reguleeritav<\/strong> du\u0161ipea nurk ja k\u00f5rgus (kuni -25 cm)  <br \/>V\u00e4ljalaskeava pikkus (cm ) 14 <\/p>\n<p>&#8211; Messingist pinnale paigaldatav du\u0161isegisti<br \/>&#8211; Du\u0161ikomplekt: vanniotsik, telefon, vihmadu\u0161\u0161<br \/>&#8211; keraamiline pea &#8211; element, mis tagab vee n\u00f5uetekohase jaotumise<br \/>&#8211; Anti-Calc &#8211; katlakivivastane s\u00fcsteem<br \/>&#8211; lihtne puhastada &#8211; soe vesi ja PH-neutraalne seep<br \/>&#8211; vaata teisi mudeleid kollektsioonist Gleam<\/p>\n<hr>\n<p dir=\"ltr\">Pinnale paigaldatud du\u0161ikomplekt oma erakordse v\u00e4rvi ja viimistlusega omandab t\u00e4iesti uue iseloomu. Lihtne kuju ja antiikpruun l\u00e4ige on v\u00e4ga stiilne ja elegantne kombinatsioon, mis sobib ideaalselt retro, rustikaalses ja v\u00e4rvilises kliimas sisustatud vannitubadesse ja du\u0161iruumidesse. Huvitav dekoratiivne element on valge keraamiline telefonik\u00e4epide. Kavandatav du\u0161\u0161 v\u00f5ib olla ka huvitav kaasaegne disainielement, mis lisab luksust. L\u00e4ikivad retrostiilis liitmikud on esteetiliselt v\u00e4ga v\u00e4\u00e4rtuslikud, samas on need kvaliteetsed tooted, mida on lihtne kasutada.  <\/p>\n<hr>\n<p dir=\"ltr\">\n<\/div>\n","protected":false},"excerpt":{"rendered":"<p>Mudel WX. XT315 S\u00e4ra kollektsioon EAN. 5905369900167 Materjal Messing \u00dcldine k\u00f5rgus (cm) 134,5 Du\u0161ipea l\u00e4bim\u00f5\u00f5t (cm) 8 Du\u0161ipea pikkus (cm)<\/p>\n","protected":false},"featured_media":97494,"comment_status":"open","ping_status":"closed","template":"","meta":{"_acf_changed":false,"pmpro_default_level":""},"product_brand":[],"product_cat":[24154],"product_tag":[],"class_list":{"0":"post-139463","1":"product","2":"type-product","3":"status-publish","4":"has-post-thumbnail","6":"product_cat-vannitoa-kraanid","7":"pmpro-has-access","9":"first","10":"instock","11":"shipping-taxable","12":"purchasable","13":"product-type-simple"},"acf":[],"yoast_head":"<!-- This site is optimized with the Yoast SEO plugin v24.9 - https:\/\/yoast.com\/wordpress\/plugins\/seo\/ -->\n<title>Du\u0161isegisti antiikpruun DRAGOR - MetalTale.com<\/title>\n<meta name=\"robots\" content=\"index, follow, max-snippet:-1, max-image-preview:large, max-video-preview:-1\" \/>\n<link rel=\"canonical\" href=\"https:\/\/metaltale.com\/et\/toode\/dusisegisti-antiikpruun-dragor\/\" \/>\n<meta property=\"og:locale\" content=\"et_EE\" \/>\n<meta property=\"og:type\" content=\"article\" \/>\n<meta property=\"og:title\" content=\"Du\u0161isegisti antiikpruun DRAGOR - MetalTale.com\" \/>\n<meta property=\"og:description\" content=\"Mudel WX. XT315 S\u00e4ra kollektsioon EAN. 5905369900167 Materjal Messing \u00dcldine k\u00f5rgus (cm) 134,5 Du\u0161ipea l\u00e4bim\u00f5\u00f5t (cm) 8 Du\u0161ipea pikkus (cm)\" \/>\n<meta property=\"og:url\" content=\"https:\/\/metaltale.com\/et\/toode\/dusisegisti-antiikpruun-dragor\/\" \/>\n<meta property=\"og:site_name\" content=\"MetalTale.com\" \/>\n<meta name=\"twitter:card\" content=\"summary_large_image\" \/>\n<meta name=\"twitter:label1\" content=\"Est. reading time\" \/>\n\t<meta name=\"twitter:data1\" content=\"1 minut\" \/>\n<script type=\"application\/ld+json\" class=\"yoast-schema-graph\">{\"@context\":\"https:\/\/schema.org\",\"@graph\":[{\"@type\":\"WebPage\",\"@id\":\"https:\/\/metaltale.com\/et\/toode\/dusisegisti-antiikpruun-dragor\/\",\"url\":\"https:\/\/metaltale.com\/et\/toode\/dusisegisti-antiikpruun-dragor\/\",\"name\":\"Du\u0161isegisti antiikpruun DRAGOR - MetalTale.com\",\"isPartOf\":{\"@id\":\"https:\/\/metaltale.com\/et\/#website\"},\"primaryImageOfPage\":{\"@id\":\"https:\/\/metaltale.com\/et\/toode\/dusisegisti-antiikpruun-dragor\/#primaryimage\"},\"image\":{\"@id\":\"https:\/\/metaltale.com\/et\/toode\/dusisegisti-antiikpruun-dragor\/#primaryimage\"},\"thumbnailUrl\":\"https:\/\/metaltale.com\/wp-content\/uploads\/2023\/11\/Dux161o-maix161ytuvas-antikvarinis-rudas-DRAGOR.jpg\",\"datePublished\":\"2024-02-13T11:49:44+00:00\",\"breadcrumb\":{\"@id\":\"https:\/\/metaltale.com\/et\/toode\/dusisegisti-antiikpruun-dragor\/#breadcrumb\"},\"inLanguage\":\"et\",\"potentialAction\":[{\"@type\":\"ReadAction\",\"target\":[\"https:\/\/metaltale.com\/et\/toode\/dusisegisti-antiikpruun-dragor\/\"]}]},{\"@type\":\"ImageObject\",\"inLanguage\":\"et\",\"@id\":\"https:\/\/metaltale.com\/et\/toode\/dusisegisti-antiikpruun-dragor\/#primaryimage\",\"url\":\"https:\/\/metaltale.com\/wp-content\/uploads\/2023\/11\/Dux161o-maix161ytuvas-antikvarinis-rudas-DRAGOR.jpg\",\"contentUrl\":\"https:\/\/metaltale.com\/wp-content\/uploads\/2023\/11\/Dux161o-maix161ytuvas-antikvarinis-rudas-DRAGOR.jpg\",\"width\":800,\"height\":800},{\"@type\":\"BreadcrumbList\",\"@id\":\"https:\/\/metaltale.com\/et\/toode\/dusisegisti-antiikpruun-dragor\/#breadcrumb\",\"itemListElement\":[{\"@type\":\"ListItem\",\"position\":1,\"name\":\"Home\",\"item\":\"https:\/\/metaltale.com\/et\/kodu\/\"},{\"@type\":\"ListItem\",\"position\":2,\"name\":\"Kauplus\",\"item\":\"https:\/\/metaltale.com\/et\/shop\/\"},{\"@type\":\"ListItem\",\"position\":3,\"name\":\"Du\u0161isegisti antiikpruun DRAGOR\"}]},{\"@type\":\"WebSite\",\"@id\":\"https:\/\/metaltale.com\/et\/#website\",\"url\":\"https:\/\/metaltale.com\/et\/\",\"name\":\"Metaltale.com\",\"description\":\"\",\"potentialAction\":[{\"@type\":\"SearchAction\",\"target\":{\"@type\":\"EntryPoint\",\"urlTemplate\":\"https:\/\/metaltale.com\/et\/?s={search_term_string}\"},\"query-input\":{\"@type\":\"PropertyValueSpecification\",\"valueRequired\":true,\"valueName\":\"search_term_string\"}}],\"inLanguage\":\"et\"}]}<\/script>\n<!-- \/ Yoast SEO plugin. -->","yoast_head_json":{"title":"Du\u0161isegisti antiikpruun DRAGOR - MetalTale.com","robots":{"index":"index","follow":"follow","max-snippet":"max-snippet:-1","max-image-preview":"max-image-preview:large","max-video-preview":"max-video-preview:-1"},"canonical":"https:\/\/metaltale.com\/et\/toode\/dusisegisti-antiikpruun-dragor\/","og_locale":"et_EE","og_type":"article","og_title":"Du\u0161isegisti antiikpruun DRAGOR - MetalTale.com","og_description":"Mudel WX. XT315 S\u00e4ra kollektsioon EAN. 5905369900167 Materjal Messing \u00dcldine k\u00f5rgus (cm) 134,5 Du\u0161ipea l\u00e4bim\u00f5\u00f5t (cm) 8 Du\u0161ipea pikkus (cm)","og_url":"https:\/\/metaltale.com\/et\/toode\/dusisegisti-antiikpruun-dragor\/","og_site_name":"MetalTale.com","twitter_card":"summary_large_image","twitter_misc":{"Est. reading time":"1 minut"},"schema":{"@context":"https:\/\/schema.org","@graph":[{"@type":"WebPage","@id":"https:\/\/metaltale.com\/et\/toode\/dusisegisti-antiikpruun-dragor\/","url":"https:\/\/metaltale.com\/et\/toode\/dusisegisti-antiikpruun-dragor\/","name":"Du\u0161isegisti antiikpruun DRAGOR - MetalTale.com","isPartOf":{"@id":"https:\/\/metaltale.com\/et\/#website"},"primaryImageOfPage":{"@id":"https:\/\/metaltale.com\/et\/toode\/dusisegisti-antiikpruun-dragor\/#primaryimage"},"image":{"@id":"https:\/\/metaltale.com\/et\/toode\/dusisegisti-antiikpruun-dragor\/#primaryimage"},"thumbnailUrl":"https:\/\/metaltale.com\/wp-content\/uploads\/2023\/11\/Dux161o-maix161ytuvas-antikvarinis-rudas-DRAGOR.jpg","datePublished":"2024-02-13T11:49:44+00:00","breadcrumb":{"@id":"https:\/\/metaltale.com\/et\/toode\/dusisegisti-antiikpruun-dragor\/#breadcrumb"},"inLanguage":"et","potentialAction":[{"@type":"ReadAction","target":["https:\/\/metaltale.com\/et\/toode\/dusisegisti-antiikpruun-dragor\/"]}]},{"@type":"ImageObject","inLanguage":"et","@id":"https:\/\/metaltale.com\/et\/toode\/dusisegisti-antiikpruun-dragor\/#primaryimage","url":"https:\/\/metaltale.com\/wp-content\/uploads\/2023\/11\/Dux161o-maix161ytuvas-antikvarinis-rudas-DRAGOR.jpg","contentUrl":"https:\/\/metaltale.com\/wp-content\/uploads\/2023\/11\/Dux161o-maix161ytuvas-antikvarinis-rudas-DRAGOR.jpg","width":800,"height":800},{"@type":"BreadcrumbList","@id":"https:\/\/metaltale.com\/et\/toode\/dusisegisti-antiikpruun-dragor\/#breadcrumb","itemListElement":[{"@type":"ListItem","position":1,"name":"Home","item":"https:\/\/metaltale.com\/et\/kodu\/"},{"@type":"ListItem","position":2,"name":"Kauplus","item":"https:\/\/metaltale.com\/et\/shop\/"},{"@type":"ListItem","position":3,"name":"Du\u0161isegisti antiikpruun DRAGOR"}]},{"@type":"WebSite","@id":"https:\/\/metaltale.com\/et\/#website","url":"https:\/\/metaltale.com\/et\/","name":"Metaltale.com","description":"","potentialAction":[{"@type":"SearchAction","target":{"@type":"EntryPoint","urlTemplate":"https:\/\/metaltale.com\/et\/?s={search_term_string}"},"query-input":{"@type":"PropertyValueSpecification","valueRequired":true,"valueName":"search_term_string"}}],"inLanguage":"et"}]}},"_links":{"self":[{"href":"https:\/\/metaltale.com\/et\/wp-json\/wp\/v2\/product\/139463","targetHints":{"allow":["GET"]}}],"collection":[{"href":"https:\/\/metaltale.com\/et\/wp-json\/wp\/v2\/product"}],"about":[{"href":"https:\/\/metaltale.com\/et\/wp-json\/wp\/v2\/types\/product"}],"replies":[{"embeddable":true,"href":"https:\/\/metaltale.com\/et\/wp-json\/wp\/v2\/comments?post=139463"}],"version-history":[{"count":0,"href":"https:\/\/metaltale.com\/et\/wp-json\/wp\/v2\/product\/139463\/revisions"}],"wp:featuredmedia":[{"embeddable":true,"href":"https:\/\/metaltale.com\/et\/wp-json\/wp\/v2\/media\/97494"}],"wp:attachment":[{"href":"https:\/\/metaltale.com\/et\/wp-json\/wp\/v2\/media?parent=139463"}],"wp:term":[{"taxonomy":"product_brand","embeddable":true,"href":"https:\/\/metaltale.com\/et\/wp-json\/wp\/v2\/product_brand?post=139463"},{"taxonomy":"product_cat","embeddable":true,"href":"https:\/\/metaltale.com\/et\/wp-json\/wp\/v2\/product_cat?post=139463"},{"taxonomy":"product_tag","embeddable":true,"href":"https:\/\/metaltale.com\/et\/wp-json\/wp\/v2\/product_tag?post=139463"}],"curies":[{"name":"wp","href":"https:\/\/api.w.org\/{rel}","templated":true}]}}