{"id":139416,"date":"2024-02-13T13:49:04","date_gmt":"2024-02-13T11:49:04","guid":{"rendered":"https:\/\/metaltale.com\/produktas\/moobli-kaepide-praktiline\/"},"modified":"2024-02-13T13:49:04","modified_gmt":"2024-02-13T11:49:04","slug":"moobli-kaepide-praktiline","status":"publish","type":"product","link":"https:\/\/metaltale.com\/et\/toode\/moobli-kaepide-praktiline\/","title":{"rendered":"M\u00f6\u00f6bli k\u00e4epide PRAKTILINE"},"content":{"rendered":"<div class=\"prod_data\">\n<p><strong>Mudel<\/strong> 01.087E. AI.100<br \/>\n<strong>EAN.<\/strong>  5905369920790<br \/>\nMaterjal Ketus<br \/>\n<strong>\u00dcldine k\u00f5rgus (cm)<\/strong> 10<br \/>\n<strong>\u00dcldine laius (cm)<\/strong> 10<br \/>\nAukude <strong>vahe (cm)<\/strong> Vertikaalne: 4,8 \/ Tasandiline: 4,3<br \/>\n<strong>V\u00e4rv<\/strong> teras<\/p>\n<p>&#8211; k\u00e4epide on valmistatud k\u00f5rgeima kvaliteediga terasest, mis tagab meile toote t\u00f6\u00f6kvaliteedi ja vastupidavuse.<br \/>\n&#8211; kergelt tekstuurne pind r\u00f5hutab veelgi retroh\u00f5ngulist iseloomu.<br \/>\n&#8211; selle praktiline kuju v\u00f5imaldab t\u00f5husat ja lihtsat avamist<br \/>\n&#8211; k\u00e4epidemetel on kinnitusaugud kiireks ja lihtsaks kokkupanekuks<\/p>\n<hr>\n<p>Rustika m\u00f6\u00f6blitarvikud pakuvad ainulaadset kombinatsiooni praktilistest funktsioonidest ja erilisest v\u00e4limusest.<\/p>\n<p>See m\u00f6\u00f6bli k\u00e4epide on eriline austusavaldus retro sisekujunduse t\u00f5elistele austajatele. K\u00e4epide oli paigaldatud korpuse keskosasse, mis moodustas \u00fchtse terviku koos lamedate alustega. K\u00e4epideme kuju t\u00e4hendab rustikaalseid lukkusid, mis sobituvad h\u00f5lpsasti teiste selle stiili aksessuaaridega. Kogu elemendi k\u00f5rge tugevus, mis on saadud t\u00e4ppisvormimise tulemusena, v\u00f5imaldab k\u00e4epideme kasutamist \u00fcksikute m\u00f6\u00f6bliesemete liigutamiseks.<\/p>\n<p>Sellel on 4 kinnituspunkti, kruvid kaasas.<\/p>\n<\/div>\n","protected":false},"excerpt":{"rendered":"<p>Mudel 01.087E. AI.100 EAN. 5905369920790 Materjal Ketus \u00dcldine k\u00f5rgus (cm) 10 \u00dcldine laius (cm) 10 Aukude vahe (cm) Vertikaalne: 4,8<\/p>\n","protected":false},"featured_media":80721,"comment_status":"open","ping_status":"closed","template":"","meta":{"_acf_changed":false,"pmpro_default_level":""},"product_brand":[],"product_cat":[23839,23836,23842],"product_tag":[],"class_list":{"0":"post-139416","1":"product","2":"type-product","3":"status-publish","4":"has-post-thumbnail","6":"product_cat-moobli-kaepidemed","7":"product_cat-moobli-tarvikud","8":"product_cat-spinteles-rankeneles-et","9":"pmpro-has-access","11":"first","12":"instock","13":"shipping-taxable","14":"purchasable","15":"product-type-simple"},"acf":[],"yoast_head":"<!-- This site is optimized with the Yoast SEO plugin v24.9 - https:\/\/yoast.com\/wordpress\/plugins\/seo\/ -->\n<title>M\u00f6\u00f6bli k\u00e4epide PRAKTILINE - MetalTale.com<\/title>\n<meta name=\"robots\" content=\"index, follow, max-snippet:-1, max-image-preview:large, max-video-preview:-1\" \/>\n<link rel=\"canonical\" href=\"https:\/\/metaltale.com\/et\/toode\/moobli-kaepide-praktiline\/\" \/>\n<meta property=\"og:locale\" content=\"et_EE\" \/>\n<meta property=\"og:type\" content=\"article\" \/>\n<meta property=\"og:title\" content=\"M\u00f6\u00f6bli k\u00e4epide PRAKTILINE - MetalTale.com\" \/>\n<meta property=\"og:description\" content=\"Mudel 01.087E. AI.100 EAN. 5905369920790 Materjal Ketus \u00dcldine k\u00f5rgus (cm) 10 \u00dcldine laius (cm) 10 Aukude vahe (cm) Vertikaalne: 4,8\" \/>\n<meta property=\"og:url\" content=\"https:\/\/metaltale.com\/et\/toode\/moobli-kaepide-praktiline\/\" \/>\n<meta property=\"og:site_name\" content=\"MetalTale.com\" \/>\n<meta name=\"twitter:card\" content=\"summary_large_image\" \/>\n<meta name=\"twitter:label1\" content=\"Est. reading time\" \/>\n\t<meta name=\"twitter:data1\" content=\"1 minut\" \/>\n<script type=\"application\/ld+json\" class=\"yoast-schema-graph\">{\"@context\":\"https:\/\/schema.org\",\"@graph\":[{\"@type\":\"WebPage\",\"@id\":\"https:\/\/metaltale.com\/et\/toode\/moobli-kaepide-praktiline\/\",\"url\":\"https:\/\/metaltale.com\/et\/toode\/moobli-kaepide-praktiline\/\",\"name\":\"M\u00f6\u00f6bli k\u00e4epide PRAKTILINE - MetalTale.com\",\"isPartOf\":{\"@id\":\"https:\/\/metaltale.com\/et\/#website\"},\"primaryImageOfPage\":{\"@id\":\"https:\/\/metaltale.com\/et\/toode\/moobli-kaepide-praktiline\/#primaryimage\"},\"image\":{\"@id\":\"https:\/\/metaltale.com\/et\/toode\/moobli-kaepide-praktiline\/#primaryimage\"},\"thumbnailUrl\":\"https:\/\/metaltale.com\/wp-content\/uploads\/2023\/10\/Praktix161ka-baldx173-rankena.jpg\",\"datePublished\":\"2024-02-13T11:49:04+00:00\",\"breadcrumb\":{\"@id\":\"https:\/\/metaltale.com\/et\/toode\/moobli-kaepide-praktiline\/#breadcrumb\"},\"inLanguage\":\"et\",\"potentialAction\":[{\"@type\":\"ReadAction\",\"target\":[\"https:\/\/metaltale.com\/et\/toode\/moobli-kaepide-praktiline\/\"]}]},{\"@type\":\"ImageObject\",\"inLanguage\":\"et\",\"@id\":\"https:\/\/metaltale.com\/et\/toode\/moobli-kaepide-praktiline\/#primaryimage\",\"url\":\"https:\/\/metaltale.com\/wp-content\/uploads\/2023\/10\/Praktix161ka-baldx173-rankena.jpg\",\"contentUrl\":\"https:\/\/metaltale.com\/wp-content\/uploads\/2023\/10\/Praktix161ka-baldx173-rankena.jpg\",\"width\":800,\"height\":800,\"caption\":\"M\u00f6\u00f6bli k\u00e4epide PRAKTILINE\"},{\"@type\":\"BreadcrumbList\",\"@id\":\"https:\/\/metaltale.com\/et\/toode\/moobli-kaepide-praktiline\/#breadcrumb\",\"itemListElement\":[{\"@type\":\"ListItem\",\"position\":1,\"name\":\"Home\",\"item\":\"https:\/\/metaltale.com\/et\/kodu\/\"},{\"@type\":\"ListItem\",\"position\":2,\"name\":\"Kauplus\",\"item\":\"https:\/\/metaltale.com\/et\/shop\/\"},{\"@type\":\"ListItem\",\"position\":3,\"name\":\"M\u00f6\u00f6bli k\u00e4epide PRAKTILINE\"}]},{\"@type\":\"WebSite\",\"@id\":\"https:\/\/metaltale.com\/et\/#website\",\"url\":\"https:\/\/metaltale.com\/et\/\",\"name\":\"Metaltale.com\",\"description\":\"\",\"potentialAction\":[{\"@type\":\"SearchAction\",\"target\":{\"@type\":\"EntryPoint\",\"urlTemplate\":\"https:\/\/metaltale.com\/et\/?s={search_term_string}\"},\"query-input\":{\"@type\":\"PropertyValueSpecification\",\"valueRequired\":true,\"valueName\":\"search_term_string\"}}],\"inLanguage\":\"et\"}]}<\/script>\n<!-- \/ Yoast SEO plugin. -->","yoast_head_json":{"title":"M\u00f6\u00f6bli k\u00e4epide PRAKTILINE - MetalTale.com","robots":{"index":"index","follow":"follow","max-snippet":"max-snippet:-1","max-image-preview":"max-image-preview:large","max-video-preview":"max-video-preview:-1"},"canonical":"https:\/\/metaltale.com\/et\/toode\/moobli-kaepide-praktiline\/","og_locale":"et_EE","og_type":"article","og_title":"M\u00f6\u00f6bli k\u00e4epide PRAKTILINE - MetalTale.com","og_description":"Mudel 01.087E. AI.100 EAN. 5905369920790 Materjal Ketus \u00dcldine k\u00f5rgus (cm) 10 \u00dcldine laius (cm) 10 Aukude vahe (cm) Vertikaalne: 4,8","og_url":"https:\/\/metaltale.com\/et\/toode\/moobli-kaepide-praktiline\/","og_site_name":"MetalTale.com","twitter_card":"summary_large_image","twitter_misc":{"Est. reading time":"1 minut"},"schema":{"@context":"https:\/\/schema.org","@graph":[{"@type":"WebPage","@id":"https:\/\/metaltale.com\/et\/toode\/moobli-kaepide-praktiline\/","url":"https:\/\/metaltale.com\/et\/toode\/moobli-kaepide-praktiline\/","name":"M\u00f6\u00f6bli k\u00e4epide PRAKTILINE - MetalTale.com","isPartOf":{"@id":"https:\/\/metaltale.com\/et\/#website"},"primaryImageOfPage":{"@id":"https:\/\/metaltale.com\/et\/toode\/moobli-kaepide-praktiline\/#primaryimage"},"image":{"@id":"https:\/\/metaltale.com\/et\/toode\/moobli-kaepide-praktiline\/#primaryimage"},"thumbnailUrl":"https:\/\/metaltale.com\/wp-content\/uploads\/2023\/10\/Praktix161ka-baldx173-rankena.jpg","datePublished":"2024-02-13T11:49:04+00:00","breadcrumb":{"@id":"https:\/\/metaltale.com\/et\/toode\/moobli-kaepide-praktiline\/#breadcrumb"},"inLanguage":"et","potentialAction":[{"@type":"ReadAction","target":["https:\/\/metaltale.com\/et\/toode\/moobli-kaepide-praktiline\/"]}]},{"@type":"ImageObject","inLanguage":"et","@id":"https:\/\/metaltale.com\/et\/toode\/moobli-kaepide-praktiline\/#primaryimage","url":"https:\/\/metaltale.com\/wp-content\/uploads\/2023\/10\/Praktix161ka-baldx173-rankena.jpg","contentUrl":"https:\/\/metaltale.com\/wp-content\/uploads\/2023\/10\/Praktix161ka-baldx173-rankena.jpg","width":800,"height":800,"caption":"M\u00f6\u00f6bli k\u00e4epide PRAKTILINE"},{"@type":"BreadcrumbList","@id":"https:\/\/metaltale.com\/et\/toode\/moobli-kaepide-praktiline\/#breadcrumb","itemListElement":[{"@type":"ListItem","position":1,"name":"Home","item":"https:\/\/metaltale.com\/et\/kodu\/"},{"@type":"ListItem","position":2,"name":"Kauplus","item":"https:\/\/metaltale.com\/et\/shop\/"},{"@type":"ListItem","position":3,"name":"M\u00f6\u00f6bli k\u00e4epide PRAKTILINE"}]},{"@type":"WebSite","@id":"https:\/\/metaltale.com\/et\/#website","url":"https:\/\/metaltale.com\/et\/","name":"Metaltale.com","description":"","potentialAction":[{"@type":"SearchAction","target":{"@type":"EntryPoint","urlTemplate":"https:\/\/metaltale.com\/et\/?s={search_term_string}"},"query-input":{"@type":"PropertyValueSpecification","valueRequired":true,"valueName":"search_term_string"}}],"inLanguage":"et"}]}},"_links":{"self":[{"href":"https:\/\/metaltale.com\/et\/wp-json\/wp\/v2\/product\/139416","targetHints":{"allow":["GET"]}}],"collection":[{"href":"https:\/\/metaltale.com\/et\/wp-json\/wp\/v2\/product"}],"about":[{"href":"https:\/\/metaltale.com\/et\/wp-json\/wp\/v2\/types\/product"}],"replies":[{"embeddable":true,"href":"https:\/\/metaltale.com\/et\/wp-json\/wp\/v2\/comments?post=139416"}],"version-history":[{"count":0,"href":"https:\/\/metaltale.com\/et\/wp-json\/wp\/v2\/product\/139416\/revisions"}],"wp:featuredmedia":[{"embeddable":true,"href":"https:\/\/metaltale.com\/et\/wp-json\/wp\/v2\/media\/80721"}],"wp:attachment":[{"href":"https:\/\/metaltale.com\/et\/wp-json\/wp\/v2\/media?parent=139416"}],"wp:term":[{"taxonomy":"product_brand","embeddable":true,"href":"https:\/\/metaltale.com\/et\/wp-json\/wp\/v2\/product_brand?post=139416"},{"taxonomy":"product_cat","embeddable":true,"href":"https:\/\/metaltale.com\/et\/wp-json\/wp\/v2\/product_cat?post=139416"},{"taxonomy":"product_tag","embeddable":true,"href":"https:\/\/metaltale.com\/et\/wp-json\/wp\/v2\/product_tag?post=139416"}],"curies":[{"name":"wp","href":"https:\/\/api.w.org\/{rel}","templated":true}]}}