{"id":139407,"date":"2024-02-13T13:47:43","date_gmt":"2024-02-13T11:47:43","guid":{"rendered":"https:\/\/metaltale.com\/produktas\/padlock-moobli-kaepide-80mm\/"},"modified":"2024-02-13T13:47:43","modified_gmt":"2024-02-13T11:47:43","slug":"padlock-moobli-kaepide-80mm","status":"publish","type":"product","link":"https:\/\/metaltale.com\/et\/toode\/padlock-moobli-kaepide-80mm\/","title":{"rendered":"PADLOCK m\u00f6\u00f6bli k\u00e4epide 80mm"},"content":{"rendered":"<div class=\"prod_data\">\n<p><strong>Mudel<\/strong> 03.087B. AI.80<br \/>\n<strong>EAN.<\/strong>  5905369920653<br \/>\n<strong>Materjal<\/strong> teras<br \/>\n<strong>\u00dcldine k\u00f5rgus (cm)<\/strong> 8<br \/>\n<strong>\u00dcldine laius (cm)<\/strong> 9<br \/>\n<strong>Koguprojektsioon (cm)<\/strong> 1.3<br \/>\n<strong>Aluse m\u00f5\u00f5tmed (cm<\/strong> ) 8 x 7,2<br \/>\nAukude <strong>vahekaugus (cm)<\/strong> 7,5 horisontaalne\/vertikaalne 5<br \/>\nPaigalduskruvid Jah<br \/>\n<strong>V\u00e4rv<\/strong> teras<\/p>\n<p>&#8211; tippkvaliteedist malmist k\u00e4epide on vastupidavuse garantii<br \/>\n&#8211; kergelt tekstureeritud pind ja n\u00e4htavad kriimustused lisavad retro iseloomu<br \/>\n&#8211; kruvid kinnituvad klambri k\u00fclge kiireks ja h\u00f5lpsaks kokkupanekuks<\/p>\n<hr>\n<p>Rustikaalses stiilis valmistatud m\u00f6\u00f6blitarvikud on v\u00f5tmetegur ja nende puudumine moderniseeritud ruumides v\u00f5ib h\u00e4irida kavandatud visuaalset efekti.<\/p>\n<p>\u00dclaltoodud m\u00f6\u00f6bli k\u00e4epide on \u00fcks populaarsemaid retrodisainilahendusi, mis on tugevalt inspireeritud Briti imperialismi ajastul populaarsetest koloniaalm\u00f5judest. Liigutatav k\u00e4epidemete element oli \u00fchendatud lameasendi k\u00fclge laia \u00e4\u00e4riku kaudu. Terase veidi toores v\u00e4rvus ja arvukad kriimustused on rauavalu tulemus.<\/p>\n<p>Kaasa arvatud kruvid.<\/p>\n<\/div>\n","protected":false},"excerpt":{"rendered":"<p>Mudel 03.087B. AI.80 EAN. 5905369920653 Materjal teras \u00dcldine k\u00f5rgus (cm) 8 \u00dcldine laius (cm) 9 Koguprojektsioon (cm) 1.3 Aluse m\u00f5\u00f5tmed<\/p>\n","protected":false},"featured_media":100720,"comment_status":"open","ping_status":"closed","template":"","meta":{"_acf_changed":false,"pmpro_default_level":""},"product_brand":[],"product_cat":[23839,23836,23842],"product_tag":[],"class_list":{"0":"post-139407","1":"product","2":"type-product","3":"status-publish","4":"has-post-thumbnail","6":"product_cat-moobli-kaepidemed","7":"product_cat-moobli-tarvikud","8":"product_cat-spinteles-rankeneles-et","9":"pmpro-has-access","11":"first","12":"instock","13":"shipping-taxable","14":"purchasable","15":"product-type-simple"},"acf":[],"yoast_head":"<!-- This site is optimized with the Yoast SEO plugin v24.9 - https:\/\/yoast.com\/wordpress\/plugins\/seo\/ -->\n<title>PADLOCK m\u00f6\u00f6bli k\u00e4epide 80mm - MetalTale.com<\/title>\n<meta name=\"robots\" content=\"index, follow, max-snippet:-1, max-image-preview:large, max-video-preview:-1\" \/>\n<link rel=\"canonical\" href=\"https:\/\/metaltale.com\/et\/toode\/padlock-moobli-kaepide-80mm\/\" \/>\n<meta property=\"og:locale\" content=\"et_EE\" \/>\n<meta property=\"og:type\" content=\"article\" \/>\n<meta property=\"og:title\" content=\"PADLOCK m\u00f6\u00f6bli k\u00e4epide 80mm - MetalTale.com\" \/>\n<meta property=\"og:description\" content=\"Mudel 03.087B. AI.80 EAN. 5905369920653 Materjal teras \u00dcldine k\u00f5rgus (cm) 8 \u00dcldine laius (cm) 9 Koguprojektsioon (cm) 1.3 Aluse m\u00f5\u00f5tmed\" \/>\n<meta property=\"og:url\" content=\"https:\/\/metaltale.com\/et\/toode\/padlock-moobli-kaepide-80mm\/\" \/>\n<meta property=\"og:site_name\" content=\"MetalTale.com\" \/>\n<meta name=\"twitter:card\" content=\"summary_large_image\" \/>\n<meta name=\"twitter:label1\" content=\"Est. reading time\" \/>\n\t<meta name=\"twitter:data1\" content=\"1 minut\" \/>\n<script type=\"application\/ld+json\" class=\"yoast-schema-graph\">{\"@context\":\"https:\/\/schema.org\",\"@graph\":[{\"@type\":\"WebPage\",\"@id\":\"https:\/\/metaltale.com\/et\/toode\/padlock-moobli-kaepide-80mm\/\",\"url\":\"https:\/\/metaltale.com\/et\/toode\/padlock-moobli-kaepide-80mm\/\",\"name\":\"PADLOCK m\u00f6\u00f6bli k\u00e4epide 80mm - MetalTale.com\",\"isPartOf\":{\"@id\":\"https:\/\/metaltale.com\/et\/#website\"},\"primaryImageOfPage\":{\"@id\":\"https:\/\/metaltale.com\/et\/toode\/padlock-moobli-kaepide-80mm\/#primaryimage\"},\"image\":{\"@id\":\"https:\/\/metaltale.com\/et\/toode\/padlock-moobli-kaepide-80mm\/#primaryimage\"},\"thumbnailUrl\":\"https:\/\/metaltale.com\/wp-content\/uploads\/2023\/11\/Baldx173-rankena-spyna-80mm.jpg\",\"datePublished\":\"2024-02-13T11:47:43+00:00\",\"breadcrumb\":{\"@id\":\"https:\/\/metaltale.com\/et\/toode\/padlock-moobli-kaepide-80mm\/#breadcrumb\"},\"inLanguage\":\"et\",\"potentialAction\":[{\"@type\":\"ReadAction\",\"target\":[\"https:\/\/metaltale.com\/et\/toode\/padlock-moobli-kaepide-80mm\/\"]}]},{\"@type\":\"ImageObject\",\"inLanguage\":\"et\",\"@id\":\"https:\/\/metaltale.com\/et\/toode\/padlock-moobli-kaepide-80mm\/#primaryimage\",\"url\":\"https:\/\/metaltale.com\/wp-content\/uploads\/2023\/11\/Baldx173-rankena-spyna-80mm.jpg\",\"contentUrl\":\"https:\/\/metaltale.com\/wp-content\/uploads\/2023\/11\/Baldx173-rankena-spyna-80mm.jpg\",\"width\":800,\"height\":800,\"caption\":\"PADLOCK m\u00f6\u00f6bli k\u00e4epide 80mm\"},{\"@type\":\"BreadcrumbList\",\"@id\":\"https:\/\/metaltale.com\/et\/toode\/padlock-moobli-kaepide-80mm\/#breadcrumb\",\"itemListElement\":[{\"@type\":\"ListItem\",\"position\":1,\"name\":\"Home\",\"item\":\"https:\/\/metaltale.com\/et\/kodu\/\"},{\"@type\":\"ListItem\",\"position\":2,\"name\":\"Kauplus\",\"item\":\"https:\/\/metaltale.com\/et\/shop\/\"},{\"@type\":\"ListItem\",\"position\":3,\"name\":\"PADLOCK m\u00f6\u00f6bli k\u00e4epide 80mm\"}]},{\"@type\":\"WebSite\",\"@id\":\"https:\/\/metaltale.com\/et\/#website\",\"url\":\"https:\/\/metaltale.com\/et\/\",\"name\":\"Metaltale.com\",\"description\":\"\",\"potentialAction\":[{\"@type\":\"SearchAction\",\"target\":{\"@type\":\"EntryPoint\",\"urlTemplate\":\"https:\/\/metaltale.com\/et\/?s={search_term_string}\"},\"query-input\":{\"@type\":\"PropertyValueSpecification\",\"valueRequired\":true,\"valueName\":\"search_term_string\"}}],\"inLanguage\":\"et\"}]}<\/script>\n<!-- \/ Yoast SEO plugin. -->","yoast_head_json":{"title":"PADLOCK m\u00f6\u00f6bli k\u00e4epide 80mm - MetalTale.com","robots":{"index":"index","follow":"follow","max-snippet":"max-snippet:-1","max-image-preview":"max-image-preview:large","max-video-preview":"max-video-preview:-1"},"canonical":"https:\/\/metaltale.com\/et\/toode\/padlock-moobli-kaepide-80mm\/","og_locale":"et_EE","og_type":"article","og_title":"PADLOCK m\u00f6\u00f6bli k\u00e4epide 80mm - MetalTale.com","og_description":"Mudel 03.087B. AI.80 EAN. 5905369920653 Materjal teras \u00dcldine k\u00f5rgus (cm) 8 \u00dcldine laius (cm) 9 Koguprojektsioon (cm) 1.3 Aluse m\u00f5\u00f5tmed","og_url":"https:\/\/metaltale.com\/et\/toode\/padlock-moobli-kaepide-80mm\/","og_site_name":"MetalTale.com","twitter_card":"summary_large_image","twitter_misc":{"Est. reading time":"1 minut"},"schema":{"@context":"https:\/\/schema.org","@graph":[{"@type":"WebPage","@id":"https:\/\/metaltale.com\/et\/toode\/padlock-moobli-kaepide-80mm\/","url":"https:\/\/metaltale.com\/et\/toode\/padlock-moobli-kaepide-80mm\/","name":"PADLOCK m\u00f6\u00f6bli k\u00e4epide 80mm - MetalTale.com","isPartOf":{"@id":"https:\/\/metaltale.com\/et\/#website"},"primaryImageOfPage":{"@id":"https:\/\/metaltale.com\/et\/toode\/padlock-moobli-kaepide-80mm\/#primaryimage"},"image":{"@id":"https:\/\/metaltale.com\/et\/toode\/padlock-moobli-kaepide-80mm\/#primaryimage"},"thumbnailUrl":"https:\/\/metaltale.com\/wp-content\/uploads\/2023\/11\/Baldx173-rankena-spyna-80mm.jpg","datePublished":"2024-02-13T11:47:43+00:00","breadcrumb":{"@id":"https:\/\/metaltale.com\/et\/toode\/padlock-moobli-kaepide-80mm\/#breadcrumb"},"inLanguage":"et","potentialAction":[{"@type":"ReadAction","target":["https:\/\/metaltale.com\/et\/toode\/padlock-moobli-kaepide-80mm\/"]}]},{"@type":"ImageObject","inLanguage":"et","@id":"https:\/\/metaltale.com\/et\/toode\/padlock-moobli-kaepide-80mm\/#primaryimage","url":"https:\/\/metaltale.com\/wp-content\/uploads\/2023\/11\/Baldx173-rankena-spyna-80mm.jpg","contentUrl":"https:\/\/metaltale.com\/wp-content\/uploads\/2023\/11\/Baldx173-rankena-spyna-80mm.jpg","width":800,"height":800,"caption":"PADLOCK m\u00f6\u00f6bli k\u00e4epide 80mm"},{"@type":"BreadcrumbList","@id":"https:\/\/metaltale.com\/et\/toode\/padlock-moobli-kaepide-80mm\/#breadcrumb","itemListElement":[{"@type":"ListItem","position":1,"name":"Home","item":"https:\/\/metaltale.com\/et\/kodu\/"},{"@type":"ListItem","position":2,"name":"Kauplus","item":"https:\/\/metaltale.com\/et\/shop\/"},{"@type":"ListItem","position":3,"name":"PADLOCK m\u00f6\u00f6bli k\u00e4epide 80mm"}]},{"@type":"WebSite","@id":"https:\/\/metaltale.com\/et\/#website","url":"https:\/\/metaltale.com\/et\/","name":"Metaltale.com","description":"","potentialAction":[{"@type":"SearchAction","target":{"@type":"EntryPoint","urlTemplate":"https:\/\/metaltale.com\/et\/?s={search_term_string}"},"query-input":{"@type":"PropertyValueSpecification","valueRequired":true,"valueName":"search_term_string"}}],"inLanguage":"et"}]}},"_links":{"self":[{"href":"https:\/\/metaltale.com\/et\/wp-json\/wp\/v2\/product\/139407","targetHints":{"allow":["GET"]}}],"collection":[{"href":"https:\/\/metaltale.com\/et\/wp-json\/wp\/v2\/product"}],"about":[{"href":"https:\/\/metaltale.com\/et\/wp-json\/wp\/v2\/types\/product"}],"replies":[{"embeddable":true,"href":"https:\/\/metaltale.com\/et\/wp-json\/wp\/v2\/comments?post=139407"}],"version-history":[{"count":0,"href":"https:\/\/metaltale.com\/et\/wp-json\/wp\/v2\/product\/139407\/revisions"}],"wp:featuredmedia":[{"embeddable":true,"href":"https:\/\/metaltale.com\/et\/wp-json\/wp\/v2\/media\/100720"}],"wp:attachment":[{"href":"https:\/\/metaltale.com\/et\/wp-json\/wp\/v2\/media?parent=139407"}],"wp:term":[{"taxonomy":"product_brand","embeddable":true,"href":"https:\/\/metaltale.com\/et\/wp-json\/wp\/v2\/product_brand?post=139407"},{"taxonomy":"product_cat","embeddable":true,"href":"https:\/\/metaltale.com\/et\/wp-json\/wp\/v2\/product_cat?post=139407"},{"taxonomy":"product_tag","embeddable":true,"href":"https:\/\/metaltale.com\/et\/wp-json\/wp\/v2\/product_tag?post=139407"}],"curies":[{"name":"wp","href":"https:\/\/api.w.org\/{rel}","templated":true}]}}