{"id":139399,"date":"2024-02-13T13:47:43","date_gmt":"2024-02-13T11:47:43","guid":{"rendered":"https:\/\/metaltale.com\/produktas\/valamu-segisti-birmingham-must\/"},"modified":"2024-02-13T13:47:43","modified_gmt":"2024-02-13T11:47:43","slug":"valamu-segisti-birmingham-must","status":"publish","type":"product","link":"https:\/\/metaltale.com\/et\/toode\/valamu-segisti-birmingham-must\/","title":{"rendered":"Valamu segisti BIRMINGHAM, must"},"content":{"rendered":"<div class=\"prod_data\">\n<p><strong>Mudel<\/strong> WX.550B.HIG.BLA<br \/>\nLihtsalt Retro <strong>kollektsioon<\/strong><br \/>\n<strong>EAN.<\/strong>  5905369900587<br \/>\n<strong>Segisti t\u00fc\u00fcp<\/strong> Vabalt seisev<br \/>\n<strong>V\u00e4ljalaskeava pikkus (cm)<\/strong> 13<br \/>\n<strong>Materjal<\/strong> Messing<br \/>\n<strong>Paigaldusava l\u00e4bim\u00f5\u00f5t<\/strong> 3,2<br \/>\nK\u00f5rgus (cm) 35<br \/>\n<strong>K\u00f5rgus t\u00f5stetud k\u00e4epidemega<\/strong> 37,5<br \/>\n<strong>Perlator (\u00f5hutaja)<\/strong> Jah<br \/>\n<strong>P\u00f6\u00f6rlev v\u00e4ljalaskeava<\/strong> Ei<br \/>\nV\u00e4rv Must<br \/>\n<strong>Viimistlus<\/strong> Pehme, satiinne efekt<br \/>\n<strong>Lisateave<\/strong> Voolik M8x3\/8&#8243; kraani pikkus 50cm<\/p>\n<p>&#8211; messingist patarei<br \/>\n&#8211; fikseeritud v\u00e4ljalaskeava<br \/>\n&#8211; keraamiline pea &#8211; element, mis tagab vee n\u00f5uetekohase jaotumise<br \/>\n&#8211; Aerator &#8211; aerator, mis tagab v\u00e4iksema veetarbimise<br \/>\n&#8211; k\u00f5ik komplektis olevad kokkupanekuks vajalikud elemendid (voolikud, kruvi lauaplaadile, tihendid kruvile)<\/p>\n<hr>\n<p>K\u00f5rge v\u00f5i madal aku? See on v\u00e4ga oluline k\u00fcsimus liitmike valikul. K\u00f5rge t\u00f6\u00f6pinna segisti sobib eriti h\u00e4sti avarates vannitubades. Kavandatavat mudelit iseloomustab selle lihtsus ja klassikaline elegants, ainsaks kaunistuseks on peened kriimustused. Messingist k\u00f5rge kraan on ideaalne valik erinevate stiilidega vannitubadesse. See annab kaasaegsetele kujundustele dramaatilisuse, t\u00f6\u00f6stuslikele kujundustele aga ka pisut klassikat. Suurep\u00e4rane kvaliteet, kaasaegsed lahendused ja erakordne vastupidavus kahjustustele muudavad selle musta kraani mudeliks, mis vastab ka k\u00f5ige k\u00f5rgematele ootustele.<\/p>\n<hr>\n<\/div>\n","protected":false},"excerpt":{"rendered":"<p>Mudel WX.550B.HIG.BLA Lihtsalt Retro kollektsioon EAN. 5905369900587 Segisti t\u00fc\u00fcp Vabalt seisev V\u00e4ljalaskeava pikkus (cm) 13 Materjal Messing Paigaldusava l\u00e4bim\u00f5\u00f5t 3,2<\/p>\n","protected":false},"featured_media":80271,"comment_status":"open","ping_status":"closed","template":"","meta":{"_acf_changed":false,"pmpro_default_level":""},"product_brand":[],"product_cat":[24175,24154],"product_tag":[],"class_list":{"0":"post-139399","1":"product","2":"type-product","3":"status-publish","4":"has-post-thumbnail","6":"product_cat-valamu-segistid","7":"product_cat-vannitoa-kraanid","8":"pmpro-has-access","10":"first","11":"instock","12":"shipping-taxable","13":"purchasable","14":"product-type-simple"},"acf":[],"yoast_head":"<!-- This site is optimized with the Yoast SEO plugin v24.9 - https:\/\/yoast.com\/wordpress\/plugins\/seo\/ -->\n<title>Valamu segisti BIRMINGHAM, must - MetalTale.com<\/title>\n<meta name=\"robots\" content=\"index, follow, max-snippet:-1, max-image-preview:large, max-video-preview:-1\" \/>\n<link rel=\"canonical\" href=\"https:\/\/metaltale.com\/et\/toode\/valamu-segisti-birmingham-must\/\" \/>\n<meta property=\"og:locale\" content=\"et_EE\" \/>\n<meta property=\"og:type\" content=\"article\" \/>\n<meta property=\"og:title\" content=\"Valamu segisti BIRMINGHAM, must - MetalTale.com\" \/>\n<meta property=\"og:description\" content=\"Mudel WX.550B.HIG.BLA Lihtsalt Retro kollektsioon EAN. 5905369900587 Segisti t\u00fc\u00fcp Vabalt seisev V\u00e4ljalaskeava pikkus (cm) 13 Materjal Messing Paigaldusava l\u00e4bim\u00f5\u00f5t 3,2\" \/>\n<meta property=\"og:url\" content=\"https:\/\/metaltale.com\/et\/toode\/valamu-segisti-birmingham-must\/\" \/>\n<meta property=\"og:site_name\" content=\"MetalTale.com\" \/>\n<meta name=\"twitter:card\" content=\"summary_large_image\" \/>\n<meta name=\"twitter:label1\" content=\"Est. reading time\" \/>\n\t<meta name=\"twitter:data1\" content=\"1 minut\" \/>\n<script type=\"application\/ld+json\" class=\"yoast-schema-graph\">{\"@context\":\"https:\/\/schema.org\",\"@graph\":[{\"@type\":\"WebPage\",\"@id\":\"https:\/\/metaltale.com\/et\/toode\/valamu-segisti-birmingham-must\/\",\"url\":\"https:\/\/metaltale.com\/et\/toode\/valamu-segisti-birmingham-must\/\",\"name\":\"Valamu segisti BIRMINGHAM, must - MetalTale.com\",\"isPartOf\":{\"@id\":\"https:\/\/metaltale.com\/et\/#website\"},\"primaryImageOfPage\":{\"@id\":\"https:\/\/metaltale.com\/et\/toode\/valamu-segisti-birmingham-must\/#primaryimage\"},\"image\":{\"@id\":\"https:\/\/metaltale.com\/et\/toode\/valamu-segisti-birmingham-must\/#primaryimage\"},\"thumbnailUrl\":\"https:\/\/metaltale.com\/wp-content\/uploads\/2023\/10\/Grindx173-maix161ytuvas-BIRMINGHAM-2.jpg\",\"datePublished\":\"2024-02-13T11:47:43+00:00\",\"breadcrumb\":{\"@id\":\"https:\/\/metaltale.com\/et\/toode\/valamu-segisti-birmingham-must\/#breadcrumb\"},\"inLanguage\":\"et\",\"potentialAction\":[{\"@type\":\"ReadAction\",\"target\":[\"https:\/\/metaltale.com\/et\/toode\/valamu-segisti-birmingham-must\/\"]}]},{\"@type\":\"ImageObject\",\"inLanguage\":\"et\",\"@id\":\"https:\/\/metaltale.com\/et\/toode\/valamu-segisti-birmingham-must\/#primaryimage\",\"url\":\"https:\/\/metaltale.com\/wp-content\/uploads\/2023\/10\/Grindx173-maix161ytuvas-BIRMINGHAM-2.jpg\",\"contentUrl\":\"https:\/\/metaltale.com\/wp-content\/uploads\/2023\/10\/Grindx173-maix161ytuvas-BIRMINGHAM-2.jpg\",\"width\":800,\"height\":800,\"caption\":\"Valamu segisti BIRMINGHAM, must\"},{\"@type\":\"BreadcrumbList\",\"@id\":\"https:\/\/metaltale.com\/et\/toode\/valamu-segisti-birmingham-must\/#breadcrumb\",\"itemListElement\":[{\"@type\":\"ListItem\",\"position\":1,\"name\":\"Home\",\"item\":\"https:\/\/metaltale.com\/et\/kodu\/\"},{\"@type\":\"ListItem\",\"position\":2,\"name\":\"Kauplus\",\"item\":\"https:\/\/metaltale.com\/et\/shop\/\"},{\"@type\":\"ListItem\",\"position\":3,\"name\":\"Valamu segisti BIRMINGHAM, must\"}]},{\"@type\":\"WebSite\",\"@id\":\"https:\/\/metaltale.com\/et\/#website\",\"url\":\"https:\/\/metaltale.com\/et\/\",\"name\":\"Metaltale.com\",\"description\":\"\",\"potentialAction\":[{\"@type\":\"SearchAction\",\"target\":{\"@type\":\"EntryPoint\",\"urlTemplate\":\"https:\/\/metaltale.com\/et\/?s={search_term_string}\"},\"query-input\":{\"@type\":\"PropertyValueSpecification\",\"valueRequired\":true,\"valueName\":\"search_term_string\"}}],\"inLanguage\":\"et\"}]}<\/script>\n<!-- \/ Yoast SEO plugin. -->","yoast_head_json":{"title":"Valamu segisti BIRMINGHAM, must - MetalTale.com","robots":{"index":"index","follow":"follow","max-snippet":"max-snippet:-1","max-image-preview":"max-image-preview:large","max-video-preview":"max-video-preview:-1"},"canonical":"https:\/\/metaltale.com\/et\/toode\/valamu-segisti-birmingham-must\/","og_locale":"et_EE","og_type":"article","og_title":"Valamu segisti BIRMINGHAM, must - MetalTale.com","og_description":"Mudel WX.550B.HIG.BLA Lihtsalt Retro kollektsioon EAN. 5905369900587 Segisti t\u00fc\u00fcp Vabalt seisev V\u00e4ljalaskeava pikkus (cm) 13 Materjal Messing Paigaldusava l\u00e4bim\u00f5\u00f5t 3,2","og_url":"https:\/\/metaltale.com\/et\/toode\/valamu-segisti-birmingham-must\/","og_site_name":"MetalTale.com","twitter_card":"summary_large_image","twitter_misc":{"Est. reading time":"1 minut"},"schema":{"@context":"https:\/\/schema.org","@graph":[{"@type":"WebPage","@id":"https:\/\/metaltale.com\/et\/toode\/valamu-segisti-birmingham-must\/","url":"https:\/\/metaltale.com\/et\/toode\/valamu-segisti-birmingham-must\/","name":"Valamu segisti BIRMINGHAM, must - MetalTale.com","isPartOf":{"@id":"https:\/\/metaltale.com\/et\/#website"},"primaryImageOfPage":{"@id":"https:\/\/metaltale.com\/et\/toode\/valamu-segisti-birmingham-must\/#primaryimage"},"image":{"@id":"https:\/\/metaltale.com\/et\/toode\/valamu-segisti-birmingham-must\/#primaryimage"},"thumbnailUrl":"https:\/\/metaltale.com\/wp-content\/uploads\/2023\/10\/Grindx173-maix161ytuvas-BIRMINGHAM-2.jpg","datePublished":"2024-02-13T11:47:43+00:00","breadcrumb":{"@id":"https:\/\/metaltale.com\/et\/toode\/valamu-segisti-birmingham-must\/#breadcrumb"},"inLanguage":"et","potentialAction":[{"@type":"ReadAction","target":["https:\/\/metaltale.com\/et\/toode\/valamu-segisti-birmingham-must\/"]}]},{"@type":"ImageObject","inLanguage":"et","@id":"https:\/\/metaltale.com\/et\/toode\/valamu-segisti-birmingham-must\/#primaryimage","url":"https:\/\/metaltale.com\/wp-content\/uploads\/2023\/10\/Grindx173-maix161ytuvas-BIRMINGHAM-2.jpg","contentUrl":"https:\/\/metaltale.com\/wp-content\/uploads\/2023\/10\/Grindx173-maix161ytuvas-BIRMINGHAM-2.jpg","width":800,"height":800,"caption":"Valamu segisti BIRMINGHAM, must"},{"@type":"BreadcrumbList","@id":"https:\/\/metaltale.com\/et\/toode\/valamu-segisti-birmingham-must\/#breadcrumb","itemListElement":[{"@type":"ListItem","position":1,"name":"Home","item":"https:\/\/metaltale.com\/et\/kodu\/"},{"@type":"ListItem","position":2,"name":"Kauplus","item":"https:\/\/metaltale.com\/et\/shop\/"},{"@type":"ListItem","position":3,"name":"Valamu segisti BIRMINGHAM, must"}]},{"@type":"WebSite","@id":"https:\/\/metaltale.com\/et\/#website","url":"https:\/\/metaltale.com\/et\/","name":"Metaltale.com","description":"","potentialAction":[{"@type":"SearchAction","target":{"@type":"EntryPoint","urlTemplate":"https:\/\/metaltale.com\/et\/?s={search_term_string}"},"query-input":{"@type":"PropertyValueSpecification","valueRequired":true,"valueName":"search_term_string"}}],"inLanguage":"et"}]}},"_links":{"self":[{"href":"https:\/\/metaltale.com\/et\/wp-json\/wp\/v2\/product\/139399","targetHints":{"allow":["GET"]}}],"collection":[{"href":"https:\/\/metaltale.com\/et\/wp-json\/wp\/v2\/product"}],"about":[{"href":"https:\/\/metaltale.com\/et\/wp-json\/wp\/v2\/types\/product"}],"replies":[{"embeddable":true,"href":"https:\/\/metaltale.com\/et\/wp-json\/wp\/v2\/comments?post=139399"}],"version-history":[{"count":0,"href":"https:\/\/metaltale.com\/et\/wp-json\/wp\/v2\/product\/139399\/revisions"}],"wp:featuredmedia":[{"embeddable":true,"href":"https:\/\/metaltale.com\/et\/wp-json\/wp\/v2\/media\/80271"}],"wp:attachment":[{"href":"https:\/\/metaltale.com\/et\/wp-json\/wp\/v2\/media?parent=139399"}],"wp:term":[{"taxonomy":"product_brand","embeddable":true,"href":"https:\/\/metaltale.com\/et\/wp-json\/wp\/v2\/product_brand?post=139399"},{"taxonomy":"product_cat","embeddable":true,"href":"https:\/\/metaltale.com\/et\/wp-json\/wp\/v2\/product_cat?post=139399"},{"taxonomy":"product_tag","embeddable":true,"href":"https:\/\/metaltale.com\/et\/wp-json\/wp\/v2\/product_tag?post=139399"}],"curies":[{"name":"wp","href":"https:\/\/api.w.org\/{rel}","templated":true}]}}