{"id":139361,"date":"2024-02-13T13:47:04","date_gmt":"2024-02-13T11:47:04","guid":{"rendered":"https:\/\/metaltale.com\/produktas\/valurauast-mark-suitsetamine-keelatud\/"},"modified":"2024-02-13T13:47:04","modified_gmt":"2024-02-13T11:47:04","slug":"valurauast-mark-suitsetamine-keelatud","status":"publish","type":"product","link":"https:\/\/metaltale.com\/et\/toode\/valurauast-mark-suitsetamine-keelatud\/","title":{"rendered":"Valurauast m\u00e4rk &#8220;Suitsetamine keelatud&#8221;."},"content":{"rendered":"<div class=\"prod_data\"><strong>Mudel<\/strong> 49.342.AI. ZAC  <br \/><strong>EAN.<\/strong>  5905369920141  <br \/><strong>Materjal<\/strong> Ketus  <br \/>\u00dcldl\u00e4bim\u00f5\u00f5t (cm) 8 <br \/><strong>Kuju<\/strong> \u00dcmmargune  <br \/>V\u00e4rv teras <\/p>\n<p><strong>&#8220;Suitsetamine keelatud&#8221; silt<\/strong> on suurep\u00e4rane <strong>retrostiilis<\/strong> sisustusaksessuaar, mis on eriti oluline avalikes kohtades, n\u00e4iteks koridorides, restoranides, klubides v\u00f5i kohvikutes.  <\/p>\n<p>See on toodetud kogenud spetsialistide poolt \u00f5ige t\u00e4psuse ja t\u00e4psusega. Embleem on kujundatud kvaliteetsele \u00fcmmargusele malmist sulamplaadile, mis tagab vastupidavuse v\u00e4listele m\u00f5judele. See sobib h\u00e4sti kokku teiste t\u00fc\u00fcpiliselt maal\u00e4hedaste aksessuaaridega, mis r\u00f5hutavad kogu interj\u00f6\u00f6ri keskmisest k\u00f5rgemat stiili.<\/p>\n<p>Valuvormidest valmistatud embleemid on v\u00e4hemalt 4 korda vastupidavamad kui samalaadsed plastist valmistatud paneelid.<\/p>\n<\/div>\n","protected":false},"excerpt":{"rendered":"<p>Mudel 49.342.AI. ZAC EAN. 5905369920141 Materjal Ketus \u00dcldl\u00e4bim\u00f5\u00f5t (cm) 8 Kuju \u00dcmmargune V\u00e4rv teras &#8220;Suitsetamine keelatud&#8221; silt on suurep\u00e4rane retrostiilis<\/p>\n","protected":false},"featured_media":80052,"comment_status":"open","ping_status":"closed","template":"","meta":{"_acf_changed":false,"pmpro_default_level":""},"product_brand":[],"product_cat":[24153],"product_tag":[],"class_list":{"0":"post-139361","1":"product","2":"type-product","3":"status-publish","4":"has-post-thumbnail","6":"product_cat-malmist-plaadid","7":"pmpro-has-access","9":"first","10":"instock","11":"shipping-taxable","12":"purchasable","13":"product-type-simple"},"acf":[],"yoast_head":"<!-- This site is optimized with the Yoast SEO plugin v24.9 - https:\/\/yoast.com\/wordpress\/plugins\/seo\/ -->\n<title>Valurauast m\u00e4rk &quot;Suitsetamine keelatud&quot;. - MetalTale.com<\/title>\n<meta name=\"robots\" content=\"index, follow, max-snippet:-1, max-image-preview:large, max-video-preview:-1\" \/>\n<link rel=\"canonical\" href=\"https:\/\/metaltale.com\/et\/toode\/valurauast-mark-suitsetamine-keelatud\/\" \/>\n<meta property=\"og:locale\" content=\"et_EE\" \/>\n<meta property=\"og:type\" content=\"article\" \/>\n<meta property=\"og:title\" content=\"Valurauast m\u00e4rk &quot;Suitsetamine keelatud&quot;. - MetalTale.com\" \/>\n<meta property=\"og:description\" content=\"Mudel 49.342.AI. ZAC EAN. 5905369920141 Materjal Ketus \u00dcldl\u00e4bim\u00f5\u00f5t (cm) 8 Kuju \u00dcmmargune V\u00e4rv teras &#8220;Suitsetamine keelatud&#8221; silt on suurep\u00e4rane retrostiilis\" \/>\n<meta property=\"og:url\" content=\"https:\/\/metaltale.com\/et\/toode\/valurauast-mark-suitsetamine-keelatud\/\" \/>\n<meta property=\"og:site_name\" content=\"MetalTale.com\" \/>\n<meta name=\"twitter:card\" content=\"summary_large_image\" \/>\n<script type=\"application\/ld+json\" class=\"yoast-schema-graph\">{\"@context\":\"https:\/\/schema.org\",\"@graph\":[{\"@type\":\"WebPage\",\"@id\":\"https:\/\/metaltale.com\/et\/toode\/valurauast-mark-suitsetamine-keelatud\/\",\"url\":\"https:\/\/metaltale.com\/et\/toode\/valurauast-mark-suitsetamine-keelatud\/\",\"name\":\"Valurauast m\u00e4rk \\\"Suitsetamine keelatud\\\". - MetalTale.com\",\"isPartOf\":{\"@id\":\"https:\/\/metaltale.com\/et\/#website\"},\"primaryImageOfPage\":{\"@id\":\"https:\/\/metaltale.com\/et\/toode\/valurauast-mark-suitsetamine-keelatud\/#primaryimage\"},\"image\":{\"@id\":\"https:\/\/metaltale.com\/et\/toode\/valurauast-mark-suitsetamine-keelatud\/#primaryimage\"},\"thumbnailUrl\":\"https:\/\/metaltale.com\/wp-content\/uploads\/2023\/10\/Ketaus-plokx161tx117-NERx16AKOMA.jpg\",\"datePublished\":\"2024-02-13T11:47:04+00:00\",\"breadcrumb\":{\"@id\":\"https:\/\/metaltale.com\/et\/toode\/valurauast-mark-suitsetamine-keelatud\/#breadcrumb\"},\"inLanguage\":\"et\",\"potentialAction\":[{\"@type\":\"ReadAction\",\"target\":[\"https:\/\/metaltale.com\/et\/toode\/valurauast-mark-suitsetamine-keelatud\/\"]}]},{\"@type\":\"ImageObject\",\"inLanguage\":\"et\",\"@id\":\"https:\/\/metaltale.com\/et\/toode\/valurauast-mark-suitsetamine-keelatud\/#primaryimage\",\"url\":\"https:\/\/metaltale.com\/wp-content\/uploads\/2023\/10\/Ketaus-plokx161tx117-NERx16AKOMA.jpg\",\"contentUrl\":\"https:\/\/metaltale.com\/wp-content\/uploads\/2023\/10\/Ketaus-plokx161tx117-NERx16AKOMA.jpg\",\"width\":800,\"height\":800},{\"@type\":\"BreadcrumbList\",\"@id\":\"https:\/\/metaltale.com\/et\/toode\/valurauast-mark-suitsetamine-keelatud\/#breadcrumb\",\"itemListElement\":[{\"@type\":\"ListItem\",\"position\":1,\"name\":\"Home\",\"item\":\"https:\/\/metaltale.com\/et\/kodu\/\"},{\"@type\":\"ListItem\",\"position\":2,\"name\":\"Kauplus\",\"item\":\"https:\/\/metaltale.com\/et\/shop\/\"},{\"@type\":\"ListItem\",\"position\":3,\"name\":\"Valurauast m\u00e4rk &#8220;Suitsetamine keelatud&#8221;.\"}]},{\"@type\":\"WebSite\",\"@id\":\"https:\/\/metaltale.com\/et\/#website\",\"url\":\"https:\/\/metaltale.com\/et\/\",\"name\":\"Metaltale.com\",\"description\":\"\",\"potentialAction\":[{\"@type\":\"SearchAction\",\"target\":{\"@type\":\"EntryPoint\",\"urlTemplate\":\"https:\/\/metaltale.com\/et\/?s={search_term_string}\"},\"query-input\":{\"@type\":\"PropertyValueSpecification\",\"valueRequired\":true,\"valueName\":\"search_term_string\"}}],\"inLanguage\":\"et\"}]}<\/script>\n<!-- \/ Yoast SEO plugin. -->","yoast_head_json":{"title":"Valurauast m\u00e4rk \"Suitsetamine keelatud\". - MetalTale.com","robots":{"index":"index","follow":"follow","max-snippet":"max-snippet:-1","max-image-preview":"max-image-preview:large","max-video-preview":"max-video-preview:-1"},"canonical":"https:\/\/metaltale.com\/et\/toode\/valurauast-mark-suitsetamine-keelatud\/","og_locale":"et_EE","og_type":"article","og_title":"Valurauast m\u00e4rk \"Suitsetamine keelatud\". - MetalTale.com","og_description":"Mudel 49.342.AI. ZAC EAN. 5905369920141 Materjal Ketus \u00dcldl\u00e4bim\u00f5\u00f5t (cm) 8 Kuju \u00dcmmargune V\u00e4rv teras &#8220;Suitsetamine keelatud&#8221; silt on suurep\u00e4rane retrostiilis","og_url":"https:\/\/metaltale.com\/et\/toode\/valurauast-mark-suitsetamine-keelatud\/","og_site_name":"MetalTale.com","twitter_card":"summary_large_image","schema":{"@context":"https:\/\/schema.org","@graph":[{"@type":"WebPage","@id":"https:\/\/metaltale.com\/et\/toode\/valurauast-mark-suitsetamine-keelatud\/","url":"https:\/\/metaltale.com\/et\/toode\/valurauast-mark-suitsetamine-keelatud\/","name":"Valurauast m\u00e4rk \"Suitsetamine keelatud\". - MetalTale.com","isPartOf":{"@id":"https:\/\/metaltale.com\/et\/#website"},"primaryImageOfPage":{"@id":"https:\/\/metaltale.com\/et\/toode\/valurauast-mark-suitsetamine-keelatud\/#primaryimage"},"image":{"@id":"https:\/\/metaltale.com\/et\/toode\/valurauast-mark-suitsetamine-keelatud\/#primaryimage"},"thumbnailUrl":"https:\/\/metaltale.com\/wp-content\/uploads\/2023\/10\/Ketaus-plokx161tx117-NERx16AKOMA.jpg","datePublished":"2024-02-13T11:47:04+00:00","breadcrumb":{"@id":"https:\/\/metaltale.com\/et\/toode\/valurauast-mark-suitsetamine-keelatud\/#breadcrumb"},"inLanguage":"et","potentialAction":[{"@type":"ReadAction","target":["https:\/\/metaltale.com\/et\/toode\/valurauast-mark-suitsetamine-keelatud\/"]}]},{"@type":"ImageObject","inLanguage":"et","@id":"https:\/\/metaltale.com\/et\/toode\/valurauast-mark-suitsetamine-keelatud\/#primaryimage","url":"https:\/\/metaltale.com\/wp-content\/uploads\/2023\/10\/Ketaus-plokx161tx117-NERx16AKOMA.jpg","contentUrl":"https:\/\/metaltale.com\/wp-content\/uploads\/2023\/10\/Ketaus-plokx161tx117-NERx16AKOMA.jpg","width":800,"height":800},{"@type":"BreadcrumbList","@id":"https:\/\/metaltale.com\/et\/toode\/valurauast-mark-suitsetamine-keelatud\/#breadcrumb","itemListElement":[{"@type":"ListItem","position":1,"name":"Home","item":"https:\/\/metaltale.com\/et\/kodu\/"},{"@type":"ListItem","position":2,"name":"Kauplus","item":"https:\/\/metaltale.com\/et\/shop\/"},{"@type":"ListItem","position":3,"name":"Valurauast m\u00e4rk &#8220;Suitsetamine keelatud&#8221;."}]},{"@type":"WebSite","@id":"https:\/\/metaltale.com\/et\/#website","url":"https:\/\/metaltale.com\/et\/","name":"Metaltale.com","description":"","potentialAction":[{"@type":"SearchAction","target":{"@type":"EntryPoint","urlTemplate":"https:\/\/metaltale.com\/et\/?s={search_term_string}"},"query-input":{"@type":"PropertyValueSpecification","valueRequired":true,"valueName":"search_term_string"}}],"inLanguage":"et"}]}},"_links":{"self":[{"href":"https:\/\/metaltale.com\/et\/wp-json\/wp\/v2\/product\/139361","targetHints":{"allow":["GET"]}}],"collection":[{"href":"https:\/\/metaltale.com\/et\/wp-json\/wp\/v2\/product"}],"about":[{"href":"https:\/\/metaltale.com\/et\/wp-json\/wp\/v2\/types\/product"}],"replies":[{"embeddable":true,"href":"https:\/\/metaltale.com\/et\/wp-json\/wp\/v2\/comments?post=139361"}],"version-history":[{"count":0,"href":"https:\/\/metaltale.com\/et\/wp-json\/wp\/v2\/product\/139361\/revisions"}],"wp:featuredmedia":[{"embeddable":true,"href":"https:\/\/metaltale.com\/et\/wp-json\/wp\/v2\/media\/80052"}],"wp:attachment":[{"href":"https:\/\/metaltale.com\/et\/wp-json\/wp\/v2\/media?parent=139361"}],"wp:term":[{"taxonomy":"product_brand","embeddable":true,"href":"https:\/\/metaltale.com\/et\/wp-json\/wp\/v2\/product_brand?post=139361"},{"taxonomy":"product_cat","embeddable":true,"href":"https:\/\/metaltale.com\/et\/wp-json\/wp\/v2\/product_cat?post=139361"},{"taxonomy":"product_tag","embeddable":true,"href":"https:\/\/metaltale.com\/et\/wp-json\/wp\/v2\/product_tag?post=139361"}],"curies":[{"name":"wp","href":"https:\/\/api.w.org\/{rel}","templated":true}]}}