{"id":139360,"date":"2024-02-13T13:47:04","date_gmt":"2024-02-13T11:47:04","guid":{"rendered":"https:\/\/metaltale.com\/produktas\/dekoratiivne-malmist-laud-wc\/"},"modified":"2024-02-13T13:47:04","modified_gmt":"2024-02-13T11:47:04","slug":"dekoratiivne-malmist-laud-wc","status":"publish","type":"product","link":"https:\/\/metaltale.com\/et\/toode\/dekoratiivne-malmist-laud-wc\/","title":{"rendered":"Dekoratiivne malmist laud WC"},"content":{"rendered":"<div class=\"prod_data\"><strong>Mudel<\/strong> 70.342.AI.TO  <br \/><strong>EAN.<\/strong>  5905369920097  <br \/><strong>Materjal<\/strong> Ketus  <br \/><strong>\u00dcldk\u00f5rgus (cm)<\/strong> 3,2  <br \/>\u00dcldlaius (cm) 11,5 <br \/><strong>Vormid<\/strong> J\u00e4rgmine  <br \/>V\u00e4rv teras <\/p>\n<p><strong>Tualettruumide t\u00e4his<\/strong> on loodud selleks, et selgelt ja mugavalt identifitseerida ruume avalikes kohtades, n\u00e4iteks baarides, restoranides, kohvikutes ja avalikes tualettruumides.<\/p>\n<p>  Valuraua valmistati vastavalt vanale embleemide ja m\u00e4rkide valmistamise kunstile, mis annab meile selget tunnet, et me oleme \u00fchenduses antiikajaga. See on valmistatud suure t\u00e4psuse ja hoolega professionaalide poolt ning sobib suurep\u00e4raselt kokku teiste rustikaalsete aksessuaaride ja tarvikutega, nagu k\u00e4epidemed v\u00f5i m\u00f6\u00f6blifurnituurid.  <\/p>\n<p>Valuvormidest valmistatud embleemid on v\u00e4hemalt 4 korda vastupidavamad kui samalaadsed plastist valmistatud paneelid.<\/p>\n<\/div>\n","protected":false},"excerpt":{"rendered":"<p>Mudel 70.342.AI.TO EAN. 5905369920097 Materjal Ketus \u00dcldk\u00f5rgus (cm) 3,2 \u00dcldlaius (cm) 11,5 Vormid J\u00e4rgmine V\u00e4rv teras Tualettruumide t\u00e4his on loodud<\/p>\n","protected":false},"featured_media":80006,"comment_status":"open","ping_status":"closed","template":"","meta":{"_acf_changed":false,"pmpro_default_level":""},"product_brand":[],"product_cat":[24153],"product_tag":[],"class_list":{"0":"post-139360","1":"product","2":"type-product","3":"status-publish","4":"has-post-thumbnail","6":"product_cat-malmist-plaadid","7":"pmpro-has-access","9":"first","10":"instock","11":"shipping-taxable","12":"purchasable","13":"product-type-simple"},"acf":[],"yoast_head":"<!-- This site is optimized with the Yoast SEO plugin v24.9 - https:\/\/yoast.com\/wordpress\/plugins\/seo\/ -->\n<title>Dekoratiivne malmist laud WC - MetalTale.com<\/title>\n<meta name=\"robots\" content=\"index, follow, max-snippet:-1, max-image-preview:large, max-video-preview:-1\" \/>\n<link rel=\"canonical\" href=\"https:\/\/metaltale.com\/et\/toode\/dekoratiivne-malmist-laud-wc\/\" \/>\n<meta property=\"og:locale\" content=\"et_EE\" \/>\n<meta property=\"og:type\" content=\"article\" \/>\n<meta property=\"og:title\" content=\"Dekoratiivne malmist laud WC - MetalTale.com\" \/>\n<meta property=\"og:description\" content=\"Mudel 70.342.AI.TO EAN. 5905369920097 Materjal Ketus \u00dcldk\u00f5rgus (cm) 3,2 \u00dcldlaius (cm) 11,5 Vormid J\u00e4rgmine V\u00e4rv teras Tualettruumide t\u00e4his on loodud\" \/>\n<meta property=\"og:url\" content=\"https:\/\/metaltale.com\/et\/toode\/dekoratiivne-malmist-laud-wc\/\" \/>\n<meta property=\"og:site_name\" content=\"MetalTale.com\" \/>\n<meta name=\"twitter:card\" content=\"summary_large_image\" \/>\n<script type=\"application\/ld+json\" class=\"yoast-schema-graph\">{\"@context\":\"https:\/\/schema.org\",\"@graph\":[{\"@type\":\"WebPage\",\"@id\":\"https:\/\/metaltale.com\/et\/toode\/dekoratiivne-malmist-laud-wc\/\",\"url\":\"https:\/\/metaltale.com\/et\/toode\/dekoratiivne-malmist-laud-wc\/\",\"name\":\"Dekoratiivne malmist laud WC - MetalTale.com\",\"isPartOf\":{\"@id\":\"https:\/\/metaltale.com\/et\/#website\"},\"primaryImageOfPage\":{\"@id\":\"https:\/\/metaltale.com\/et\/toode\/dekoratiivne-malmist-laud-wc\/#primaryimage\"},\"image\":{\"@id\":\"https:\/\/metaltale.com\/et\/toode\/dekoratiivne-malmist-laud-wc\/#primaryimage\"},\"thumbnailUrl\":\"https:\/\/metaltale.com\/wp-content\/uploads\/2023\/10\/Ketaus-plokx161tx117-TUALETAS.jpg\",\"datePublished\":\"2024-02-13T11:47:04+00:00\",\"breadcrumb\":{\"@id\":\"https:\/\/metaltale.com\/et\/toode\/dekoratiivne-malmist-laud-wc\/#breadcrumb\"},\"inLanguage\":\"et\",\"potentialAction\":[{\"@type\":\"ReadAction\",\"target\":[\"https:\/\/metaltale.com\/et\/toode\/dekoratiivne-malmist-laud-wc\/\"]}]},{\"@type\":\"ImageObject\",\"inLanguage\":\"et\",\"@id\":\"https:\/\/metaltale.com\/et\/toode\/dekoratiivne-malmist-laud-wc\/#primaryimage\",\"url\":\"https:\/\/metaltale.com\/wp-content\/uploads\/2023\/10\/Ketaus-plokx161tx117-TUALETAS.jpg\",\"contentUrl\":\"https:\/\/metaltale.com\/wp-content\/uploads\/2023\/10\/Ketaus-plokx161tx117-TUALETAS.jpg\",\"width\":800,\"height\":800},{\"@type\":\"BreadcrumbList\",\"@id\":\"https:\/\/metaltale.com\/et\/toode\/dekoratiivne-malmist-laud-wc\/#breadcrumb\",\"itemListElement\":[{\"@type\":\"ListItem\",\"position\":1,\"name\":\"Home\",\"item\":\"https:\/\/metaltale.com\/et\/kodu\/\"},{\"@type\":\"ListItem\",\"position\":2,\"name\":\"Kauplus\",\"item\":\"https:\/\/metaltale.com\/et\/shop\/\"},{\"@type\":\"ListItem\",\"position\":3,\"name\":\"Dekoratiivne malmist laud WC\"}]},{\"@type\":\"WebSite\",\"@id\":\"https:\/\/metaltale.com\/et\/#website\",\"url\":\"https:\/\/metaltale.com\/et\/\",\"name\":\"Metaltale.com\",\"description\":\"\",\"potentialAction\":[{\"@type\":\"SearchAction\",\"target\":{\"@type\":\"EntryPoint\",\"urlTemplate\":\"https:\/\/metaltale.com\/et\/?s={search_term_string}\"},\"query-input\":{\"@type\":\"PropertyValueSpecification\",\"valueRequired\":true,\"valueName\":\"search_term_string\"}}],\"inLanguage\":\"et\"}]}<\/script>\n<!-- \/ Yoast SEO plugin. -->","yoast_head_json":{"title":"Dekoratiivne malmist laud WC - MetalTale.com","robots":{"index":"index","follow":"follow","max-snippet":"max-snippet:-1","max-image-preview":"max-image-preview:large","max-video-preview":"max-video-preview:-1"},"canonical":"https:\/\/metaltale.com\/et\/toode\/dekoratiivne-malmist-laud-wc\/","og_locale":"et_EE","og_type":"article","og_title":"Dekoratiivne malmist laud WC - MetalTale.com","og_description":"Mudel 70.342.AI.TO EAN. 5905369920097 Materjal Ketus \u00dcldk\u00f5rgus (cm) 3,2 \u00dcldlaius (cm) 11,5 Vormid J\u00e4rgmine V\u00e4rv teras Tualettruumide t\u00e4his on loodud","og_url":"https:\/\/metaltale.com\/et\/toode\/dekoratiivne-malmist-laud-wc\/","og_site_name":"MetalTale.com","twitter_card":"summary_large_image","schema":{"@context":"https:\/\/schema.org","@graph":[{"@type":"WebPage","@id":"https:\/\/metaltale.com\/et\/toode\/dekoratiivne-malmist-laud-wc\/","url":"https:\/\/metaltale.com\/et\/toode\/dekoratiivne-malmist-laud-wc\/","name":"Dekoratiivne malmist laud WC - MetalTale.com","isPartOf":{"@id":"https:\/\/metaltale.com\/et\/#website"},"primaryImageOfPage":{"@id":"https:\/\/metaltale.com\/et\/toode\/dekoratiivne-malmist-laud-wc\/#primaryimage"},"image":{"@id":"https:\/\/metaltale.com\/et\/toode\/dekoratiivne-malmist-laud-wc\/#primaryimage"},"thumbnailUrl":"https:\/\/metaltale.com\/wp-content\/uploads\/2023\/10\/Ketaus-plokx161tx117-TUALETAS.jpg","datePublished":"2024-02-13T11:47:04+00:00","breadcrumb":{"@id":"https:\/\/metaltale.com\/et\/toode\/dekoratiivne-malmist-laud-wc\/#breadcrumb"},"inLanguage":"et","potentialAction":[{"@type":"ReadAction","target":["https:\/\/metaltale.com\/et\/toode\/dekoratiivne-malmist-laud-wc\/"]}]},{"@type":"ImageObject","inLanguage":"et","@id":"https:\/\/metaltale.com\/et\/toode\/dekoratiivne-malmist-laud-wc\/#primaryimage","url":"https:\/\/metaltale.com\/wp-content\/uploads\/2023\/10\/Ketaus-plokx161tx117-TUALETAS.jpg","contentUrl":"https:\/\/metaltale.com\/wp-content\/uploads\/2023\/10\/Ketaus-plokx161tx117-TUALETAS.jpg","width":800,"height":800},{"@type":"BreadcrumbList","@id":"https:\/\/metaltale.com\/et\/toode\/dekoratiivne-malmist-laud-wc\/#breadcrumb","itemListElement":[{"@type":"ListItem","position":1,"name":"Home","item":"https:\/\/metaltale.com\/et\/kodu\/"},{"@type":"ListItem","position":2,"name":"Kauplus","item":"https:\/\/metaltale.com\/et\/shop\/"},{"@type":"ListItem","position":3,"name":"Dekoratiivne malmist laud WC"}]},{"@type":"WebSite","@id":"https:\/\/metaltale.com\/et\/#website","url":"https:\/\/metaltale.com\/et\/","name":"Metaltale.com","description":"","potentialAction":[{"@type":"SearchAction","target":{"@type":"EntryPoint","urlTemplate":"https:\/\/metaltale.com\/et\/?s={search_term_string}"},"query-input":{"@type":"PropertyValueSpecification","valueRequired":true,"valueName":"search_term_string"}}],"inLanguage":"et"}]}},"_links":{"self":[{"href":"https:\/\/metaltale.com\/et\/wp-json\/wp\/v2\/product\/139360","targetHints":{"allow":["GET"]}}],"collection":[{"href":"https:\/\/metaltale.com\/et\/wp-json\/wp\/v2\/product"}],"about":[{"href":"https:\/\/metaltale.com\/et\/wp-json\/wp\/v2\/types\/product"}],"replies":[{"embeddable":true,"href":"https:\/\/metaltale.com\/et\/wp-json\/wp\/v2\/comments?post=139360"}],"version-history":[{"count":0,"href":"https:\/\/metaltale.com\/et\/wp-json\/wp\/v2\/product\/139360\/revisions"}],"wp:featuredmedia":[{"embeddable":true,"href":"https:\/\/metaltale.com\/et\/wp-json\/wp\/v2\/media\/80006"}],"wp:attachment":[{"href":"https:\/\/metaltale.com\/et\/wp-json\/wp\/v2\/media?parent=139360"}],"wp:term":[{"taxonomy":"product_brand","embeddable":true,"href":"https:\/\/metaltale.com\/et\/wp-json\/wp\/v2\/product_brand?post=139360"},{"taxonomy":"product_cat","embeddable":true,"href":"https:\/\/metaltale.com\/et\/wp-json\/wp\/v2\/product_cat?post=139360"},{"taxonomy":"product_tag","embeddable":true,"href":"https:\/\/metaltale.com\/et\/wp-json\/wp\/v2\/product_tag?post=139360"}],"curies":[{"name":"wp","href":"https:\/\/api.w.org\/{rel}","templated":true}]}}