{"id":139345,"date":"2024-02-13T13:45:44","date_gmt":"2024-02-13T11:45:44","guid":{"rendered":"https:\/\/metaltale.com\/produktas\/dekoratiivne-malmist-tahvel-voniavone\/"},"modified":"2024-02-13T13:45:44","modified_gmt":"2024-02-13T11:45:44","slug":"dekoratiivne-malmist-tahvel-voniavone","status":"publish","type":"product","link":"https:\/\/metaltale.com\/et\/toode\/dekoratiivne-malmist-tahvel-voniavone\/","title":{"rendered":"Dekoratiivne malmist tahvel VONIAVONE"},"content":{"rendered":"<div class=\"prod_data\"><strong>Mudel<\/strong> 01.342.AI. VONIA  <br \/><strong>EAN.<\/strong>  5905369919862  <br \/><strong>Materjal<\/strong> Ketus  <br \/><strong> [cm]Kogupikkus<\/strong> 11,5 <strong> <\/strong> <br \/><strong>Paksus (cm<\/strong> ) 0,5  <br \/><strong>Vormid<\/strong> J\u00e4rgmine  <br \/>Aukude vahekaugus (cm) 9 <br \/>V\u00e4rv teras <\/p>\n<p><strong>Vannitoa m\u00e4rk<\/strong> on l\u00f5bus ja originaalne lahendus iga <strong>rustikaalse<\/strong> vannitoa ukse kaunistamiseks.  <\/p>\n<p>Valmistatud tippkvaliteediga malmist, pakub see suurt vastupidavust ja lihtsat kokkupanekut. Lisaks sellele v\u00f5imaldab loetav kirjat\u00fc\u00fcp ja n\u00e4htav paigutus tahvli funktsionaalset kasutamist lisaks kaunistamisele. Seda t\u00fc\u00fcpi embleemi kasutatakse hotellides, hostelites v\u00f5i muudes retrostiilis kujundatud avalikes ruumides.<\/p>\n<p>Tere tulemast meie maal\u00e4hedaste k\u00e4epidemete poe pealehele, kus saate tutvuda meie m\u00f6\u00f6blitarvikute, m\u00f6\u00f6blik\u00e4epidemete ja m\u00f6\u00f6blivarustuse pakkumisega.<\/p>\n<\/div>\n","protected":false},"excerpt":{"rendered":"<p>Mudel 01.342.AI. VONIA EAN. 5905369919862 Materjal Ketus [cm]Kogupikkus 11,5 Paksus (cm ) 0,5 Vormid J\u00e4rgmine Aukude vahekaugus (cm) 9 V\u00e4rv<\/p>\n","protected":false},"featured_media":100560,"comment_status":"open","ping_status":"closed","template":"","meta":{"_acf_changed":false,"pmpro_default_level":""},"product_brand":[],"product_cat":[24153],"product_tag":[],"class_list":{"0":"post-139345","1":"product","2":"type-product","3":"status-publish","4":"has-post-thumbnail","6":"product_cat-malmist-plaadid","7":"pmpro-has-access","9":"first","10":"instock","11":"shipping-taxable","12":"purchasable","13":"product-type-simple"},"acf":[],"yoast_head":"<!-- This site is optimized with the Yoast SEO plugin v24.9 - https:\/\/yoast.com\/wordpress\/plugins\/seo\/ -->\n<title>Dekoratiivne malmist tahvel VONIAVONE - MetalTale.com<\/title>\n<meta name=\"robots\" content=\"index, follow, max-snippet:-1, max-image-preview:large, max-video-preview:-1\" \/>\n<link rel=\"canonical\" href=\"https:\/\/metaltale.com\/et\/toode\/dekoratiivne-malmist-tahvel-voniavone\/\" \/>\n<meta property=\"og:locale\" content=\"et_EE\" \/>\n<meta property=\"og:type\" content=\"article\" \/>\n<meta property=\"og:title\" content=\"Dekoratiivne malmist tahvel VONIAVONE - MetalTale.com\" \/>\n<meta property=\"og:description\" content=\"Mudel 01.342.AI. VONIA EAN. 5905369919862 Materjal Ketus [cm]Kogupikkus 11,5 Paksus (cm ) 0,5 Vormid J\u00e4rgmine Aukude vahekaugus (cm) 9 V\u00e4rv\" \/>\n<meta property=\"og:url\" content=\"https:\/\/metaltale.com\/et\/toode\/dekoratiivne-malmist-tahvel-voniavone\/\" \/>\n<meta property=\"og:site_name\" content=\"MetalTale.com\" \/>\n<meta name=\"twitter:card\" content=\"summary_large_image\" \/>\n<script type=\"application\/ld+json\" class=\"yoast-schema-graph\">{\"@context\":\"https:\/\/schema.org\",\"@graph\":[{\"@type\":\"WebPage\",\"@id\":\"https:\/\/metaltale.com\/et\/toode\/dekoratiivne-malmist-tahvel-voniavone\/\",\"url\":\"https:\/\/metaltale.com\/et\/toode\/dekoratiivne-malmist-tahvel-voniavone\/\",\"name\":\"Dekoratiivne malmist tahvel VONIAVONE - MetalTale.com\",\"isPartOf\":{\"@id\":\"https:\/\/metaltale.com\/et\/#website\"},\"primaryImageOfPage\":{\"@id\":\"https:\/\/metaltale.com\/et\/toode\/dekoratiivne-malmist-tahvel-voniavone\/#primaryimage\"},\"image\":{\"@id\":\"https:\/\/metaltale.com\/et\/toode\/dekoratiivne-malmist-tahvel-voniavone\/#primaryimage\"},\"thumbnailUrl\":\"https:\/\/metaltale.com\/wp-content\/uploads\/2023\/11\/Ketaus-plokx161tx117-VONIOS-KAMBARYS.jpg\",\"datePublished\":\"2024-02-13T11:45:44+00:00\",\"breadcrumb\":{\"@id\":\"https:\/\/metaltale.com\/et\/toode\/dekoratiivne-malmist-tahvel-voniavone\/#breadcrumb\"},\"inLanguage\":\"et\",\"potentialAction\":[{\"@type\":\"ReadAction\",\"target\":[\"https:\/\/metaltale.com\/et\/toode\/dekoratiivne-malmist-tahvel-voniavone\/\"]}]},{\"@type\":\"ImageObject\",\"inLanguage\":\"et\",\"@id\":\"https:\/\/metaltale.com\/et\/toode\/dekoratiivne-malmist-tahvel-voniavone\/#primaryimage\",\"url\":\"https:\/\/metaltale.com\/wp-content\/uploads\/2023\/11\/Ketaus-plokx161tx117-VONIOS-KAMBARYS.jpg\",\"contentUrl\":\"https:\/\/metaltale.com\/wp-content\/uploads\/2023\/11\/Ketaus-plokx161tx117-VONIOS-KAMBARYS.jpg\",\"width\":800,\"height\":800},{\"@type\":\"BreadcrumbList\",\"@id\":\"https:\/\/metaltale.com\/et\/toode\/dekoratiivne-malmist-tahvel-voniavone\/#breadcrumb\",\"itemListElement\":[{\"@type\":\"ListItem\",\"position\":1,\"name\":\"Home\",\"item\":\"https:\/\/metaltale.com\/et\/kodu\/\"},{\"@type\":\"ListItem\",\"position\":2,\"name\":\"Kauplus\",\"item\":\"https:\/\/metaltale.com\/et\/shop\/\"},{\"@type\":\"ListItem\",\"position\":3,\"name\":\"Dekoratiivne malmist tahvel VONIAVONE\"}]},{\"@type\":\"WebSite\",\"@id\":\"https:\/\/metaltale.com\/et\/#website\",\"url\":\"https:\/\/metaltale.com\/et\/\",\"name\":\"Metaltale.com\",\"description\":\"\",\"potentialAction\":[{\"@type\":\"SearchAction\",\"target\":{\"@type\":\"EntryPoint\",\"urlTemplate\":\"https:\/\/metaltale.com\/et\/?s={search_term_string}\"},\"query-input\":{\"@type\":\"PropertyValueSpecification\",\"valueRequired\":true,\"valueName\":\"search_term_string\"}}],\"inLanguage\":\"et\"}]}<\/script>\n<!-- \/ Yoast SEO plugin. -->","yoast_head_json":{"title":"Dekoratiivne malmist tahvel VONIAVONE - MetalTale.com","robots":{"index":"index","follow":"follow","max-snippet":"max-snippet:-1","max-image-preview":"max-image-preview:large","max-video-preview":"max-video-preview:-1"},"canonical":"https:\/\/metaltale.com\/et\/toode\/dekoratiivne-malmist-tahvel-voniavone\/","og_locale":"et_EE","og_type":"article","og_title":"Dekoratiivne malmist tahvel VONIAVONE - MetalTale.com","og_description":"Mudel 01.342.AI. VONIA EAN. 5905369919862 Materjal Ketus [cm]Kogupikkus 11,5 Paksus (cm ) 0,5 Vormid J\u00e4rgmine Aukude vahekaugus (cm) 9 V\u00e4rv","og_url":"https:\/\/metaltale.com\/et\/toode\/dekoratiivne-malmist-tahvel-voniavone\/","og_site_name":"MetalTale.com","twitter_card":"summary_large_image","schema":{"@context":"https:\/\/schema.org","@graph":[{"@type":"WebPage","@id":"https:\/\/metaltale.com\/et\/toode\/dekoratiivne-malmist-tahvel-voniavone\/","url":"https:\/\/metaltale.com\/et\/toode\/dekoratiivne-malmist-tahvel-voniavone\/","name":"Dekoratiivne malmist tahvel VONIAVONE - MetalTale.com","isPartOf":{"@id":"https:\/\/metaltale.com\/et\/#website"},"primaryImageOfPage":{"@id":"https:\/\/metaltale.com\/et\/toode\/dekoratiivne-malmist-tahvel-voniavone\/#primaryimage"},"image":{"@id":"https:\/\/metaltale.com\/et\/toode\/dekoratiivne-malmist-tahvel-voniavone\/#primaryimage"},"thumbnailUrl":"https:\/\/metaltale.com\/wp-content\/uploads\/2023\/11\/Ketaus-plokx161tx117-VONIOS-KAMBARYS.jpg","datePublished":"2024-02-13T11:45:44+00:00","breadcrumb":{"@id":"https:\/\/metaltale.com\/et\/toode\/dekoratiivne-malmist-tahvel-voniavone\/#breadcrumb"},"inLanguage":"et","potentialAction":[{"@type":"ReadAction","target":["https:\/\/metaltale.com\/et\/toode\/dekoratiivne-malmist-tahvel-voniavone\/"]}]},{"@type":"ImageObject","inLanguage":"et","@id":"https:\/\/metaltale.com\/et\/toode\/dekoratiivne-malmist-tahvel-voniavone\/#primaryimage","url":"https:\/\/metaltale.com\/wp-content\/uploads\/2023\/11\/Ketaus-plokx161tx117-VONIOS-KAMBARYS.jpg","contentUrl":"https:\/\/metaltale.com\/wp-content\/uploads\/2023\/11\/Ketaus-plokx161tx117-VONIOS-KAMBARYS.jpg","width":800,"height":800},{"@type":"BreadcrumbList","@id":"https:\/\/metaltale.com\/et\/toode\/dekoratiivne-malmist-tahvel-voniavone\/#breadcrumb","itemListElement":[{"@type":"ListItem","position":1,"name":"Home","item":"https:\/\/metaltale.com\/et\/kodu\/"},{"@type":"ListItem","position":2,"name":"Kauplus","item":"https:\/\/metaltale.com\/et\/shop\/"},{"@type":"ListItem","position":3,"name":"Dekoratiivne malmist tahvel VONIAVONE"}]},{"@type":"WebSite","@id":"https:\/\/metaltale.com\/et\/#website","url":"https:\/\/metaltale.com\/et\/","name":"Metaltale.com","description":"","potentialAction":[{"@type":"SearchAction","target":{"@type":"EntryPoint","urlTemplate":"https:\/\/metaltale.com\/et\/?s={search_term_string}"},"query-input":{"@type":"PropertyValueSpecification","valueRequired":true,"valueName":"search_term_string"}}],"inLanguage":"et"}]}},"_links":{"self":[{"href":"https:\/\/metaltale.com\/et\/wp-json\/wp\/v2\/product\/139345","targetHints":{"allow":["GET"]}}],"collection":[{"href":"https:\/\/metaltale.com\/et\/wp-json\/wp\/v2\/product"}],"about":[{"href":"https:\/\/metaltale.com\/et\/wp-json\/wp\/v2\/types\/product"}],"replies":[{"embeddable":true,"href":"https:\/\/metaltale.com\/et\/wp-json\/wp\/v2\/comments?post=139345"}],"version-history":[{"count":0,"href":"https:\/\/metaltale.com\/et\/wp-json\/wp\/v2\/product\/139345\/revisions"}],"wp:featuredmedia":[{"embeddable":true,"href":"https:\/\/metaltale.com\/et\/wp-json\/wp\/v2\/media\/100560"}],"wp:attachment":[{"href":"https:\/\/metaltale.com\/et\/wp-json\/wp\/v2\/media?parent=139345"}],"wp:term":[{"taxonomy":"product_brand","embeddable":true,"href":"https:\/\/metaltale.com\/et\/wp-json\/wp\/v2\/product_brand?post=139345"},{"taxonomy":"product_cat","embeddable":true,"href":"https:\/\/metaltale.com\/et\/wp-json\/wp\/v2\/product_cat?post=139345"},{"taxonomy":"product_tag","embeddable":true,"href":"https:\/\/metaltale.com\/et\/wp-json\/wp\/v2\/product_tag?post=139345"}],"curies":[{"name":"wp","href":"https:\/\/api.w.org\/{rel}","templated":true}]}}