{"id":139336,"date":"2024-02-13T13:45:44","date_gmt":"2024-02-13T11:45:44","guid":{"rendered":"https:\/\/metaltale.com\/produktas\/dekoratiivne-malmist-tahvel-please-close-the-gate-palun-sulgege-varav\/"},"modified":"2024-02-13T13:45:44","modified_gmt":"2024-02-13T11:45:44","slug":"dekoratiivne-malmist-tahvel-please-close-the-gate-palun-sulgege-varav","status":"publish","type":"product","link":"https:\/\/metaltale.com\/et\/toode\/dekoratiivne-malmist-tahvel-please-close-the-gate-palun-sulgege-varav\/","title":{"rendered":"Dekoratiivne malmist tahvel PLEASE CLOSE THE GATE (palun sulgege v\u00e4rav)"},"content":{"rendered":"<div class=\"prod_data\"><strong>Mudel<\/strong> 01.342.AI. VARTAI  <br \/><strong>EAN.<\/strong>  5905369920158  <br \/><strong>Materjal<\/strong> Ketus  <br \/><strong>\u00dcldine k\u00f5rgus (cm)<\/strong> 9  <br \/><strong>\u00dcldine laius (cm)<\/strong> 18  <br \/><strong>Kuju<\/strong> Ovaalne  <br \/>V\u00e4rv teras <\/p>\n<p><span style=\"font-size: medium;\"><strong>M\u00e4rk &#8220;Palun sulgege v\u00e4ravad<\/strong> &#8221; t\u00f6\u00f6tab h\u00e4sti avalikes kohtades.  <\/span><\/p>\n<p><span style=\"font-size: medium;\">Tugevast malmist valatud ja n\u00f5uetekohaselt impregneeritud embleem sobib ideaalselt v\u00e4liskasutuseks. Sellel on suurep\u00e4rane vastupidavus ja vastupidavus ilmastikutingimustele, n\u00e4iteks roostetamisele. Embleem on varustatud ketiga, mis h\u00f5lbustab kiiret kokkupanekut ja v\u00f5imalikku demonteerimist. Kirjat\u00fc\u00fcp on valitud nii, et s\u00f5numit saab raskusteta lugeda ka suurest kaugusest.<\/span><\/p>\n<\/div>\n","protected":false},"excerpt":{"rendered":"<p>Mudel 01.342.AI. VARTAI EAN. 5905369920158 Materjal Ketus \u00dcldine k\u00f5rgus (cm) 9 \u00dcldine laius (cm) 18 Kuju Ovaalne V\u00e4rv teras M\u00e4rk<\/p>\n","protected":false},"featured_media":79911,"comment_status":"open","ping_status":"closed","template":"","meta":{"_acf_changed":false,"pmpro_default_level":""},"product_brand":[],"product_cat":[24153],"product_tag":[],"class_list":{"0":"post-139336","1":"product","2":"type-product","3":"status-publish","4":"has-post-thumbnail","6":"product_cat-malmist-plaadid","7":"pmpro-has-access","9":"first","10":"instock","11":"shipping-taxable","12":"purchasable","13":"product-type-simple"},"acf":[],"yoast_head":"<!-- This site is optimized with the Yoast SEO plugin v24.9 - https:\/\/yoast.com\/wordpress\/plugins\/seo\/ -->\n<title>Dekoratiivne malmist tahvel PLEASE CLOSE THE GATE (palun sulgege v\u00e4rav) - MetalTale.com<\/title>\n<meta name=\"robots\" content=\"index, follow, max-snippet:-1, max-image-preview:large, max-video-preview:-1\" \/>\n<link rel=\"canonical\" href=\"https:\/\/metaltale.com\/et\/toode\/dekoratiivne-malmist-tahvel-please-close-the-gate-palun-sulgege-varav\/\" \/>\n<meta property=\"og:locale\" content=\"et_EE\" \/>\n<meta property=\"og:type\" content=\"article\" \/>\n<meta property=\"og:title\" content=\"Dekoratiivne malmist tahvel PLEASE CLOSE THE GATE (palun sulgege v\u00e4rav) - MetalTale.com\" \/>\n<meta property=\"og:description\" content=\"Mudel 01.342.AI. VARTAI EAN. 5905369920158 Materjal Ketus \u00dcldine k\u00f5rgus (cm) 9 \u00dcldine laius (cm) 18 Kuju Ovaalne V\u00e4rv teras M\u00e4rk\" \/>\n<meta property=\"og:url\" content=\"https:\/\/metaltale.com\/et\/toode\/dekoratiivne-malmist-tahvel-please-close-the-gate-palun-sulgege-varav\/\" \/>\n<meta property=\"og:site_name\" content=\"MetalTale.com\" \/>\n<meta name=\"twitter:card\" content=\"summary_large_image\" \/>\n<script type=\"application\/ld+json\" class=\"yoast-schema-graph\">{\"@context\":\"https:\/\/schema.org\",\"@graph\":[{\"@type\":\"WebPage\",\"@id\":\"https:\/\/metaltale.com\/et\/toode\/dekoratiivne-malmist-tahvel-please-close-the-gate-palun-sulgege-varav\/\",\"url\":\"https:\/\/metaltale.com\/et\/toode\/dekoratiivne-malmist-tahvel-please-close-the-gate-palun-sulgege-varav\/\",\"name\":\"Dekoratiivne malmist tahvel PLEASE CLOSE THE GATE (palun sulgege v\u00e4rav) - MetalTale.com\",\"isPartOf\":{\"@id\":\"https:\/\/metaltale.com\/et\/#website\"},\"primaryImageOfPage\":{\"@id\":\"https:\/\/metaltale.com\/et\/toode\/dekoratiivne-malmist-tahvel-please-close-the-gate-palun-sulgege-varav\/#primaryimage\"},\"image\":{\"@id\":\"https:\/\/metaltale.com\/et\/toode\/dekoratiivne-malmist-tahvel-please-close-the-gate-palun-sulgege-varav\/#primaryimage\"},\"thumbnailUrl\":\"https:\/\/metaltale.com\/wp-content\/uploads\/2023\/10\/Tabliczka-x17Celiwna-PRAx160OME-Ux17DDARYTI-VARTUS.jpg\",\"datePublished\":\"2024-02-13T11:45:44+00:00\",\"breadcrumb\":{\"@id\":\"https:\/\/metaltale.com\/et\/toode\/dekoratiivne-malmist-tahvel-please-close-the-gate-palun-sulgege-varav\/#breadcrumb\"},\"inLanguage\":\"et\",\"potentialAction\":[{\"@type\":\"ReadAction\",\"target\":[\"https:\/\/metaltale.com\/et\/toode\/dekoratiivne-malmist-tahvel-please-close-the-gate-palun-sulgege-varav\/\"]}]},{\"@type\":\"ImageObject\",\"inLanguage\":\"et\",\"@id\":\"https:\/\/metaltale.com\/et\/toode\/dekoratiivne-malmist-tahvel-please-close-the-gate-palun-sulgege-varav\/#primaryimage\",\"url\":\"https:\/\/metaltale.com\/wp-content\/uploads\/2023\/10\/Tabliczka-x17Celiwna-PRAx160OME-Ux17DDARYTI-VARTUS.jpg\",\"contentUrl\":\"https:\/\/metaltale.com\/wp-content\/uploads\/2023\/10\/Tabliczka-x17Celiwna-PRAx160OME-Ux17DDARYTI-VARTUS.jpg\",\"width\":800,\"height\":800},{\"@type\":\"BreadcrumbList\",\"@id\":\"https:\/\/metaltale.com\/et\/toode\/dekoratiivne-malmist-tahvel-please-close-the-gate-palun-sulgege-varav\/#breadcrumb\",\"itemListElement\":[{\"@type\":\"ListItem\",\"position\":1,\"name\":\"Home\",\"item\":\"https:\/\/metaltale.com\/et\/kodu\/\"},{\"@type\":\"ListItem\",\"position\":2,\"name\":\"Kauplus\",\"item\":\"https:\/\/metaltale.com\/et\/shop\/\"},{\"@type\":\"ListItem\",\"position\":3,\"name\":\"Dekoratiivne malmist tahvel PLEASE CLOSE THE GATE (palun sulgege v\u00e4rav)\"}]},{\"@type\":\"WebSite\",\"@id\":\"https:\/\/metaltale.com\/et\/#website\",\"url\":\"https:\/\/metaltale.com\/et\/\",\"name\":\"Metaltale.com\",\"description\":\"\",\"potentialAction\":[{\"@type\":\"SearchAction\",\"target\":{\"@type\":\"EntryPoint\",\"urlTemplate\":\"https:\/\/metaltale.com\/et\/?s={search_term_string}\"},\"query-input\":{\"@type\":\"PropertyValueSpecification\",\"valueRequired\":true,\"valueName\":\"search_term_string\"}}],\"inLanguage\":\"et\"}]}<\/script>\n<!-- \/ Yoast SEO plugin. -->","yoast_head_json":{"title":"Dekoratiivne malmist tahvel PLEASE CLOSE THE GATE (palun sulgege v\u00e4rav) - MetalTale.com","robots":{"index":"index","follow":"follow","max-snippet":"max-snippet:-1","max-image-preview":"max-image-preview:large","max-video-preview":"max-video-preview:-1"},"canonical":"https:\/\/metaltale.com\/et\/toode\/dekoratiivne-malmist-tahvel-please-close-the-gate-palun-sulgege-varav\/","og_locale":"et_EE","og_type":"article","og_title":"Dekoratiivne malmist tahvel PLEASE CLOSE THE GATE (palun sulgege v\u00e4rav) - MetalTale.com","og_description":"Mudel 01.342.AI. VARTAI EAN. 5905369920158 Materjal Ketus \u00dcldine k\u00f5rgus (cm) 9 \u00dcldine laius (cm) 18 Kuju Ovaalne V\u00e4rv teras M\u00e4rk","og_url":"https:\/\/metaltale.com\/et\/toode\/dekoratiivne-malmist-tahvel-please-close-the-gate-palun-sulgege-varav\/","og_site_name":"MetalTale.com","twitter_card":"summary_large_image","schema":{"@context":"https:\/\/schema.org","@graph":[{"@type":"WebPage","@id":"https:\/\/metaltale.com\/et\/toode\/dekoratiivne-malmist-tahvel-please-close-the-gate-palun-sulgege-varav\/","url":"https:\/\/metaltale.com\/et\/toode\/dekoratiivne-malmist-tahvel-please-close-the-gate-palun-sulgege-varav\/","name":"Dekoratiivne malmist tahvel PLEASE CLOSE THE GATE (palun sulgege v\u00e4rav) - MetalTale.com","isPartOf":{"@id":"https:\/\/metaltale.com\/et\/#website"},"primaryImageOfPage":{"@id":"https:\/\/metaltale.com\/et\/toode\/dekoratiivne-malmist-tahvel-please-close-the-gate-palun-sulgege-varav\/#primaryimage"},"image":{"@id":"https:\/\/metaltale.com\/et\/toode\/dekoratiivne-malmist-tahvel-please-close-the-gate-palun-sulgege-varav\/#primaryimage"},"thumbnailUrl":"https:\/\/metaltale.com\/wp-content\/uploads\/2023\/10\/Tabliczka-x17Celiwna-PRAx160OME-Ux17DDARYTI-VARTUS.jpg","datePublished":"2024-02-13T11:45:44+00:00","breadcrumb":{"@id":"https:\/\/metaltale.com\/et\/toode\/dekoratiivne-malmist-tahvel-please-close-the-gate-palun-sulgege-varav\/#breadcrumb"},"inLanguage":"et","potentialAction":[{"@type":"ReadAction","target":["https:\/\/metaltale.com\/et\/toode\/dekoratiivne-malmist-tahvel-please-close-the-gate-palun-sulgege-varav\/"]}]},{"@type":"ImageObject","inLanguage":"et","@id":"https:\/\/metaltale.com\/et\/toode\/dekoratiivne-malmist-tahvel-please-close-the-gate-palun-sulgege-varav\/#primaryimage","url":"https:\/\/metaltale.com\/wp-content\/uploads\/2023\/10\/Tabliczka-x17Celiwna-PRAx160OME-Ux17DDARYTI-VARTUS.jpg","contentUrl":"https:\/\/metaltale.com\/wp-content\/uploads\/2023\/10\/Tabliczka-x17Celiwna-PRAx160OME-Ux17DDARYTI-VARTUS.jpg","width":800,"height":800},{"@type":"BreadcrumbList","@id":"https:\/\/metaltale.com\/et\/toode\/dekoratiivne-malmist-tahvel-please-close-the-gate-palun-sulgege-varav\/#breadcrumb","itemListElement":[{"@type":"ListItem","position":1,"name":"Home","item":"https:\/\/metaltale.com\/et\/kodu\/"},{"@type":"ListItem","position":2,"name":"Kauplus","item":"https:\/\/metaltale.com\/et\/shop\/"},{"@type":"ListItem","position":3,"name":"Dekoratiivne malmist tahvel PLEASE CLOSE THE GATE (palun sulgege v\u00e4rav)"}]},{"@type":"WebSite","@id":"https:\/\/metaltale.com\/et\/#website","url":"https:\/\/metaltale.com\/et\/","name":"Metaltale.com","description":"","potentialAction":[{"@type":"SearchAction","target":{"@type":"EntryPoint","urlTemplate":"https:\/\/metaltale.com\/et\/?s={search_term_string}"},"query-input":{"@type":"PropertyValueSpecification","valueRequired":true,"valueName":"search_term_string"}}],"inLanguage":"et"}]}},"_links":{"self":[{"href":"https:\/\/metaltale.com\/et\/wp-json\/wp\/v2\/product\/139336","targetHints":{"allow":["GET"]}}],"collection":[{"href":"https:\/\/metaltale.com\/et\/wp-json\/wp\/v2\/product"}],"about":[{"href":"https:\/\/metaltale.com\/et\/wp-json\/wp\/v2\/types\/product"}],"replies":[{"embeddable":true,"href":"https:\/\/metaltale.com\/et\/wp-json\/wp\/v2\/comments?post=139336"}],"version-history":[{"count":0,"href":"https:\/\/metaltale.com\/et\/wp-json\/wp\/v2\/product\/139336\/revisions"}],"wp:featuredmedia":[{"embeddable":true,"href":"https:\/\/metaltale.com\/et\/wp-json\/wp\/v2\/media\/79911"}],"wp:attachment":[{"href":"https:\/\/metaltale.com\/et\/wp-json\/wp\/v2\/media?parent=139336"}],"wp:term":[{"taxonomy":"product_brand","embeddable":true,"href":"https:\/\/metaltale.com\/et\/wp-json\/wp\/v2\/product_brand?post=139336"},{"taxonomy":"product_cat","embeddable":true,"href":"https:\/\/metaltale.com\/et\/wp-json\/wp\/v2\/product_cat?post=139336"},{"taxonomy":"product_tag","embeddable":true,"href":"https:\/\/metaltale.com\/et\/wp-json\/wp\/v2\/product_tag?post=139336"}],"curies":[{"name":"wp","href":"https:\/\/api.w.org\/{rel}","templated":true}]}}