{"id":139326,"date":"2024-02-13T13:45:44","date_gmt":"2024-02-13T11:45:44","guid":{"rendered":"https:\/\/metaltale.com\/produktas\/dekoratiivne-malmist-tahvel-beware-of-the-dog-hoiatus-koera-eest\/"},"modified":"2024-02-13T13:45:44","modified_gmt":"2024-02-13T11:45:44","slug":"dekoratiivne-malmist-tahvel-beware-of-the-dog-hoiatus-koera-eest","status":"publish","type":"product","link":"https:\/\/metaltale.com\/et\/toode\/dekoratiivne-malmist-tahvel-beware-of-the-dog-hoiatus-koera-eest\/","title":{"rendered":"Dekoratiivne malmist tahvel BEWARE OF THE DOG (Hoiatus koera eest)"},"content":{"rendered":"<div class=\"prod_data\"><strong>Mudel<\/strong> 01.342.AI. SEO  <br \/><strong>EAN.<\/strong>  5905369919879  <br \/><strong>Materjal<\/strong> Ketus  <br \/><strong>\u00dcldine k\u00f5rgus (cm)<\/strong> 9  <br \/><strong>\u00dcldine laius (cm)<\/strong> 18  <br \/><strong>Kuju<\/strong> Ovaalne  <br \/>V\u00e4rv teras <\/p>\n<p>Plaat oli valmistatud k\u00f5rgeima kvaliteediga malmist. Selle vastupidavus ja massiivsus ning immutamisprotsess tagavad suure vastupidavuse rooste ja muude ilmastikutingimustest tingitud kahjustuste vastu.  <\/p>\n<p>N\u00e4htav kirjat\u00fc\u00fcp v\u00f5imaldab teil oma kinnistut ideaalselt t\u00e4histada, paigutades embleemi v\u00e4ravale v\u00f5i uksele, mis tagab lihtsa ja kiire paigalduse. Huvitav ja originaalne kuju, millest embleem on valmistatud, on kahtlemata hea n\u00e4ide populaarsest rustikaalsest stiilist.<\/p>\n<\/div>\n","protected":false},"excerpt":{"rendered":"<p>Mudel 01.342.AI. SEO EAN. 5905369919879 Materjal Ketus \u00dcldine k\u00f5rgus (cm) 9 \u00dcldine laius (cm) 18 Kuju Ovaalne V\u00e4rv teras Plaat<\/p>\n","protected":false},"featured_media":79863,"comment_status":"open","ping_status":"closed","template":"","meta":{"_acf_changed":false,"pmpro_default_level":""},"product_brand":[],"product_cat":[24153],"product_tag":[],"class_list":{"0":"post-139326","1":"product","2":"type-product","3":"status-publish","4":"has-post-thumbnail","6":"product_cat-malmist-plaadid","7":"pmpro-has-access","9":"first","10":"instock","11":"shipping-taxable","12":"purchasable","13":"product-type-simple"},"acf":[],"yoast_head":"<!-- This site is optimized with the Yoast SEO plugin v24.9 - https:\/\/yoast.com\/wordpress\/plugins\/seo\/ -->\n<title>Dekoratiivne malmist tahvel BEWARE OF THE DOG (Hoiatus koera eest) - MetalTale.com<\/title>\n<meta name=\"robots\" content=\"index, follow, max-snippet:-1, max-image-preview:large, max-video-preview:-1\" \/>\n<link rel=\"canonical\" href=\"https:\/\/metaltale.com\/et\/toode\/dekoratiivne-malmist-tahvel-beware-of-the-dog-hoiatus-koera-eest\/\" \/>\n<meta property=\"og:locale\" content=\"et_EE\" \/>\n<meta property=\"og:type\" content=\"article\" \/>\n<meta property=\"og:title\" content=\"Dekoratiivne malmist tahvel BEWARE OF THE DOG (Hoiatus koera eest) - MetalTale.com\" \/>\n<meta property=\"og:description\" content=\"Mudel 01.342.AI. SEO EAN. 5905369919879 Materjal Ketus \u00dcldine k\u00f5rgus (cm) 9 \u00dcldine laius (cm) 18 Kuju Ovaalne V\u00e4rv teras Plaat\" \/>\n<meta property=\"og:url\" content=\"https:\/\/metaltale.com\/et\/toode\/dekoratiivne-malmist-tahvel-beware-of-the-dog-hoiatus-koera-eest\/\" \/>\n<meta property=\"og:site_name\" content=\"MetalTale.com\" \/>\n<meta name=\"twitter:card\" content=\"summary_large_image\" \/>\n<script type=\"application\/ld+json\" class=\"yoast-schema-graph\">{\"@context\":\"https:\/\/schema.org\",\"@graph\":[{\"@type\":\"WebPage\",\"@id\":\"https:\/\/metaltale.com\/et\/toode\/dekoratiivne-malmist-tahvel-beware-of-the-dog-hoiatus-koera-eest\/\",\"url\":\"https:\/\/metaltale.com\/et\/toode\/dekoratiivne-malmist-tahvel-beware-of-the-dog-hoiatus-koera-eest\/\",\"name\":\"Dekoratiivne malmist tahvel BEWARE OF THE DOG (Hoiatus koera eest) - MetalTale.com\",\"isPartOf\":{\"@id\":\"https:\/\/metaltale.com\/et\/#website\"},\"primaryImageOfPage\":{\"@id\":\"https:\/\/metaltale.com\/et\/toode\/dekoratiivne-malmist-tahvel-beware-of-the-dog-hoiatus-koera-eest\/#primaryimage\"},\"image\":{\"@id\":\"https:\/\/metaltale.com\/et\/toode\/dekoratiivne-malmist-tahvel-beware-of-the-dog-hoiatus-koera-eest\/#primaryimage\"},\"thumbnailUrl\":\"https:\/\/metaltale.com\/wp-content\/uploads\/2023\/10\/Tabliczka-x17Celiwna-SAUGOKITx116S-x160UNS.jpg\",\"datePublished\":\"2024-02-13T11:45:44+00:00\",\"breadcrumb\":{\"@id\":\"https:\/\/metaltale.com\/et\/toode\/dekoratiivne-malmist-tahvel-beware-of-the-dog-hoiatus-koera-eest\/#breadcrumb\"},\"inLanguage\":\"et\",\"potentialAction\":[{\"@type\":\"ReadAction\",\"target\":[\"https:\/\/metaltale.com\/et\/toode\/dekoratiivne-malmist-tahvel-beware-of-the-dog-hoiatus-koera-eest\/\"]}]},{\"@type\":\"ImageObject\",\"inLanguage\":\"et\",\"@id\":\"https:\/\/metaltale.com\/et\/toode\/dekoratiivne-malmist-tahvel-beware-of-the-dog-hoiatus-koera-eest\/#primaryimage\",\"url\":\"https:\/\/metaltale.com\/wp-content\/uploads\/2023\/10\/Tabliczka-x17Celiwna-SAUGOKITx116S-x160UNS.jpg\",\"contentUrl\":\"https:\/\/metaltale.com\/wp-content\/uploads\/2023\/10\/Tabliczka-x17Celiwna-SAUGOKITx116S-x160UNS.jpg\",\"width\":800,\"height\":800},{\"@type\":\"BreadcrumbList\",\"@id\":\"https:\/\/metaltale.com\/et\/toode\/dekoratiivne-malmist-tahvel-beware-of-the-dog-hoiatus-koera-eest\/#breadcrumb\",\"itemListElement\":[{\"@type\":\"ListItem\",\"position\":1,\"name\":\"Home\",\"item\":\"https:\/\/metaltale.com\/et\/kodu\/\"},{\"@type\":\"ListItem\",\"position\":2,\"name\":\"Kauplus\",\"item\":\"https:\/\/metaltale.com\/et\/shop\/\"},{\"@type\":\"ListItem\",\"position\":3,\"name\":\"Dekoratiivne malmist tahvel BEWARE OF THE DOG (Hoiatus koera eest)\"}]},{\"@type\":\"WebSite\",\"@id\":\"https:\/\/metaltale.com\/et\/#website\",\"url\":\"https:\/\/metaltale.com\/et\/\",\"name\":\"Metaltale.com\",\"description\":\"\",\"potentialAction\":[{\"@type\":\"SearchAction\",\"target\":{\"@type\":\"EntryPoint\",\"urlTemplate\":\"https:\/\/metaltale.com\/et\/?s={search_term_string}\"},\"query-input\":{\"@type\":\"PropertyValueSpecification\",\"valueRequired\":true,\"valueName\":\"search_term_string\"}}],\"inLanguage\":\"et\"}]}<\/script>\n<!-- \/ Yoast SEO plugin. -->","yoast_head_json":{"title":"Dekoratiivne malmist tahvel BEWARE OF THE DOG (Hoiatus koera eest) - MetalTale.com","robots":{"index":"index","follow":"follow","max-snippet":"max-snippet:-1","max-image-preview":"max-image-preview:large","max-video-preview":"max-video-preview:-1"},"canonical":"https:\/\/metaltale.com\/et\/toode\/dekoratiivne-malmist-tahvel-beware-of-the-dog-hoiatus-koera-eest\/","og_locale":"et_EE","og_type":"article","og_title":"Dekoratiivne malmist tahvel BEWARE OF THE DOG (Hoiatus koera eest) - MetalTale.com","og_description":"Mudel 01.342.AI. SEO EAN. 5905369919879 Materjal Ketus \u00dcldine k\u00f5rgus (cm) 9 \u00dcldine laius (cm) 18 Kuju Ovaalne V\u00e4rv teras Plaat","og_url":"https:\/\/metaltale.com\/et\/toode\/dekoratiivne-malmist-tahvel-beware-of-the-dog-hoiatus-koera-eest\/","og_site_name":"MetalTale.com","twitter_card":"summary_large_image","schema":{"@context":"https:\/\/schema.org","@graph":[{"@type":"WebPage","@id":"https:\/\/metaltale.com\/et\/toode\/dekoratiivne-malmist-tahvel-beware-of-the-dog-hoiatus-koera-eest\/","url":"https:\/\/metaltale.com\/et\/toode\/dekoratiivne-malmist-tahvel-beware-of-the-dog-hoiatus-koera-eest\/","name":"Dekoratiivne malmist tahvel BEWARE OF THE DOG (Hoiatus koera eest) - MetalTale.com","isPartOf":{"@id":"https:\/\/metaltale.com\/et\/#website"},"primaryImageOfPage":{"@id":"https:\/\/metaltale.com\/et\/toode\/dekoratiivne-malmist-tahvel-beware-of-the-dog-hoiatus-koera-eest\/#primaryimage"},"image":{"@id":"https:\/\/metaltale.com\/et\/toode\/dekoratiivne-malmist-tahvel-beware-of-the-dog-hoiatus-koera-eest\/#primaryimage"},"thumbnailUrl":"https:\/\/metaltale.com\/wp-content\/uploads\/2023\/10\/Tabliczka-x17Celiwna-SAUGOKITx116S-x160UNS.jpg","datePublished":"2024-02-13T11:45:44+00:00","breadcrumb":{"@id":"https:\/\/metaltale.com\/et\/toode\/dekoratiivne-malmist-tahvel-beware-of-the-dog-hoiatus-koera-eest\/#breadcrumb"},"inLanguage":"et","potentialAction":[{"@type":"ReadAction","target":["https:\/\/metaltale.com\/et\/toode\/dekoratiivne-malmist-tahvel-beware-of-the-dog-hoiatus-koera-eest\/"]}]},{"@type":"ImageObject","inLanguage":"et","@id":"https:\/\/metaltale.com\/et\/toode\/dekoratiivne-malmist-tahvel-beware-of-the-dog-hoiatus-koera-eest\/#primaryimage","url":"https:\/\/metaltale.com\/wp-content\/uploads\/2023\/10\/Tabliczka-x17Celiwna-SAUGOKITx116S-x160UNS.jpg","contentUrl":"https:\/\/metaltale.com\/wp-content\/uploads\/2023\/10\/Tabliczka-x17Celiwna-SAUGOKITx116S-x160UNS.jpg","width":800,"height":800},{"@type":"BreadcrumbList","@id":"https:\/\/metaltale.com\/et\/toode\/dekoratiivne-malmist-tahvel-beware-of-the-dog-hoiatus-koera-eest\/#breadcrumb","itemListElement":[{"@type":"ListItem","position":1,"name":"Home","item":"https:\/\/metaltale.com\/et\/kodu\/"},{"@type":"ListItem","position":2,"name":"Kauplus","item":"https:\/\/metaltale.com\/et\/shop\/"},{"@type":"ListItem","position":3,"name":"Dekoratiivne malmist tahvel BEWARE OF THE DOG (Hoiatus koera eest)"}]},{"@type":"WebSite","@id":"https:\/\/metaltale.com\/et\/#website","url":"https:\/\/metaltale.com\/et\/","name":"Metaltale.com","description":"","potentialAction":[{"@type":"SearchAction","target":{"@type":"EntryPoint","urlTemplate":"https:\/\/metaltale.com\/et\/?s={search_term_string}"},"query-input":{"@type":"PropertyValueSpecification","valueRequired":true,"valueName":"search_term_string"}}],"inLanguage":"et"}]}},"_links":{"self":[{"href":"https:\/\/metaltale.com\/et\/wp-json\/wp\/v2\/product\/139326","targetHints":{"allow":["GET"]}}],"collection":[{"href":"https:\/\/metaltale.com\/et\/wp-json\/wp\/v2\/product"}],"about":[{"href":"https:\/\/metaltale.com\/et\/wp-json\/wp\/v2\/types\/product"}],"replies":[{"embeddable":true,"href":"https:\/\/metaltale.com\/et\/wp-json\/wp\/v2\/comments?post=139326"}],"version-history":[{"count":0,"href":"https:\/\/metaltale.com\/et\/wp-json\/wp\/v2\/product\/139326\/revisions"}],"wp:featuredmedia":[{"embeddable":true,"href":"https:\/\/metaltale.com\/et\/wp-json\/wp\/v2\/media\/79863"}],"wp:attachment":[{"href":"https:\/\/metaltale.com\/et\/wp-json\/wp\/v2\/media?parent=139326"}],"wp:term":[{"taxonomy":"product_brand","embeddable":true,"href":"https:\/\/metaltale.com\/et\/wp-json\/wp\/v2\/product_brand?post=139326"},{"taxonomy":"product_cat","embeddable":true,"href":"https:\/\/metaltale.com\/et\/wp-json\/wp\/v2\/product_cat?post=139326"},{"taxonomy":"product_tag","embeddable":true,"href":"https:\/\/metaltale.com\/et\/wp-json\/wp\/v2\/product_tag?post=139326"}],"curies":[{"name":"wp","href":"https:\/\/api.w.org\/{rel}","templated":true}]}}