{"id":139314,"date":"2024-02-13T13:49:44","date_gmt":"2024-02-13T11:49:44","guid":{"rendered":"https:\/\/metaltale.com\/produktas\/moobli-kaepide-rustic-knoatcher-tagaplaadiga-37x115-mm\/"},"modified":"2024-02-13T13:49:44","modified_gmt":"2024-02-13T11:49:44","slug":"moobli-kaepide-rustic-knoatcher-tagaplaadiga-37x115-mm","status":"publish","type":"product","link":"https:\/\/metaltale.com\/et\/toode\/moobli-kaepide-rustic-knoatcher-tagaplaadiga-37x115-mm\/","title":{"rendered":"M\u00f6\u00f6bli k\u00e4epide RUSTIC KNOATCHER tagaplaadiga 37&#215;115 mm"},"content":{"rendered":"<div class=\"prod_data\">\n<p><strong>Mudel<\/strong> 12998.27.PRGR<br \/>\n<strong>Materjal<\/strong> teras<br \/>\n<strong>\u00dcldl\u00e4bim\u00f5\u00f5t (cm)<\/strong> 3,4<br \/>\n<strong>Aluse m\u00f5\u00f5tmed (cm<\/strong> ) 3,7&#215;11,5<br \/>\nAukude <strong>vahe (cm)<\/strong> 10,5<br \/>\nPaigalduskruvid Jah<br \/>\n<strong>V\u00e4rv<\/strong> Pruun, roostevaba<br \/>\nViimistlus lihvitud<\/p>\n<p>&#8211; k\u00e4epide on valmistatud k\u00f5rgeima kvaliteediga terasest, mis tagab meile toote t\u00f6\u00f6kvaliteedi ja vastupidavuse.<br \/>\n&#8211; kergelt struktureeritud ja roostes pind r\u00f5hutab veelgi retroh\u00f5ngulist iseloomu.<br \/>\n&#8211; selle kuju v\u00f5imaldab t\u00f5husat ja lihtsat avamist<\/p>\n<hr>\n<p>Rustika m\u00f6\u00f6bli k\u00e4epidemed on suurep\u00e4rane n\u00e4ide kasulikust retro m\u00f6\u00f6bli aksessuaarist, mis suurendab oluliselt kogu ruumi visuaalset tunnet, s\u00e4ilitades samas t\u00e4ielikult kasutatavaid funktsioone. V\u00e4ikestel ja v\u00e4ikestel vormidel n\u00e4ib olevat suur m\u00f5ju interj\u00f6\u00f6ride l\u00f5pptulemusele. M\u00f6\u00f6bli k\u00e4epide oli valmistatud kvaliteetsest terasest ning immutatud ja vanandatud. See on stiililt v\u00e4ga vana &#8211; sellel on roosteefekt. Elegantne silt on selle t\u00e4iendav praktiline eelis.<\/p>\n<p>Komplekti kuulub kruvikinnitus.<\/p>\n<\/div>\n","protected":false},"excerpt":{"rendered":"<p>Mudel 12998.27.PRGR Materjal teras \u00dcldl\u00e4bim\u00f5\u00f5t (cm) 3,4 Aluse m\u00f5\u00f5tmed (cm ) 3,7&#215;11,5 Aukude vahe (cm) 10,5 Paigalduskruvid Jah V\u00e4rv Pruun,<\/p>\n","protected":false},"featured_media":80792,"comment_status":"open","ping_status":"closed","template":"","meta":{"_acf_changed":false,"pmpro_default_level":""},"product_brand":[],"product_cat":[23839,23836,23842],"product_tag":[],"class_list":{"0":"post-139314","1":"product","2":"type-product","3":"status-publish","4":"has-post-thumbnail","6":"product_cat-moobli-kaepidemed","7":"product_cat-moobli-tarvikud","8":"product_cat-spinteles-rankeneles-et","9":"pmpro-has-access","11":"first","12":"instock","13":"shipping-taxable","14":"purchasable","15":"product-type-simple"},"acf":[],"yoast_head":"<!-- This site is optimized with the Yoast SEO plugin v24.9 - https:\/\/yoast.com\/wordpress\/plugins\/seo\/ -->\n<title>M\u00f6\u00f6bli k\u00e4epide RUSTIC KNOATCHER tagaplaadiga 37x115 mm - MetalTale.com<\/title>\n<meta name=\"robots\" content=\"index, follow, max-snippet:-1, max-image-preview:large, max-video-preview:-1\" \/>\n<link rel=\"canonical\" href=\"https:\/\/metaltale.com\/et\/toode\/moobli-kaepide-rustic-knoatcher-tagaplaadiga-37x115-mm\/\" \/>\n<meta property=\"og:locale\" content=\"et_EE\" \/>\n<meta property=\"og:type\" content=\"article\" \/>\n<meta property=\"og:title\" content=\"M\u00f6\u00f6bli k\u00e4epide RUSTIC KNOATCHER tagaplaadiga 37x115 mm - MetalTale.com\" \/>\n<meta property=\"og:description\" content=\"Mudel 12998.27.PRGR Materjal teras \u00dcldl\u00e4bim\u00f5\u00f5t (cm) 3,4 Aluse m\u00f5\u00f5tmed (cm ) 3,7&#215;11,5 Aukude vahe (cm) 10,5 Paigalduskruvid Jah V\u00e4rv Pruun,\" \/>\n<meta property=\"og:url\" content=\"https:\/\/metaltale.com\/et\/toode\/moobli-kaepide-rustic-knoatcher-tagaplaadiga-37x115-mm\/\" \/>\n<meta property=\"og:site_name\" content=\"MetalTale.com\" \/>\n<meta name=\"twitter:card\" content=\"summary_large_image\" \/>\n<meta name=\"twitter:label1\" content=\"Est. reading time\" \/>\n\t<meta name=\"twitter:data1\" content=\"1 minut\" \/>\n<script type=\"application\/ld+json\" class=\"yoast-schema-graph\">{\"@context\":\"https:\/\/schema.org\",\"@graph\":[{\"@type\":\"WebPage\",\"@id\":\"https:\/\/metaltale.com\/et\/toode\/moobli-kaepide-rustic-knoatcher-tagaplaadiga-37x115-mm\/\",\"url\":\"https:\/\/metaltale.com\/et\/toode\/moobli-kaepide-rustic-knoatcher-tagaplaadiga-37x115-mm\/\",\"name\":\"M\u00f6\u00f6bli k\u00e4epide RUSTIC KNOATCHER tagaplaadiga 37x115 mm - MetalTale.com\",\"isPartOf\":{\"@id\":\"https:\/\/metaltale.com\/et\/#website\"},\"primaryImageOfPage\":{\"@id\":\"https:\/\/metaltale.com\/et\/toode\/moobli-kaepide-rustic-knoatcher-tagaplaadiga-37x115-mm\/#primaryimage\"},\"image\":{\"@id\":\"https:\/\/metaltale.com\/et\/toode\/moobli-kaepide-rustic-knoatcher-tagaplaadiga-37x115-mm\/#primaryimage\"},\"thumbnailUrl\":\"https:\/\/metaltale.com\/wp-content\/uploads\/2023\/10\/Baldx173-rankena-kaimix161kas-dekoratyvinis-beldiklis-37-x-115mm-su-ix161kaba.jpg\",\"datePublished\":\"2024-02-13T11:49:44+00:00\",\"breadcrumb\":{\"@id\":\"https:\/\/metaltale.com\/et\/toode\/moobli-kaepide-rustic-knoatcher-tagaplaadiga-37x115-mm\/#breadcrumb\"},\"inLanguage\":\"et\",\"potentialAction\":[{\"@type\":\"ReadAction\",\"target\":[\"https:\/\/metaltale.com\/et\/toode\/moobli-kaepide-rustic-knoatcher-tagaplaadiga-37x115-mm\/\"]}]},{\"@type\":\"ImageObject\",\"inLanguage\":\"et\",\"@id\":\"https:\/\/metaltale.com\/et\/toode\/moobli-kaepide-rustic-knoatcher-tagaplaadiga-37x115-mm\/#primaryimage\",\"url\":\"https:\/\/metaltale.com\/wp-content\/uploads\/2023\/10\/Baldx173-rankena-kaimix161kas-dekoratyvinis-beldiklis-37-x-115mm-su-ix161kaba.jpg\",\"contentUrl\":\"https:\/\/metaltale.com\/wp-content\/uploads\/2023\/10\/Baldx173-rankena-kaimix161kas-dekoratyvinis-beldiklis-37-x-115mm-su-ix161kaba.jpg\",\"width\":800,\"height\":800,\"caption\":\"M\u00f6\u00f6bli k\u00e4epide RUSTIC KNOATCHER tagaplaadiga 37x115 mm\"},{\"@type\":\"BreadcrumbList\",\"@id\":\"https:\/\/metaltale.com\/et\/toode\/moobli-kaepide-rustic-knoatcher-tagaplaadiga-37x115-mm\/#breadcrumb\",\"itemListElement\":[{\"@type\":\"ListItem\",\"position\":1,\"name\":\"Home\",\"item\":\"https:\/\/metaltale.com\/et\/kodu\/\"},{\"@type\":\"ListItem\",\"position\":2,\"name\":\"Kauplus\",\"item\":\"https:\/\/metaltale.com\/et\/shop\/\"},{\"@type\":\"ListItem\",\"position\":3,\"name\":\"M\u00f6\u00f6bli k\u00e4epide RUSTIC KNOATCHER tagaplaadiga 37&#215;115 mm\"}]},{\"@type\":\"WebSite\",\"@id\":\"https:\/\/metaltale.com\/et\/#website\",\"url\":\"https:\/\/metaltale.com\/et\/\",\"name\":\"Metaltale.com\",\"description\":\"\",\"potentialAction\":[{\"@type\":\"SearchAction\",\"target\":{\"@type\":\"EntryPoint\",\"urlTemplate\":\"https:\/\/metaltale.com\/et\/?s={search_term_string}\"},\"query-input\":{\"@type\":\"PropertyValueSpecification\",\"valueRequired\":true,\"valueName\":\"search_term_string\"}}],\"inLanguage\":\"et\"}]}<\/script>\n<!-- \/ Yoast SEO plugin. -->","yoast_head_json":{"title":"M\u00f6\u00f6bli k\u00e4epide RUSTIC KNOATCHER tagaplaadiga 37x115 mm - MetalTale.com","robots":{"index":"index","follow":"follow","max-snippet":"max-snippet:-1","max-image-preview":"max-image-preview:large","max-video-preview":"max-video-preview:-1"},"canonical":"https:\/\/metaltale.com\/et\/toode\/moobli-kaepide-rustic-knoatcher-tagaplaadiga-37x115-mm\/","og_locale":"et_EE","og_type":"article","og_title":"M\u00f6\u00f6bli k\u00e4epide RUSTIC KNOATCHER tagaplaadiga 37x115 mm - MetalTale.com","og_description":"Mudel 12998.27.PRGR Materjal teras \u00dcldl\u00e4bim\u00f5\u00f5t (cm) 3,4 Aluse m\u00f5\u00f5tmed (cm ) 3,7&#215;11,5 Aukude vahe (cm) 10,5 Paigalduskruvid Jah V\u00e4rv Pruun,","og_url":"https:\/\/metaltale.com\/et\/toode\/moobli-kaepide-rustic-knoatcher-tagaplaadiga-37x115-mm\/","og_site_name":"MetalTale.com","twitter_card":"summary_large_image","twitter_misc":{"Est. reading time":"1 minut"},"schema":{"@context":"https:\/\/schema.org","@graph":[{"@type":"WebPage","@id":"https:\/\/metaltale.com\/et\/toode\/moobli-kaepide-rustic-knoatcher-tagaplaadiga-37x115-mm\/","url":"https:\/\/metaltale.com\/et\/toode\/moobli-kaepide-rustic-knoatcher-tagaplaadiga-37x115-mm\/","name":"M\u00f6\u00f6bli k\u00e4epide RUSTIC KNOATCHER tagaplaadiga 37x115 mm - MetalTale.com","isPartOf":{"@id":"https:\/\/metaltale.com\/et\/#website"},"primaryImageOfPage":{"@id":"https:\/\/metaltale.com\/et\/toode\/moobli-kaepide-rustic-knoatcher-tagaplaadiga-37x115-mm\/#primaryimage"},"image":{"@id":"https:\/\/metaltale.com\/et\/toode\/moobli-kaepide-rustic-knoatcher-tagaplaadiga-37x115-mm\/#primaryimage"},"thumbnailUrl":"https:\/\/metaltale.com\/wp-content\/uploads\/2023\/10\/Baldx173-rankena-kaimix161kas-dekoratyvinis-beldiklis-37-x-115mm-su-ix161kaba.jpg","datePublished":"2024-02-13T11:49:44+00:00","breadcrumb":{"@id":"https:\/\/metaltale.com\/et\/toode\/moobli-kaepide-rustic-knoatcher-tagaplaadiga-37x115-mm\/#breadcrumb"},"inLanguage":"et","potentialAction":[{"@type":"ReadAction","target":["https:\/\/metaltale.com\/et\/toode\/moobli-kaepide-rustic-knoatcher-tagaplaadiga-37x115-mm\/"]}]},{"@type":"ImageObject","inLanguage":"et","@id":"https:\/\/metaltale.com\/et\/toode\/moobli-kaepide-rustic-knoatcher-tagaplaadiga-37x115-mm\/#primaryimage","url":"https:\/\/metaltale.com\/wp-content\/uploads\/2023\/10\/Baldx173-rankena-kaimix161kas-dekoratyvinis-beldiklis-37-x-115mm-su-ix161kaba.jpg","contentUrl":"https:\/\/metaltale.com\/wp-content\/uploads\/2023\/10\/Baldx173-rankena-kaimix161kas-dekoratyvinis-beldiklis-37-x-115mm-su-ix161kaba.jpg","width":800,"height":800,"caption":"M\u00f6\u00f6bli k\u00e4epide RUSTIC KNOATCHER tagaplaadiga 37x115 mm"},{"@type":"BreadcrumbList","@id":"https:\/\/metaltale.com\/et\/toode\/moobli-kaepide-rustic-knoatcher-tagaplaadiga-37x115-mm\/#breadcrumb","itemListElement":[{"@type":"ListItem","position":1,"name":"Home","item":"https:\/\/metaltale.com\/et\/kodu\/"},{"@type":"ListItem","position":2,"name":"Kauplus","item":"https:\/\/metaltale.com\/et\/shop\/"},{"@type":"ListItem","position":3,"name":"M\u00f6\u00f6bli k\u00e4epide RUSTIC KNOATCHER tagaplaadiga 37&#215;115 mm"}]},{"@type":"WebSite","@id":"https:\/\/metaltale.com\/et\/#website","url":"https:\/\/metaltale.com\/et\/","name":"Metaltale.com","description":"","potentialAction":[{"@type":"SearchAction","target":{"@type":"EntryPoint","urlTemplate":"https:\/\/metaltale.com\/et\/?s={search_term_string}"},"query-input":{"@type":"PropertyValueSpecification","valueRequired":true,"valueName":"search_term_string"}}],"inLanguage":"et"}]}},"_links":{"self":[{"href":"https:\/\/metaltale.com\/et\/wp-json\/wp\/v2\/product\/139314","targetHints":{"allow":["GET"]}}],"collection":[{"href":"https:\/\/metaltale.com\/et\/wp-json\/wp\/v2\/product"}],"about":[{"href":"https:\/\/metaltale.com\/et\/wp-json\/wp\/v2\/types\/product"}],"replies":[{"embeddable":true,"href":"https:\/\/metaltale.com\/et\/wp-json\/wp\/v2\/comments?post=139314"}],"version-history":[{"count":0,"href":"https:\/\/metaltale.com\/et\/wp-json\/wp\/v2\/product\/139314\/revisions"}],"wp:featuredmedia":[{"embeddable":true,"href":"https:\/\/metaltale.com\/et\/wp-json\/wp\/v2\/media\/80792"}],"wp:attachment":[{"href":"https:\/\/metaltale.com\/et\/wp-json\/wp\/v2\/media?parent=139314"}],"wp:term":[{"taxonomy":"product_brand","embeddable":true,"href":"https:\/\/metaltale.com\/et\/wp-json\/wp\/v2\/product_brand?post=139314"},{"taxonomy":"product_cat","embeddable":true,"href":"https:\/\/metaltale.com\/et\/wp-json\/wp\/v2\/product_cat?post=139314"},{"taxonomy":"product_tag","embeddable":true,"href":"https:\/\/metaltale.com\/et\/wp-json\/wp\/v2\/product_tag?post=139314"}],"curies":[{"name":"wp","href":"https:\/\/api.w.org\/{rel}","templated":true}]}}