{"id":139286,"date":"2024-02-13T13:51:04","date_gmt":"2024-02-13T11:51:04","guid":{"rendered":"https:\/\/metaltale.com\/produktas\/moobli-kaepide-rural-105mm\/"},"modified":"2024-07-02T15:50:11","modified_gmt":"2024-07-02T13:50:11","slug":"moobli-kaepide-rural-105mm","status":"publish","type":"product","link":"https:\/\/metaltale.com\/et\/toode\/moobli-kaepide-rural-105mm\/","title":{"rendered":"M\u00f6\u00f6bli k\u00e4epide RURAL 105mm"},"content":{"rendered":"<div class=\"prod_data\">\n<p><strong>Mudel<\/strong> 30.079.RU.105<br \/>\n<strong>EAN.<\/strong>  5905369920905<br \/>\nMaterjal Ketus<br \/>\n<strong>\u00dcldine k\u00f5rgus (cm)<\/strong> 6,5<br \/>\n<strong>\u00dcldine laius (cm)<\/strong> 10,5<br \/>\n<strong>Aluse m\u00f5\u00f5tmed (cm<\/strong> ) 10,5 x 3,4<br \/>\nAukude <strong>vahe (cm)<\/strong> Vertikaalne: 2,5 \/ Tasandiline: 8<br \/>\n<strong>V\u00e4rv<\/strong> roostes<\/p>\n<p>Retro <strong>aksessuaarid ja kaunistused<\/strong> annavad v\u00f5imaluse luua paljude interj\u00f6\u00f6ride jaoks unikaalseid kujundusi. N\u00e4idatud k\u00e4epideme kliimaseadmed on ideaalne lahendus kirstude ja kohvrite t\u00e4pseks kaunistamiseks.<\/p>\n<p>Vananemisprotsessi t\u00f5ttu on k\u00e4epide omandanud ainulaadse kuju, mis vastab k\u00f5ige kirglikumate maal\u00e4hedase sisekujunduse f\u00e4nnide ootustele. K\u00e4epide on varustatud kinnituskruvidega, mis v\u00f5imaldavad kiiret ja mugavat paigaldamist konkreetsele puutasapinnale.<\/p>\n<p>Komplektis on kaasas kinnituskruvide komplekt.<\/p>\n<p>Tere tulemast meie maal\u00e4hedaste k\u00e4epidemete poe pealehele, kus saate tutvuda meie m\u00f6\u00f6blitarvikute, m\u00f6\u00f6blik\u00e4epidemete ja m\u00f6\u00f6blivarustuse pakkumisega.<\/p>\n<\/div>\n","protected":false},"excerpt":{"rendered":"<p>Mudel 30.079.RU.105 EAN. 5905369920905 Materjal Ketus \u00dcldine k\u00f5rgus (cm) 6,5 \u00dcldine laius (cm) 10,5 Aluse m\u00f5\u00f5tmed (cm ) 10,5 x<\/p>\n","protected":false},"featured_media":117320,"comment_status":"open","ping_status":"closed","template":"","meta":{"_acf_changed":false,"pmpro_default_level":""},"product_brand":[],"product_cat":[23839,23836,23842],"product_tag":[],"class_list":{"0":"post-139286","1":"product","2":"type-product","3":"status-publish","4":"has-post-thumbnail","6":"product_cat-moobli-kaepidemed","7":"product_cat-moobli-tarvikud","8":"product_cat-spinteles-rankeneles-et","9":"pmpro-has-access","11":"first","12":"instock","13":"shipping-taxable","14":"purchasable","15":"product-type-simple"},"acf":[],"yoast_head":"<!-- This site is optimized with the Yoast SEO plugin v24.9 - https:\/\/yoast.com\/wordpress\/plugins\/seo\/ -->\n<title>M\u00f6\u00f6bli k\u00e4epide RURAL 105mm - MetalTale.com<\/title>\n<meta name=\"robots\" content=\"index, follow, max-snippet:-1, max-image-preview:large, max-video-preview:-1\" \/>\n<link rel=\"canonical\" href=\"https:\/\/metaltale.com\/et\/toode\/moobli-kaepide-rural-105mm\/\" \/>\n<meta property=\"og:locale\" content=\"et_EE\" \/>\n<meta property=\"og:type\" content=\"article\" \/>\n<meta property=\"og:title\" content=\"M\u00f6\u00f6bli k\u00e4epide RURAL 105mm - MetalTale.com\" \/>\n<meta property=\"og:description\" content=\"Mudel 30.079.RU.105 EAN. 5905369920905 Materjal Ketus \u00dcldine k\u00f5rgus (cm) 6,5 \u00dcldine laius (cm) 10,5 Aluse m\u00f5\u00f5tmed (cm ) 10,5 x\" \/>\n<meta property=\"og:url\" content=\"https:\/\/metaltale.com\/et\/toode\/moobli-kaepide-rural-105mm\/\" \/>\n<meta property=\"og:site_name\" content=\"MetalTale.com\" \/>\n<meta property=\"article:modified_time\" content=\"2024-07-02T13:50:11+00:00\" \/>\n<meta property=\"og:image\" content=\"https:\/\/metaltale.com\/wp-content\/uploads\/2023\/12\/Surx16Bdijusi-kaimo-baldx173-rankena-105mm-scaled.jpg\" \/>\n\t<meta property=\"og:image:width\" content=\"2560\" \/>\n\t<meta property=\"og:image:height\" content=\"2560\" \/>\n\t<meta property=\"og:image:type\" content=\"image\/jpeg\" \/>\n<meta name=\"twitter:card\" content=\"summary_large_image\" \/>\n<meta name=\"twitter:label1\" content=\"Est. reading time\" \/>\n\t<meta name=\"twitter:data1\" content=\"1 minut\" \/>\n<script type=\"application\/ld+json\" class=\"yoast-schema-graph\">{\"@context\":\"https:\/\/schema.org\",\"@graph\":[{\"@type\":\"WebPage\",\"@id\":\"https:\/\/metaltale.com\/et\/toode\/moobli-kaepide-rural-105mm\/\",\"url\":\"https:\/\/metaltale.com\/et\/toode\/moobli-kaepide-rural-105mm\/\",\"name\":\"M\u00f6\u00f6bli k\u00e4epide RURAL 105mm - MetalTale.com\",\"isPartOf\":{\"@id\":\"https:\/\/metaltale.com\/et\/#website\"},\"primaryImageOfPage\":{\"@id\":\"https:\/\/metaltale.com\/et\/toode\/moobli-kaepide-rural-105mm\/#primaryimage\"},\"image\":{\"@id\":\"https:\/\/metaltale.com\/et\/toode\/moobli-kaepide-rural-105mm\/#primaryimage\"},\"thumbnailUrl\":\"https:\/\/metaltale.com\/wp-content\/uploads\/2023\/12\/Surx16Bdijusi-kaimo-baldx173-rankena-105mm-scaled.jpg\",\"datePublished\":\"2024-02-13T11:51:04+00:00\",\"dateModified\":\"2024-07-02T13:50:11+00:00\",\"breadcrumb\":{\"@id\":\"https:\/\/metaltale.com\/et\/toode\/moobli-kaepide-rural-105mm\/#breadcrumb\"},\"inLanguage\":\"et\",\"potentialAction\":[{\"@type\":\"ReadAction\",\"target\":[\"https:\/\/metaltale.com\/et\/toode\/moobli-kaepide-rural-105mm\/\"]}]},{\"@type\":\"ImageObject\",\"inLanguage\":\"et\",\"@id\":\"https:\/\/metaltale.com\/et\/toode\/moobli-kaepide-rural-105mm\/#primaryimage\",\"url\":\"https:\/\/metaltale.com\/wp-content\/uploads\/2023\/12\/Surx16Bdijusi-kaimo-baldx173-rankena-105mm-scaled.jpg\",\"contentUrl\":\"https:\/\/metaltale.com\/wp-content\/uploads\/2023\/12\/Surx16Bdijusi-kaimo-baldx173-rankena-105mm-scaled.jpg\",\"width\":2560,\"height\":2560,\"caption\":\"M\u00f6\u00f6bli k\u00e4epide RURAL 105mm\"},{\"@type\":\"BreadcrumbList\",\"@id\":\"https:\/\/metaltale.com\/et\/toode\/moobli-kaepide-rural-105mm\/#breadcrumb\",\"itemListElement\":[{\"@type\":\"ListItem\",\"position\":1,\"name\":\"Home\",\"item\":\"https:\/\/metaltale.com\/et\/kodu\/\"},{\"@type\":\"ListItem\",\"position\":2,\"name\":\"Kauplus\",\"item\":\"https:\/\/metaltale.com\/et\/shop\/\"},{\"@type\":\"ListItem\",\"position\":3,\"name\":\"M\u00f6\u00f6bli k\u00e4epide RURAL 105mm\"}]},{\"@type\":\"WebSite\",\"@id\":\"https:\/\/metaltale.com\/et\/#website\",\"url\":\"https:\/\/metaltale.com\/et\/\",\"name\":\"Metaltale.com\",\"description\":\"\",\"potentialAction\":[{\"@type\":\"SearchAction\",\"target\":{\"@type\":\"EntryPoint\",\"urlTemplate\":\"https:\/\/metaltale.com\/et\/?s={search_term_string}\"},\"query-input\":{\"@type\":\"PropertyValueSpecification\",\"valueRequired\":true,\"valueName\":\"search_term_string\"}}],\"inLanguage\":\"et\"}]}<\/script>\n<!-- \/ Yoast SEO plugin. -->","yoast_head_json":{"title":"M\u00f6\u00f6bli k\u00e4epide RURAL 105mm - MetalTale.com","robots":{"index":"index","follow":"follow","max-snippet":"max-snippet:-1","max-image-preview":"max-image-preview:large","max-video-preview":"max-video-preview:-1"},"canonical":"https:\/\/metaltale.com\/et\/toode\/moobli-kaepide-rural-105mm\/","og_locale":"et_EE","og_type":"article","og_title":"M\u00f6\u00f6bli k\u00e4epide RURAL 105mm - MetalTale.com","og_description":"Mudel 30.079.RU.105 EAN. 5905369920905 Materjal Ketus \u00dcldine k\u00f5rgus (cm) 6,5 \u00dcldine laius (cm) 10,5 Aluse m\u00f5\u00f5tmed (cm ) 10,5 x","og_url":"https:\/\/metaltale.com\/et\/toode\/moobli-kaepide-rural-105mm\/","og_site_name":"MetalTale.com","article_modified_time":"2024-07-02T13:50:11+00:00","og_image":[{"width":2560,"height":2560,"url":"https:\/\/metaltale.com\/wp-content\/uploads\/2023\/12\/Surx16Bdijusi-kaimo-baldx173-rankena-105mm-scaled.jpg","type":"image\/jpeg"}],"twitter_card":"summary_large_image","twitter_misc":{"Est. reading time":"1 minut"},"schema":{"@context":"https:\/\/schema.org","@graph":[{"@type":"WebPage","@id":"https:\/\/metaltale.com\/et\/toode\/moobli-kaepide-rural-105mm\/","url":"https:\/\/metaltale.com\/et\/toode\/moobli-kaepide-rural-105mm\/","name":"M\u00f6\u00f6bli k\u00e4epide RURAL 105mm - MetalTale.com","isPartOf":{"@id":"https:\/\/metaltale.com\/et\/#website"},"primaryImageOfPage":{"@id":"https:\/\/metaltale.com\/et\/toode\/moobli-kaepide-rural-105mm\/#primaryimage"},"image":{"@id":"https:\/\/metaltale.com\/et\/toode\/moobli-kaepide-rural-105mm\/#primaryimage"},"thumbnailUrl":"https:\/\/metaltale.com\/wp-content\/uploads\/2023\/12\/Surx16Bdijusi-kaimo-baldx173-rankena-105mm-scaled.jpg","datePublished":"2024-02-13T11:51:04+00:00","dateModified":"2024-07-02T13:50:11+00:00","breadcrumb":{"@id":"https:\/\/metaltale.com\/et\/toode\/moobli-kaepide-rural-105mm\/#breadcrumb"},"inLanguage":"et","potentialAction":[{"@type":"ReadAction","target":["https:\/\/metaltale.com\/et\/toode\/moobli-kaepide-rural-105mm\/"]}]},{"@type":"ImageObject","inLanguage":"et","@id":"https:\/\/metaltale.com\/et\/toode\/moobli-kaepide-rural-105mm\/#primaryimage","url":"https:\/\/metaltale.com\/wp-content\/uploads\/2023\/12\/Surx16Bdijusi-kaimo-baldx173-rankena-105mm-scaled.jpg","contentUrl":"https:\/\/metaltale.com\/wp-content\/uploads\/2023\/12\/Surx16Bdijusi-kaimo-baldx173-rankena-105mm-scaled.jpg","width":2560,"height":2560,"caption":"M\u00f6\u00f6bli k\u00e4epide RURAL 105mm"},{"@type":"BreadcrumbList","@id":"https:\/\/metaltale.com\/et\/toode\/moobli-kaepide-rural-105mm\/#breadcrumb","itemListElement":[{"@type":"ListItem","position":1,"name":"Home","item":"https:\/\/metaltale.com\/et\/kodu\/"},{"@type":"ListItem","position":2,"name":"Kauplus","item":"https:\/\/metaltale.com\/et\/shop\/"},{"@type":"ListItem","position":3,"name":"M\u00f6\u00f6bli k\u00e4epide RURAL 105mm"}]},{"@type":"WebSite","@id":"https:\/\/metaltale.com\/et\/#website","url":"https:\/\/metaltale.com\/et\/","name":"Metaltale.com","description":"","potentialAction":[{"@type":"SearchAction","target":{"@type":"EntryPoint","urlTemplate":"https:\/\/metaltale.com\/et\/?s={search_term_string}"},"query-input":{"@type":"PropertyValueSpecification","valueRequired":true,"valueName":"search_term_string"}}],"inLanguage":"et"}]}},"_links":{"self":[{"href":"https:\/\/metaltale.com\/et\/wp-json\/wp\/v2\/product\/139286","targetHints":{"allow":["GET"]}}],"collection":[{"href":"https:\/\/metaltale.com\/et\/wp-json\/wp\/v2\/product"}],"about":[{"href":"https:\/\/metaltale.com\/et\/wp-json\/wp\/v2\/types\/product"}],"replies":[{"embeddable":true,"href":"https:\/\/metaltale.com\/et\/wp-json\/wp\/v2\/comments?post=139286"}],"version-history":[{"count":1,"href":"https:\/\/metaltale.com\/et\/wp-json\/wp\/v2\/product\/139286\/revisions"}],"predecessor-version":[{"id":139293,"href":"https:\/\/metaltale.com\/et\/wp-json\/wp\/v2\/product\/139286\/revisions\/139293"}],"wp:featuredmedia":[{"embeddable":true,"href":"https:\/\/metaltale.com\/et\/wp-json\/wp\/v2\/media\/117320"}],"wp:attachment":[{"href":"https:\/\/metaltale.com\/et\/wp-json\/wp\/v2\/media?parent=139286"}],"wp:term":[{"taxonomy":"product_brand","embeddable":true,"href":"https:\/\/metaltale.com\/et\/wp-json\/wp\/v2\/product_brand?post=139286"},{"taxonomy":"product_cat","embeddable":true,"href":"https:\/\/metaltale.com\/et\/wp-json\/wp\/v2\/product_cat?post=139286"},{"taxonomy":"product_tag","embeddable":true,"href":"https:\/\/metaltale.com\/et\/wp-json\/wp\/v2\/product_tag?post=139286"}],"curies":[{"name":"wp","href":"https:\/\/api.w.org\/{rel}","templated":true}]}}