{"id":139255,"date":"2024-02-13T13:51:04","date_gmt":"2024-02-13T11:51:04","guid":{"rendered":"https:\/\/metaltale.com\/produktas\/dusisegisti-antiik-messingist-glen\/"},"modified":"2024-02-13T13:51:04","modified_gmt":"2024-02-13T11:51:04","slug":"dusisegisti-antiik-messingist-glen","status":"publish","type":"product","link":"https:\/\/metaltale.com\/et\/toode\/dusisegisti-antiik-messingist-glen\/","title":{"rendered":"Du\u0161isegisti Antiik messingist GLEN"},"content":{"rendered":"<div class=\"prod_data\">\n<p><strong>Mudel<\/strong> WX. HT92029<br \/>\nGold Glen <strong>kollektsioon<\/strong><br \/>\n<strong>EAN.<\/strong>  5905369900396<br \/>\n<strong>V\u00e4ljalaskeava pikkus (cm)<\/strong> 10<br \/>\n<strong>Materjal<\/strong> Messing<br \/>\n<strong>\u00dcldine k\u00f5rgus (cm)<\/strong> 141<br \/>\n<strong>Du\u0161ipea l\u00e4bim\u00f5\u00f5t (cm<\/strong> ) 6,5<br \/>\n<strong>Du\u0161ipea pikkus (cm)<\/strong> 21<br \/>\n<strong>Du\u0161ipea l\u00e4bim\u00f5\u00f5t (cm)<\/strong> 21<br \/>\n<strong>Vooliku pikkus (cm<\/strong> ) 150<br \/>\n<strong>Kraanide vaheline kaugus (cm)<\/strong> 15<br \/>\n<strong>Anti-Calc (lubjavastane)<\/strong> Jah<br \/>\n<strong>V\u00e4rv<\/strong> Antik messingist<br \/>\n<strong>Viimistlus<\/strong> Pehme, satiinne efekt<br \/>\n<strong>Reguleeritav<\/strong> du\u0161ipea nurk ja k\u00f5rgus (kuni -25 cm)<br \/>\n<strong>LISATEAVE<\/strong> Anti-calc s\u00fcsteem ei kehti du\u0161ipeale<\/p>\n<p>&#8211; Messingist pinnale paigaldatav du\u0161isegisti<br \/>\n&#8211; Du\u0161ikomplekt: vanniotsik, telefon, vihmadu\u0161\u0161<br \/>\n&#8211; keraamiline pea &#8211; element, mis tagab vee n\u00f5uetekohase jaotumise<br \/>\n&#8211; Anti-Calc &#8211; katlakivivastane s\u00fcsteem<br \/>\n&#8211; lihtne puhastada &#8211; soe vesi ja PH-neutraalne seep<br \/>\n&#8211; vaata teisi Gold Glen kollektsiooni mudeleid<\/p>\n<hr>\n<p>Kaunistatud du\u0161ikomplekt satiinist messingist on julge vannitoatehnika, mis on kindlasti t\u00e4helepanu keskpunktiks. Heledat v\u00e4rvi pinnale paigaldatud kraan on v\u00e4ga stiilne sisekujundusvalik. See sobib ideaalselt retro ja v\u00e4rvilistesse du\u0161iruumidesse, luues koos heleda marmoriga t\u00f5eliselt kuningliku atmosf\u00e4\u00e4ri. Kavandatud messingist du\u0161isegisti ja toorbetooni kombinatsioon on samuti disainerite eksklusiivne. Kaasaegsed lahendused &#8211; n\u00e4iteks keraamiliste peade ja silikoonist d\u00fc\u00fcside kasutamine vihmadu\u0161is, et v\u00e4ltida katlakivi ladestumist &#8211; on tunnistuseks toote paremast kvaliteedist.<\/p>\n<hr>\n<\/div>\n","protected":false},"excerpt":{"rendered":"<p>Mudel WX. HT92029 Gold Glen kollektsioon EAN. 5905369900396 V\u00e4ljalaskeava pikkus (cm) 10 Materjal Messing \u00dcldine k\u00f5rgus (cm) 141 Du\u0161ipea l\u00e4bim\u00f5\u00f5t<\/p>\n","protected":false},"featured_media":81194,"comment_status":"open","ping_status":"closed","template":"","meta":{"_acf_changed":false,"pmpro_default_level":""},"product_brand":[],"product_cat":[24194,24154],"product_tag":[],"class_list":{"0":"post-139255","1":"product","2":"type-product","3":"status-publish","4":"has-post-thumbnail","6":"product_cat-dusisegistid","7":"product_cat-vannitoa-kraanid","8":"pmpro-has-access","10":"first","11":"instock","12":"shipping-taxable","13":"purchasable","14":"product-type-simple"},"acf":[],"yoast_head":"<!-- This site is optimized with the Yoast SEO plugin v24.9 - https:\/\/yoast.com\/wordpress\/plugins\/seo\/ -->\n<title>Du\u0161isegisti Antiik messingist GLEN - MetalTale.com<\/title>\n<meta name=\"robots\" content=\"index, follow, max-snippet:-1, max-image-preview:large, max-video-preview:-1\" \/>\n<link rel=\"canonical\" href=\"https:\/\/metaltale.com\/et\/toode\/dusisegisti-antiik-messingist-glen\/\" \/>\n<meta property=\"og:locale\" content=\"et_EE\" \/>\n<meta property=\"og:type\" content=\"article\" \/>\n<meta property=\"og:title\" content=\"Du\u0161isegisti Antiik messingist GLEN - MetalTale.com\" \/>\n<meta property=\"og:description\" content=\"Mudel WX. HT92029 Gold Glen kollektsioon EAN. 5905369900396 V\u00e4ljalaskeava pikkus (cm) 10 Materjal Messing \u00dcldine k\u00f5rgus (cm) 141 Du\u0161ipea l\u00e4bim\u00f5\u00f5t\" \/>\n<meta property=\"og:url\" content=\"https:\/\/metaltale.com\/et\/toode\/dusisegisti-antiik-messingist-glen\/\" \/>\n<meta property=\"og:site_name\" content=\"MetalTale.com\" \/>\n<meta name=\"twitter:card\" content=\"summary_large_image\" \/>\n<meta name=\"twitter:label1\" content=\"Est. reading time\" \/>\n\t<meta name=\"twitter:data1\" content=\"1 minut\" \/>\n<script type=\"application\/ld+json\" class=\"yoast-schema-graph\">{\"@context\":\"https:\/\/schema.org\",\"@graph\":[{\"@type\":\"WebPage\",\"@id\":\"https:\/\/metaltale.com\/et\/toode\/dusisegisti-antiik-messingist-glen\/\",\"url\":\"https:\/\/metaltale.com\/et\/toode\/dusisegisti-antiik-messingist-glen\/\",\"name\":\"Du\u0161isegisti Antiik messingist GLEN - MetalTale.com\",\"isPartOf\":{\"@id\":\"https:\/\/metaltale.com\/et\/#website\"},\"primaryImageOfPage\":{\"@id\":\"https:\/\/metaltale.com\/et\/toode\/dusisegisti-antiik-messingist-glen\/#primaryimage\"},\"image\":{\"@id\":\"https:\/\/metaltale.com\/et\/toode\/dusisegisti-antiik-messingist-glen\/#primaryimage\"},\"thumbnailUrl\":\"https:\/\/metaltale.com\/wp-content\/uploads\/2023\/10\/Dux161o-maix161ytuvas-GLEN.jpg\",\"datePublished\":\"2024-02-13T11:51:04+00:00\",\"breadcrumb\":{\"@id\":\"https:\/\/metaltale.com\/et\/toode\/dusisegisti-antiik-messingist-glen\/#breadcrumb\"},\"inLanguage\":\"et\",\"potentialAction\":[{\"@type\":\"ReadAction\",\"target\":[\"https:\/\/metaltale.com\/et\/toode\/dusisegisti-antiik-messingist-glen\/\"]}]},{\"@type\":\"ImageObject\",\"inLanguage\":\"et\",\"@id\":\"https:\/\/metaltale.com\/et\/toode\/dusisegisti-antiik-messingist-glen\/#primaryimage\",\"url\":\"https:\/\/metaltale.com\/wp-content\/uploads\/2023\/10\/Dux161o-maix161ytuvas-GLEN.jpg\",\"contentUrl\":\"https:\/\/metaltale.com\/wp-content\/uploads\/2023\/10\/Dux161o-maix161ytuvas-GLEN.jpg\",\"width\":800,\"height\":800},{\"@type\":\"BreadcrumbList\",\"@id\":\"https:\/\/metaltale.com\/et\/toode\/dusisegisti-antiik-messingist-glen\/#breadcrumb\",\"itemListElement\":[{\"@type\":\"ListItem\",\"position\":1,\"name\":\"Home\",\"item\":\"https:\/\/metaltale.com\/et\/kodu\/\"},{\"@type\":\"ListItem\",\"position\":2,\"name\":\"Kauplus\",\"item\":\"https:\/\/metaltale.com\/et\/shop\/\"},{\"@type\":\"ListItem\",\"position\":3,\"name\":\"Du\u0161isegisti Antiik messingist GLEN\"}]},{\"@type\":\"WebSite\",\"@id\":\"https:\/\/metaltale.com\/et\/#website\",\"url\":\"https:\/\/metaltale.com\/et\/\",\"name\":\"Metaltale.com\",\"description\":\"\",\"potentialAction\":[{\"@type\":\"SearchAction\",\"target\":{\"@type\":\"EntryPoint\",\"urlTemplate\":\"https:\/\/metaltale.com\/et\/?s={search_term_string}\"},\"query-input\":{\"@type\":\"PropertyValueSpecification\",\"valueRequired\":true,\"valueName\":\"search_term_string\"}}],\"inLanguage\":\"et\"}]}<\/script>\n<!-- \/ Yoast SEO plugin. -->","yoast_head_json":{"title":"Du\u0161isegisti Antiik messingist GLEN - MetalTale.com","robots":{"index":"index","follow":"follow","max-snippet":"max-snippet:-1","max-image-preview":"max-image-preview:large","max-video-preview":"max-video-preview:-1"},"canonical":"https:\/\/metaltale.com\/et\/toode\/dusisegisti-antiik-messingist-glen\/","og_locale":"et_EE","og_type":"article","og_title":"Du\u0161isegisti Antiik messingist GLEN - MetalTale.com","og_description":"Mudel WX. HT92029 Gold Glen kollektsioon EAN. 5905369900396 V\u00e4ljalaskeava pikkus (cm) 10 Materjal Messing \u00dcldine k\u00f5rgus (cm) 141 Du\u0161ipea l\u00e4bim\u00f5\u00f5t","og_url":"https:\/\/metaltale.com\/et\/toode\/dusisegisti-antiik-messingist-glen\/","og_site_name":"MetalTale.com","twitter_card":"summary_large_image","twitter_misc":{"Est. reading time":"1 minut"},"schema":{"@context":"https:\/\/schema.org","@graph":[{"@type":"WebPage","@id":"https:\/\/metaltale.com\/et\/toode\/dusisegisti-antiik-messingist-glen\/","url":"https:\/\/metaltale.com\/et\/toode\/dusisegisti-antiik-messingist-glen\/","name":"Du\u0161isegisti Antiik messingist GLEN - MetalTale.com","isPartOf":{"@id":"https:\/\/metaltale.com\/et\/#website"},"primaryImageOfPage":{"@id":"https:\/\/metaltale.com\/et\/toode\/dusisegisti-antiik-messingist-glen\/#primaryimage"},"image":{"@id":"https:\/\/metaltale.com\/et\/toode\/dusisegisti-antiik-messingist-glen\/#primaryimage"},"thumbnailUrl":"https:\/\/metaltale.com\/wp-content\/uploads\/2023\/10\/Dux161o-maix161ytuvas-GLEN.jpg","datePublished":"2024-02-13T11:51:04+00:00","breadcrumb":{"@id":"https:\/\/metaltale.com\/et\/toode\/dusisegisti-antiik-messingist-glen\/#breadcrumb"},"inLanguage":"et","potentialAction":[{"@type":"ReadAction","target":["https:\/\/metaltale.com\/et\/toode\/dusisegisti-antiik-messingist-glen\/"]}]},{"@type":"ImageObject","inLanguage":"et","@id":"https:\/\/metaltale.com\/et\/toode\/dusisegisti-antiik-messingist-glen\/#primaryimage","url":"https:\/\/metaltale.com\/wp-content\/uploads\/2023\/10\/Dux161o-maix161ytuvas-GLEN.jpg","contentUrl":"https:\/\/metaltale.com\/wp-content\/uploads\/2023\/10\/Dux161o-maix161ytuvas-GLEN.jpg","width":800,"height":800},{"@type":"BreadcrumbList","@id":"https:\/\/metaltale.com\/et\/toode\/dusisegisti-antiik-messingist-glen\/#breadcrumb","itemListElement":[{"@type":"ListItem","position":1,"name":"Home","item":"https:\/\/metaltale.com\/et\/kodu\/"},{"@type":"ListItem","position":2,"name":"Kauplus","item":"https:\/\/metaltale.com\/et\/shop\/"},{"@type":"ListItem","position":3,"name":"Du\u0161isegisti Antiik messingist GLEN"}]},{"@type":"WebSite","@id":"https:\/\/metaltale.com\/et\/#website","url":"https:\/\/metaltale.com\/et\/","name":"Metaltale.com","description":"","potentialAction":[{"@type":"SearchAction","target":{"@type":"EntryPoint","urlTemplate":"https:\/\/metaltale.com\/et\/?s={search_term_string}"},"query-input":{"@type":"PropertyValueSpecification","valueRequired":true,"valueName":"search_term_string"}}],"inLanguage":"et"}]}},"_links":{"self":[{"href":"https:\/\/metaltale.com\/et\/wp-json\/wp\/v2\/product\/139255","targetHints":{"allow":["GET"]}}],"collection":[{"href":"https:\/\/metaltale.com\/et\/wp-json\/wp\/v2\/product"}],"about":[{"href":"https:\/\/metaltale.com\/et\/wp-json\/wp\/v2\/types\/product"}],"replies":[{"embeddable":true,"href":"https:\/\/metaltale.com\/et\/wp-json\/wp\/v2\/comments?post=139255"}],"version-history":[{"count":0,"href":"https:\/\/metaltale.com\/et\/wp-json\/wp\/v2\/product\/139255\/revisions"}],"wp:featuredmedia":[{"embeddable":true,"href":"https:\/\/metaltale.com\/et\/wp-json\/wp\/v2\/media\/81194"}],"wp:attachment":[{"href":"https:\/\/metaltale.com\/et\/wp-json\/wp\/v2\/media?parent=139255"}],"wp:term":[{"taxonomy":"product_brand","embeddable":true,"href":"https:\/\/metaltale.com\/et\/wp-json\/wp\/v2\/product_brand?post=139255"},{"taxonomy":"product_cat","embeddable":true,"href":"https:\/\/metaltale.com\/et\/wp-json\/wp\/v2\/product_cat?post=139255"},{"taxonomy":"product_tag","embeddable":true,"href":"https:\/\/metaltale.com\/et\/wp-json\/wp\/v2\/product_tag?post=139255"}],"curies":[{"name":"wp","href":"https:\/\/api.w.org\/{rel}","templated":true}]}}