{"id":139221,"date":"2024-02-13T13:51:41","date_gmt":"2024-02-13T11:51:41","guid":{"rendered":"https:\/\/metaltale.com\/produktas\/moobli-kaepide-line-95mm\/"},"modified":"2024-02-13T13:51:41","modified_gmt":"2024-02-13T11:51:41","slug":"moobli-kaepide-line-95mm","status":"publish","type":"product","link":"https:\/\/metaltale.com\/et\/toode\/moobli-kaepide-line-95mm\/","title":{"rendered":"M\u00f6\u00f6bli k\u00e4epide LINE 95mm"},"content":{"rendered":"<div class=\"prod_data\">\n<p><strong>Mudel<\/strong> 30.087.AI.96.2<br \/>\n<strong>EAN.<\/strong>  5905369921148<br \/>\nMaterjal Ketus<br \/>\n<strong>\u00dcldine k\u00f5rgus (cm)<\/strong> 4,5<br \/>\n<strong>\u00dcldine laius (cm)<\/strong> 9,5<br \/>\n<strong>Koguprojektsioon (cm)<\/strong> 2,4<br \/>\nAukude <strong>vahekaugus (cm)<\/strong> Vertikaalne: 3,3 \/ 8 tase<br \/>\nPaigalduskruvid Jah<br \/>\n<strong>V\u00e4rv<\/strong> teras<\/p>\n<p>&#8211; k\u00e4epide on valmistatud k\u00f5rgeima kvaliteediga malmist, mis tagab meile t\u00f6\u00f6 kvaliteedi ja toote vastupidavuse.<br \/>\n&#8211; kergelt tekstuurne pind r\u00f5hutab veelgi retroh\u00f5ngulist iseloomu.<br \/>\n&#8211; k\u00e4epidemetel on kinnitusaugud kiireks ja lihtsaks kokkupanekuks<\/p>\n<hr>\n<p>M\u00f6\u00f6bli aksessuaaride lihtsad vormid ja j\u00e4releproovitud vormid annavad v\u00f5imaluse nende potentsiaali funktsionaalselt \u00e4ra kasutada. Meie veebipood annab teile juurdep\u00e4\u00e4su selle kategooria kvaliteetsetele toodetele.<\/p>\n<p>M\u00f6\u00f6blile iseloomuliku triibuga malmist korpuse k\u00e4epide. Ainulaadne v\u00e4limus on k\u00f5rgeima kvaliteediga, korralikult valmistatud rauavalu tulemus. Selle t\u00f6\u00f6tlemata v\u00e4rvus v\u00f5imaldab seda kasutada paljudes kombinatsioonides naturaalsest puidust m\u00f6\u00f6bliga, n\u00e4iteks laudade v\u00f5i kappide puhul.<\/p>\n<p>Tootel on kolm kinnitusauku ja kaasas on tasuta puidukruvid.<\/p>\n<\/div>\n","protected":false},"excerpt":{"rendered":"<p>Mudel 30.087.AI.96.2 EAN. 5905369921148 Materjal Ketus \u00dcldine k\u00f5rgus (cm) 4,5 \u00dcldine laius (cm) 9,5 Koguprojektsioon (cm) 2,4 Aukude vahekaugus (cm)<\/p>\n","protected":false},"featured_media":100974,"comment_status":"open","ping_status":"closed","template":"","meta":{"_acf_changed":false,"pmpro_default_level":""},"product_brand":[],"product_cat":[23839,23836,23844],"product_tag":[],"class_list":{"0":"post-139221","1":"product","2":"type-product","3":"status-publish","4":"has-post-thumbnail","6":"product_cat-moobli-kaepidemed","7":"product_cat-moobli-tarvikud","8":"product_cat-shell-rankeneles-et","9":"pmpro-has-access","11":"first","12":"instock","13":"shipping-taxable","14":"purchasable","15":"product-type-simple"},"acf":[],"yoast_head":"<!-- This site is optimized with the Yoast SEO plugin v24.9 - https:\/\/yoast.com\/wordpress\/plugins\/seo\/ -->\n<title>M\u00f6\u00f6bli k\u00e4epide LINE 95mm - MetalTale.com<\/title>\n<meta name=\"robots\" content=\"index, follow, max-snippet:-1, max-image-preview:large, max-video-preview:-1\" \/>\n<link rel=\"canonical\" href=\"https:\/\/metaltale.com\/et\/toode\/moobli-kaepide-line-95mm\/\" \/>\n<meta property=\"og:locale\" content=\"et_EE\" \/>\n<meta property=\"og:type\" content=\"article\" \/>\n<meta property=\"og:title\" content=\"M\u00f6\u00f6bli k\u00e4epide LINE 95mm - MetalTale.com\" \/>\n<meta property=\"og:description\" content=\"Mudel 30.087.AI.96.2 EAN. 5905369921148 Materjal Ketus \u00dcldine k\u00f5rgus (cm) 4,5 \u00dcldine laius (cm) 9,5 Koguprojektsioon (cm) 2,4 Aukude vahekaugus (cm)\" \/>\n<meta property=\"og:url\" content=\"https:\/\/metaltale.com\/et\/toode\/moobli-kaepide-line-95mm\/\" \/>\n<meta property=\"og:site_name\" content=\"MetalTale.com\" \/>\n<meta name=\"twitter:card\" content=\"summary_large_image\" \/>\n<meta name=\"twitter:label1\" content=\"Est. reading time\" \/>\n\t<meta name=\"twitter:data1\" content=\"1 minut\" \/>\n<script type=\"application\/ld+json\" class=\"yoast-schema-graph\">{\"@context\":\"https:\/\/schema.org\",\"@graph\":[{\"@type\":\"WebPage\",\"@id\":\"https:\/\/metaltale.com\/et\/toode\/moobli-kaepide-line-95mm\/\",\"url\":\"https:\/\/metaltale.com\/et\/toode\/moobli-kaepide-line-95mm\/\",\"name\":\"M\u00f6\u00f6bli k\u00e4epide LINE 95mm - MetalTale.com\",\"isPartOf\":{\"@id\":\"https:\/\/metaltale.com\/et\/#website\"},\"primaryImageOfPage\":{\"@id\":\"https:\/\/metaltale.com\/et\/toode\/moobli-kaepide-line-95mm\/#primaryimage\"},\"image\":{\"@id\":\"https:\/\/metaltale.com\/et\/toode\/moobli-kaepide-line-95mm\/#primaryimage\"},\"thumbnailUrl\":\"https:\/\/metaltale.com\/wp-content\/uploads\/2023\/11\/Korpuso-laikiklis-Styga-95mm.jpg\",\"datePublished\":\"2024-02-13T11:51:41+00:00\",\"breadcrumb\":{\"@id\":\"https:\/\/metaltale.com\/et\/toode\/moobli-kaepide-line-95mm\/#breadcrumb\"},\"inLanguage\":\"et\",\"potentialAction\":[{\"@type\":\"ReadAction\",\"target\":[\"https:\/\/metaltale.com\/et\/toode\/moobli-kaepide-line-95mm\/\"]}]},{\"@type\":\"ImageObject\",\"inLanguage\":\"et\",\"@id\":\"https:\/\/metaltale.com\/et\/toode\/moobli-kaepide-line-95mm\/#primaryimage\",\"url\":\"https:\/\/metaltale.com\/wp-content\/uploads\/2023\/11\/Korpuso-laikiklis-Styga-95mm.jpg\",\"contentUrl\":\"https:\/\/metaltale.com\/wp-content\/uploads\/2023\/11\/Korpuso-laikiklis-Styga-95mm.jpg\",\"width\":800,\"height\":800,\"caption\":\"M\u00f6\u00f6bli k\u00e4epide LINE 95mm\"},{\"@type\":\"BreadcrumbList\",\"@id\":\"https:\/\/metaltale.com\/et\/toode\/moobli-kaepide-line-95mm\/#breadcrumb\",\"itemListElement\":[{\"@type\":\"ListItem\",\"position\":1,\"name\":\"Home\",\"item\":\"https:\/\/metaltale.com\/et\/kodu\/\"},{\"@type\":\"ListItem\",\"position\":2,\"name\":\"Kauplus\",\"item\":\"https:\/\/metaltale.com\/et\/shop\/\"},{\"@type\":\"ListItem\",\"position\":3,\"name\":\"M\u00f6\u00f6bli k\u00e4epide LINE 95mm\"}]},{\"@type\":\"WebSite\",\"@id\":\"https:\/\/metaltale.com\/et\/#website\",\"url\":\"https:\/\/metaltale.com\/et\/\",\"name\":\"Metaltale.com\",\"description\":\"\",\"potentialAction\":[{\"@type\":\"SearchAction\",\"target\":{\"@type\":\"EntryPoint\",\"urlTemplate\":\"https:\/\/metaltale.com\/et\/?s={search_term_string}\"},\"query-input\":{\"@type\":\"PropertyValueSpecification\",\"valueRequired\":true,\"valueName\":\"search_term_string\"}}],\"inLanguage\":\"et\"}]}<\/script>\n<!-- \/ Yoast SEO plugin. -->","yoast_head_json":{"title":"M\u00f6\u00f6bli k\u00e4epide LINE 95mm - MetalTale.com","robots":{"index":"index","follow":"follow","max-snippet":"max-snippet:-1","max-image-preview":"max-image-preview:large","max-video-preview":"max-video-preview:-1"},"canonical":"https:\/\/metaltale.com\/et\/toode\/moobli-kaepide-line-95mm\/","og_locale":"et_EE","og_type":"article","og_title":"M\u00f6\u00f6bli k\u00e4epide LINE 95mm - MetalTale.com","og_description":"Mudel 30.087.AI.96.2 EAN. 5905369921148 Materjal Ketus \u00dcldine k\u00f5rgus (cm) 4,5 \u00dcldine laius (cm) 9,5 Koguprojektsioon (cm) 2,4 Aukude vahekaugus (cm)","og_url":"https:\/\/metaltale.com\/et\/toode\/moobli-kaepide-line-95mm\/","og_site_name":"MetalTale.com","twitter_card":"summary_large_image","twitter_misc":{"Est. reading time":"1 minut"},"schema":{"@context":"https:\/\/schema.org","@graph":[{"@type":"WebPage","@id":"https:\/\/metaltale.com\/et\/toode\/moobli-kaepide-line-95mm\/","url":"https:\/\/metaltale.com\/et\/toode\/moobli-kaepide-line-95mm\/","name":"M\u00f6\u00f6bli k\u00e4epide LINE 95mm - MetalTale.com","isPartOf":{"@id":"https:\/\/metaltale.com\/et\/#website"},"primaryImageOfPage":{"@id":"https:\/\/metaltale.com\/et\/toode\/moobli-kaepide-line-95mm\/#primaryimage"},"image":{"@id":"https:\/\/metaltale.com\/et\/toode\/moobli-kaepide-line-95mm\/#primaryimage"},"thumbnailUrl":"https:\/\/metaltale.com\/wp-content\/uploads\/2023\/11\/Korpuso-laikiklis-Styga-95mm.jpg","datePublished":"2024-02-13T11:51:41+00:00","breadcrumb":{"@id":"https:\/\/metaltale.com\/et\/toode\/moobli-kaepide-line-95mm\/#breadcrumb"},"inLanguage":"et","potentialAction":[{"@type":"ReadAction","target":["https:\/\/metaltale.com\/et\/toode\/moobli-kaepide-line-95mm\/"]}]},{"@type":"ImageObject","inLanguage":"et","@id":"https:\/\/metaltale.com\/et\/toode\/moobli-kaepide-line-95mm\/#primaryimage","url":"https:\/\/metaltale.com\/wp-content\/uploads\/2023\/11\/Korpuso-laikiklis-Styga-95mm.jpg","contentUrl":"https:\/\/metaltale.com\/wp-content\/uploads\/2023\/11\/Korpuso-laikiklis-Styga-95mm.jpg","width":800,"height":800,"caption":"M\u00f6\u00f6bli k\u00e4epide LINE 95mm"},{"@type":"BreadcrumbList","@id":"https:\/\/metaltale.com\/et\/toode\/moobli-kaepide-line-95mm\/#breadcrumb","itemListElement":[{"@type":"ListItem","position":1,"name":"Home","item":"https:\/\/metaltale.com\/et\/kodu\/"},{"@type":"ListItem","position":2,"name":"Kauplus","item":"https:\/\/metaltale.com\/et\/shop\/"},{"@type":"ListItem","position":3,"name":"M\u00f6\u00f6bli k\u00e4epide LINE 95mm"}]},{"@type":"WebSite","@id":"https:\/\/metaltale.com\/et\/#website","url":"https:\/\/metaltale.com\/et\/","name":"Metaltale.com","description":"","potentialAction":[{"@type":"SearchAction","target":{"@type":"EntryPoint","urlTemplate":"https:\/\/metaltale.com\/et\/?s={search_term_string}"},"query-input":{"@type":"PropertyValueSpecification","valueRequired":true,"valueName":"search_term_string"}}],"inLanguage":"et"}]}},"_links":{"self":[{"href":"https:\/\/metaltale.com\/et\/wp-json\/wp\/v2\/product\/139221","targetHints":{"allow":["GET"]}}],"collection":[{"href":"https:\/\/metaltale.com\/et\/wp-json\/wp\/v2\/product"}],"about":[{"href":"https:\/\/metaltale.com\/et\/wp-json\/wp\/v2\/types\/product"}],"replies":[{"embeddable":true,"href":"https:\/\/metaltale.com\/et\/wp-json\/wp\/v2\/comments?post=139221"}],"version-history":[{"count":0,"href":"https:\/\/metaltale.com\/et\/wp-json\/wp\/v2\/product\/139221\/revisions"}],"wp:featuredmedia":[{"embeddable":true,"href":"https:\/\/metaltale.com\/et\/wp-json\/wp\/v2\/media\/100974"}],"wp:attachment":[{"href":"https:\/\/metaltale.com\/et\/wp-json\/wp\/v2\/media?parent=139221"}],"wp:term":[{"taxonomy":"product_brand","embeddable":true,"href":"https:\/\/metaltale.com\/et\/wp-json\/wp\/v2\/product_brand?post=139221"},{"taxonomy":"product_cat","embeddable":true,"href":"https:\/\/metaltale.com\/et\/wp-json\/wp\/v2\/product_cat?post=139221"},{"taxonomy":"product_tag","embeddable":true,"href":"https:\/\/metaltale.com\/et\/wp-json\/wp\/v2\/product_tag?post=139221"}],"curies":[{"name":"wp","href":"https:\/\/api.w.org\/{rel}","templated":true}]}}