{"id":139214,"date":"2024-02-13T13:51:41","date_gmt":"2024-02-13T11:51:41","guid":{"rendered":"https:\/\/metaltale.com\/produktas\/moobli-kaepide-ornament\/"},"modified":"2024-02-13T13:51:41","modified_gmt":"2024-02-13T11:51:41","slug":"moobli-kaepide-ornament","status":"publish","type":"product","link":"https:\/\/metaltale.com\/et\/toode\/moobli-kaepide-ornament\/","title":{"rendered":"M\u00f6\u00f6bli k\u00e4epide ORNAMENT"},"content":{"rendered":"<div class=\"prod_data\">\n<p><strong>Mudel<\/strong> 31 088E. AI.52<br \/>\n<strong>EAN.<\/strong>  5905369921520<br \/>\nMaterjal Ketus<br \/>\n<strong>\u00dcldine k\u00f5rgus (cm)<\/strong> 4,7<br \/>\n<strong>\u00dcldine laius (cm)<\/strong> 8<br \/>\n<strong>Koguprojektsioon (cm)<\/strong> 1,6<br \/>\nAukude <strong>vahekaugus (cm)<\/strong> 6,9<br \/>\nPaigalduskruvid Jah<br \/>\n<strong>V\u00e4rv<\/strong> teras<\/p>\n<p>&#8211; k\u00e4epide on valmistatud k\u00f5rgeima kvaliteediga malmist, mis tagab meile t\u00f6\u00f6 kvaliteedi ja toote vastupidavuse.<br \/>\n&#8211; kergelt tekstuurne pind r\u00f5hutab veelgi retroh\u00f5ngulist iseloomu.<br \/>\n&#8211; k\u00e4epidemetel on kinnitusaugud kiireks ja lihtsaks kokkupanekuks<\/p>\n<hr>\n<p>Ruumide maal\u00e4hedase stiili s\u00e4ilitamine kajastub ka k\u00f5igi aksessuaaride hoolikas valikus.<br \/>\nIsegi v\u00e4ikseimad detailid ja \u00f5igesti komponeeritud rustikaalsed aksessuaarid v\u00f5ivad kogu m\u00f5\u00f5tmise visuaalset m\u00f5ju m\u00e4rkimisv\u00e4\u00e4rselt suurendada.<\/p>\n<p>M\u00f6\u00f6bli k\u00e4epidemete ornamentika r\u00f5\u00f5mustab isegi k\u00f5ige n\u00f5udlikumaid maal\u00e4hedase stiili austajaid. See v\u00f5lgneb oma ilusa maastiku k\u00f5rgeima kvaliteediga malmile. Lisaks on k\u00e4epidemel raam, kuhu saame sisestada sildi. See rakendus muudab k\u00e4epideme h\u00e4sti toimivaks sahtlis, kus me hoiame dokumenti.<\/p>\n<\/div>\n","protected":false},"excerpt":{"rendered":"<p>Mudel 31 088E. AI.52 EAN. 5905369921520 Materjal Ketus \u00dcldine k\u00f5rgus (cm) 4,7 \u00dcldine laius (cm) 8 Koguprojektsioon (cm) 1,6 Aukude<\/p>\n","protected":false},"featured_media":81744,"comment_status":"open","ping_status":"closed","template":"","meta":{"_acf_changed":false,"pmpro_default_level":""},"product_brand":[],"product_cat":[23839,23836,23844],"product_tag":[],"class_list":{"0":"post-139214","1":"product","2":"type-product","3":"status-publish","4":"has-post-thumbnail","6":"product_cat-moobli-kaepidemed","7":"product_cat-moobli-tarvikud","8":"product_cat-shell-rankeneles-et","9":"pmpro-has-access","11":"first","12":"instock","13":"shipping-taxable","14":"purchasable","15":"product-type-simple"},"acf":[],"yoast_head":"<!-- This site is optimized with the Yoast SEO plugin v24.9 - https:\/\/yoast.com\/wordpress\/plugins\/seo\/ -->\n<title>M\u00f6\u00f6bli k\u00e4epide ORNAMENT - MetalTale.com<\/title>\n<meta name=\"robots\" content=\"index, follow, max-snippet:-1, max-image-preview:large, max-video-preview:-1\" \/>\n<link rel=\"canonical\" href=\"https:\/\/metaltale.com\/et\/toode\/moobli-kaepide-ornament\/\" \/>\n<meta property=\"og:locale\" content=\"et_EE\" \/>\n<meta property=\"og:type\" content=\"article\" \/>\n<meta property=\"og:title\" content=\"M\u00f6\u00f6bli k\u00e4epide ORNAMENT - MetalTale.com\" \/>\n<meta property=\"og:description\" content=\"Mudel 31 088E. AI.52 EAN. 5905369921520 Materjal Ketus \u00dcldine k\u00f5rgus (cm) 4,7 \u00dcldine laius (cm) 8 Koguprojektsioon (cm) 1,6 Aukude\" \/>\n<meta property=\"og:url\" content=\"https:\/\/metaltale.com\/et\/toode\/moobli-kaepide-ornament\/\" \/>\n<meta property=\"og:site_name\" content=\"MetalTale.com\" \/>\n<meta name=\"twitter:card\" content=\"summary_large_image\" \/>\n<meta name=\"twitter:label1\" content=\"Est. reading time\" \/>\n\t<meta name=\"twitter:data1\" content=\"1 minut\" \/>\n<script type=\"application\/ld+json\" class=\"yoast-schema-graph\">{\"@context\":\"https:\/\/schema.org\",\"@graph\":[{\"@type\":\"WebPage\",\"@id\":\"https:\/\/metaltale.com\/et\/toode\/moobli-kaepide-ornament\/\",\"url\":\"https:\/\/metaltale.com\/et\/toode\/moobli-kaepide-ornament\/\",\"name\":\"M\u00f6\u00f6bli k\u00e4epide ORNAMENT - MetalTale.com\",\"isPartOf\":{\"@id\":\"https:\/\/metaltale.com\/et\/#website\"},\"primaryImageOfPage\":{\"@id\":\"https:\/\/metaltale.com\/et\/toode\/moobli-kaepide-ornament\/#primaryimage\"},\"image\":{\"@id\":\"https:\/\/metaltale.com\/et\/toode\/moobli-kaepide-ornament\/#primaryimage\"},\"thumbnailUrl\":\"https:\/\/metaltale.com\/wp-content\/uploads\/2023\/10\/Rankena-su-rx117mu-ORNAMENT.jpg\",\"datePublished\":\"2024-02-13T11:51:41+00:00\",\"breadcrumb\":{\"@id\":\"https:\/\/metaltale.com\/et\/toode\/moobli-kaepide-ornament\/#breadcrumb\"},\"inLanguage\":\"et\",\"potentialAction\":[{\"@type\":\"ReadAction\",\"target\":[\"https:\/\/metaltale.com\/et\/toode\/moobli-kaepide-ornament\/\"]}]},{\"@type\":\"ImageObject\",\"inLanguage\":\"et\",\"@id\":\"https:\/\/metaltale.com\/et\/toode\/moobli-kaepide-ornament\/#primaryimage\",\"url\":\"https:\/\/metaltale.com\/wp-content\/uploads\/2023\/10\/Rankena-su-rx117mu-ORNAMENT.jpg\",\"contentUrl\":\"https:\/\/metaltale.com\/wp-content\/uploads\/2023\/10\/Rankena-su-rx117mu-ORNAMENT.jpg\",\"width\":800,\"height\":800,\"caption\":\"M\u00f6\u00f6bli k\u00e4epide ORNAMENT\"},{\"@type\":\"BreadcrumbList\",\"@id\":\"https:\/\/metaltale.com\/et\/toode\/moobli-kaepide-ornament\/#breadcrumb\",\"itemListElement\":[{\"@type\":\"ListItem\",\"position\":1,\"name\":\"Home\",\"item\":\"https:\/\/metaltale.com\/et\/kodu\/\"},{\"@type\":\"ListItem\",\"position\":2,\"name\":\"Kauplus\",\"item\":\"https:\/\/metaltale.com\/et\/shop\/\"},{\"@type\":\"ListItem\",\"position\":3,\"name\":\"M\u00f6\u00f6bli k\u00e4epide ORNAMENT\"}]},{\"@type\":\"WebSite\",\"@id\":\"https:\/\/metaltale.com\/et\/#website\",\"url\":\"https:\/\/metaltale.com\/et\/\",\"name\":\"Metaltale.com\",\"description\":\"\",\"potentialAction\":[{\"@type\":\"SearchAction\",\"target\":{\"@type\":\"EntryPoint\",\"urlTemplate\":\"https:\/\/metaltale.com\/et\/?s={search_term_string}\"},\"query-input\":{\"@type\":\"PropertyValueSpecification\",\"valueRequired\":true,\"valueName\":\"search_term_string\"}}],\"inLanguage\":\"et\"}]}<\/script>\n<!-- \/ Yoast SEO plugin. -->","yoast_head_json":{"title":"M\u00f6\u00f6bli k\u00e4epide ORNAMENT - MetalTale.com","robots":{"index":"index","follow":"follow","max-snippet":"max-snippet:-1","max-image-preview":"max-image-preview:large","max-video-preview":"max-video-preview:-1"},"canonical":"https:\/\/metaltale.com\/et\/toode\/moobli-kaepide-ornament\/","og_locale":"et_EE","og_type":"article","og_title":"M\u00f6\u00f6bli k\u00e4epide ORNAMENT - MetalTale.com","og_description":"Mudel 31 088E. AI.52 EAN. 5905369921520 Materjal Ketus \u00dcldine k\u00f5rgus (cm) 4,7 \u00dcldine laius (cm) 8 Koguprojektsioon (cm) 1,6 Aukude","og_url":"https:\/\/metaltale.com\/et\/toode\/moobli-kaepide-ornament\/","og_site_name":"MetalTale.com","twitter_card":"summary_large_image","twitter_misc":{"Est. reading time":"1 minut"},"schema":{"@context":"https:\/\/schema.org","@graph":[{"@type":"WebPage","@id":"https:\/\/metaltale.com\/et\/toode\/moobli-kaepide-ornament\/","url":"https:\/\/metaltale.com\/et\/toode\/moobli-kaepide-ornament\/","name":"M\u00f6\u00f6bli k\u00e4epide ORNAMENT - MetalTale.com","isPartOf":{"@id":"https:\/\/metaltale.com\/et\/#website"},"primaryImageOfPage":{"@id":"https:\/\/metaltale.com\/et\/toode\/moobli-kaepide-ornament\/#primaryimage"},"image":{"@id":"https:\/\/metaltale.com\/et\/toode\/moobli-kaepide-ornament\/#primaryimage"},"thumbnailUrl":"https:\/\/metaltale.com\/wp-content\/uploads\/2023\/10\/Rankena-su-rx117mu-ORNAMENT.jpg","datePublished":"2024-02-13T11:51:41+00:00","breadcrumb":{"@id":"https:\/\/metaltale.com\/et\/toode\/moobli-kaepide-ornament\/#breadcrumb"},"inLanguage":"et","potentialAction":[{"@type":"ReadAction","target":["https:\/\/metaltale.com\/et\/toode\/moobli-kaepide-ornament\/"]}]},{"@type":"ImageObject","inLanguage":"et","@id":"https:\/\/metaltale.com\/et\/toode\/moobli-kaepide-ornament\/#primaryimage","url":"https:\/\/metaltale.com\/wp-content\/uploads\/2023\/10\/Rankena-su-rx117mu-ORNAMENT.jpg","contentUrl":"https:\/\/metaltale.com\/wp-content\/uploads\/2023\/10\/Rankena-su-rx117mu-ORNAMENT.jpg","width":800,"height":800,"caption":"M\u00f6\u00f6bli k\u00e4epide ORNAMENT"},{"@type":"BreadcrumbList","@id":"https:\/\/metaltale.com\/et\/toode\/moobli-kaepide-ornament\/#breadcrumb","itemListElement":[{"@type":"ListItem","position":1,"name":"Home","item":"https:\/\/metaltale.com\/et\/kodu\/"},{"@type":"ListItem","position":2,"name":"Kauplus","item":"https:\/\/metaltale.com\/et\/shop\/"},{"@type":"ListItem","position":3,"name":"M\u00f6\u00f6bli k\u00e4epide ORNAMENT"}]},{"@type":"WebSite","@id":"https:\/\/metaltale.com\/et\/#website","url":"https:\/\/metaltale.com\/et\/","name":"Metaltale.com","description":"","potentialAction":[{"@type":"SearchAction","target":{"@type":"EntryPoint","urlTemplate":"https:\/\/metaltale.com\/et\/?s={search_term_string}"},"query-input":{"@type":"PropertyValueSpecification","valueRequired":true,"valueName":"search_term_string"}}],"inLanguage":"et"}]}},"_links":{"self":[{"href":"https:\/\/metaltale.com\/et\/wp-json\/wp\/v2\/product\/139214","targetHints":{"allow":["GET"]}}],"collection":[{"href":"https:\/\/metaltale.com\/et\/wp-json\/wp\/v2\/product"}],"about":[{"href":"https:\/\/metaltale.com\/et\/wp-json\/wp\/v2\/types\/product"}],"replies":[{"embeddable":true,"href":"https:\/\/metaltale.com\/et\/wp-json\/wp\/v2\/comments?post=139214"}],"version-history":[{"count":0,"href":"https:\/\/metaltale.com\/et\/wp-json\/wp\/v2\/product\/139214\/revisions"}],"wp:featuredmedia":[{"embeddable":true,"href":"https:\/\/metaltale.com\/et\/wp-json\/wp\/v2\/media\/81744"}],"wp:attachment":[{"href":"https:\/\/metaltale.com\/et\/wp-json\/wp\/v2\/media?parent=139214"}],"wp:term":[{"taxonomy":"product_brand","embeddable":true,"href":"https:\/\/metaltale.com\/et\/wp-json\/wp\/v2\/product_brand?post=139214"},{"taxonomy":"product_cat","embeddable":true,"href":"https:\/\/metaltale.com\/et\/wp-json\/wp\/v2\/product_cat?post=139214"},{"taxonomy":"product_tag","embeddable":true,"href":"https:\/\/metaltale.com\/et\/wp-json\/wp\/v2\/product_tag?post=139214"}],"curies":[{"name":"wp","href":"https:\/\/api.w.org\/{rel}","templated":true}]}}