{"id":139207,"date":"2024-02-13T13:51:41","date_gmt":"2024-02-13T11:51:41","guid":{"rendered":"https:\/\/metaltale.com\/produktas\/suvistatud-moobli-kaepide-eliot\/"},"modified":"2024-02-13T13:51:41","modified_gmt":"2024-02-13T11:51:41","slug":"suvistatud-moobli-kaepide-eliot","status":"publish","type":"product","link":"https:\/\/metaltale.com\/et\/toode\/suvistatud-moobli-kaepide-eliot\/","title":{"rendered":"S\u00fcvistatud m\u00f6\u00f6bli k\u00e4epide ELIOT"},"content":{"rendered":"<div class=\"prod_data\">\n<p><strong>Mudel<\/strong> 01.069R. AI.125<br \/>\n<strong>EAN.<\/strong>  5905369921513<br \/>\nMaterjal Ketus<br \/>\n<strong>\u00dcldine k\u00f5rgus (cm)<\/strong> 4<br \/>\n<strong>\u00dcldine laius (cm)<\/strong> 13<br \/>\n<strong>S\u00fcgavus (cm)<\/strong> 1,8<br \/>\nAukude <strong>vahe (cm)<\/strong> 10,8<br \/>\n<strong>V\u00e4rv<\/strong> teras<\/p>\n<p>&#8211; k\u00e4epide on valmistatud k\u00f5rgeima kvaliteediga malmist, mis tagab meile t\u00f6\u00f6 kvaliteedi ja toote vastupidavuse.<br \/>\n&#8211; kergelt tekstuurne pind r\u00f5hutab veelgi retroh\u00f5ngulist iseloomu.<br \/>\n&#8211; s\u00fcvistatud m\u00f6\u00f6blik\u00e4epide on funktsionaalne ja t\u00f5estatud lahendus<\/p>\n<hr>\n<p>M\u00f6\u00f6bli aksessuaaride lihtsad vormid ja j\u00e4releproovitud vormid annavad v\u00f5imaluse nende potentsiaali funktsionaalselt \u00e4ra kasutada. Meie veebipood annab teile juurdep\u00e4\u00e4su selle kategooria kvaliteetsetele toodetele.<\/p>\n<p>M\u00f6\u00f6bli k\u00e4epide on mugavuse ja kasutusmugavuse tagamiseks s\u00fcvistatud. Sisaldab kinnituskruvisid kiireks paigaldamiseks. Valmistatud k\u00f5rgeima kvaliteediga malmist, on see v\u00e4ga vastupidav igasuguste kahjustuste suhtes. Selle loomulik ja iseloomulik v\u00e4rv t\u00e4iendab paljude interj\u00f6\u00f6ride sisekujundust.<\/p>\n<\/div>\n","protected":false},"excerpt":{"rendered":"<p>Mudel 01.069R. AI.125 EAN. 5905369921513 Materjal Ketus \u00dcldine k\u00f5rgus (cm) 4 \u00dcldine laius (cm) 13 S\u00fcgavus (cm) 1,8 Aukude vahe<\/p>\n","protected":false},"featured_media":81735,"comment_status":"open","ping_status":"closed","template":"","meta":{"_acf_changed":false,"pmpro_default_level":""},"product_brand":[],"product_cat":[23839,23836,23842],"product_tag":[],"class_list":{"0":"post-139207","1":"product","2":"type-product","3":"status-publish","4":"has-post-thumbnail","6":"product_cat-moobli-kaepidemed","7":"product_cat-moobli-tarvikud","8":"product_cat-spinteles-rankeneles-et","9":"pmpro-has-access","11":"first","12":"instock","13":"shipping-taxable","14":"purchasable","15":"product-type-simple"},"acf":[],"yoast_head":"<!-- This site is optimized with the Yoast SEO plugin v24.9 - https:\/\/yoast.com\/wordpress\/plugins\/seo\/ -->\n<title>S\u00fcvistatud m\u00f6\u00f6bli k\u00e4epide ELIOT - MetalTale.com<\/title>\n<meta name=\"robots\" content=\"index, follow, max-snippet:-1, max-image-preview:large, max-video-preview:-1\" \/>\n<link rel=\"canonical\" href=\"https:\/\/metaltale.com\/et\/toode\/suvistatud-moobli-kaepide-eliot\/\" \/>\n<meta property=\"og:locale\" content=\"et_EE\" \/>\n<meta property=\"og:type\" content=\"article\" \/>\n<meta property=\"og:title\" content=\"S\u00fcvistatud m\u00f6\u00f6bli k\u00e4epide ELIOT - MetalTale.com\" \/>\n<meta property=\"og:description\" content=\"Mudel 01.069R. AI.125 EAN. 5905369921513 Materjal Ketus \u00dcldine k\u00f5rgus (cm) 4 \u00dcldine laius (cm) 13 S\u00fcgavus (cm) 1,8 Aukude vahe\" \/>\n<meta property=\"og:url\" content=\"https:\/\/metaltale.com\/et\/toode\/suvistatud-moobli-kaepide-eliot\/\" \/>\n<meta property=\"og:site_name\" content=\"MetalTale.com\" \/>\n<meta name=\"twitter:card\" content=\"summary_large_image\" \/>\n<meta name=\"twitter:label1\" content=\"Est. reading time\" \/>\n\t<meta name=\"twitter:data1\" content=\"1 minut\" \/>\n<script type=\"application\/ld+json\" class=\"yoast-schema-graph\">{\"@context\":\"https:\/\/schema.org\",\"@graph\":[{\"@type\":\"WebPage\",\"@id\":\"https:\/\/metaltale.com\/et\/toode\/suvistatud-moobli-kaepide-eliot\/\",\"url\":\"https:\/\/metaltale.com\/et\/toode\/suvistatud-moobli-kaepide-eliot\/\",\"name\":\"S\u00fcvistatud m\u00f6\u00f6bli k\u00e4epide ELIOT - MetalTale.com\",\"isPartOf\":{\"@id\":\"https:\/\/metaltale.com\/et\/#website\"},\"primaryImageOfPage\":{\"@id\":\"https:\/\/metaltale.com\/et\/toode\/suvistatud-moobli-kaepide-eliot\/#primaryimage\"},\"image\":{\"@id\":\"https:\/\/metaltale.com\/et\/toode\/suvistatud-moobli-kaepide-eliot\/#primaryimage\"},\"thumbnailUrl\":\"https:\/\/metaltale.com\/wp-content\/uploads\/2023\/10\/x12Eleidx17Eiama-baldx173-rankena-ELIOT.jpg\",\"datePublished\":\"2024-02-13T11:51:41+00:00\",\"breadcrumb\":{\"@id\":\"https:\/\/metaltale.com\/et\/toode\/suvistatud-moobli-kaepide-eliot\/#breadcrumb\"},\"inLanguage\":\"et\",\"potentialAction\":[{\"@type\":\"ReadAction\",\"target\":[\"https:\/\/metaltale.com\/et\/toode\/suvistatud-moobli-kaepide-eliot\/\"]}]},{\"@type\":\"ImageObject\",\"inLanguage\":\"et\",\"@id\":\"https:\/\/metaltale.com\/et\/toode\/suvistatud-moobli-kaepide-eliot\/#primaryimage\",\"url\":\"https:\/\/metaltale.com\/wp-content\/uploads\/2023\/10\/x12Eleidx17Eiama-baldx173-rankena-ELIOT.jpg\",\"contentUrl\":\"https:\/\/metaltale.com\/wp-content\/uploads\/2023\/10\/x12Eleidx17Eiama-baldx173-rankena-ELIOT.jpg\",\"width\":800,\"height\":800,\"caption\":\"m\u00f6\u00f6bli k\u00e4epide\"},{\"@type\":\"BreadcrumbList\",\"@id\":\"https:\/\/metaltale.com\/et\/toode\/suvistatud-moobli-kaepide-eliot\/#breadcrumb\",\"itemListElement\":[{\"@type\":\"ListItem\",\"position\":1,\"name\":\"Home\",\"item\":\"https:\/\/metaltale.com\/et\/kodu\/\"},{\"@type\":\"ListItem\",\"position\":2,\"name\":\"Kauplus\",\"item\":\"https:\/\/metaltale.com\/et\/shop\/\"},{\"@type\":\"ListItem\",\"position\":3,\"name\":\"S\u00fcvistatud m\u00f6\u00f6bli k\u00e4epide ELIOT\"}]},{\"@type\":\"WebSite\",\"@id\":\"https:\/\/metaltale.com\/et\/#website\",\"url\":\"https:\/\/metaltale.com\/et\/\",\"name\":\"Metaltale.com\",\"description\":\"\",\"potentialAction\":[{\"@type\":\"SearchAction\",\"target\":{\"@type\":\"EntryPoint\",\"urlTemplate\":\"https:\/\/metaltale.com\/et\/?s={search_term_string}\"},\"query-input\":{\"@type\":\"PropertyValueSpecification\",\"valueRequired\":true,\"valueName\":\"search_term_string\"}}],\"inLanguage\":\"et\"}]}<\/script>\n<!-- \/ Yoast SEO plugin. -->","yoast_head_json":{"title":"S\u00fcvistatud m\u00f6\u00f6bli k\u00e4epide ELIOT - MetalTale.com","robots":{"index":"index","follow":"follow","max-snippet":"max-snippet:-1","max-image-preview":"max-image-preview:large","max-video-preview":"max-video-preview:-1"},"canonical":"https:\/\/metaltale.com\/et\/toode\/suvistatud-moobli-kaepide-eliot\/","og_locale":"et_EE","og_type":"article","og_title":"S\u00fcvistatud m\u00f6\u00f6bli k\u00e4epide ELIOT - MetalTale.com","og_description":"Mudel 01.069R. AI.125 EAN. 5905369921513 Materjal Ketus \u00dcldine k\u00f5rgus (cm) 4 \u00dcldine laius (cm) 13 S\u00fcgavus (cm) 1,8 Aukude vahe","og_url":"https:\/\/metaltale.com\/et\/toode\/suvistatud-moobli-kaepide-eliot\/","og_site_name":"MetalTale.com","twitter_card":"summary_large_image","twitter_misc":{"Est. reading time":"1 minut"},"schema":{"@context":"https:\/\/schema.org","@graph":[{"@type":"WebPage","@id":"https:\/\/metaltale.com\/et\/toode\/suvistatud-moobli-kaepide-eliot\/","url":"https:\/\/metaltale.com\/et\/toode\/suvistatud-moobli-kaepide-eliot\/","name":"S\u00fcvistatud m\u00f6\u00f6bli k\u00e4epide ELIOT - MetalTale.com","isPartOf":{"@id":"https:\/\/metaltale.com\/et\/#website"},"primaryImageOfPage":{"@id":"https:\/\/metaltale.com\/et\/toode\/suvistatud-moobli-kaepide-eliot\/#primaryimage"},"image":{"@id":"https:\/\/metaltale.com\/et\/toode\/suvistatud-moobli-kaepide-eliot\/#primaryimage"},"thumbnailUrl":"https:\/\/metaltale.com\/wp-content\/uploads\/2023\/10\/x12Eleidx17Eiama-baldx173-rankena-ELIOT.jpg","datePublished":"2024-02-13T11:51:41+00:00","breadcrumb":{"@id":"https:\/\/metaltale.com\/et\/toode\/suvistatud-moobli-kaepide-eliot\/#breadcrumb"},"inLanguage":"et","potentialAction":[{"@type":"ReadAction","target":["https:\/\/metaltale.com\/et\/toode\/suvistatud-moobli-kaepide-eliot\/"]}]},{"@type":"ImageObject","inLanguage":"et","@id":"https:\/\/metaltale.com\/et\/toode\/suvistatud-moobli-kaepide-eliot\/#primaryimage","url":"https:\/\/metaltale.com\/wp-content\/uploads\/2023\/10\/x12Eleidx17Eiama-baldx173-rankena-ELIOT.jpg","contentUrl":"https:\/\/metaltale.com\/wp-content\/uploads\/2023\/10\/x12Eleidx17Eiama-baldx173-rankena-ELIOT.jpg","width":800,"height":800,"caption":"m\u00f6\u00f6bli k\u00e4epide"},{"@type":"BreadcrumbList","@id":"https:\/\/metaltale.com\/et\/toode\/suvistatud-moobli-kaepide-eliot\/#breadcrumb","itemListElement":[{"@type":"ListItem","position":1,"name":"Home","item":"https:\/\/metaltale.com\/et\/kodu\/"},{"@type":"ListItem","position":2,"name":"Kauplus","item":"https:\/\/metaltale.com\/et\/shop\/"},{"@type":"ListItem","position":3,"name":"S\u00fcvistatud m\u00f6\u00f6bli k\u00e4epide ELIOT"}]},{"@type":"WebSite","@id":"https:\/\/metaltale.com\/et\/#website","url":"https:\/\/metaltale.com\/et\/","name":"Metaltale.com","description":"","potentialAction":[{"@type":"SearchAction","target":{"@type":"EntryPoint","urlTemplate":"https:\/\/metaltale.com\/et\/?s={search_term_string}"},"query-input":{"@type":"PropertyValueSpecification","valueRequired":true,"valueName":"search_term_string"}}],"inLanguage":"et"}]}},"_links":{"self":[{"href":"https:\/\/metaltale.com\/et\/wp-json\/wp\/v2\/product\/139207","targetHints":{"allow":["GET"]}}],"collection":[{"href":"https:\/\/metaltale.com\/et\/wp-json\/wp\/v2\/product"}],"about":[{"href":"https:\/\/metaltale.com\/et\/wp-json\/wp\/v2\/types\/product"}],"replies":[{"embeddable":true,"href":"https:\/\/metaltale.com\/et\/wp-json\/wp\/v2\/comments?post=139207"}],"version-history":[{"count":0,"href":"https:\/\/metaltale.com\/et\/wp-json\/wp\/v2\/product\/139207\/revisions"}],"wp:featuredmedia":[{"embeddable":true,"href":"https:\/\/metaltale.com\/et\/wp-json\/wp\/v2\/media\/81735"}],"wp:attachment":[{"href":"https:\/\/metaltale.com\/et\/wp-json\/wp\/v2\/media?parent=139207"}],"wp:term":[{"taxonomy":"product_brand","embeddable":true,"href":"https:\/\/metaltale.com\/et\/wp-json\/wp\/v2\/product_brand?post=139207"},{"taxonomy":"product_cat","embeddable":true,"href":"https:\/\/metaltale.com\/et\/wp-json\/wp\/v2\/product_cat?post=139207"},{"taxonomy":"product_tag","embeddable":true,"href":"https:\/\/metaltale.com\/et\/wp-json\/wp\/v2\/product_tag?post=139207"}],"curies":[{"name":"wp","href":"https:\/\/api.w.org\/{rel}","templated":true}]}}