{"id":139137,"date":"2024-02-13T13:53:04","date_gmt":"2024-02-13T11:53:04","guid":{"rendered":"https:\/\/metaltale.com\/produktas\/moobli-kaepide-industry-170-mm-must\/"},"modified":"2024-02-13T13:53:04","modified_gmt":"2024-02-13T11:53:04","slug":"moobli-kaepide-industry-170-mm-must","status":"publish","type":"product","link":"https:\/\/metaltale.com\/et\/toode\/moobli-kaepide-industry-170-mm-must\/","title":{"rendered":"M\u00f6\u00f6bli k\u00e4epide INDUSTRY 170 mm must"},"content":{"rendered":"<div class=\"prod_data\">\n<p><strong>Mudel<\/strong> RR. IDY<br \/>\n<strong>Materjal<\/strong> teras<br \/>\n<strong>\u00dcldine k\u00f5rgus (cm)<\/strong> 3,3<br \/>\n<strong>\u00dcldine laius (cm)<\/strong> 17<br \/>\n<strong>Koguprojektsioon (cm)<\/strong> 4<br \/>\n<strong>Aukude vahe (cm)<\/strong> vertikaalne 20 mm<br \/>\nPaigalduskruvid Ei<br \/>\n<strong>V\u00e4rv<\/strong> Must<\/p>\n<p>&#8211; k\u00e4epide on valmistatud kvaliteetsest terasest, mis tagab toote kvaliteedi ja vastupidavuse.<br \/>\n&#8211; selle praktiline kuju v\u00f5imaldab kiiret ja lihtsat avamist<br \/>\n&#8211; k\u00e4epidemetel on kinnitusaugud kiireks ja lihtsaks paigaldamiseks<\/p>\n<hr>\n<p>Rustilised interj\u00f6\u00f6rid vajavad h\u00e4sti valitud ja l\u00e4bim\u00f5eldud retro aksessuaare. Meie veebipood pakub laia valikut lahendusi, mis lisavad visuaalset v\u00e4\u00e4rtust tervetele ruumidele.<\/p>\n<p>M\u00f6\u00f6blinupp on valmistatud k\u00f5rgeima kvaliteediga terasest, mis tagab toote vastupidavuse ja tagab, et see kaunistab meie m\u00f6\u00f6blit pikka aega. K\u00e4epide on ebatavalise kujuga, st. y. selle v\u00e4limus meenutab raami sisse seatud riba osa. Selline nupp t\u00f5mbab kindlasti meie k\u00fclaliste t\u00e4helepanu.<\/p>\n<table style=\"height: 20%; ; width: 100%;\" border=\"0\">\n<tbody>\n<tr>\n<td>MUDEL<\/td>\n<td>PLATUM<\/td>\n<td>K\u00d5RGHARIDUS<\/td>\n<td>KAUGUS SEINAST<\/td>\n<td>K\u00c4EPIDEME KESKMINE ALA<\/td>\n<\/tr>\n<tr>\n<td><\/td>\n<td><\/td>\n<td><\/td>\n<td><\/td>\n<td><\/td>\n<\/tr>\n<tr>\n<td><\/td>\n<td><\/td>\n<td><\/td>\n<td><\/td>\n<td><\/td>\n<\/tr>\n<tr>\n<td>T\u00d6\u00d6STUS 170 TERAS \/ MUST<\/td>\n<td>170 mm<\/td>\n<td>34 mm<\/td>\n<td>38 mm<\/td>\n<td>147 mm<\/td>\n<\/tr>\n<\/tbody>\n<\/table>\n<\/div>\n","protected":false},"excerpt":{"rendered":"<p>Mudel RR. IDY Materjal teras \u00dcldine k\u00f5rgus (cm) 3,3 \u00dcldine laius (cm) 17 Koguprojektsioon (cm) 4 Aukude vahe (cm) vertikaalne<\/p>\n","protected":false},"featured_media":81794,"comment_status":"open","ping_status":"closed","template":"","meta":{"_acf_changed":false,"pmpro_default_level":""},"product_brand":[],"product_cat":[23839,23836,23842],"product_tag":[],"class_list":{"0":"post-139137","1":"product","2":"type-product","3":"status-publish","4":"has-post-thumbnail","6":"product_cat-moobli-kaepidemed","7":"product_cat-moobli-tarvikud","8":"product_cat-spinteles-rankeneles-et","9":"pmpro-has-access","11":"first","12":"instock","13":"shipping-taxable","14":"purchasable","15":"product-type-simple"},"acf":[],"yoast_head":"<!-- This site is optimized with the Yoast SEO plugin v24.9 - https:\/\/yoast.com\/wordpress\/plugins\/seo\/ -->\n<title>M\u00f6\u00f6bli k\u00e4epide INDUSTRY 170 mm must - MetalTale.com<\/title>\n<meta name=\"robots\" content=\"index, follow, max-snippet:-1, max-image-preview:large, max-video-preview:-1\" \/>\n<link rel=\"canonical\" href=\"https:\/\/metaltale.com\/et\/toode\/moobli-kaepide-industry-170-mm-must\/\" \/>\n<meta property=\"og:locale\" content=\"et_EE\" \/>\n<meta property=\"og:type\" content=\"article\" \/>\n<meta property=\"og:title\" content=\"M\u00f6\u00f6bli k\u00e4epide INDUSTRY 170 mm must - MetalTale.com\" \/>\n<meta property=\"og:description\" content=\"Mudel RR. IDY Materjal teras \u00dcldine k\u00f5rgus (cm) 3,3 \u00dcldine laius (cm) 17 Koguprojektsioon (cm) 4 Aukude vahe (cm) vertikaalne\" \/>\n<meta property=\"og:url\" content=\"https:\/\/metaltale.com\/et\/toode\/moobli-kaepide-industry-170-mm-must\/\" \/>\n<meta property=\"og:site_name\" content=\"MetalTale.com\" \/>\n<meta property=\"og:image\" content=\"https:\/\/metaltale.com\/wp-content\/uploads\/2023\/10\/Baldx173-rankenx173-pramonx117-170mm-plienas.jpg\" \/>\n\t<meta property=\"og:image:width\" content=\"800\" \/>\n\t<meta property=\"og:image:height\" content=\"800\" \/>\n\t<meta property=\"og:image:type\" content=\"image\/jpeg\" \/>\n<meta name=\"twitter:card\" content=\"summary_large_image\" \/>\n<meta name=\"twitter:label1\" content=\"Est. reading time\" \/>\n\t<meta name=\"twitter:data1\" content=\"1 minut\" \/>\n<script type=\"application\/ld+json\" class=\"yoast-schema-graph\">{\"@context\":\"https:\/\/schema.org\",\"@graph\":[{\"@type\":\"WebPage\",\"@id\":\"https:\/\/metaltale.com\/et\/toode\/moobli-kaepide-industry-170-mm-must\/\",\"url\":\"https:\/\/metaltale.com\/et\/toode\/moobli-kaepide-industry-170-mm-must\/\",\"name\":\"M\u00f6\u00f6bli k\u00e4epide INDUSTRY 170 mm must - MetalTale.com\",\"isPartOf\":{\"@id\":\"https:\/\/metaltale.com\/et\/#website\"},\"primaryImageOfPage\":{\"@id\":\"https:\/\/metaltale.com\/et\/toode\/moobli-kaepide-industry-170-mm-must\/#primaryimage\"},\"image\":{\"@id\":\"https:\/\/metaltale.com\/et\/toode\/moobli-kaepide-industry-170-mm-must\/#primaryimage\"},\"thumbnailUrl\":\"https:\/\/metaltale.com\/wp-content\/uploads\/2023\/10\/Baldx173-rankenx173-pramonx117-170mm-plienas.jpg\",\"datePublished\":\"2024-02-13T11:53:04+00:00\",\"breadcrumb\":{\"@id\":\"https:\/\/metaltale.com\/et\/toode\/moobli-kaepide-industry-170-mm-must\/#breadcrumb\"},\"inLanguage\":\"et\",\"potentialAction\":[{\"@type\":\"ReadAction\",\"target\":[\"https:\/\/metaltale.com\/et\/toode\/moobli-kaepide-industry-170-mm-must\/\"]}]},{\"@type\":\"ImageObject\",\"inLanguage\":\"et\",\"@id\":\"https:\/\/metaltale.com\/et\/toode\/moobli-kaepide-industry-170-mm-must\/#primaryimage\",\"url\":\"https:\/\/metaltale.com\/wp-content\/uploads\/2023\/10\/Baldx173-rankenx173-pramonx117-170mm-plienas.jpg\",\"contentUrl\":\"https:\/\/metaltale.com\/wp-content\/uploads\/2023\/10\/Baldx173-rankenx173-pramonx117-170mm-plienas.jpg\",\"width\":800,\"height\":800,\"caption\":\"M\u00f6\u00f6bli k\u00e4epide INDUSTRY 170 mm must\"},{\"@type\":\"BreadcrumbList\",\"@id\":\"https:\/\/metaltale.com\/et\/toode\/moobli-kaepide-industry-170-mm-must\/#breadcrumb\",\"itemListElement\":[{\"@type\":\"ListItem\",\"position\":1,\"name\":\"Home\",\"item\":\"https:\/\/metaltale.com\/et\/kodu\/\"},{\"@type\":\"ListItem\",\"position\":2,\"name\":\"Kauplus\",\"item\":\"https:\/\/metaltale.com\/et\/shop\/\"},{\"@type\":\"ListItem\",\"position\":3,\"name\":\"M\u00f6\u00f6bli k\u00e4epide INDUSTRY 170 mm must\"}]},{\"@type\":\"WebSite\",\"@id\":\"https:\/\/metaltale.com\/et\/#website\",\"url\":\"https:\/\/metaltale.com\/et\/\",\"name\":\"Metaltale.com\",\"description\":\"\",\"potentialAction\":[{\"@type\":\"SearchAction\",\"target\":{\"@type\":\"EntryPoint\",\"urlTemplate\":\"https:\/\/metaltale.com\/et\/?s={search_term_string}\"},\"query-input\":{\"@type\":\"PropertyValueSpecification\",\"valueRequired\":true,\"valueName\":\"search_term_string\"}}],\"inLanguage\":\"et\"}]}<\/script>\n<!-- \/ Yoast SEO plugin. -->","yoast_head_json":{"title":"M\u00f6\u00f6bli k\u00e4epide INDUSTRY 170 mm must - MetalTale.com","robots":{"index":"index","follow":"follow","max-snippet":"max-snippet:-1","max-image-preview":"max-image-preview:large","max-video-preview":"max-video-preview:-1"},"canonical":"https:\/\/metaltale.com\/et\/toode\/moobli-kaepide-industry-170-mm-must\/","og_locale":"et_EE","og_type":"article","og_title":"M\u00f6\u00f6bli k\u00e4epide INDUSTRY 170 mm must - MetalTale.com","og_description":"Mudel RR. IDY Materjal teras \u00dcldine k\u00f5rgus (cm) 3,3 \u00dcldine laius (cm) 17 Koguprojektsioon (cm) 4 Aukude vahe (cm) vertikaalne","og_url":"https:\/\/metaltale.com\/et\/toode\/moobli-kaepide-industry-170-mm-must\/","og_site_name":"MetalTale.com","og_image":[{"width":800,"height":800,"url":"https:\/\/metaltale.com\/wp-content\/uploads\/2023\/10\/Baldx173-rankenx173-pramonx117-170mm-plienas.jpg","type":"image\/jpeg"}],"twitter_card":"summary_large_image","twitter_misc":{"Est. reading time":"1 minut"},"schema":{"@context":"https:\/\/schema.org","@graph":[{"@type":"WebPage","@id":"https:\/\/metaltale.com\/et\/toode\/moobli-kaepide-industry-170-mm-must\/","url":"https:\/\/metaltale.com\/et\/toode\/moobli-kaepide-industry-170-mm-must\/","name":"M\u00f6\u00f6bli k\u00e4epide INDUSTRY 170 mm must - MetalTale.com","isPartOf":{"@id":"https:\/\/metaltale.com\/et\/#website"},"primaryImageOfPage":{"@id":"https:\/\/metaltale.com\/et\/toode\/moobli-kaepide-industry-170-mm-must\/#primaryimage"},"image":{"@id":"https:\/\/metaltale.com\/et\/toode\/moobli-kaepide-industry-170-mm-must\/#primaryimage"},"thumbnailUrl":"https:\/\/metaltale.com\/wp-content\/uploads\/2023\/10\/Baldx173-rankenx173-pramonx117-170mm-plienas.jpg","datePublished":"2024-02-13T11:53:04+00:00","breadcrumb":{"@id":"https:\/\/metaltale.com\/et\/toode\/moobli-kaepide-industry-170-mm-must\/#breadcrumb"},"inLanguage":"et","potentialAction":[{"@type":"ReadAction","target":["https:\/\/metaltale.com\/et\/toode\/moobli-kaepide-industry-170-mm-must\/"]}]},{"@type":"ImageObject","inLanguage":"et","@id":"https:\/\/metaltale.com\/et\/toode\/moobli-kaepide-industry-170-mm-must\/#primaryimage","url":"https:\/\/metaltale.com\/wp-content\/uploads\/2023\/10\/Baldx173-rankenx173-pramonx117-170mm-plienas.jpg","contentUrl":"https:\/\/metaltale.com\/wp-content\/uploads\/2023\/10\/Baldx173-rankenx173-pramonx117-170mm-plienas.jpg","width":800,"height":800,"caption":"M\u00f6\u00f6bli k\u00e4epide INDUSTRY 170 mm must"},{"@type":"BreadcrumbList","@id":"https:\/\/metaltale.com\/et\/toode\/moobli-kaepide-industry-170-mm-must\/#breadcrumb","itemListElement":[{"@type":"ListItem","position":1,"name":"Home","item":"https:\/\/metaltale.com\/et\/kodu\/"},{"@type":"ListItem","position":2,"name":"Kauplus","item":"https:\/\/metaltale.com\/et\/shop\/"},{"@type":"ListItem","position":3,"name":"M\u00f6\u00f6bli k\u00e4epide INDUSTRY 170 mm must"}]},{"@type":"WebSite","@id":"https:\/\/metaltale.com\/et\/#website","url":"https:\/\/metaltale.com\/et\/","name":"Metaltale.com","description":"","potentialAction":[{"@type":"SearchAction","target":{"@type":"EntryPoint","urlTemplate":"https:\/\/metaltale.com\/et\/?s={search_term_string}"},"query-input":{"@type":"PropertyValueSpecification","valueRequired":true,"valueName":"search_term_string"}}],"inLanguage":"et"}]}},"_links":{"self":[{"href":"https:\/\/metaltale.com\/et\/wp-json\/wp\/v2\/product\/139137","targetHints":{"allow":["GET"]}}],"collection":[{"href":"https:\/\/metaltale.com\/et\/wp-json\/wp\/v2\/product"}],"about":[{"href":"https:\/\/metaltale.com\/et\/wp-json\/wp\/v2\/types\/product"}],"replies":[{"embeddable":true,"href":"https:\/\/metaltale.com\/et\/wp-json\/wp\/v2\/comments?post=139137"}],"version-history":[{"count":0,"href":"https:\/\/metaltale.com\/et\/wp-json\/wp\/v2\/product\/139137\/revisions"}],"wp:featuredmedia":[{"embeddable":true,"href":"https:\/\/metaltale.com\/et\/wp-json\/wp\/v2\/media\/81794"}],"wp:attachment":[{"href":"https:\/\/metaltale.com\/et\/wp-json\/wp\/v2\/media?parent=139137"}],"wp:term":[{"taxonomy":"product_brand","embeddable":true,"href":"https:\/\/metaltale.com\/et\/wp-json\/wp\/v2\/product_brand?post=139137"},{"taxonomy":"product_cat","embeddable":true,"href":"https:\/\/metaltale.com\/et\/wp-json\/wp\/v2\/product_cat?post=139137"},{"taxonomy":"product_tag","embeddable":true,"href":"https:\/\/metaltale.com\/et\/wp-json\/wp\/v2\/product_tag?post=139137"}],"curies":[{"name":"wp","href":"https:\/\/api.w.org\/{rel}","templated":true}]}}