{"id":139124,"date":"2024-02-13T13:53:04","date_gmt":"2024-02-13T11:53:04","guid":{"rendered":"https:\/\/metaltale.com\/produktas\/moobli-kaepide-rounded-forged-230mm-must\/"},"modified":"2024-02-13T13:53:04","modified_gmt":"2024-02-13T11:53:04","slug":"moobli-kaepide-rounded-forged-230mm-must","status":"publish","type":"product","link":"https:\/\/metaltale.com\/et\/toode\/moobli-kaepide-rounded-forged-230mm-must\/","title":{"rendered":"M\u00f6\u00f6bli k\u00e4epide ROUNDED FORGED 230mm must"},"content":{"rendered":"<div class=\"prod_data\">\n<p><strong>Mudel<\/strong> 49.082.HFB<br \/>\n<strong>Materjal<\/strong> teras<br \/>\nV\u00e4rv Must<br \/>\n<strong>Trim<\/strong> Waxed<\/p>\n<p>&#8211; k\u00e4epide on valmistatud k\u00f5rgeima kvaliteediga terasest, mis tagab meile toote t\u00f6\u00f6kvaliteedi ja vastupidavuse.<br \/>\n&#8211; selle praktiline kuju v\u00f5imaldab t\u00f5husat ja lihtsat avamist<br \/>\n&#8211; k\u00e4epidemetel on kinnitusaugud kiireks ja lihtsaks kokkupanekuks<\/p>\n<hr>\n<p>K\u00e4sit\u00f6\u00f6na valmistatud m\u00f6\u00f6bli k\u00e4epidemed on oluline element retro interj\u00f6\u00f6ri muutmisel. Need ei v\u00f5imalda mitte ainult ligip\u00e4\u00e4su kapi, sahtli v\u00f5i kirstu sisule, vaid suurendavad ka oluliselt igasuguste ruumide visuaalset tajutavust.<\/p>\n<p>Kavandatav m\u00f6\u00f6bli k\u00e4epide on v\u00e4lja t\u00f6\u00f6tatud populaarse ja t\u00f5estatud konstruktsiooni alusel. Kvaliteetsest terasest k\u00e4sitsi sepistatud, on see omandanud piisava tugevuse ja \u00fcle keskmise v\u00e4limuse, et rahuldada ka k\u00f5ige kirglikumaid rustikaalsuse austajaid.<\/p>\n<p>Sellel on 4 kinnitusauku ja see sisaldab kinnituskruvisid.<\/p>\n<p>Saadaval erinevates suurustes.<\/p>\n<table style=\"width: 100%;\" border=\"0\" align=\"center\">\n<tbody>\n<tr>\n<td>Nimi, ametinimetus<\/td>\n<td>\n<div>Laius*<\/div>\n<\/td>\n<td>K\u00f5rgus*<\/td>\n<td>Kaugus seinast**<\/td>\n<td>Vertikaalne vahekaugus aukude vahel***<\/td>\n<td>Aukude vaheline horisontaalne vahe***<\/td>\n<\/tr>\n<tr>\n<td><\/td>\n<td style=\"text-align: center;\"><\/td>\n<td style=\"text-align: center;\"><\/td>\n<td style=\"text-align: center;\"><\/td>\n<td style=\"text-align: center;\"><\/td>\n<td style=\"text-align: center;\"><\/td>\n<\/tr>\n<tr>\n<td><\/td>\n<td style=\"text-align: center;\"><\/td>\n<td style=\"text-align: center;\"><\/td>\n<td style=\"text-align: center;\"><\/td>\n<td style=\"text-align: center;\"><\/td>\n<td style=\"text-align: center;\"><\/td>\n<\/tr>\n<tr>\n<td><\/td>\n<td style=\"text-align: center;\"><\/td>\n<td style=\"text-align: center;\"><\/td>\n<td style=\"text-align: center;\"><\/td>\n<td style=\"text-align: center;\"><\/td>\n<td style=\"text-align: center;\"><\/td>\n<\/tr>\n<tr>\n<td><\/td>\n<td style=\"text-align: center;\"><\/td>\n<td style=\"text-align: center;\"><\/td>\n<td style=\"text-align: center;\"><\/td>\n<td style=\"text-align: center;\"><\/td>\n<td style=\"text-align: center;\"><\/td>\n<\/tr>\n<tr>\n<td><\/td>\n<td style=\"text-align: center;\"><\/td>\n<td style=\"text-align: center;\"><\/td>\n<td style=\"text-align: center;\"><\/td>\n<td style=\"text-align: center;\"><\/td>\n<td style=\"text-align: center;\"><\/td>\n<\/tr>\n<tr>\n<td>Hoidja 230mm<\/td>\n<td style=\"text-align: center;\">230<\/td>\n<td style=\"text-align: center;\">50<\/td>\n<td style=\"text-align: center;\">55<\/td>\n<td style=\"text-align: center;\">30<\/td>\n<td style=\"text-align: center;\">185<\/td>\n<\/tr>\n<tr>\n<td><\/td>\n<td style=\"text-align: center;\"><\/td>\n<td style=\"text-align: center;\"><\/td>\n<td style=\"text-align: center;\"><\/td>\n<td style=\"text-align: center;\"><\/td>\n<td style=\"text-align: center;\"><\/td>\n<\/tr>\n<tr>\n<td><\/td>\n<td style=\"text-align: center;\"><\/td>\n<td style=\"text-align: center;\"><\/td>\n<td style=\"text-align: center;\"><\/td>\n<td style=\"text-align: center;\"><\/td>\n<td style=\"text-align: center;\"><\/td>\n<\/tr>\n<tr>\n<td><\/td>\n<td style=\"text-align: center;\"><\/td>\n<td style=\"text-align: center;\"><\/td>\n<td style=\"text-align: center;\"><\/td>\n<td style=\"text-align: center;\"><\/td>\n<td style=\"text-align: center;\"><\/td>\n<\/tr>\n<\/tbody>\n<\/table>\n<p><span style=\"font-size: small;\">  * Kuna tegemist on k\u00e4sitsi valmistatud tootega, tuleb arvestada tolerantsiga +\/- 10 mm.<\/span><\/p>\n<p><span style=\"font-size: small;\">** Kuna tegemist on k\u00e4sitsi valmistatud tootega, tuleb arvestada, et k\u00e4epideme painderaadius ja seega ka kaugus seinast v\u00f5ib varieeruda.<\/span><\/p>\n<p><span style=\"font-size: small;\">Kuna tegemist on k\u00e4sitsi valmistatud tootega, tuleb arvestada, et aukude vahekaugus v\u00f5ib konkreetsete osade puhul erineda.<\/span><\/p>\n<\/div>\n","protected":false},"excerpt":{"rendered":"<p>Mudel 49.082.HFB Materjal teras V\u00e4rv Must Trim Waxed &#8211; k\u00e4epide on valmistatud k\u00f5rgeima kvaliteediga terasest, mis tagab meile toote t\u00f6\u00f6kvaliteedi<\/p>\n","protected":false},"featured_media":130779,"comment_status":"open","ping_status":"closed","template":"","meta":{"_acf_changed":false,"pmpro_default_level":""},"product_brand":[],"product_cat":[23839,23836,23842],"product_tag":[],"class_list":{"0":"post-139124","1":"product","2":"type-product","3":"status-publish","4":"has-post-thumbnail","6":"product_cat-moobli-kaepidemed","7":"product_cat-moobli-tarvikud","8":"product_cat-spinteles-rankeneles-et","9":"pmpro-has-access","11":"first","12":"instock","13":"shipping-taxable","14":"purchasable","15":"product-type-simple"},"acf":[],"yoast_head":"<!-- This site is optimized with the Yoast SEO plugin v24.9 - https:\/\/yoast.com\/wordpress\/plugins\/seo\/ -->\n<title>M\u00f6\u00f6bli k\u00e4epide ROUNDED FORGED 230mm must - MetalTale.com<\/title>\n<meta name=\"robots\" content=\"index, follow, max-snippet:-1, max-image-preview:large, max-video-preview:-1\" \/>\n<link rel=\"canonical\" href=\"https:\/\/metaltale.com\/et\/toode\/moobli-kaepide-rounded-forged-230mm-must\/\" \/>\n<meta property=\"og:locale\" content=\"et_EE\" \/>\n<meta property=\"og:type\" content=\"article\" \/>\n<meta property=\"og:title\" content=\"M\u00f6\u00f6bli k\u00e4epide ROUNDED FORGED 230mm must - MetalTale.com\" \/>\n<meta property=\"og:description\" content=\"Mudel 49.082.HFB Materjal teras V\u00e4rv Must Trim Waxed &#8211; k\u00e4epide on valmistatud k\u00f5rgeima kvaliteediga terasest, mis tagab meile toote t\u00f6\u00f6kvaliteedi\" \/>\n<meta property=\"og:url\" content=\"https:\/\/metaltale.com\/et\/toode\/moobli-kaepide-rounded-forged-230mm-must\/\" \/>\n<meta property=\"og:site_name\" content=\"MetalTale.com\" \/>\n<meta name=\"twitter:card\" content=\"summary_large_image\" \/>\n<meta name=\"twitter:label1\" content=\"Est. reading time\" \/>\n\t<meta name=\"twitter:data1\" content=\"1 minut\" \/>\n<script type=\"application\/ld+json\" class=\"yoast-schema-graph\">{\"@context\":\"https:\/\/schema.org\",\"@graph\":[{\"@type\":\"WebPage\",\"@id\":\"https:\/\/metaltale.com\/et\/toode\/moobli-kaepide-rounded-forged-230mm-must\/\",\"url\":\"https:\/\/metaltale.com\/et\/toode\/moobli-kaepide-rounded-forged-230mm-must\/\",\"name\":\"M\u00f6\u00f6bli k\u00e4epide ROUNDED FORGED 230mm must - MetalTale.com\",\"isPartOf\":{\"@id\":\"https:\/\/metaltale.com\/et\/#website\"},\"primaryImageOfPage\":{\"@id\":\"https:\/\/metaltale.com\/et\/toode\/moobli-kaepide-rounded-forged-230mm-must\/#primaryimage\"},\"image\":{\"@id\":\"https:\/\/metaltale.com\/et\/toode\/moobli-kaepide-rounded-forged-230mm-must\/#primaryimage\"},\"thumbnailUrl\":\"https:\/\/metaltale.com\/wp-content\/uploads\/2024\/01\/Baldu-rankena-ROUNDED-FORGED-230mm-juoda.jpg\",\"datePublished\":\"2024-02-13T11:53:04+00:00\",\"breadcrumb\":{\"@id\":\"https:\/\/metaltale.com\/et\/toode\/moobli-kaepide-rounded-forged-230mm-must\/#breadcrumb\"},\"inLanguage\":\"et\",\"potentialAction\":[{\"@type\":\"ReadAction\",\"target\":[\"https:\/\/metaltale.com\/et\/toode\/moobli-kaepide-rounded-forged-230mm-must\/\"]}]},{\"@type\":\"ImageObject\",\"inLanguage\":\"et\",\"@id\":\"https:\/\/metaltale.com\/et\/toode\/moobli-kaepide-rounded-forged-230mm-must\/#primaryimage\",\"url\":\"https:\/\/metaltale.com\/wp-content\/uploads\/2024\/01\/Baldu-rankena-ROUNDED-FORGED-230mm-juoda.jpg\",\"contentUrl\":\"https:\/\/metaltale.com\/wp-content\/uploads\/2024\/01\/Baldu-rankena-ROUNDED-FORGED-230mm-juoda.jpg\",\"width\":800,\"height\":800,\"caption\":\"M\u00f6\u00f6bli k\u00e4epide ROUNDED FORGED 230mm must\"},{\"@type\":\"BreadcrumbList\",\"@id\":\"https:\/\/metaltale.com\/et\/toode\/moobli-kaepide-rounded-forged-230mm-must\/#breadcrumb\",\"itemListElement\":[{\"@type\":\"ListItem\",\"position\":1,\"name\":\"Home\",\"item\":\"https:\/\/metaltale.com\/et\/kodu\/\"},{\"@type\":\"ListItem\",\"position\":2,\"name\":\"Kauplus\",\"item\":\"https:\/\/metaltale.com\/et\/shop\/\"},{\"@type\":\"ListItem\",\"position\":3,\"name\":\"M\u00f6\u00f6bli k\u00e4epide ROUNDED FORGED 230mm must\"}]},{\"@type\":\"WebSite\",\"@id\":\"https:\/\/metaltale.com\/et\/#website\",\"url\":\"https:\/\/metaltale.com\/et\/\",\"name\":\"Metaltale.com\",\"description\":\"\",\"potentialAction\":[{\"@type\":\"SearchAction\",\"target\":{\"@type\":\"EntryPoint\",\"urlTemplate\":\"https:\/\/metaltale.com\/et\/?s={search_term_string}\"},\"query-input\":{\"@type\":\"PropertyValueSpecification\",\"valueRequired\":true,\"valueName\":\"search_term_string\"}}],\"inLanguage\":\"et\"}]}<\/script>\n<!-- \/ Yoast SEO plugin. -->","yoast_head_json":{"title":"M\u00f6\u00f6bli k\u00e4epide ROUNDED FORGED 230mm must - MetalTale.com","robots":{"index":"index","follow":"follow","max-snippet":"max-snippet:-1","max-image-preview":"max-image-preview:large","max-video-preview":"max-video-preview:-1"},"canonical":"https:\/\/metaltale.com\/et\/toode\/moobli-kaepide-rounded-forged-230mm-must\/","og_locale":"et_EE","og_type":"article","og_title":"M\u00f6\u00f6bli k\u00e4epide ROUNDED FORGED 230mm must - MetalTale.com","og_description":"Mudel 49.082.HFB Materjal teras V\u00e4rv Must Trim Waxed &#8211; k\u00e4epide on valmistatud k\u00f5rgeima kvaliteediga terasest, mis tagab meile toote t\u00f6\u00f6kvaliteedi","og_url":"https:\/\/metaltale.com\/et\/toode\/moobli-kaepide-rounded-forged-230mm-must\/","og_site_name":"MetalTale.com","twitter_card":"summary_large_image","twitter_misc":{"Est. reading time":"1 minut"},"schema":{"@context":"https:\/\/schema.org","@graph":[{"@type":"WebPage","@id":"https:\/\/metaltale.com\/et\/toode\/moobli-kaepide-rounded-forged-230mm-must\/","url":"https:\/\/metaltale.com\/et\/toode\/moobli-kaepide-rounded-forged-230mm-must\/","name":"M\u00f6\u00f6bli k\u00e4epide ROUNDED FORGED 230mm must - MetalTale.com","isPartOf":{"@id":"https:\/\/metaltale.com\/et\/#website"},"primaryImageOfPage":{"@id":"https:\/\/metaltale.com\/et\/toode\/moobli-kaepide-rounded-forged-230mm-must\/#primaryimage"},"image":{"@id":"https:\/\/metaltale.com\/et\/toode\/moobli-kaepide-rounded-forged-230mm-must\/#primaryimage"},"thumbnailUrl":"https:\/\/metaltale.com\/wp-content\/uploads\/2024\/01\/Baldu-rankena-ROUNDED-FORGED-230mm-juoda.jpg","datePublished":"2024-02-13T11:53:04+00:00","breadcrumb":{"@id":"https:\/\/metaltale.com\/et\/toode\/moobli-kaepide-rounded-forged-230mm-must\/#breadcrumb"},"inLanguage":"et","potentialAction":[{"@type":"ReadAction","target":["https:\/\/metaltale.com\/et\/toode\/moobli-kaepide-rounded-forged-230mm-must\/"]}]},{"@type":"ImageObject","inLanguage":"et","@id":"https:\/\/metaltale.com\/et\/toode\/moobli-kaepide-rounded-forged-230mm-must\/#primaryimage","url":"https:\/\/metaltale.com\/wp-content\/uploads\/2024\/01\/Baldu-rankena-ROUNDED-FORGED-230mm-juoda.jpg","contentUrl":"https:\/\/metaltale.com\/wp-content\/uploads\/2024\/01\/Baldu-rankena-ROUNDED-FORGED-230mm-juoda.jpg","width":800,"height":800,"caption":"M\u00f6\u00f6bli k\u00e4epide ROUNDED FORGED 230mm must"},{"@type":"BreadcrumbList","@id":"https:\/\/metaltale.com\/et\/toode\/moobli-kaepide-rounded-forged-230mm-must\/#breadcrumb","itemListElement":[{"@type":"ListItem","position":1,"name":"Home","item":"https:\/\/metaltale.com\/et\/kodu\/"},{"@type":"ListItem","position":2,"name":"Kauplus","item":"https:\/\/metaltale.com\/et\/shop\/"},{"@type":"ListItem","position":3,"name":"M\u00f6\u00f6bli k\u00e4epide ROUNDED FORGED 230mm must"}]},{"@type":"WebSite","@id":"https:\/\/metaltale.com\/et\/#website","url":"https:\/\/metaltale.com\/et\/","name":"Metaltale.com","description":"","potentialAction":[{"@type":"SearchAction","target":{"@type":"EntryPoint","urlTemplate":"https:\/\/metaltale.com\/et\/?s={search_term_string}"},"query-input":{"@type":"PropertyValueSpecification","valueRequired":true,"valueName":"search_term_string"}}],"inLanguage":"et"}]}},"_links":{"self":[{"href":"https:\/\/metaltale.com\/et\/wp-json\/wp\/v2\/product\/139124","targetHints":{"allow":["GET"]}}],"collection":[{"href":"https:\/\/metaltale.com\/et\/wp-json\/wp\/v2\/product"}],"about":[{"href":"https:\/\/metaltale.com\/et\/wp-json\/wp\/v2\/types\/product"}],"replies":[{"embeddable":true,"href":"https:\/\/metaltale.com\/et\/wp-json\/wp\/v2\/comments?post=139124"}],"version-history":[{"count":0,"href":"https:\/\/metaltale.com\/et\/wp-json\/wp\/v2\/product\/139124\/revisions"}],"wp:featuredmedia":[{"embeddable":true,"href":"https:\/\/metaltale.com\/et\/wp-json\/wp\/v2\/media\/130779"}],"wp:attachment":[{"href":"https:\/\/metaltale.com\/et\/wp-json\/wp\/v2\/media?parent=139124"}],"wp:term":[{"taxonomy":"product_brand","embeddable":true,"href":"https:\/\/metaltale.com\/et\/wp-json\/wp\/v2\/product_brand?post=139124"},{"taxonomy":"product_cat","embeddable":true,"href":"https:\/\/metaltale.com\/et\/wp-json\/wp\/v2\/product_cat?post=139124"},{"taxonomy":"product_tag","embeddable":true,"href":"https:\/\/metaltale.com\/et\/wp-json\/wp\/v2\/product_tag?post=139124"}],"curies":[{"name":"wp","href":"https:\/\/api.w.org\/{rel}","templated":true}]}}