{"id":139108,"date":"2024-02-13T13:55:04","date_gmt":"2024-02-13T11:55:04","guid":{"rendered":"https:\/\/metaltale.com\/produktas\/kummeeritud-moobliratas-geralt\/"},"modified":"2024-02-13T13:55:04","modified_gmt":"2024-02-13T11:55:04","slug":"kummeeritud-moobliratas-geralt","status":"publish","type":"product","link":"https:\/\/metaltale.com\/et\/toode\/kummeeritud-moobliratas-geralt\/","title":{"rendered":"Kummeeritud m\u00f6\u00f6bliratas GERALT"},"content":{"rendered":"<div class=\"prod_data\">\n<p><strong>Mudel<\/strong> FOR. K30. S10. PRGR<br \/>\n<strong>Materjal<\/strong> Teras, malm<br \/>\n<strong> [cm]Kogupikkus<\/strong> 12,5<strong> <\/strong><br \/>\n<strong>\u00dcldine k\u00f5rgus (cm)<\/strong> 14<br \/>\n<strong>\u00dcldine laius (cm)<\/strong> 7,5<br \/>\n<strong>\u00dcldl\u00e4bim\u00f5\u00f5t (cm<\/strong> ) 12,5<br \/>\n<strong>Aluse m\u00f5\u00f5tmed (cm<\/strong> ) 12 x 3,5 x 0,3<br \/>\nKogus komplekti kohta 1 tk.<br \/>\n<strong>LISAINFO<\/strong> Ratta laius: 3,5 cm<\/p>\n<hr>\n<p>Valurauast VINTAGE ratas on veel \u00fcks meie originaaltoodetest, mis on inspireeritud vanadest transpordik\u00e4rudes kasutatud tehases valmistatud ratastest. Kuna meie tooteid kasutatakse ka moodsates interj\u00f6\u00f6rides, kus p\u00f5randad ei ole tingimata betoonist, telliskivist v\u00f5i kivist, oleme sellel ratta mudelil kasutanud kahte kummist velge. Need rattad on integreeritud \u00fcldise v\u00e4limusega ja, mis k\u00f5ige t\u00e4htsam, v\u00f5imaldavad vaba liikumist p\u00f5randal, kus tahked metallrattad v\u00f5ivad kahjustada pinda. Seega oleme suutnud luua mudeli, mis ei ole mitte ainult ilus, vaid ka praktiline.<\/p>\n<hr>\n<\/div>\n","protected":false},"excerpt":{"rendered":"<p>Mudel FOR. K30. S10. PRGR Materjal Teras, malm [cm]Kogupikkus 12,5 \u00dcldine k\u00f5rgus (cm) 14 \u00dcldine laius (cm) 7,5 \u00dcldl\u00e4bim\u00f5\u00f5t (cm<\/p>\n","protected":false},"featured_media":82326,"comment_status":"open","ping_status":"closed","template":"","meta":{"_acf_changed":false,"pmpro_default_level":""},"product_brand":[],"product_cat":[23847,23836],"product_tag":[],"class_list":{"0":"post-139108","1":"product","2":"type-product","3":"status-publish","4":"has-post-thumbnail","6":"product_cat-baldu-ratukai-et","7":"product_cat-moobli-tarvikud","8":"pmpro-has-access","10":"first","11":"instock","12":"shipping-taxable","13":"purchasable","14":"product-type-simple"},"acf":[],"yoast_head":"<!-- This site is optimized with the Yoast SEO plugin v24.9 - https:\/\/yoast.com\/wordpress\/plugins\/seo\/ -->\n<title>Kummeeritud m\u00f6\u00f6bliratas GERALT - MetalTale.com<\/title>\n<meta name=\"robots\" content=\"index, follow, max-snippet:-1, max-image-preview:large, max-video-preview:-1\" \/>\n<link rel=\"canonical\" href=\"https:\/\/metaltale.com\/et\/toode\/kummeeritud-moobliratas-geralt\/\" \/>\n<meta property=\"og:locale\" content=\"et_EE\" \/>\n<meta property=\"og:type\" content=\"article\" \/>\n<meta property=\"og:title\" content=\"Kummeeritud m\u00f6\u00f6bliratas GERALT - MetalTale.com\" \/>\n<meta property=\"og:description\" content=\"Mudel FOR. K30. S10. PRGR Materjal Teras, malm [cm]Kogupikkus 12,5 \u00dcldine k\u00f5rgus (cm) 14 \u00dcldine laius (cm) 7,5 \u00dcldl\u00e4bim\u00f5\u00f5t (cm\" \/>\n<meta property=\"og:url\" content=\"https:\/\/metaltale.com\/et\/toode\/kummeeritud-moobliratas-geralt\/\" \/>\n<meta property=\"og:site_name\" content=\"MetalTale.com\" \/>\n<meta property=\"og:image\" content=\"https:\/\/metaltale.com\/wp-content\/uploads\/2023\/10\/GERALT-140mm-plieninis-ratas.jpg\" \/>\n\t<meta property=\"og:image:width\" content=\"800\" \/>\n\t<meta property=\"og:image:height\" content=\"800\" \/>\n\t<meta property=\"og:image:type\" content=\"image\/jpeg\" \/>\n<meta name=\"twitter:card\" content=\"summary_large_image\" \/>\n<meta name=\"twitter:label1\" content=\"Est. reading time\" \/>\n\t<meta name=\"twitter:data1\" content=\"1 minut\" \/>\n<script type=\"application\/ld+json\" class=\"yoast-schema-graph\">{\"@context\":\"https:\/\/schema.org\",\"@graph\":[{\"@type\":\"WebPage\",\"@id\":\"https:\/\/metaltale.com\/et\/toode\/kummeeritud-moobliratas-geralt\/\",\"url\":\"https:\/\/metaltale.com\/et\/toode\/kummeeritud-moobliratas-geralt\/\",\"name\":\"Kummeeritud m\u00f6\u00f6bliratas GERALT - MetalTale.com\",\"isPartOf\":{\"@id\":\"https:\/\/metaltale.com\/et\/#website\"},\"primaryImageOfPage\":{\"@id\":\"https:\/\/metaltale.com\/et\/toode\/kummeeritud-moobliratas-geralt\/#primaryimage\"},\"image\":{\"@id\":\"https:\/\/metaltale.com\/et\/toode\/kummeeritud-moobliratas-geralt\/#primaryimage\"},\"thumbnailUrl\":\"https:\/\/metaltale.com\/wp-content\/uploads\/2023\/10\/GERALT-140mm-plieninis-ratas.jpg\",\"datePublished\":\"2024-02-13T11:55:04+00:00\",\"breadcrumb\":{\"@id\":\"https:\/\/metaltale.com\/et\/toode\/kummeeritud-moobliratas-geralt\/#breadcrumb\"},\"inLanguage\":\"et\",\"potentialAction\":[{\"@type\":\"ReadAction\",\"target\":[\"https:\/\/metaltale.com\/et\/toode\/kummeeritud-moobliratas-geralt\/\"]}]},{\"@type\":\"ImageObject\",\"inLanguage\":\"et\",\"@id\":\"https:\/\/metaltale.com\/et\/toode\/kummeeritud-moobliratas-geralt\/#primaryimage\",\"url\":\"https:\/\/metaltale.com\/wp-content\/uploads\/2023\/10\/GERALT-140mm-plieninis-ratas.jpg\",\"contentUrl\":\"https:\/\/metaltale.com\/wp-content\/uploads\/2023\/10\/GERALT-140mm-plieninis-ratas.jpg\",\"width\":800,\"height\":800,\"caption\":\"Kummeeritud m\u00f6\u00f6bliratas GERALT must\"},{\"@type\":\"BreadcrumbList\",\"@id\":\"https:\/\/metaltale.com\/et\/toode\/kummeeritud-moobliratas-geralt\/#breadcrumb\",\"itemListElement\":[{\"@type\":\"ListItem\",\"position\":1,\"name\":\"Home\",\"item\":\"https:\/\/metaltale.com\/et\/kodu\/\"},{\"@type\":\"ListItem\",\"position\":2,\"name\":\"Kauplus\",\"item\":\"https:\/\/metaltale.com\/et\/shop\/\"},{\"@type\":\"ListItem\",\"position\":3,\"name\":\"Kummeeritud m\u00f6\u00f6bliratas GERALT\"}]},{\"@type\":\"WebSite\",\"@id\":\"https:\/\/metaltale.com\/et\/#website\",\"url\":\"https:\/\/metaltale.com\/et\/\",\"name\":\"Metaltale.com\",\"description\":\"\",\"potentialAction\":[{\"@type\":\"SearchAction\",\"target\":{\"@type\":\"EntryPoint\",\"urlTemplate\":\"https:\/\/metaltale.com\/et\/?s={search_term_string}\"},\"query-input\":{\"@type\":\"PropertyValueSpecification\",\"valueRequired\":true,\"valueName\":\"search_term_string\"}}],\"inLanguage\":\"et\"}]}<\/script>\n<!-- \/ Yoast SEO plugin. -->","yoast_head_json":{"title":"Kummeeritud m\u00f6\u00f6bliratas GERALT - MetalTale.com","robots":{"index":"index","follow":"follow","max-snippet":"max-snippet:-1","max-image-preview":"max-image-preview:large","max-video-preview":"max-video-preview:-1"},"canonical":"https:\/\/metaltale.com\/et\/toode\/kummeeritud-moobliratas-geralt\/","og_locale":"et_EE","og_type":"article","og_title":"Kummeeritud m\u00f6\u00f6bliratas GERALT - MetalTale.com","og_description":"Mudel FOR. K30. S10. PRGR Materjal Teras, malm [cm]Kogupikkus 12,5 \u00dcldine k\u00f5rgus (cm) 14 \u00dcldine laius (cm) 7,5 \u00dcldl\u00e4bim\u00f5\u00f5t (cm","og_url":"https:\/\/metaltale.com\/et\/toode\/kummeeritud-moobliratas-geralt\/","og_site_name":"MetalTale.com","og_image":[{"width":800,"height":800,"url":"https:\/\/metaltale.com\/wp-content\/uploads\/2023\/10\/GERALT-140mm-plieninis-ratas.jpg","type":"image\/jpeg"}],"twitter_card":"summary_large_image","twitter_misc":{"Est. reading time":"1 minut"},"schema":{"@context":"https:\/\/schema.org","@graph":[{"@type":"WebPage","@id":"https:\/\/metaltale.com\/et\/toode\/kummeeritud-moobliratas-geralt\/","url":"https:\/\/metaltale.com\/et\/toode\/kummeeritud-moobliratas-geralt\/","name":"Kummeeritud m\u00f6\u00f6bliratas GERALT - MetalTale.com","isPartOf":{"@id":"https:\/\/metaltale.com\/et\/#website"},"primaryImageOfPage":{"@id":"https:\/\/metaltale.com\/et\/toode\/kummeeritud-moobliratas-geralt\/#primaryimage"},"image":{"@id":"https:\/\/metaltale.com\/et\/toode\/kummeeritud-moobliratas-geralt\/#primaryimage"},"thumbnailUrl":"https:\/\/metaltale.com\/wp-content\/uploads\/2023\/10\/GERALT-140mm-plieninis-ratas.jpg","datePublished":"2024-02-13T11:55:04+00:00","breadcrumb":{"@id":"https:\/\/metaltale.com\/et\/toode\/kummeeritud-moobliratas-geralt\/#breadcrumb"},"inLanguage":"et","potentialAction":[{"@type":"ReadAction","target":["https:\/\/metaltale.com\/et\/toode\/kummeeritud-moobliratas-geralt\/"]}]},{"@type":"ImageObject","inLanguage":"et","@id":"https:\/\/metaltale.com\/et\/toode\/kummeeritud-moobliratas-geralt\/#primaryimage","url":"https:\/\/metaltale.com\/wp-content\/uploads\/2023\/10\/GERALT-140mm-plieninis-ratas.jpg","contentUrl":"https:\/\/metaltale.com\/wp-content\/uploads\/2023\/10\/GERALT-140mm-plieninis-ratas.jpg","width":800,"height":800,"caption":"Kummeeritud m\u00f6\u00f6bliratas GERALT must"},{"@type":"BreadcrumbList","@id":"https:\/\/metaltale.com\/et\/toode\/kummeeritud-moobliratas-geralt\/#breadcrumb","itemListElement":[{"@type":"ListItem","position":1,"name":"Home","item":"https:\/\/metaltale.com\/et\/kodu\/"},{"@type":"ListItem","position":2,"name":"Kauplus","item":"https:\/\/metaltale.com\/et\/shop\/"},{"@type":"ListItem","position":3,"name":"Kummeeritud m\u00f6\u00f6bliratas GERALT"}]},{"@type":"WebSite","@id":"https:\/\/metaltale.com\/et\/#website","url":"https:\/\/metaltale.com\/et\/","name":"Metaltale.com","description":"","potentialAction":[{"@type":"SearchAction","target":{"@type":"EntryPoint","urlTemplate":"https:\/\/metaltale.com\/et\/?s={search_term_string}"},"query-input":{"@type":"PropertyValueSpecification","valueRequired":true,"valueName":"search_term_string"}}],"inLanguage":"et"}]}},"_links":{"self":[{"href":"https:\/\/metaltale.com\/et\/wp-json\/wp\/v2\/product\/139108","targetHints":{"allow":["GET"]}}],"collection":[{"href":"https:\/\/metaltale.com\/et\/wp-json\/wp\/v2\/product"}],"about":[{"href":"https:\/\/metaltale.com\/et\/wp-json\/wp\/v2\/types\/product"}],"replies":[{"embeddable":true,"href":"https:\/\/metaltale.com\/et\/wp-json\/wp\/v2\/comments?post=139108"}],"version-history":[{"count":0,"href":"https:\/\/metaltale.com\/et\/wp-json\/wp\/v2\/product\/139108\/revisions"}],"wp:featuredmedia":[{"embeddable":true,"href":"https:\/\/metaltale.com\/et\/wp-json\/wp\/v2\/media\/82326"}],"wp:attachment":[{"href":"https:\/\/metaltale.com\/et\/wp-json\/wp\/v2\/media?parent=139108"}],"wp:term":[{"taxonomy":"product_brand","embeddable":true,"href":"https:\/\/metaltale.com\/et\/wp-json\/wp\/v2\/product_brand?post=139108"},{"taxonomy":"product_cat","embeddable":true,"href":"https:\/\/metaltale.com\/et\/wp-json\/wp\/v2\/product_cat?post=139108"},{"taxonomy":"product_tag","embeddable":true,"href":"https:\/\/metaltale.com\/et\/wp-json\/wp\/v2\/product_tag?post=139108"}],"curies":[{"name":"wp","href":"https:\/\/api.w.org\/{rel}","templated":true}]}}