{"id":139077,"date":"2024-02-13T13:53:38","date_gmt":"2024-02-13T11:53:38","guid":{"rendered":"https:\/\/metaltale.com\/produktas\/loft-puidust-liuguksed-terasraamidega\/"},"modified":"2024-02-13T13:53:38","modified_gmt":"2024-02-13T11:53:38","slug":"loft-puidust-liuguksed-terasraamidega","status":"publish","type":"product","link":"https:\/\/metaltale.com\/et\/toode\/loft-puidust-liuguksed-terasraamidega\/","title":{"rendered":"LOFT puidust liuguksed terasraamidega"},"content":{"rendered":"<div class=\"prod_data\"><strong>Mudel<\/strong> FOR. DURYS. LOFT  <br \/>Materjal m\u00e4nnipuit, teras <br \/>Paksus (cm ) 2,5 <br \/>\u00dcldine k\u00f5rgus (cm) 210 <br \/>\u00dcldlaius (cm) 100 <br \/><strong>Kaal (kg)<\/strong> 30  <br \/><strong>Viimistlus<\/strong> L\u00f5petamata \/ v\u00e4rvitud  <br \/>LISATEAVE Pakkumine kehtib ainult \u00fche ukselaua kohta ja ei sisalda libisevuss\u00fcsteemi ega muid lisaseadmeid. <\/p>\n<hr>\n<p>LOFT uksed on valmistatud m\u00e4nnist. Horisontaalselt paigutatud plangud, mis on \u00fcmbritsetud terasraamiga, moodustavad t\u00e4pse ja otsustava struktuuri, mis r\u00f5\u00f5mustab iga kasutajat. M\u00e4rkimisv\u00e4\u00e4rne puidumass lisab iseloomu ja tugevust. Plankudel n\u00e4htavad r\u00f5ngad ja oksad r\u00f5hutavad puidu loomulikku tekstuuri.  <\/p>\n<p>LOFT liuguks on valmistatud terasraamiga, mis koosneb kahest nurgaga \u00fcmbritsevast 20&#215;20 mm suurusest laudisest. Raami lihvimine annab uksele originaalse ja ainulaadse v\u00e4limuse.  <\/p>\n<p>LOFT puidust l\u00fckanduksed lisavad interj\u00f6\u00f6rile ainulaadsust ja originaalsust, on praktilised, kergesti paigaldatavad ja dekoratiivse funktsiooniga. Nende tugev konstruktsioon tagab, et neid saab kasutada aastaid.<\/p>\n<p>LOFT puidust uksed sobivad igasse interj\u00f6\u00f6ri &#8211; moodsasse, traditsioonilisse, rustikaalsesse, t\u00f6\u00f6stuslikku v\u00f5i loft-stiilis.<\/p>\n<p>Ukse standardsuurus on 100 cm x 210 cm, paksus 2,5 cm ja see tarnitakse t\u00f6\u00f6tlemata.<br \/>T\u00e4nu oma mitmek\u00fclgsusele sobib LOFT liuguks ideaalselt 70 cm, 80 cm ja 90 cm ukseavadele.<\/p>\n<p>LOFT-i l\u00fckandustele sobivad alumised juhikud leiate allj\u00e4rgnevast jaotisest &#8220;Seotud tooted&#8221;.  <\/p>\n<p>*Toode, mis on v\u00e4rvitud ja\/v\u00f5i valmistatud muus suuruses kui 100&#215;210 cm, on mittestandardne toode ja seda ei saa tagastada vastavalt tarbija\u00f5iguste seaduse artikli 38 l\u00f5ikele 3.<\/p>\n<hr>\n<p>**Pakkumine kehtib ainult uste kohta ja ei sisalda libisevust ega muid lisaseadmeid.<br \/>***P\u00f6\u00f6rake t\u00e4helepanu, et seda mudelit ei saa kasutada hingedega l\u00fckandukses\u00fcsteemidega (&#8220;Vintage&#8221;, &#8220;Wheel On Hanger&#8221;).<\/p>\n<hr>\n<\/div>\n","protected":false},"excerpt":{"rendered":"<p>Mudel FOR. DURYS. LOFT Materjal m\u00e4nnipuit, teras Paksus (cm ) 2,5 \u00dcldine k\u00f5rgus (cm) 210 \u00dcldlaius (cm) 100 Kaal (kg)<\/p>\n","protected":false},"featured_media":99084,"comment_status":"open","ping_status":"closed","template":"","meta":{"_acf_changed":false,"pmpro_default_level":""},"product_brand":[],"product_cat":[24145,24140,24156],"product_tag":[],"class_list":{"0":"post-139077","1":"product","2":"type-product","3":"status-publish","4":"has-post-thumbnail","6":"product_cat-liuguksed-et","7":"product_cat-liuguksesusteemid","8":"product_cat-metallraamiga-lukanduksed","9":"pmpro-has-access","11":"first","12":"instock","13":"shipping-taxable","14":"purchasable","15":"product-type-simple"},"acf":[],"yoast_head":"<!-- This site is optimized with the Yoast SEO plugin v24.9 - https:\/\/yoast.com\/wordpress\/plugins\/seo\/ -->\n<title>LOFT puidust liuguksed terasraamidega - MetalTale.com<\/title>\n<meta name=\"robots\" content=\"index, follow, max-snippet:-1, max-image-preview:large, max-video-preview:-1\" \/>\n<link rel=\"canonical\" href=\"https:\/\/metaltale.com\/et\/toode\/loft-puidust-liuguksed-terasraamidega\/\" \/>\n<meta property=\"og:locale\" content=\"et_EE\" \/>\n<meta property=\"og:type\" content=\"article\" \/>\n<meta property=\"og:title\" content=\"LOFT puidust liuguksed terasraamidega - MetalTale.com\" \/>\n<meta property=\"og:description\" content=\"Mudel FOR. DURYS. LOFT Materjal m\u00e4nnipuit, teras Paksus (cm ) 2,5 \u00dcldine k\u00f5rgus (cm) 210 \u00dcldlaius (cm) 100 Kaal (kg)\" \/>\n<meta property=\"og:url\" content=\"https:\/\/metaltale.com\/et\/toode\/loft-puidust-liuguksed-terasraamidega\/\" \/>\n<meta property=\"og:site_name\" content=\"MetalTale.com\" \/>\n<meta property=\"og:image\" content=\"http:\/\/metaltale.com\/wp-content\/uploads\/2023\/11\/LOFT-durys-100x210-pilka.jpg\" \/>\n\t<meta property=\"og:image:width\" content=\"800\" \/>\n\t<meta property=\"og:image:height\" content=\"800\" \/>\n\t<meta property=\"og:image:type\" content=\"image\/jpeg\" \/>\n<meta name=\"twitter:card\" content=\"summary_large_image\" \/>\n<meta name=\"twitter:label1\" content=\"Est. reading time\" \/>\n\t<meta name=\"twitter:data1\" content=\"1 minut\" \/>\n<script type=\"application\/ld+json\" class=\"yoast-schema-graph\">{\"@context\":\"https:\/\/schema.org\",\"@graph\":[{\"@type\":\"WebPage\",\"@id\":\"https:\/\/metaltale.com\/et\/toode\/loft-puidust-liuguksed-terasraamidega\/\",\"url\":\"https:\/\/metaltale.com\/et\/toode\/loft-puidust-liuguksed-terasraamidega\/\",\"name\":\"LOFT puidust liuguksed terasraamidega - MetalTale.com\",\"isPartOf\":{\"@id\":\"https:\/\/metaltale.com\/et\/#website\"},\"primaryImageOfPage\":{\"@id\":\"https:\/\/metaltale.com\/et\/toode\/loft-puidust-liuguksed-terasraamidega\/#primaryimage\"},\"image\":{\"@id\":\"https:\/\/metaltale.com\/et\/toode\/loft-puidust-liuguksed-terasraamidega\/#primaryimage\"},\"thumbnailUrl\":\"https:\/\/metaltale.com\/wp-content\/uploads\/2023\/11\/LOFT-durys-100x210-pilka.jpg\",\"datePublished\":\"2024-02-13T11:53:38+00:00\",\"breadcrumb\":{\"@id\":\"https:\/\/metaltale.com\/et\/toode\/loft-puidust-liuguksed-terasraamidega\/#breadcrumb\"},\"inLanguage\":\"et\",\"potentialAction\":[{\"@type\":\"ReadAction\",\"target\":[\"https:\/\/metaltale.com\/et\/toode\/loft-puidust-liuguksed-terasraamidega\/\"]}]},{\"@type\":\"ImageObject\",\"inLanguage\":\"et\",\"@id\":\"https:\/\/metaltale.com\/et\/toode\/loft-puidust-liuguksed-terasraamidega\/#primaryimage\",\"url\":\"https:\/\/metaltale.com\/wp-content\/uploads\/2023\/11\/LOFT-durys-100x210-pilka.jpg\",\"contentUrl\":\"https:\/\/metaltale.com\/wp-content\/uploads\/2023\/11\/LOFT-durys-100x210-pilka.jpg\",\"width\":800,\"height\":800,\"caption\":\"Pu\u0161in\u0117s stumdomos durys su plieniniais r\u0117mais LOFT pilka\"},{\"@type\":\"BreadcrumbList\",\"@id\":\"https:\/\/metaltale.com\/et\/toode\/loft-puidust-liuguksed-terasraamidega\/#breadcrumb\",\"itemListElement\":[{\"@type\":\"ListItem\",\"position\":1,\"name\":\"Home\",\"item\":\"https:\/\/metaltale.com\/et\/kodu\/\"},{\"@type\":\"ListItem\",\"position\":2,\"name\":\"Kauplus\",\"item\":\"https:\/\/metaltale.com\/et\/shop\/\"},{\"@type\":\"ListItem\",\"position\":3,\"name\":\"LOFT puidust liuguksed terasraamidega\"}]},{\"@type\":\"WebSite\",\"@id\":\"https:\/\/metaltale.com\/et\/#website\",\"url\":\"https:\/\/metaltale.com\/et\/\",\"name\":\"Metaltale.com\",\"description\":\"\",\"potentialAction\":[{\"@type\":\"SearchAction\",\"target\":{\"@type\":\"EntryPoint\",\"urlTemplate\":\"https:\/\/metaltale.com\/et\/?s={search_term_string}\"},\"query-input\":{\"@type\":\"PropertyValueSpecification\",\"valueRequired\":true,\"valueName\":\"search_term_string\"}}],\"inLanguage\":\"et\"}]}<\/script>\n<!-- \/ Yoast SEO plugin. -->","yoast_head_json":{"title":"LOFT puidust liuguksed terasraamidega - MetalTale.com","robots":{"index":"index","follow":"follow","max-snippet":"max-snippet:-1","max-image-preview":"max-image-preview:large","max-video-preview":"max-video-preview:-1"},"canonical":"https:\/\/metaltale.com\/et\/toode\/loft-puidust-liuguksed-terasraamidega\/","og_locale":"et_EE","og_type":"article","og_title":"LOFT puidust liuguksed terasraamidega - MetalTale.com","og_description":"Mudel FOR. DURYS. LOFT Materjal m\u00e4nnipuit, teras Paksus (cm ) 2,5 \u00dcldine k\u00f5rgus (cm) 210 \u00dcldlaius (cm) 100 Kaal (kg)","og_url":"https:\/\/metaltale.com\/et\/toode\/loft-puidust-liuguksed-terasraamidega\/","og_site_name":"MetalTale.com","og_image":[{"width":800,"height":800,"url":"http:\/\/metaltale.com\/wp-content\/uploads\/2023\/11\/LOFT-durys-100x210-pilka.jpg","type":"image\/jpeg"}],"twitter_card":"summary_large_image","twitter_misc":{"Est. reading time":"1 minut"},"schema":{"@context":"https:\/\/schema.org","@graph":[{"@type":"WebPage","@id":"https:\/\/metaltale.com\/et\/toode\/loft-puidust-liuguksed-terasraamidega\/","url":"https:\/\/metaltale.com\/et\/toode\/loft-puidust-liuguksed-terasraamidega\/","name":"LOFT puidust liuguksed terasraamidega - MetalTale.com","isPartOf":{"@id":"https:\/\/metaltale.com\/et\/#website"},"primaryImageOfPage":{"@id":"https:\/\/metaltale.com\/et\/toode\/loft-puidust-liuguksed-terasraamidega\/#primaryimage"},"image":{"@id":"https:\/\/metaltale.com\/et\/toode\/loft-puidust-liuguksed-terasraamidega\/#primaryimage"},"thumbnailUrl":"https:\/\/metaltale.com\/wp-content\/uploads\/2023\/11\/LOFT-durys-100x210-pilka.jpg","datePublished":"2024-02-13T11:53:38+00:00","breadcrumb":{"@id":"https:\/\/metaltale.com\/et\/toode\/loft-puidust-liuguksed-terasraamidega\/#breadcrumb"},"inLanguage":"et","potentialAction":[{"@type":"ReadAction","target":["https:\/\/metaltale.com\/et\/toode\/loft-puidust-liuguksed-terasraamidega\/"]}]},{"@type":"ImageObject","inLanguage":"et","@id":"https:\/\/metaltale.com\/et\/toode\/loft-puidust-liuguksed-terasraamidega\/#primaryimage","url":"https:\/\/metaltale.com\/wp-content\/uploads\/2023\/11\/LOFT-durys-100x210-pilka.jpg","contentUrl":"https:\/\/metaltale.com\/wp-content\/uploads\/2023\/11\/LOFT-durys-100x210-pilka.jpg","width":800,"height":800,"caption":"Pu\u0161in\u0117s stumdomos durys su plieniniais r\u0117mais LOFT pilka"},{"@type":"BreadcrumbList","@id":"https:\/\/metaltale.com\/et\/toode\/loft-puidust-liuguksed-terasraamidega\/#breadcrumb","itemListElement":[{"@type":"ListItem","position":1,"name":"Home","item":"https:\/\/metaltale.com\/et\/kodu\/"},{"@type":"ListItem","position":2,"name":"Kauplus","item":"https:\/\/metaltale.com\/et\/shop\/"},{"@type":"ListItem","position":3,"name":"LOFT puidust liuguksed terasraamidega"}]},{"@type":"WebSite","@id":"https:\/\/metaltale.com\/et\/#website","url":"https:\/\/metaltale.com\/et\/","name":"Metaltale.com","description":"","potentialAction":[{"@type":"SearchAction","target":{"@type":"EntryPoint","urlTemplate":"https:\/\/metaltale.com\/et\/?s={search_term_string}"},"query-input":{"@type":"PropertyValueSpecification","valueRequired":true,"valueName":"search_term_string"}}],"inLanguage":"et"}]}},"_links":{"self":[{"href":"https:\/\/metaltale.com\/et\/wp-json\/wp\/v2\/product\/139077","targetHints":{"allow":["GET"]}}],"collection":[{"href":"https:\/\/metaltale.com\/et\/wp-json\/wp\/v2\/product"}],"about":[{"href":"https:\/\/metaltale.com\/et\/wp-json\/wp\/v2\/types\/product"}],"replies":[{"embeddable":true,"href":"https:\/\/metaltale.com\/et\/wp-json\/wp\/v2\/comments?post=139077"}],"version-history":[{"count":0,"href":"https:\/\/metaltale.com\/et\/wp-json\/wp\/v2\/product\/139077\/revisions"}],"wp:featuredmedia":[{"embeddable":true,"href":"https:\/\/metaltale.com\/et\/wp-json\/wp\/v2\/media\/99084"}],"wp:attachment":[{"href":"https:\/\/metaltale.com\/et\/wp-json\/wp\/v2\/media?parent=139077"}],"wp:term":[{"taxonomy":"product_brand","embeddable":true,"href":"https:\/\/metaltale.com\/et\/wp-json\/wp\/v2\/product_brand?post=139077"},{"taxonomy":"product_cat","embeddable":true,"href":"https:\/\/metaltale.com\/et\/wp-json\/wp\/v2\/product_cat?post=139077"},{"taxonomy":"product_tag","embeddable":true,"href":"https:\/\/metaltale.com\/et\/wp-json\/wp\/v2\/product_tag?post=139077"}],"curies":[{"name":"wp","href":"https:\/\/api.w.org\/{rel}","templated":true}]}}