{"id":139071,"date":"2024-02-13T13:53:38","date_gmt":"2024-02-13T11:53:38","guid":{"rendered":"https:\/\/metaltale.com\/produktas\/forest-x-pruunid-mannist-lukanduksed\/"},"modified":"2024-02-13T13:53:38","modified_gmt":"2024-02-13T11:53:38","slug":"forest-x-pruunid-mannist-lukanduksed","status":"publish","type":"product","link":"https:\/\/metaltale.com\/et\/toode\/forest-x-pruunid-mannist-lukanduksed\/","title":{"rendered":"FOREST &#8211; X Pruunid m\u00e4nnist l\u00fckanduksed"},"content":{"rendered":"<div class=\"prod_data\"><strong>Mudel<\/strong> FOR.1X-BR-100X210  <br \/>Paksus (cm) 4 <br \/><strong>K\u00f5rgus (cm)<\/strong> 210  <br \/>Laius (cm) 100 <br \/><strong>Materjal<\/strong> m\u00e4nnipuit  <br \/><strong>V\u00e4rv<\/strong> Pruun  <br \/><strong>Viimistlus<\/strong> T\u00f6\u00f6tlemata \/ \u00f5litatud  <br \/>Pinna t\u00fc\u00fcp Silea <br \/>LISATEAVE Pakkumine kehtib ainult \u00fche ukselaua kohta ja ei sisalda libisevuss\u00fcsteemi ega muid lisaseadmeid. <\/p>\n<p>Uksed on valmistatud t\u00e4iesti \u00fchesugustest puitplankudest. Need on kohandatud meie libisevatele s\u00fcsteemidele. Meie uksed lisavad teie interj\u00f6\u00f6rile ainulaadse ja originaalse iseloomu, on praktilised ja kergesti paigaldatavad ning samal ajal ka dekoratiivse funktsiooniga. Need sobivad igasse interj\u00f6\u00f6ri, alates modernsest kuni traditsioonilise rustikaalse, t\u00f6\u00f6stusliku ja loftideni. Nende tugev konstruktsioon tagab aastatepikkuse kasutamise. Disainilahenduste mitmekesisus t\u00e4hendab, et iga\u00fchele on midagi. Kahe komplekti puhul on meil v\u00f5imalus l\u00fckata ust kahes suunas. T\u00e4nu nende mitmek\u00fclgsusele sobivad need ideaalselt 70 cm, 80 cm ja 90 cm pikkustele ukseavadele.  <\/p>\n<\/div>\n","protected":false},"excerpt":{"rendered":"<p>Mudel FOR.1X-BR-100X210 Paksus (cm) 4 K\u00f5rgus (cm) 210 Laius (cm) 100 Materjal m\u00e4nnipuit V\u00e4rv Pruun Viimistlus T\u00f6\u00f6tlemata \/ \u00f5litatud Pinna<\/p>\n","protected":false},"featured_media":82113,"comment_status":"open","ping_status":"closed","template":"","meta":{"_acf_changed":false,"pmpro_default_level":""},"product_brand":[],"product_cat":[24158],"product_tag":[],"class_list":{"0":"post-139071","1":"product","2":"type-product","3":"status-publish","4":"has-post-thumbnail","6":"product_cat-mannist-lukanduksed","7":"pmpro-has-access","9":"first","10":"instock","11":"shipping-taxable","12":"purchasable","13":"product-type-simple"},"acf":[],"yoast_head":"<!-- This site is optimized with the Yoast SEO plugin v24.9 - https:\/\/yoast.com\/wordpress\/plugins\/seo\/ -->\n<title>FOREST - X Pruunid m\u00e4nnist l\u00fckanduksed - MetalTale.com<\/title>\n<meta name=\"robots\" content=\"index, follow, max-snippet:-1, max-image-preview:large, max-video-preview:-1\" \/>\n<link rel=\"canonical\" href=\"https:\/\/metaltale.com\/et\/toode\/forest-x-pruunid-mannist-lukanduksed\/\" \/>\n<meta property=\"og:locale\" content=\"et_EE\" \/>\n<meta property=\"og:type\" content=\"article\" \/>\n<meta property=\"og:title\" content=\"FOREST - X Pruunid m\u00e4nnist l\u00fckanduksed - MetalTale.com\" \/>\n<meta property=\"og:description\" content=\"Mudel FOR.1X-BR-100X210 Paksus (cm) 4 K\u00f5rgus (cm) 210 Laius (cm) 100 Materjal m\u00e4nnipuit V\u00e4rv Pruun Viimistlus T\u00f6\u00f6tlemata \/ \u00f5litatud Pinna\" \/>\n<meta property=\"og:url\" content=\"https:\/\/metaltale.com\/et\/toode\/forest-x-pruunid-mannist-lukanduksed\/\" \/>\n<meta property=\"og:site_name\" content=\"MetalTale.com\" \/>\n<meta name=\"twitter:card\" content=\"summary_large_image\" \/>\n<meta name=\"twitter:label1\" content=\"Est. reading time\" \/>\n\t<meta name=\"twitter:data1\" content=\"1 minut\" \/>\n<script type=\"application\/ld+json\" class=\"yoast-schema-graph\">{\"@context\":\"https:\/\/schema.org\",\"@graph\":[{\"@type\":\"WebPage\",\"@id\":\"https:\/\/metaltale.com\/et\/toode\/forest-x-pruunid-mannist-lukanduksed\/\",\"url\":\"https:\/\/metaltale.com\/et\/toode\/forest-x-pruunid-mannist-lukanduksed\/\",\"name\":\"FOREST - X Pruunid m\u00e4nnist l\u00fckanduksed - MetalTale.com\",\"isPartOf\":{\"@id\":\"https:\/\/metaltale.com\/et\/#website\"},\"primaryImageOfPage\":{\"@id\":\"https:\/\/metaltale.com\/et\/toode\/forest-x-pruunid-mannist-lukanduksed\/#primaryimage\"},\"image\":{\"@id\":\"https:\/\/metaltale.com\/et\/toode\/forest-x-pruunid-mannist-lukanduksed\/#primaryimage\"},\"thumbnailUrl\":\"https:\/\/metaltale.com\/wp-content\/uploads\/2023\/10\/Durys-FOREST-1X-100x210-Alyvos-ruda.jpg\",\"datePublished\":\"2024-02-13T11:53:38+00:00\",\"breadcrumb\":{\"@id\":\"https:\/\/metaltale.com\/et\/toode\/forest-x-pruunid-mannist-lukanduksed\/#breadcrumb\"},\"inLanguage\":\"et\",\"potentialAction\":[{\"@type\":\"ReadAction\",\"target\":[\"https:\/\/metaltale.com\/et\/toode\/forest-x-pruunid-mannist-lukanduksed\/\"]}]},{\"@type\":\"ImageObject\",\"inLanguage\":\"et\",\"@id\":\"https:\/\/metaltale.com\/et\/toode\/forest-x-pruunid-mannist-lukanduksed\/#primaryimage\",\"url\":\"https:\/\/metaltale.com\/wp-content\/uploads\/2023\/10\/Durys-FOREST-1X-100x210-Alyvos-ruda.jpg\",\"contentUrl\":\"https:\/\/metaltale.com\/wp-content\/uploads\/2023\/10\/Durys-FOREST-1X-100x210-Alyvos-ruda.jpg\",\"width\":800,\"height\":800},{\"@type\":\"BreadcrumbList\",\"@id\":\"https:\/\/metaltale.com\/et\/toode\/forest-x-pruunid-mannist-lukanduksed\/#breadcrumb\",\"itemListElement\":[{\"@type\":\"ListItem\",\"position\":1,\"name\":\"Home\",\"item\":\"https:\/\/metaltale.com\/et\/kodu\/\"},{\"@type\":\"ListItem\",\"position\":2,\"name\":\"Kauplus\",\"item\":\"https:\/\/metaltale.com\/et\/shop\/\"},{\"@type\":\"ListItem\",\"position\":3,\"name\":\"FOREST &#8211; X Pruunid m\u00e4nnist l\u00fckanduksed\"}]},{\"@type\":\"WebSite\",\"@id\":\"https:\/\/metaltale.com\/et\/#website\",\"url\":\"https:\/\/metaltale.com\/et\/\",\"name\":\"Metaltale.com\",\"description\":\"\",\"potentialAction\":[{\"@type\":\"SearchAction\",\"target\":{\"@type\":\"EntryPoint\",\"urlTemplate\":\"https:\/\/metaltale.com\/et\/?s={search_term_string}\"},\"query-input\":{\"@type\":\"PropertyValueSpecification\",\"valueRequired\":true,\"valueName\":\"search_term_string\"}}],\"inLanguage\":\"et\"}]}<\/script>\n<!-- \/ Yoast SEO plugin. -->","yoast_head_json":{"title":"FOREST - X Pruunid m\u00e4nnist l\u00fckanduksed - MetalTale.com","robots":{"index":"index","follow":"follow","max-snippet":"max-snippet:-1","max-image-preview":"max-image-preview:large","max-video-preview":"max-video-preview:-1"},"canonical":"https:\/\/metaltale.com\/et\/toode\/forest-x-pruunid-mannist-lukanduksed\/","og_locale":"et_EE","og_type":"article","og_title":"FOREST - X Pruunid m\u00e4nnist l\u00fckanduksed - MetalTale.com","og_description":"Mudel FOR.1X-BR-100X210 Paksus (cm) 4 K\u00f5rgus (cm) 210 Laius (cm) 100 Materjal m\u00e4nnipuit V\u00e4rv Pruun Viimistlus T\u00f6\u00f6tlemata \/ \u00f5litatud Pinna","og_url":"https:\/\/metaltale.com\/et\/toode\/forest-x-pruunid-mannist-lukanduksed\/","og_site_name":"MetalTale.com","twitter_card":"summary_large_image","twitter_misc":{"Est. reading time":"1 minut"},"schema":{"@context":"https:\/\/schema.org","@graph":[{"@type":"WebPage","@id":"https:\/\/metaltale.com\/et\/toode\/forest-x-pruunid-mannist-lukanduksed\/","url":"https:\/\/metaltale.com\/et\/toode\/forest-x-pruunid-mannist-lukanduksed\/","name":"FOREST - X Pruunid m\u00e4nnist l\u00fckanduksed - MetalTale.com","isPartOf":{"@id":"https:\/\/metaltale.com\/et\/#website"},"primaryImageOfPage":{"@id":"https:\/\/metaltale.com\/et\/toode\/forest-x-pruunid-mannist-lukanduksed\/#primaryimage"},"image":{"@id":"https:\/\/metaltale.com\/et\/toode\/forest-x-pruunid-mannist-lukanduksed\/#primaryimage"},"thumbnailUrl":"https:\/\/metaltale.com\/wp-content\/uploads\/2023\/10\/Durys-FOREST-1X-100x210-Alyvos-ruda.jpg","datePublished":"2024-02-13T11:53:38+00:00","breadcrumb":{"@id":"https:\/\/metaltale.com\/et\/toode\/forest-x-pruunid-mannist-lukanduksed\/#breadcrumb"},"inLanguage":"et","potentialAction":[{"@type":"ReadAction","target":["https:\/\/metaltale.com\/et\/toode\/forest-x-pruunid-mannist-lukanduksed\/"]}]},{"@type":"ImageObject","inLanguage":"et","@id":"https:\/\/metaltale.com\/et\/toode\/forest-x-pruunid-mannist-lukanduksed\/#primaryimage","url":"https:\/\/metaltale.com\/wp-content\/uploads\/2023\/10\/Durys-FOREST-1X-100x210-Alyvos-ruda.jpg","contentUrl":"https:\/\/metaltale.com\/wp-content\/uploads\/2023\/10\/Durys-FOREST-1X-100x210-Alyvos-ruda.jpg","width":800,"height":800},{"@type":"BreadcrumbList","@id":"https:\/\/metaltale.com\/et\/toode\/forest-x-pruunid-mannist-lukanduksed\/#breadcrumb","itemListElement":[{"@type":"ListItem","position":1,"name":"Home","item":"https:\/\/metaltale.com\/et\/kodu\/"},{"@type":"ListItem","position":2,"name":"Kauplus","item":"https:\/\/metaltale.com\/et\/shop\/"},{"@type":"ListItem","position":3,"name":"FOREST &#8211; X Pruunid m\u00e4nnist l\u00fckanduksed"}]},{"@type":"WebSite","@id":"https:\/\/metaltale.com\/et\/#website","url":"https:\/\/metaltale.com\/et\/","name":"Metaltale.com","description":"","potentialAction":[{"@type":"SearchAction","target":{"@type":"EntryPoint","urlTemplate":"https:\/\/metaltale.com\/et\/?s={search_term_string}"},"query-input":{"@type":"PropertyValueSpecification","valueRequired":true,"valueName":"search_term_string"}}],"inLanguage":"et"}]}},"_links":{"self":[{"href":"https:\/\/metaltale.com\/et\/wp-json\/wp\/v2\/product\/139071","targetHints":{"allow":["GET"]}}],"collection":[{"href":"https:\/\/metaltale.com\/et\/wp-json\/wp\/v2\/product"}],"about":[{"href":"https:\/\/metaltale.com\/et\/wp-json\/wp\/v2\/types\/product"}],"replies":[{"embeddable":true,"href":"https:\/\/metaltale.com\/et\/wp-json\/wp\/v2\/comments?post=139071"}],"version-history":[{"count":0,"href":"https:\/\/metaltale.com\/et\/wp-json\/wp\/v2\/product\/139071\/revisions"}],"wp:featuredmedia":[{"embeddable":true,"href":"https:\/\/metaltale.com\/et\/wp-json\/wp\/v2\/media\/82113"}],"wp:attachment":[{"href":"https:\/\/metaltale.com\/et\/wp-json\/wp\/v2\/media?parent=139071"}],"wp:term":[{"taxonomy":"product_brand","embeddable":true,"href":"https:\/\/metaltale.com\/et\/wp-json\/wp\/v2\/product_brand?post=139071"},{"taxonomy":"product_cat","embeddable":true,"href":"https:\/\/metaltale.com\/et\/wp-json\/wp\/v2\/product_cat?post=139071"},{"taxonomy":"product_tag","embeddable":true,"href":"https:\/\/metaltale.com\/et\/wp-json\/wp\/v2\/product_tag?post=139071"}],"curies":[{"name":"wp","href":"https:\/\/api.w.org\/{rel}","templated":true}]}}