{"id":139069,"date":"2024-02-13T13:53:38","date_gmt":"2024-02-13T11:53:38","guid":{"rendered":"https:\/\/metaltale.com\/produktas\/fabric-puidust-liuguksed-terasraamiga\/"},"modified":"2024-02-13T13:53:38","modified_gmt":"2024-02-13T11:53:38","slug":"fabric-puidust-liuguksed-terasraamiga","status":"publish","type":"product","link":"https:\/\/metaltale.com\/et\/toode\/fabric-puidust-liuguksed-terasraamiga\/","title":{"rendered":"FABRIC puidust liuguksed terasraamiga"},"content":{"rendered":"<div class=\"prod_data\"><strong>Mudel<\/strong> FOR. DRZ.2Z  <br \/><strong>EAN.<\/strong>  5907772071069  <br \/>Materjal m\u00e4nnipuit, teras <br \/>Paksus (cm) 4 <br \/>\u00dcldine k\u00f5rgus (cm) 210 <br \/>\u00dcldlaius (cm) 100 <br \/><strong>Kaal (kg)<\/strong> 37  <br \/><strong>Viimistlus<\/strong> L\u00f5petamata \/ v\u00e4rvitud  <br \/>LISATEAVE Pakkumine kehtib ainult \u00fche ukselaua kohta ja ei sisalda libisevuss\u00fcsteemi ega muid lisaseadmeid. <\/p>\n<hr>\n<p>Fabric liuguks on m\u00f5eldud neile, kes hindavad betooni lihtsust.<\/p>\n<p>Kangasuksed on valmistatud m\u00e4nnist, nende massiivsed plangud on paigutatud vertikaalselt ja ukse v\u00e4limine pool raami sees moodustab as\u00fcmmeetrilise kompositsiooni, luues t\u00e4pse ja otsustava kompositsiooni, mis r\u00f5\u00f5mustab iga kasutajat. Ukse pind annab tuntava puidumassiiviga iseloomu ja soliidsust, samal ajal kui plankudel n\u00e4htav tekstuur ja oksad r\u00f5hutavad puidu loomulikku tekstuuri.<\/p>\n<p>Fabric liuguks on ehitatud terasraamiga, mis koosneb kahest nurgaklambrist, mis \u00fcmbritsevad 20&#215;20 mm plaate. Liugukse sisemine k\u00fclg on kinnitatud lamedate latidega, millel on n\u00e4htavad keevis\u00f5mblused ja neetid, mis \u00fchendavad konstruktsiooni. Lisaks on raamil n\u00e4htav lihvitud viimistlus, mis annab uksele originaalse ja ainulaadse v\u00e4limuse. \u00dcksikute elementide paigutus takistab ukse v\u00e4\u00e4ndumist.<\/p>\n<p>Puidust kangast liuguksed annavad teie interj\u00f6\u00f6rile ainulaadse ja originaalse iseloomu, on praktilised ja kergesti paigaldatavad, neil on dekoratiivne funktsioon ja nende tugev konstruktsioon tagab, et neid saab kasutada aastaid.<\/p>\n<p>Puidust kangast uksed sobivad igasse interj\u00f6\u00f6ri, alates modernsest kuni traditsioonilise rustikaalse, t\u00f6\u00f6stusliku v\u00f5i loft-stiilini.<\/p>\n<p>Ukse standardm\u00f5\u00f5t on 100 cm x 210 cm, 4 cm paksune ja t\u00f6\u00f6tlemata.<br \/>Kangast liuguks sobib t\u00e4nu oma mitmek\u00fclgsusele ideaalselt 70 cm, 80 cm ja 90 cm pikkuste uste jaoks.<\/p>\n<p>FABRIC liugustele sobivad alumised juhikud leiate allolevalt vahekaardilt &#8220;Seotud tooted&#8221;.<\/p>\n<p>*Toode, mis on v\u00e4rvitud ja\/v\u00f5i valmistatud muus suuruses kui 100&#215;210 cm, on mittestandardne toode ja seda ei saa tagastada vastavalt tarbija\u00f5iguste seaduse artikli 38 l\u00f5ikele 3.<\/p>\n<hr>\n<p>**Pakkumine kehtib ainult uste kohta ja ei sisalda libisevust ega muid lisaseadmeid.<br \/>***P\u00f6\u00f6rake t\u00e4helepanu, et seda mudelit ei saa kasutada hingedega l\u00fckandukses\u00fcsteemidega (&#8220;Vintage&#8221;, &#8220;Wheel On Hanger&#8221;).<\/p>\n<hr>\n<\/div>\n","protected":false},"excerpt":{"rendered":"<p>Mudel FOR. DRZ.2Z EAN. 5907772071069 Materjal m\u00e4nnipuit, teras Paksus (cm) 4 \u00dcldine k\u00f5rgus (cm) 210 \u00dcldlaius (cm) 100 Kaal (kg)<\/p>\n","protected":false},"featured_media":142578,"comment_status":"open","ping_status":"closed","template":"","meta":{"_acf_changed":false,"pmpro_default_level":""},"product_brand":[],"product_cat":[24145,24140,24156],"product_tag":[],"class_list":{"0":"post-139069","1":"product","2":"type-product","3":"status-publish","4":"has-post-thumbnail","6":"product_cat-liuguksed-et","7":"product_cat-liuguksesusteemid","8":"product_cat-metallraamiga-lukanduksed","9":"pmpro-has-access","11":"first","12":"instock","13":"shipping-taxable","14":"purchasable","15":"product-type-simple"},"acf":[],"yoast_head":"<!-- This site is optimized with the Yoast SEO plugin v24.9 - https:\/\/yoast.com\/wordpress\/plugins\/seo\/ -->\n<title>FABRIC puidust liuguksed terasraamiga - MetalTale.com<\/title>\n<meta name=\"robots\" content=\"index, follow, max-snippet:-1, max-image-preview:large, max-video-preview:-1\" \/>\n<link rel=\"canonical\" href=\"https:\/\/metaltale.com\/et\/toode\/fabric-puidust-liuguksed-terasraamiga\/\" \/>\n<meta property=\"og:locale\" content=\"et_EE\" \/>\n<meta property=\"og:type\" content=\"article\" \/>\n<meta property=\"og:title\" content=\"FABRIC puidust liuguksed terasraamiga - MetalTale.com\" \/>\n<meta property=\"og:description\" content=\"Mudel FOR. DRZ.2Z EAN. 5907772071069 Materjal m\u00e4nnipuit, teras Paksus (cm) 4 \u00dcldine k\u00f5rgus (cm) 210 \u00dcldlaius (cm) 100 Kaal (kg)\" \/>\n<meta property=\"og:url\" content=\"https:\/\/metaltale.com\/et\/toode\/fabric-puidust-liuguksed-terasraamiga\/\" \/>\n<meta property=\"og:site_name\" content=\"MetalTale.com\" \/>\n<meta property=\"og:image\" content=\"http:\/\/metaltale.com\/wp-content\/uploads\/2024\/02\/sosnowe-drzwi-811_1_1.jpg\" \/>\n\t<meta property=\"og:image:width\" content=\"800\" \/>\n\t<meta property=\"og:image:height\" content=\"800\" \/>\n\t<meta property=\"og:image:type\" content=\"image\/jpeg\" \/>\n<meta name=\"twitter:card\" content=\"summary_large_image\" \/>\n<meta name=\"twitter:label1\" content=\"Est. reading time\" \/>\n\t<meta name=\"twitter:data1\" content=\"2 minutit\" \/>\n<script type=\"application\/ld+json\" class=\"yoast-schema-graph\">{\"@context\":\"https:\/\/schema.org\",\"@graph\":[{\"@type\":\"WebPage\",\"@id\":\"https:\/\/metaltale.com\/et\/toode\/fabric-puidust-liuguksed-terasraamiga\/\",\"url\":\"https:\/\/metaltale.com\/et\/toode\/fabric-puidust-liuguksed-terasraamiga\/\",\"name\":\"FABRIC puidust liuguksed terasraamiga - MetalTale.com\",\"isPartOf\":{\"@id\":\"https:\/\/metaltale.com\/et\/#website\"},\"primaryImageOfPage\":{\"@id\":\"https:\/\/metaltale.com\/et\/toode\/fabric-puidust-liuguksed-terasraamiga\/#primaryimage\"},\"image\":{\"@id\":\"https:\/\/metaltale.com\/et\/toode\/fabric-puidust-liuguksed-terasraamiga\/#primaryimage\"},\"thumbnailUrl\":\"https:\/\/metaltale.com\/wp-content\/uploads\/2024\/02\/sosnowe-drzwi-811_1_1.jpg\",\"datePublished\":\"2024-02-13T11:53:38+00:00\",\"breadcrumb\":{\"@id\":\"https:\/\/metaltale.com\/et\/toode\/fabric-puidust-liuguksed-terasraamiga\/#breadcrumb\"},\"inLanguage\":\"et\",\"potentialAction\":[{\"@type\":\"ReadAction\",\"target\":[\"https:\/\/metaltale.com\/et\/toode\/fabric-puidust-liuguksed-terasraamiga\/\"]}]},{\"@type\":\"ImageObject\",\"inLanguage\":\"et\",\"@id\":\"https:\/\/metaltale.com\/et\/toode\/fabric-puidust-liuguksed-terasraamiga\/#primaryimage\",\"url\":\"https:\/\/metaltale.com\/wp-content\/uploads\/2024\/02\/sosnowe-drzwi-811_1_1.jpg\",\"contentUrl\":\"https:\/\/metaltale.com\/wp-content\/uploads\/2024\/02\/sosnowe-drzwi-811_1_1.jpg\",\"width\":800,\"height\":800,\"caption\":\"Pu\u0161in\u0117s stumdomos durys su plieniniais r\u0117mais FABRIC sendintos rudos\"},{\"@type\":\"BreadcrumbList\",\"@id\":\"https:\/\/metaltale.com\/et\/toode\/fabric-puidust-liuguksed-terasraamiga\/#breadcrumb\",\"itemListElement\":[{\"@type\":\"ListItem\",\"position\":1,\"name\":\"Home\",\"item\":\"https:\/\/metaltale.com\/et\/kodu\/\"},{\"@type\":\"ListItem\",\"position\":2,\"name\":\"Kauplus\",\"item\":\"https:\/\/metaltale.com\/et\/shop\/\"},{\"@type\":\"ListItem\",\"position\":3,\"name\":\"FABRIC puidust liuguksed terasraamiga\"}]},{\"@type\":\"WebSite\",\"@id\":\"https:\/\/metaltale.com\/et\/#website\",\"url\":\"https:\/\/metaltale.com\/et\/\",\"name\":\"Metaltale.com\",\"description\":\"\",\"potentialAction\":[{\"@type\":\"SearchAction\",\"target\":{\"@type\":\"EntryPoint\",\"urlTemplate\":\"https:\/\/metaltale.com\/et\/?s={search_term_string}\"},\"query-input\":{\"@type\":\"PropertyValueSpecification\",\"valueRequired\":true,\"valueName\":\"search_term_string\"}}],\"inLanguage\":\"et\"}]}<\/script>\n<!-- \/ Yoast SEO plugin. -->","yoast_head_json":{"title":"FABRIC puidust liuguksed terasraamiga - MetalTale.com","robots":{"index":"index","follow":"follow","max-snippet":"max-snippet:-1","max-image-preview":"max-image-preview:large","max-video-preview":"max-video-preview:-1"},"canonical":"https:\/\/metaltale.com\/et\/toode\/fabric-puidust-liuguksed-terasraamiga\/","og_locale":"et_EE","og_type":"article","og_title":"FABRIC puidust liuguksed terasraamiga - MetalTale.com","og_description":"Mudel FOR. DRZ.2Z EAN. 5907772071069 Materjal m\u00e4nnipuit, teras Paksus (cm) 4 \u00dcldine k\u00f5rgus (cm) 210 \u00dcldlaius (cm) 100 Kaal (kg)","og_url":"https:\/\/metaltale.com\/et\/toode\/fabric-puidust-liuguksed-terasraamiga\/","og_site_name":"MetalTale.com","og_image":[{"width":800,"height":800,"url":"http:\/\/metaltale.com\/wp-content\/uploads\/2024\/02\/sosnowe-drzwi-811_1_1.jpg","type":"image\/jpeg"}],"twitter_card":"summary_large_image","twitter_misc":{"Est. reading time":"2 minutit"},"schema":{"@context":"https:\/\/schema.org","@graph":[{"@type":"WebPage","@id":"https:\/\/metaltale.com\/et\/toode\/fabric-puidust-liuguksed-terasraamiga\/","url":"https:\/\/metaltale.com\/et\/toode\/fabric-puidust-liuguksed-terasraamiga\/","name":"FABRIC puidust liuguksed terasraamiga - MetalTale.com","isPartOf":{"@id":"https:\/\/metaltale.com\/et\/#website"},"primaryImageOfPage":{"@id":"https:\/\/metaltale.com\/et\/toode\/fabric-puidust-liuguksed-terasraamiga\/#primaryimage"},"image":{"@id":"https:\/\/metaltale.com\/et\/toode\/fabric-puidust-liuguksed-terasraamiga\/#primaryimage"},"thumbnailUrl":"https:\/\/metaltale.com\/wp-content\/uploads\/2024\/02\/sosnowe-drzwi-811_1_1.jpg","datePublished":"2024-02-13T11:53:38+00:00","breadcrumb":{"@id":"https:\/\/metaltale.com\/et\/toode\/fabric-puidust-liuguksed-terasraamiga\/#breadcrumb"},"inLanguage":"et","potentialAction":[{"@type":"ReadAction","target":["https:\/\/metaltale.com\/et\/toode\/fabric-puidust-liuguksed-terasraamiga\/"]}]},{"@type":"ImageObject","inLanguage":"et","@id":"https:\/\/metaltale.com\/et\/toode\/fabric-puidust-liuguksed-terasraamiga\/#primaryimage","url":"https:\/\/metaltale.com\/wp-content\/uploads\/2024\/02\/sosnowe-drzwi-811_1_1.jpg","contentUrl":"https:\/\/metaltale.com\/wp-content\/uploads\/2024\/02\/sosnowe-drzwi-811_1_1.jpg","width":800,"height":800,"caption":"Pu\u0161in\u0117s stumdomos durys su plieniniais r\u0117mais FABRIC sendintos rudos"},{"@type":"BreadcrumbList","@id":"https:\/\/metaltale.com\/et\/toode\/fabric-puidust-liuguksed-terasraamiga\/#breadcrumb","itemListElement":[{"@type":"ListItem","position":1,"name":"Home","item":"https:\/\/metaltale.com\/et\/kodu\/"},{"@type":"ListItem","position":2,"name":"Kauplus","item":"https:\/\/metaltale.com\/et\/shop\/"},{"@type":"ListItem","position":3,"name":"FABRIC puidust liuguksed terasraamiga"}]},{"@type":"WebSite","@id":"https:\/\/metaltale.com\/et\/#website","url":"https:\/\/metaltale.com\/et\/","name":"Metaltale.com","description":"","potentialAction":[{"@type":"SearchAction","target":{"@type":"EntryPoint","urlTemplate":"https:\/\/metaltale.com\/et\/?s={search_term_string}"},"query-input":{"@type":"PropertyValueSpecification","valueRequired":true,"valueName":"search_term_string"}}],"inLanguage":"et"}]}},"_links":{"self":[{"href":"https:\/\/metaltale.com\/et\/wp-json\/wp\/v2\/product\/139069","targetHints":{"allow":["GET"]}}],"collection":[{"href":"https:\/\/metaltale.com\/et\/wp-json\/wp\/v2\/product"}],"about":[{"href":"https:\/\/metaltale.com\/et\/wp-json\/wp\/v2\/types\/product"}],"replies":[{"embeddable":true,"href":"https:\/\/metaltale.com\/et\/wp-json\/wp\/v2\/comments?post=139069"}],"version-history":[{"count":0,"href":"https:\/\/metaltale.com\/et\/wp-json\/wp\/v2\/product\/139069\/revisions"}],"wp:featuredmedia":[{"embeddable":true,"href":"https:\/\/metaltale.com\/et\/wp-json\/wp\/v2\/media\/142578"}],"wp:attachment":[{"href":"https:\/\/metaltale.com\/et\/wp-json\/wp\/v2\/media?parent=139069"}],"wp:term":[{"taxonomy":"product_brand","embeddable":true,"href":"https:\/\/metaltale.com\/et\/wp-json\/wp\/v2\/product_brand?post=139069"},{"taxonomy":"product_cat","embeddable":true,"href":"https:\/\/metaltale.com\/et\/wp-json\/wp\/v2\/product_cat?post=139069"},{"taxonomy":"product_tag","embeddable":true,"href":"https:\/\/metaltale.com\/et\/wp-json\/wp\/v2\/product_tag?post=139069"}],"curies":[{"name":"wp","href":"https:\/\/api.w.org\/{rel}","templated":true}]}}