{"id":139062,"date":"2024-02-13T13:53:38","date_gmt":"2024-02-13T11:53:38","guid":{"rendered":"https:\/\/metaltale.com\/produktas\/tammepuidust-liuguksed-tablet\/"},"modified":"2024-02-13T13:53:38","modified_gmt":"2024-02-13T11:53:38","slug":"tammepuidust-liuguksed-tablet","status":"publish","type":"product","link":"https:\/\/metaltale.com\/et\/toode\/tammepuidust-liuguksed-tablet\/","title":{"rendered":"Tammepuidust liuguksed TABLET"},"content":{"rendered":"<div class=\"prod_data\"><strong>Mudel<\/strong> TAB-100X210-PRGR  <br \/><strong>Materjal<\/strong> Tammepuit  <br \/>Paksus (cm) 4 <br \/>\u00dcldine k\u00f5rgus (cm) 210 <br \/>\u00dcldlaius (cm) 100 <br \/>Kaal (kg) 50 <br \/><strong>Viimistlus<\/strong> T\u00f6\u00f6tlemata \/ \u00f5litatud  <br \/><strong>Pinna t\u00fc\u00fcp<\/strong> Ebatasane  <\/p>\n<hr>\n<p>Blackboard liuguks on pakkumine loomingulistele ja fantaasiarikastele inimestele, kes armastavad muutusi.<\/p>\n<p>Tahvli l\u00fckanduksed on valmistatud t\u00e4ispuidust tammepuust. L\u00fckanduksed on valmistatud t\u00e4isplaatidest. Struktuuri pind on struktureeritud, mis annab sellele iseloomu ja originaalsuse. Looduslikult esinevad praod, r\u00f5ngad ja s\u00f5lmed loovad originaalse kompositsiooni. Puidu n\u00e4htav struktuur ja paigutus muudab iga detaili ainulaadseks. Tammepuust raami sees on kahepoolne must tahvel, mis annab kasutajatele v\u00f5imaluse vallandada oma loomingulised v\u00f5imed. See uksekujundus on ideaalne inimestele, kellele ei meeldi igavus oma ruumides &#8211; tahvel soodustab loovust, nii et l\u00fckandustega interj\u00f6\u00f6r v\u00f5ib iga p\u00e4ev v\u00e4lja n\u00e4ha erinev.<\/p>\n<p>Blackboard tammepuust l\u00fckanduks on \u00fcllatavalt mitmek\u00fclgne, ebakonventsionaalne ja samas \u00e4\u00e4rmiselt praktiline ja lihtne.<\/p>\n<p>Tahveluksed sobivad igasse interj\u00f6\u00f6ri &#8211; alates modernsest kuni traditsioonilise rustikaalse, t\u00f6\u00f6stusliku v\u00f5i loft-stiilis &#8211; ja v\u00f5ivad edukalt v\u00fcrtsitada lastetuba.  <br \/>L\u00fckanduksed sobivad ideaalselt ka restoranidesse ja baaridesse, kus need v\u00f5ivad olla mitte ainult ruumijaotuseks v\u00f5i ebatavaliseks kaunistuseks, vaid ka informatiivseks elemendiks, v\u00f5imaldades kirjutada tahvlile men\u00fc\u00fcd v\u00f5i muid olulisi s\u00f5numeid, mida soovite oma klientidele edastada.<\/p>\n<p>Ukse standardsuurus on 100 cm x 210 cm, paksus 4 cm ja see tarnitakse t\u00f6\u00f6tlemata. Uksed v\u00f5ib impregneerida loodusliku v\u00f5i pruuni \u00f5liga.<br \/>T\u00e4nu oma mitmek\u00fclgsusele sobib Tablica liuguks ideaalselt 70 cm, 80 cm ja 90 cm pikkuste uste jaoks.<\/p>\n<hr>\n<p>*Pakkumine kehtib ainult uste kohta ja ei sisalda libisevust ega muid lisaseadmeid.<\/p>\n<hr>\n<\/div>\n","protected":false},"excerpt":{"rendered":"<p>Mudel TAB-100X210-PRGR Materjal Tammepuit Paksus (cm) 4 \u00dcldine k\u00f5rgus (cm) 210 \u00dcldlaius (cm) 100 Kaal (kg) 50 Viimistlus T\u00f6\u00f6tlemata \/<\/p>\n","protected":false},"featured_media":81882,"comment_status":"open","ping_status":"closed","template":"","meta":{"_acf_changed":false,"pmpro_default_level":""},"product_brand":[],"product_cat":[24155],"product_tag":[],"class_list":{"0":"post-139062","1":"product","2":"type-product","3":"status-publish","4":"has-post-thumbnail","6":"product_cat-tammepuust-lukanduksed","7":"pmpro-has-access","9":"first","10":"instock","11":"shipping-taxable","12":"purchasable","13":"product-type-simple"},"acf":[],"yoast_head":"<!-- This site is optimized with the Yoast SEO plugin v24.9 - https:\/\/yoast.com\/wordpress\/plugins\/seo\/ -->\n<title>Tammepuidust liuguksed TABLET - MetalTale.com<\/title>\n<meta name=\"robots\" content=\"index, follow, max-snippet:-1, max-image-preview:large, max-video-preview:-1\" \/>\n<link rel=\"canonical\" href=\"https:\/\/metaltale.com\/et\/toode\/tammepuidust-liuguksed-tablet\/\" \/>\n<meta property=\"og:locale\" content=\"et_EE\" \/>\n<meta property=\"og:type\" content=\"article\" \/>\n<meta property=\"og:title\" content=\"Tammepuidust liuguksed TABLET - MetalTale.com\" \/>\n<meta property=\"og:description\" content=\"Mudel TAB-100X210-PRGR Materjal Tammepuit Paksus (cm) 4 \u00dcldine k\u00f5rgus (cm) 210 \u00dcldlaius (cm) 100 Kaal (kg) 50 Viimistlus T\u00f6\u00f6tlemata \/\" \/>\n<meta property=\"og:url\" content=\"https:\/\/metaltale.com\/et\/toode\/tammepuidust-liuguksed-tablet\/\" \/>\n<meta property=\"og:site_name\" content=\"MetalTale.com\" \/>\n<meta name=\"twitter:card\" content=\"summary_large_image\" \/>\n<meta name=\"twitter:label1\" content=\"Est. reading time\" \/>\n\t<meta name=\"twitter:data1\" content=\"1 minut\" \/>\n<script type=\"application\/ld+json\" class=\"yoast-schema-graph\">{\"@context\":\"https:\/\/schema.org\",\"@graph\":[{\"@type\":\"WebPage\",\"@id\":\"https:\/\/metaltale.com\/et\/toode\/tammepuidust-liuguksed-tablet\/\",\"url\":\"https:\/\/metaltale.com\/et\/toode\/tammepuidust-liuguksed-tablet\/\",\"name\":\"Tammepuidust liuguksed TABLET - MetalTale.com\",\"isPartOf\":{\"@id\":\"https:\/\/metaltale.com\/et\/#website\"},\"primaryImageOfPage\":{\"@id\":\"https:\/\/metaltale.com\/et\/toode\/tammepuidust-liuguksed-tablet\/#primaryimage\"},\"image\":{\"@id\":\"https:\/\/metaltale.com\/et\/toode\/tammepuidust-liuguksed-tablet\/#primaryimage\"},\"thumbnailUrl\":\"https:\/\/metaltale.com\/wp-content\/uploads\/2023\/10\/Durys-BOARD-100x210-Raw.jpg\",\"datePublished\":\"2024-02-13T11:53:38+00:00\",\"breadcrumb\":{\"@id\":\"https:\/\/metaltale.com\/et\/toode\/tammepuidust-liuguksed-tablet\/#breadcrumb\"},\"inLanguage\":\"et\",\"potentialAction\":[{\"@type\":\"ReadAction\",\"target\":[\"https:\/\/metaltale.com\/et\/toode\/tammepuidust-liuguksed-tablet\/\"]}]},{\"@type\":\"ImageObject\",\"inLanguage\":\"et\",\"@id\":\"https:\/\/metaltale.com\/et\/toode\/tammepuidust-liuguksed-tablet\/#primaryimage\",\"url\":\"https:\/\/metaltale.com\/wp-content\/uploads\/2023\/10\/Durys-BOARD-100x210-Raw.jpg\",\"contentUrl\":\"https:\/\/metaltale.com\/wp-content\/uploads\/2023\/10\/Durys-BOARD-100x210-Raw.jpg\",\"width\":800,\"height\":800},{\"@type\":\"BreadcrumbList\",\"@id\":\"https:\/\/metaltale.com\/et\/toode\/tammepuidust-liuguksed-tablet\/#breadcrumb\",\"itemListElement\":[{\"@type\":\"ListItem\",\"position\":1,\"name\":\"Home\",\"item\":\"https:\/\/metaltale.com\/et\/kodu\/\"},{\"@type\":\"ListItem\",\"position\":2,\"name\":\"Kauplus\",\"item\":\"https:\/\/metaltale.com\/et\/shop\/\"},{\"@type\":\"ListItem\",\"position\":3,\"name\":\"Tammepuidust liuguksed TABLET\"}]},{\"@type\":\"WebSite\",\"@id\":\"https:\/\/metaltale.com\/et\/#website\",\"url\":\"https:\/\/metaltale.com\/et\/\",\"name\":\"Metaltale.com\",\"description\":\"\",\"potentialAction\":[{\"@type\":\"SearchAction\",\"target\":{\"@type\":\"EntryPoint\",\"urlTemplate\":\"https:\/\/metaltale.com\/et\/?s={search_term_string}\"},\"query-input\":{\"@type\":\"PropertyValueSpecification\",\"valueRequired\":true,\"valueName\":\"search_term_string\"}}],\"inLanguage\":\"et\"}]}<\/script>\n<!-- \/ Yoast SEO plugin. -->","yoast_head_json":{"title":"Tammepuidust liuguksed TABLET - MetalTale.com","robots":{"index":"index","follow":"follow","max-snippet":"max-snippet:-1","max-image-preview":"max-image-preview:large","max-video-preview":"max-video-preview:-1"},"canonical":"https:\/\/metaltale.com\/et\/toode\/tammepuidust-liuguksed-tablet\/","og_locale":"et_EE","og_type":"article","og_title":"Tammepuidust liuguksed TABLET - MetalTale.com","og_description":"Mudel TAB-100X210-PRGR Materjal Tammepuit Paksus (cm) 4 \u00dcldine k\u00f5rgus (cm) 210 \u00dcldlaius (cm) 100 Kaal (kg) 50 Viimistlus T\u00f6\u00f6tlemata \/","og_url":"https:\/\/metaltale.com\/et\/toode\/tammepuidust-liuguksed-tablet\/","og_site_name":"MetalTale.com","twitter_card":"summary_large_image","twitter_misc":{"Est. reading time":"1 minut"},"schema":{"@context":"https:\/\/schema.org","@graph":[{"@type":"WebPage","@id":"https:\/\/metaltale.com\/et\/toode\/tammepuidust-liuguksed-tablet\/","url":"https:\/\/metaltale.com\/et\/toode\/tammepuidust-liuguksed-tablet\/","name":"Tammepuidust liuguksed TABLET - MetalTale.com","isPartOf":{"@id":"https:\/\/metaltale.com\/et\/#website"},"primaryImageOfPage":{"@id":"https:\/\/metaltale.com\/et\/toode\/tammepuidust-liuguksed-tablet\/#primaryimage"},"image":{"@id":"https:\/\/metaltale.com\/et\/toode\/tammepuidust-liuguksed-tablet\/#primaryimage"},"thumbnailUrl":"https:\/\/metaltale.com\/wp-content\/uploads\/2023\/10\/Durys-BOARD-100x210-Raw.jpg","datePublished":"2024-02-13T11:53:38+00:00","breadcrumb":{"@id":"https:\/\/metaltale.com\/et\/toode\/tammepuidust-liuguksed-tablet\/#breadcrumb"},"inLanguage":"et","potentialAction":[{"@type":"ReadAction","target":["https:\/\/metaltale.com\/et\/toode\/tammepuidust-liuguksed-tablet\/"]}]},{"@type":"ImageObject","inLanguage":"et","@id":"https:\/\/metaltale.com\/et\/toode\/tammepuidust-liuguksed-tablet\/#primaryimage","url":"https:\/\/metaltale.com\/wp-content\/uploads\/2023\/10\/Durys-BOARD-100x210-Raw.jpg","contentUrl":"https:\/\/metaltale.com\/wp-content\/uploads\/2023\/10\/Durys-BOARD-100x210-Raw.jpg","width":800,"height":800},{"@type":"BreadcrumbList","@id":"https:\/\/metaltale.com\/et\/toode\/tammepuidust-liuguksed-tablet\/#breadcrumb","itemListElement":[{"@type":"ListItem","position":1,"name":"Home","item":"https:\/\/metaltale.com\/et\/kodu\/"},{"@type":"ListItem","position":2,"name":"Kauplus","item":"https:\/\/metaltale.com\/et\/shop\/"},{"@type":"ListItem","position":3,"name":"Tammepuidust liuguksed TABLET"}]},{"@type":"WebSite","@id":"https:\/\/metaltale.com\/et\/#website","url":"https:\/\/metaltale.com\/et\/","name":"Metaltale.com","description":"","potentialAction":[{"@type":"SearchAction","target":{"@type":"EntryPoint","urlTemplate":"https:\/\/metaltale.com\/et\/?s={search_term_string}"},"query-input":{"@type":"PropertyValueSpecification","valueRequired":true,"valueName":"search_term_string"}}],"inLanguage":"et"}]}},"_links":{"self":[{"href":"https:\/\/metaltale.com\/et\/wp-json\/wp\/v2\/product\/139062","targetHints":{"allow":["GET"]}}],"collection":[{"href":"https:\/\/metaltale.com\/et\/wp-json\/wp\/v2\/product"}],"about":[{"href":"https:\/\/metaltale.com\/et\/wp-json\/wp\/v2\/types\/product"}],"replies":[{"embeddable":true,"href":"https:\/\/metaltale.com\/et\/wp-json\/wp\/v2\/comments?post=139062"}],"version-history":[{"count":0,"href":"https:\/\/metaltale.com\/et\/wp-json\/wp\/v2\/product\/139062\/revisions"}],"wp:featuredmedia":[{"embeddable":true,"href":"https:\/\/metaltale.com\/et\/wp-json\/wp\/v2\/media\/81882"}],"wp:attachment":[{"href":"https:\/\/metaltale.com\/et\/wp-json\/wp\/v2\/media?parent=139062"}],"wp:term":[{"taxonomy":"product_brand","embeddable":true,"href":"https:\/\/metaltale.com\/et\/wp-json\/wp\/v2\/product_brand?post=139062"},{"taxonomy":"product_cat","embeddable":true,"href":"https:\/\/metaltale.com\/et\/wp-json\/wp\/v2\/product_cat?post=139062"},{"taxonomy":"product_tag","embeddable":true,"href":"https:\/\/metaltale.com\/et\/wp-json\/wp\/v2\/product_tag?post=139062"}],"curies":[{"name":"wp","href":"https:\/\/api.w.org\/{rel}","templated":true}]}}