{"id":139061,"date":"2024-02-13T13:53:38","date_gmt":"2024-02-13T11:53:38","guid":{"rendered":"https:\/\/metaltale.com\/produktas\/metaldesk-puidust-liuguks-tamme-raamiga\/"},"modified":"2024-02-13T13:53:38","modified_gmt":"2024-02-13T11:53:38","slug":"metaldesk-puidust-liuguks-tamme-raamiga","status":"publish","type":"product","link":"https:\/\/metaltale.com\/et\/toode\/metaldesk-puidust-liuguks-tamme-raamiga\/","title":{"rendered":"METALDESK puidust liuguks tamme raamiga"},"content":{"rendered":"<div class=\"prod_data\"><strong>Mudel<\/strong> FOR. DURYS. MDK. PRGR <br \/><strong>Materjal<\/strong> Tammepuit, teras  <br \/>Paksus (cm ) 2,5 <br \/>\u00dcldine k\u00f5rgus (cm) 210 <br \/>\u00dcldlaius (cm) 100 <br \/><strong>Kaal (kg)<\/strong> 45  <br \/><strong>V\u00e4rv<\/strong> Must  <br \/><strong>Viimistlus<\/strong> T\u00f6\u00f6tlemata \/ \u00f5litatud  <br \/>LISATEAVE Pakkumine kehtib ainult \u00fche ukselaua kohta ja ei sisalda libisevuss\u00fcsteemi ega muid lisaseadmeid. <\/p>\n<hr>\n<p>&#8220;Metaldeski uksed on ettepanek konservatiivsetele inimestele, kes hindavad modernsust klassikalises v\u00e4ljaandes.<\/p>\n<p>Metaldeski l\u00fckanduksed on valmistatud valitud tammepuidust. Laudade horisontaalne paigutus \u00fclima t\u00e4psusega r\u00f5\u00f5mustab iga perfektsionisti. Laudade pind, millel on selgelt eristuv puidumass, annab sellele k\u00f5rgendatud, vintage&#8217;ile iseloomu.<\/p>\n<p>Metaldeski liuguks on valmistatud kahest 25&#215;25 mm plaate \u00fcmbritsevast nurgakinnitusest koosnevast terasraamist. \u00dcksikute elementide paigutus takistab ukse v\u00e4\u00e4ndumist. Liugukse raam v\u00f5ib olla valmistatud t\u00f6\u00f6tlemata terasest v\u00f5i musta pulberv\u00e4rviga. Metaldeski l\u00fckandukse sisek\u00fcljel on keevitatud \u00f5mblused ja neetid, mis annavad uksele originaalse v\u00e4limuse.<\/p>\n<p>Liuguksed v\u00f5ivad olla viimistlemata, \u00f5litatud naturaalset v\u00e4rvi v\u00f5i pruunid.<\/p>\n<p>Metaldeski l\u00fckanduksed sobivad t\u00e4nu oma peenusele ja lihtsusele igasse interj\u00f6\u00f6ri.<\/p>\n<p>Ettepanekus on esitatud \u00fcks ukseleht, mis ei sisalda libisevust ega muid lisaseadmeid.<\/p>\n<hr>\n<p><strong>Metaldeski liugustele sobivate alumiste juhikute kohta vt allpool jaotist &#8220;Seotud tooted&#8221;.  <\/strong><\/p>\n<p>*Liugukses\u00fcsteeme (Vintage, Wheel On Hanger) ei saa selle uksega kasutada.<br \/>**See pakkumine kehtib ainult uste kohta ja ei sisalda libisevust ega muid lisaseadmeid.<\/p>\n<hr>\n<\/div>\n","protected":false},"excerpt":{"rendered":"<p>Mudel FOR. DURYS. MDK. PRGR Materjal Tammepuit, teras Paksus (cm ) 2,5 \u00dcldine k\u00f5rgus (cm) 210 \u00dcldlaius (cm) 100 Kaal<\/p>\n","protected":false},"featured_media":81936,"comment_status":"open","ping_status":"closed","template":"","meta":{"_acf_changed":false,"pmpro_default_level":""},"product_brand":[],"product_cat":[24156],"product_tag":[],"class_list":{"0":"post-139061","1":"product","2":"type-product","3":"status-publish","4":"has-post-thumbnail","6":"product_cat-metallraamiga-lukanduksed","7":"pmpro-has-access","9":"first","10":"instock","11":"shipping-taxable","12":"purchasable","13":"product-type-simple"},"acf":[],"yoast_head":"<!-- This site is optimized with the Yoast SEO plugin v24.9 - https:\/\/yoast.com\/wordpress\/plugins\/seo\/ -->\n<title>METALDESK puidust liuguks tamme raamiga - MetalTale.com<\/title>\n<meta name=\"robots\" content=\"index, follow, max-snippet:-1, max-image-preview:large, max-video-preview:-1\" \/>\n<link rel=\"canonical\" href=\"https:\/\/metaltale.com\/et\/toode\/metaldesk-puidust-liuguks-tamme-raamiga\/\" \/>\n<meta property=\"og:locale\" content=\"et_EE\" \/>\n<meta property=\"og:type\" content=\"article\" \/>\n<meta property=\"og:title\" content=\"METALDESK puidust liuguks tamme raamiga - MetalTale.com\" \/>\n<meta property=\"og:description\" content=\"Mudel FOR. DURYS. MDK. PRGR Materjal Tammepuit, teras Paksus (cm ) 2,5 \u00dcldine k\u00f5rgus (cm) 210 \u00dcldlaius (cm) 100 Kaal\" \/>\n<meta property=\"og:url\" content=\"https:\/\/metaltale.com\/et\/toode\/metaldesk-puidust-liuguks-tamme-raamiga\/\" \/>\n<meta property=\"og:site_name\" content=\"MetalTale.com\" \/>\n<meta name=\"twitter:card\" content=\"summary_large_image\" \/>\n<meta name=\"twitter:label1\" content=\"Est. reading time\" \/>\n\t<meta name=\"twitter:data1\" content=\"1 minut\" \/>\n<script type=\"application\/ld+json\" class=\"yoast-schema-graph\">{\"@context\":\"https:\/\/schema.org\",\"@graph\":[{\"@type\":\"WebPage\",\"@id\":\"https:\/\/metaltale.com\/et\/toode\/metaldesk-puidust-liuguks-tamme-raamiga\/\",\"url\":\"https:\/\/metaltale.com\/et\/toode\/metaldesk-puidust-liuguks-tamme-raamiga\/\",\"name\":\"METALDESK puidust liuguks tamme raamiga - MetalTale.com\",\"isPartOf\":{\"@id\":\"https:\/\/metaltale.com\/et\/#website\"},\"primaryImageOfPage\":{\"@id\":\"https:\/\/metaltale.com\/et\/toode\/metaldesk-puidust-liuguks-tamme-raamiga\/#primaryimage\"},\"image\":{\"@id\":\"https:\/\/metaltale.com\/et\/toode\/metaldesk-puidust-liuguks-tamme-raamiga\/#primaryimage\"},\"thumbnailUrl\":\"https:\/\/metaltale.com\/wp-content\/uploads\/2023\/10\/METALDESK-durys-neapdorotos.jpg\",\"datePublished\":\"2024-02-13T11:53:38+00:00\",\"breadcrumb\":{\"@id\":\"https:\/\/metaltale.com\/et\/toode\/metaldesk-puidust-liuguks-tamme-raamiga\/#breadcrumb\"},\"inLanguage\":\"et\",\"potentialAction\":[{\"@type\":\"ReadAction\",\"target\":[\"https:\/\/metaltale.com\/et\/toode\/metaldesk-puidust-liuguks-tamme-raamiga\/\"]}]},{\"@type\":\"ImageObject\",\"inLanguage\":\"et\",\"@id\":\"https:\/\/metaltale.com\/et\/toode\/metaldesk-puidust-liuguks-tamme-raamiga\/#primaryimage\",\"url\":\"https:\/\/metaltale.com\/wp-content\/uploads\/2023\/10\/METALDESK-durys-neapdorotos.jpg\",\"contentUrl\":\"https:\/\/metaltale.com\/wp-content\/uploads\/2023\/10\/METALDESK-durys-neapdorotos.jpg\",\"width\":800,\"height\":800},{\"@type\":\"BreadcrumbList\",\"@id\":\"https:\/\/metaltale.com\/et\/toode\/metaldesk-puidust-liuguks-tamme-raamiga\/#breadcrumb\",\"itemListElement\":[{\"@type\":\"ListItem\",\"position\":1,\"name\":\"Home\",\"item\":\"https:\/\/metaltale.com\/et\/kodu\/\"},{\"@type\":\"ListItem\",\"position\":2,\"name\":\"Kauplus\",\"item\":\"https:\/\/metaltale.com\/et\/shop\/\"},{\"@type\":\"ListItem\",\"position\":3,\"name\":\"METALDESK puidust liuguks tamme raamiga\"}]},{\"@type\":\"WebSite\",\"@id\":\"https:\/\/metaltale.com\/et\/#website\",\"url\":\"https:\/\/metaltale.com\/et\/\",\"name\":\"Metaltale.com\",\"description\":\"\",\"potentialAction\":[{\"@type\":\"SearchAction\",\"target\":{\"@type\":\"EntryPoint\",\"urlTemplate\":\"https:\/\/metaltale.com\/et\/?s={search_term_string}\"},\"query-input\":{\"@type\":\"PropertyValueSpecification\",\"valueRequired\":true,\"valueName\":\"search_term_string\"}}],\"inLanguage\":\"et\"}]}<\/script>\n<!-- \/ Yoast SEO plugin. -->","yoast_head_json":{"title":"METALDESK puidust liuguks tamme raamiga - MetalTale.com","robots":{"index":"index","follow":"follow","max-snippet":"max-snippet:-1","max-image-preview":"max-image-preview:large","max-video-preview":"max-video-preview:-1"},"canonical":"https:\/\/metaltale.com\/et\/toode\/metaldesk-puidust-liuguks-tamme-raamiga\/","og_locale":"et_EE","og_type":"article","og_title":"METALDESK puidust liuguks tamme raamiga - MetalTale.com","og_description":"Mudel FOR. DURYS. MDK. PRGR Materjal Tammepuit, teras Paksus (cm ) 2,5 \u00dcldine k\u00f5rgus (cm) 210 \u00dcldlaius (cm) 100 Kaal","og_url":"https:\/\/metaltale.com\/et\/toode\/metaldesk-puidust-liuguks-tamme-raamiga\/","og_site_name":"MetalTale.com","twitter_card":"summary_large_image","twitter_misc":{"Est. reading time":"1 minut"},"schema":{"@context":"https:\/\/schema.org","@graph":[{"@type":"WebPage","@id":"https:\/\/metaltale.com\/et\/toode\/metaldesk-puidust-liuguks-tamme-raamiga\/","url":"https:\/\/metaltale.com\/et\/toode\/metaldesk-puidust-liuguks-tamme-raamiga\/","name":"METALDESK puidust liuguks tamme raamiga - MetalTale.com","isPartOf":{"@id":"https:\/\/metaltale.com\/et\/#website"},"primaryImageOfPage":{"@id":"https:\/\/metaltale.com\/et\/toode\/metaldesk-puidust-liuguks-tamme-raamiga\/#primaryimage"},"image":{"@id":"https:\/\/metaltale.com\/et\/toode\/metaldesk-puidust-liuguks-tamme-raamiga\/#primaryimage"},"thumbnailUrl":"https:\/\/metaltale.com\/wp-content\/uploads\/2023\/10\/METALDESK-durys-neapdorotos.jpg","datePublished":"2024-02-13T11:53:38+00:00","breadcrumb":{"@id":"https:\/\/metaltale.com\/et\/toode\/metaldesk-puidust-liuguks-tamme-raamiga\/#breadcrumb"},"inLanguage":"et","potentialAction":[{"@type":"ReadAction","target":["https:\/\/metaltale.com\/et\/toode\/metaldesk-puidust-liuguks-tamme-raamiga\/"]}]},{"@type":"ImageObject","inLanguage":"et","@id":"https:\/\/metaltale.com\/et\/toode\/metaldesk-puidust-liuguks-tamme-raamiga\/#primaryimage","url":"https:\/\/metaltale.com\/wp-content\/uploads\/2023\/10\/METALDESK-durys-neapdorotos.jpg","contentUrl":"https:\/\/metaltale.com\/wp-content\/uploads\/2023\/10\/METALDESK-durys-neapdorotos.jpg","width":800,"height":800},{"@type":"BreadcrumbList","@id":"https:\/\/metaltale.com\/et\/toode\/metaldesk-puidust-liuguks-tamme-raamiga\/#breadcrumb","itemListElement":[{"@type":"ListItem","position":1,"name":"Home","item":"https:\/\/metaltale.com\/et\/kodu\/"},{"@type":"ListItem","position":2,"name":"Kauplus","item":"https:\/\/metaltale.com\/et\/shop\/"},{"@type":"ListItem","position":3,"name":"METALDESK puidust liuguks tamme raamiga"}]},{"@type":"WebSite","@id":"https:\/\/metaltale.com\/et\/#website","url":"https:\/\/metaltale.com\/et\/","name":"Metaltale.com","description":"","potentialAction":[{"@type":"SearchAction","target":{"@type":"EntryPoint","urlTemplate":"https:\/\/metaltale.com\/et\/?s={search_term_string}"},"query-input":{"@type":"PropertyValueSpecification","valueRequired":true,"valueName":"search_term_string"}}],"inLanguage":"et"}]}},"_links":{"self":[{"href":"https:\/\/metaltale.com\/et\/wp-json\/wp\/v2\/product\/139061","targetHints":{"allow":["GET"]}}],"collection":[{"href":"https:\/\/metaltale.com\/et\/wp-json\/wp\/v2\/product"}],"about":[{"href":"https:\/\/metaltale.com\/et\/wp-json\/wp\/v2\/types\/product"}],"replies":[{"embeddable":true,"href":"https:\/\/metaltale.com\/et\/wp-json\/wp\/v2\/comments?post=139061"}],"version-history":[{"count":0,"href":"https:\/\/metaltale.com\/et\/wp-json\/wp\/v2\/product\/139061\/revisions"}],"wp:featuredmedia":[{"embeddable":true,"href":"https:\/\/metaltale.com\/et\/wp-json\/wp\/v2\/media\/81936"}],"wp:attachment":[{"href":"https:\/\/metaltale.com\/et\/wp-json\/wp\/v2\/media?parent=139061"}],"wp:term":[{"taxonomy":"product_brand","embeddable":true,"href":"https:\/\/metaltale.com\/et\/wp-json\/wp\/v2\/product_brand?post=139061"},{"taxonomy":"product_cat","embeddable":true,"href":"https:\/\/metaltale.com\/et\/wp-json\/wp\/v2\/product_cat?post=139061"},{"taxonomy":"product_tag","embeddable":true,"href":"https:\/\/metaltale.com\/et\/wp-json\/wp\/v2\/product_tag?post=139061"}],"curies":[{"name":"wp","href":"https:\/\/api.w.org\/{rel}","templated":true}]}}