{"id":139002,"date":"2024-02-13T13:55:04","date_gmt":"2024-02-13T11:55:04","guid":{"rendered":"https:\/\/metaltale.com\/produktas\/uksehing-escuadra-400-mm-must\/"},"modified":"2024-02-13T13:55:04","modified_gmt":"2024-02-13T11:55:04","slug":"uksehing-escuadra-400-mm-must","status":"publish","type":"product","link":"https:\/\/metaltale.com\/et\/toode\/uksehing-escuadra-400-mm-must\/","title":{"rendered":"Uksehing ESCUADRA 400 mm, must"},"content":{"rendered":"<div class=\"prod_data\">\n<p><strong>Mudel<\/strong> AG.7040-400<br \/>\n<strong>EAN.<\/strong>  5905369906527<br \/>\n<strong>Materjal<\/strong> teras<br \/>\n<strong>\u00dcldine k\u00f5rgus (cm)<\/strong> 3,5<br \/>\n<strong>\u00dcldine laius (cm)<\/strong> 40<br \/>\n<strong>V\u00e4rv<\/strong> Must<\/p>\n<p>Pikk rihmarihmav\u00f5ru 400 mm pikkune. K\u00e4si on valmistatud terasest, v\u00e4rvitud mustaks.<\/p>\n<p>Tihendid sobivad saranasse kui seotud tooted.<\/p>\n<\/div>\n","protected":false},"excerpt":{"rendered":"<p>Mudel AG.7040-400 EAN. 5905369906527 Materjal teras \u00dcldine k\u00f5rgus (cm) 3,5 \u00dcldine laius (cm) 40 V\u00e4rv Must Pikk rihmarihmav\u00f5ru 400 mm<\/p>\n","protected":false},"featured_media":82373,"comment_status":"open","ping_status":"closed","template":"","meta":{"_acf_changed":false,"pmpro_default_level":""},"product_brand":[],"product_cat":[24160,24203],"product_tag":[],"class_list":{"0":"post-139002","1":"product","2":"type-product","3":"status-publish","4":"has-post-thumbnail","6":"product_cat-mehed","7":"product_cat-ukse-ja-akende-hinged","8":"pmpro-has-access","10":"first","11":"instock","12":"shipping-taxable","13":"purchasable","14":"product-type-simple"},"acf":[],"yoast_head":"<!-- This site is optimized with the Yoast SEO plugin v24.9 - https:\/\/yoast.com\/wordpress\/plugins\/seo\/ -->\n<title>Uksehing ESCUADRA 400 mm, must - MetalTale.com<\/title>\n<meta name=\"robots\" content=\"index, follow, max-snippet:-1, max-image-preview:large, max-video-preview:-1\" \/>\n<link rel=\"canonical\" href=\"https:\/\/metaltale.com\/et\/toode\/uksehing-escuadra-400-mm-must\/\" \/>\n<meta property=\"og:locale\" content=\"et_EE\" \/>\n<meta property=\"og:type\" content=\"article\" \/>\n<meta property=\"og:title\" content=\"Uksehing ESCUADRA 400 mm, must - MetalTale.com\" \/>\n<meta property=\"og:description\" content=\"Mudel AG.7040-400 EAN. 5905369906527 Materjal teras \u00dcldine k\u00f5rgus (cm) 3,5 \u00dcldine laius (cm) 40 V\u00e4rv Must Pikk rihmarihmav\u00f5ru 400 mm\" \/>\n<meta property=\"og:url\" content=\"https:\/\/metaltale.com\/et\/toode\/uksehing-escuadra-400-mm-must\/\" \/>\n<meta property=\"og:site_name\" content=\"MetalTale.com\" \/>\n<meta name=\"twitter:card\" content=\"summary_large_image\" \/>\n<script type=\"application\/ld+json\" class=\"yoast-schema-graph\">{\"@context\":\"https:\/\/schema.org\",\"@graph\":[{\"@type\":\"WebPage\",\"@id\":\"https:\/\/metaltale.com\/et\/toode\/uksehing-escuadra-400-mm-must\/\",\"url\":\"https:\/\/metaltale.com\/et\/toode\/uksehing-escuadra-400-mm-must\/\",\"name\":\"Uksehing ESCUADRA 400 mm, must - MetalTale.com\",\"isPartOf\":{\"@id\":\"https:\/\/metaltale.com\/et\/#website\"},\"primaryImageOfPage\":{\"@id\":\"https:\/\/metaltale.com\/et\/toode\/uksehing-escuadra-400-mm-must\/#primaryimage\"},\"image\":{\"@id\":\"https:\/\/metaltale.com\/et\/toode\/uksehing-escuadra-400-mm-must\/#primaryimage\"},\"thumbnailUrl\":\"https:\/\/metaltale.com\/wp-content\/uploads\/2023\/10\/Ix161orinx117-vyrix173-svirtis-ESCUADRA-400mm-Juoda.jpg\",\"datePublished\":\"2024-02-13T11:55:04+00:00\",\"breadcrumb\":{\"@id\":\"https:\/\/metaltale.com\/et\/toode\/uksehing-escuadra-400-mm-must\/#breadcrumb\"},\"inLanguage\":\"et\",\"potentialAction\":[{\"@type\":\"ReadAction\",\"target\":[\"https:\/\/metaltale.com\/et\/toode\/uksehing-escuadra-400-mm-must\/\"]}]},{\"@type\":\"ImageObject\",\"inLanguage\":\"et\",\"@id\":\"https:\/\/metaltale.com\/et\/toode\/uksehing-escuadra-400-mm-must\/#primaryimage\",\"url\":\"https:\/\/metaltale.com\/wp-content\/uploads\/2023\/10\/Ix161orinx117-vyrix173-svirtis-ESCUADRA-400mm-Juoda.jpg\",\"contentUrl\":\"https:\/\/metaltale.com\/wp-content\/uploads\/2023\/10\/Ix161orinx117-vyrix173-svirtis-ESCUADRA-400mm-Juoda.jpg\",\"width\":800,\"height\":800,\"caption\":\"Uksehing ESCUADRA 400 mm, must\"},{\"@type\":\"BreadcrumbList\",\"@id\":\"https:\/\/metaltale.com\/et\/toode\/uksehing-escuadra-400-mm-must\/#breadcrumb\",\"itemListElement\":[{\"@type\":\"ListItem\",\"position\":1,\"name\":\"Home\",\"item\":\"https:\/\/metaltale.com\/et\/kodu\/\"},{\"@type\":\"ListItem\",\"position\":2,\"name\":\"Kauplus\",\"item\":\"https:\/\/metaltale.com\/et\/shop\/\"},{\"@type\":\"ListItem\",\"position\":3,\"name\":\"Uksehing ESCUADRA 400 mm, must\"}]},{\"@type\":\"WebSite\",\"@id\":\"https:\/\/metaltale.com\/et\/#website\",\"url\":\"https:\/\/metaltale.com\/et\/\",\"name\":\"Metaltale.com\",\"description\":\"\",\"potentialAction\":[{\"@type\":\"SearchAction\",\"target\":{\"@type\":\"EntryPoint\",\"urlTemplate\":\"https:\/\/metaltale.com\/et\/?s={search_term_string}\"},\"query-input\":{\"@type\":\"PropertyValueSpecification\",\"valueRequired\":true,\"valueName\":\"search_term_string\"}}],\"inLanguage\":\"et\"}]}<\/script>\n<!-- \/ Yoast SEO plugin. -->","yoast_head_json":{"title":"Uksehing ESCUADRA 400 mm, must - MetalTale.com","robots":{"index":"index","follow":"follow","max-snippet":"max-snippet:-1","max-image-preview":"max-image-preview:large","max-video-preview":"max-video-preview:-1"},"canonical":"https:\/\/metaltale.com\/et\/toode\/uksehing-escuadra-400-mm-must\/","og_locale":"et_EE","og_type":"article","og_title":"Uksehing ESCUADRA 400 mm, must - MetalTale.com","og_description":"Mudel AG.7040-400 EAN. 5905369906527 Materjal teras \u00dcldine k\u00f5rgus (cm) 3,5 \u00dcldine laius (cm) 40 V\u00e4rv Must Pikk rihmarihmav\u00f5ru 400 mm","og_url":"https:\/\/metaltale.com\/et\/toode\/uksehing-escuadra-400-mm-must\/","og_site_name":"MetalTale.com","twitter_card":"summary_large_image","schema":{"@context":"https:\/\/schema.org","@graph":[{"@type":"WebPage","@id":"https:\/\/metaltale.com\/et\/toode\/uksehing-escuadra-400-mm-must\/","url":"https:\/\/metaltale.com\/et\/toode\/uksehing-escuadra-400-mm-must\/","name":"Uksehing ESCUADRA 400 mm, must - MetalTale.com","isPartOf":{"@id":"https:\/\/metaltale.com\/et\/#website"},"primaryImageOfPage":{"@id":"https:\/\/metaltale.com\/et\/toode\/uksehing-escuadra-400-mm-must\/#primaryimage"},"image":{"@id":"https:\/\/metaltale.com\/et\/toode\/uksehing-escuadra-400-mm-must\/#primaryimage"},"thumbnailUrl":"https:\/\/metaltale.com\/wp-content\/uploads\/2023\/10\/Ix161orinx117-vyrix173-svirtis-ESCUADRA-400mm-Juoda.jpg","datePublished":"2024-02-13T11:55:04+00:00","breadcrumb":{"@id":"https:\/\/metaltale.com\/et\/toode\/uksehing-escuadra-400-mm-must\/#breadcrumb"},"inLanguage":"et","potentialAction":[{"@type":"ReadAction","target":["https:\/\/metaltale.com\/et\/toode\/uksehing-escuadra-400-mm-must\/"]}]},{"@type":"ImageObject","inLanguage":"et","@id":"https:\/\/metaltale.com\/et\/toode\/uksehing-escuadra-400-mm-must\/#primaryimage","url":"https:\/\/metaltale.com\/wp-content\/uploads\/2023\/10\/Ix161orinx117-vyrix173-svirtis-ESCUADRA-400mm-Juoda.jpg","contentUrl":"https:\/\/metaltale.com\/wp-content\/uploads\/2023\/10\/Ix161orinx117-vyrix173-svirtis-ESCUADRA-400mm-Juoda.jpg","width":800,"height":800,"caption":"Uksehing ESCUADRA 400 mm, must"},{"@type":"BreadcrumbList","@id":"https:\/\/metaltale.com\/et\/toode\/uksehing-escuadra-400-mm-must\/#breadcrumb","itemListElement":[{"@type":"ListItem","position":1,"name":"Home","item":"https:\/\/metaltale.com\/et\/kodu\/"},{"@type":"ListItem","position":2,"name":"Kauplus","item":"https:\/\/metaltale.com\/et\/shop\/"},{"@type":"ListItem","position":3,"name":"Uksehing ESCUADRA 400 mm, must"}]},{"@type":"WebSite","@id":"https:\/\/metaltale.com\/et\/#website","url":"https:\/\/metaltale.com\/et\/","name":"Metaltale.com","description":"","potentialAction":[{"@type":"SearchAction","target":{"@type":"EntryPoint","urlTemplate":"https:\/\/metaltale.com\/et\/?s={search_term_string}"},"query-input":{"@type":"PropertyValueSpecification","valueRequired":true,"valueName":"search_term_string"}}],"inLanguage":"et"}]}},"_links":{"self":[{"href":"https:\/\/metaltale.com\/et\/wp-json\/wp\/v2\/product\/139002","targetHints":{"allow":["GET"]}}],"collection":[{"href":"https:\/\/metaltale.com\/et\/wp-json\/wp\/v2\/product"}],"about":[{"href":"https:\/\/metaltale.com\/et\/wp-json\/wp\/v2\/types\/product"}],"replies":[{"embeddable":true,"href":"https:\/\/metaltale.com\/et\/wp-json\/wp\/v2\/comments?post=139002"}],"version-history":[{"count":0,"href":"https:\/\/metaltale.com\/et\/wp-json\/wp\/v2\/product\/139002\/revisions"}],"wp:featuredmedia":[{"embeddable":true,"href":"https:\/\/metaltale.com\/et\/wp-json\/wp\/v2\/media\/82373"}],"wp:attachment":[{"href":"https:\/\/metaltale.com\/et\/wp-json\/wp\/v2\/media?parent=139002"}],"wp:term":[{"taxonomy":"product_brand","embeddable":true,"href":"https:\/\/metaltale.com\/et\/wp-json\/wp\/v2\/product_brand?post=139002"},{"taxonomy":"product_cat","embeddable":true,"href":"https:\/\/metaltale.com\/et\/wp-json\/wp\/v2\/product_cat?post=139002"},{"taxonomy":"product_tag","embeddable":true,"href":"https:\/\/metaltale.com\/et\/wp-json\/wp\/v2\/product_tag?post=139002"}],"curies":[{"name":"wp","href":"https:\/\/api.w.org\/{rel}","templated":true}]}}