{"id":138959,"date":"2024-02-13T13:55:44","date_gmt":"2024-02-13T11:55:44","guid":{"rendered":"https:\/\/metaltale.com\/produktas\/mooblihinged-krawat-z-400-mm-musta-varvi\/"},"modified":"2024-02-13T13:55:44","modified_gmt":"2024-02-13T11:55:44","slug":"mooblihinged-krawat-z-400-mm-musta-varvi","status":"publish","type":"product","link":"https:\/\/metaltale.com\/et\/toode\/mooblihinged-krawat-z-400-mm-musta-varvi\/","title":{"rendered":"M\u00f6\u00f6blihinged KRAWAT Z 400 mm, musta v\u00e4rvi"},"content":{"rendered":"<div class=\"prod_data\">\n<p><strong>Mudel<\/strong> 49.323.HFB.400<br \/>\n<strong>Materjal<\/strong> teras<br \/>\n<strong>\u00dcldine k\u00f5rgus (cm)<\/strong> 14<br \/>\n<strong>\u00dcldine laius (cm)<\/strong> 40<br \/>\n<strong>Parema k\u00fclje laius (cm)<\/strong> 36<br \/>\n<strong>Vasaku k\u00fclje laius (cm)<\/strong> 3,4<br \/>\n<strong>V\u00e4rv<\/strong> Must<\/p>\n<p class=\"western\">Paljud kliendid hindavad meie m\u00f6\u00f6blihingede t\u00f5estatud usaldusv\u00e4\u00e4rsust.<\/p>\n<p class=\"western\">Siin n\u00e4idatud lipsusangad sobivad suurep\u00e4raselt kirstu puidust ustega. K\u00f5rgeima kvaliteediga terasest valmistatud ja impregneeritud m\u00f6\u00f6blisarnaid iseloomustab suur vastupidavus ja vastupidavus v\u00e4lism\u00f5jude kahjustavale m\u00f5jule.<\/p>\n<p>&nbsp;<\/p>\n<\/div>\n","protected":false},"excerpt":{"rendered":"<p>Mudel 49.323.HFB.400 Materjal teras \u00dcldine k\u00f5rgus (cm) 14 \u00dcldine laius (cm) 40 Parema k\u00fclje laius (cm) 36 Vasaku k\u00fclje laius<\/p>\n","protected":false},"featured_media":101134,"comment_status":"open","ping_status":"closed","template":"","meta":{"_acf_changed":false,"pmpro_default_level":""},"product_brand":[],"product_cat":[24160,24161],"product_tag":[],"class_list":{"0":"post-138959","1":"product","2":"type-product","3":"status-publish","4":"has-post-thumbnail","6":"product_cat-mehed","7":"product_cat-moobli-hinged","8":"pmpro-has-access","10":"first","11":"instock","12":"shipping-taxable","13":"purchasable","14":"product-type-simple"},"acf":[],"yoast_head":"<!-- This site is optimized with the Yoast SEO plugin v24.9 - https:\/\/yoast.com\/wordpress\/plugins\/seo\/ -->\n<title>M\u00f6\u00f6blihinged KRAWAT Z 400 mm, musta v\u00e4rvi - MetalTale.com<\/title>\n<meta name=\"robots\" content=\"index, follow, max-snippet:-1, max-image-preview:large, max-video-preview:-1\" \/>\n<link rel=\"canonical\" href=\"https:\/\/metaltale.com\/et\/toode\/mooblihinged-krawat-z-400-mm-musta-varvi\/\" \/>\n<meta property=\"og:locale\" content=\"et_EE\" \/>\n<meta property=\"og:type\" content=\"article\" \/>\n<meta property=\"og:title\" content=\"M\u00f6\u00f6blihinged KRAWAT Z 400 mm, musta v\u00e4rvi - MetalTale.com\" \/>\n<meta property=\"og:description\" content=\"Mudel 49.323.HFB.400 Materjal teras \u00dcldine k\u00f5rgus (cm) 14 \u00dcldine laius (cm) 40 Parema k\u00fclje laius (cm) 36 Vasaku k\u00fclje laius\" \/>\n<meta property=\"og:url\" content=\"https:\/\/metaltale.com\/et\/toode\/mooblihinged-krawat-z-400-mm-musta-varvi\/\" \/>\n<meta property=\"og:site_name\" content=\"MetalTale.com\" \/>\n<meta name=\"twitter:card\" content=\"summary_large_image\" \/>\n<script type=\"application\/ld+json\" class=\"yoast-schema-graph\">{\"@context\":\"https:\/\/schema.org\",\"@graph\":[{\"@type\":\"WebPage\",\"@id\":\"https:\/\/metaltale.com\/et\/toode\/mooblihinged-krawat-z-400-mm-musta-varvi\/\",\"url\":\"https:\/\/metaltale.com\/et\/toode\/mooblihinged-krawat-z-400-mm-musta-varvi\/\",\"name\":\"M\u00f6\u00f6blihinged KRAWAT Z 400 mm, musta v\u00e4rvi - MetalTale.com\",\"isPartOf\":{\"@id\":\"https:\/\/metaltale.com\/et\/#website\"},\"primaryImageOfPage\":{\"@id\":\"https:\/\/metaltale.com\/et\/toode\/mooblihinged-krawat-z-400-mm-musta-varvi\/#primaryimage\"},\"image\":{\"@id\":\"https:\/\/metaltale.com\/et\/toode\/mooblihinged-krawat-z-400-mm-musta-varvi\/#primaryimage\"},\"thumbnailUrl\":\"https:\/\/metaltale.com\/wp-content\/uploads\/2023\/11\/Vyris-KAKLARAIx160TIS-SU-GALIUKU-400mm-Juoda.jpg\",\"datePublished\":\"2024-02-13T11:55:44+00:00\",\"breadcrumb\":{\"@id\":\"https:\/\/metaltale.com\/et\/toode\/mooblihinged-krawat-z-400-mm-musta-varvi\/#breadcrumb\"},\"inLanguage\":\"et\",\"potentialAction\":[{\"@type\":\"ReadAction\",\"target\":[\"https:\/\/metaltale.com\/et\/toode\/mooblihinged-krawat-z-400-mm-musta-varvi\/\"]}]},{\"@type\":\"ImageObject\",\"inLanguage\":\"et\",\"@id\":\"https:\/\/metaltale.com\/et\/toode\/mooblihinged-krawat-z-400-mm-musta-varvi\/#primaryimage\",\"url\":\"https:\/\/metaltale.com\/wp-content\/uploads\/2023\/11\/Vyris-KAKLARAIx160TIS-SU-GALIUKU-400mm-Juoda.jpg\",\"contentUrl\":\"https:\/\/metaltale.com\/wp-content\/uploads\/2023\/11\/Vyris-KAKLARAIx160TIS-SU-GALIUKU-400mm-Juoda.jpg\",\"width\":800,\"height\":800,\"caption\":\"M\u00f6\u00f6blihinged KRAWAT Z 400 mm, musta v\u00e4rvi\"},{\"@type\":\"BreadcrumbList\",\"@id\":\"https:\/\/metaltale.com\/et\/toode\/mooblihinged-krawat-z-400-mm-musta-varvi\/#breadcrumb\",\"itemListElement\":[{\"@type\":\"ListItem\",\"position\":1,\"name\":\"Home\",\"item\":\"https:\/\/metaltale.com\/et\/kodu\/\"},{\"@type\":\"ListItem\",\"position\":2,\"name\":\"Kauplus\",\"item\":\"https:\/\/metaltale.com\/et\/shop\/\"},{\"@type\":\"ListItem\",\"position\":3,\"name\":\"M\u00f6\u00f6blihinged KRAWAT Z 400 mm, musta v\u00e4rvi\"}]},{\"@type\":\"WebSite\",\"@id\":\"https:\/\/metaltale.com\/et\/#website\",\"url\":\"https:\/\/metaltale.com\/et\/\",\"name\":\"Metaltale.com\",\"description\":\"\",\"potentialAction\":[{\"@type\":\"SearchAction\",\"target\":{\"@type\":\"EntryPoint\",\"urlTemplate\":\"https:\/\/metaltale.com\/et\/?s={search_term_string}\"},\"query-input\":{\"@type\":\"PropertyValueSpecification\",\"valueRequired\":true,\"valueName\":\"search_term_string\"}}],\"inLanguage\":\"et\"}]}<\/script>\n<!-- \/ Yoast SEO plugin. -->","yoast_head_json":{"title":"M\u00f6\u00f6blihinged KRAWAT Z 400 mm, musta v\u00e4rvi - MetalTale.com","robots":{"index":"index","follow":"follow","max-snippet":"max-snippet:-1","max-image-preview":"max-image-preview:large","max-video-preview":"max-video-preview:-1"},"canonical":"https:\/\/metaltale.com\/et\/toode\/mooblihinged-krawat-z-400-mm-musta-varvi\/","og_locale":"et_EE","og_type":"article","og_title":"M\u00f6\u00f6blihinged KRAWAT Z 400 mm, musta v\u00e4rvi - MetalTale.com","og_description":"Mudel 49.323.HFB.400 Materjal teras \u00dcldine k\u00f5rgus (cm) 14 \u00dcldine laius (cm) 40 Parema k\u00fclje laius (cm) 36 Vasaku k\u00fclje laius","og_url":"https:\/\/metaltale.com\/et\/toode\/mooblihinged-krawat-z-400-mm-musta-varvi\/","og_site_name":"MetalTale.com","twitter_card":"summary_large_image","schema":{"@context":"https:\/\/schema.org","@graph":[{"@type":"WebPage","@id":"https:\/\/metaltale.com\/et\/toode\/mooblihinged-krawat-z-400-mm-musta-varvi\/","url":"https:\/\/metaltale.com\/et\/toode\/mooblihinged-krawat-z-400-mm-musta-varvi\/","name":"M\u00f6\u00f6blihinged KRAWAT Z 400 mm, musta v\u00e4rvi - MetalTale.com","isPartOf":{"@id":"https:\/\/metaltale.com\/et\/#website"},"primaryImageOfPage":{"@id":"https:\/\/metaltale.com\/et\/toode\/mooblihinged-krawat-z-400-mm-musta-varvi\/#primaryimage"},"image":{"@id":"https:\/\/metaltale.com\/et\/toode\/mooblihinged-krawat-z-400-mm-musta-varvi\/#primaryimage"},"thumbnailUrl":"https:\/\/metaltale.com\/wp-content\/uploads\/2023\/11\/Vyris-KAKLARAIx160TIS-SU-GALIUKU-400mm-Juoda.jpg","datePublished":"2024-02-13T11:55:44+00:00","breadcrumb":{"@id":"https:\/\/metaltale.com\/et\/toode\/mooblihinged-krawat-z-400-mm-musta-varvi\/#breadcrumb"},"inLanguage":"et","potentialAction":[{"@type":"ReadAction","target":["https:\/\/metaltale.com\/et\/toode\/mooblihinged-krawat-z-400-mm-musta-varvi\/"]}]},{"@type":"ImageObject","inLanguage":"et","@id":"https:\/\/metaltale.com\/et\/toode\/mooblihinged-krawat-z-400-mm-musta-varvi\/#primaryimage","url":"https:\/\/metaltale.com\/wp-content\/uploads\/2023\/11\/Vyris-KAKLARAIx160TIS-SU-GALIUKU-400mm-Juoda.jpg","contentUrl":"https:\/\/metaltale.com\/wp-content\/uploads\/2023\/11\/Vyris-KAKLARAIx160TIS-SU-GALIUKU-400mm-Juoda.jpg","width":800,"height":800,"caption":"M\u00f6\u00f6blihinged KRAWAT Z 400 mm, musta v\u00e4rvi"},{"@type":"BreadcrumbList","@id":"https:\/\/metaltale.com\/et\/toode\/mooblihinged-krawat-z-400-mm-musta-varvi\/#breadcrumb","itemListElement":[{"@type":"ListItem","position":1,"name":"Home","item":"https:\/\/metaltale.com\/et\/kodu\/"},{"@type":"ListItem","position":2,"name":"Kauplus","item":"https:\/\/metaltale.com\/et\/shop\/"},{"@type":"ListItem","position":3,"name":"M\u00f6\u00f6blihinged KRAWAT Z 400 mm, musta v\u00e4rvi"}]},{"@type":"WebSite","@id":"https:\/\/metaltale.com\/et\/#website","url":"https:\/\/metaltale.com\/et\/","name":"Metaltale.com","description":"","potentialAction":[{"@type":"SearchAction","target":{"@type":"EntryPoint","urlTemplate":"https:\/\/metaltale.com\/et\/?s={search_term_string}"},"query-input":{"@type":"PropertyValueSpecification","valueRequired":true,"valueName":"search_term_string"}}],"inLanguage":"et"}]}},"_links":{"self":[{"href":"https:\/\/metaltale.com\/et\/wp-json\/wp\/v2\/product\/138959","targetHints":{"allow":["GET"]}}],"collection":[{"href":"https:\/\/metaltale.com\/et\/wp-json\/wp\/v2\/product"}],"about":[{"href":"https:\/\/metaltale.com\/et\/wp-json\/wp\/v2\/types\/product"}],"replies":[{"embeddable":true,"href":"https:\/\/metaltale.com\/et\/wp-json\/wp\/v2\/comments?post=138959"}],"version-history":[{"count":0,"href":"https:\/\/metaltale.com\/et\/wp-json\/wp\/v2\/product\/138959\/revisions"}],"wp:featuredmedia":[{"embeddable":true,"href":"https:\/\/metaltale.com\/et\/wp-json\/wp\/v2\/media\/101134"}],"wp:attachment":[{"href":"https:\/\/metaltale.com\/et\/wp-json\/wp\/v2\/media?parent=138959"}],"wp:term":[{"taxonomy":"product_brand","embeddable":true,"href":"https:\/\/metaltale.com\/et\/wp-json\/wp\/v2\/product_brand?post=138959"},{"taxonomy":"product_cat","embeddable":true,"href":"https:\/\/metaltale.com\/et\/wp-json\/wp\/v2\/product_cat?post=138959"},{"taxonomy":"product_tag","embeddable":true,"href":"https:\/\/metaltale.com\/et\/wp-json\/wp\/v2\/product_tag?post=138959"}],"curies":[{"name":"wp","href":"https:\/\/api.w.org\/{rel}","templated":true}]}}