{"id":138939,"date":"2024-02-13T13:57:04","date_gmt":"2024-02-13T11:57:04","guid":{"rendered":"https:\/\/metaltale.com\/produktas\/mooblisang-remik-55-mm\/"},"modified":"2024-02-13T13:57:04","modified_gmt":"2024-02-13T11:57:04","slug":"mooblisang-remik-55-mm","status":"publish","type":"product","link":"https:\/\/metaltale.com\/et\/toode\/mooblisang-remik-55-mm\/","title":{"rendered":"M\u00f6\u00f6blisang REMIK 55 mm"},"content":{"rendered":"<div class=\"prod_data\">\n<p><strong>Mudel<\/strong> AG.15441<br \/>\n<strong>EAN.<\/strong>  5905369912412<br \/>\n<strong>Materjal<\/strong> teras<br \/>\n<strong>\u00dcldine k\u00f5rgus (cm)<\/strong> 7<br \/>\n<strong>\u00dcldine laius (cm)<\/strong> 5,5<br \/>\n<strong>Parema k\u00fclje laius (cm)<\/strong> 2,5<br \/>\n<strong>Vasaku k\u00fclje laius (cm)<\/strong> 2,5<br \/>\nV\u00e4rv Must<br \/>\n<strong>Pinna t\u00fc\u00fcp<\/strong> Silea<\/p>\n<p>Meie dekoratiivse viimistlusega hinge t\u00e4iendab ideaalselt kirstude ja muu m\u00f6\u00f6bli v\u00e4limust.<\/p>\n<p>Hing on valmistatud kvaliteetsest terasest, mis on v\u00e4rvitud mustaks.<\/p>\n<p>Saranaga on kaasas kinnituskruvid, mis tagavad kiire ja h\u00f5lpsa kokkupaneku ja kasutusmugavuse.<\/p>\n<\/div>\n","protected":false},"excerpt":{"rendered":"<p>Mudel AG.15441 EAN. 5905369912412 Materjal teras \u00dcldine k\u00f5rgus (cm) 7 \u00dcldine laius (cm) 5,5 Parema k\u00fclje laius (cm) 2,5 Vasaku<\/p>\n","protected":false},"featured_media":82746,"comment_status":"open","ping_status":"closed","template":"","meta":{"_acf_changed":false,"pmpro_default_level":""},"product_brand":[],"product_cat":[24160,24161],"product_tag":[],"class_list":{"0":"post-138939","1":"product","2":"type-product","3":"status-publish","4":"has-post-thumbnail","6":"product_cat-mehed","7":"product_cat-moobli-hinged","8":"pmpro-has-access","10":"first","11":"instock","12":"shipping-taxable","13":"purchasable","14":"product-type-simple"},"acf":[],"yoast_head":"<!-- This site is optimized with the Yoast SEO plugin v24.9 - https:\/\/yoast.com\/wordpress\/plugins\/seo\/ -->\n<title>M\u00f6\u00f6blisang REMIK 55 mm - MetalTale.com<\/title>\n<meta name=\"robots\" content=\"index, follow, max-snippet:-1, max-image-preview:large, max-video-preview:-1\" \/>\n<link rel=\"canonical\" href=\"https:\/\/metaltale.com\/et\/toode\/mooblisang-remik-55-mm\/\" \/>\n<meta property=\"og:locale\" content=\"et_EE\" \/>\n<meta property=\"og:type\" content=\"article\" \/>\n<meta property=\"og:title\" content=\"M\u00f6\u00f6blisang REMIK 55 mm - MetalTale.com\" \/>\n<meta property=\"og:description\" content=\"Mudel AG.15441 EAN. 5905369912412 Materjal teras \u00dcldine k\u00f5rgus (cm) 7 \u00dcldine laius (cm) 5,5 Parema k\u00fclje laius (cm) 2,5 Vasaku\" \/>\n<meta property=\"og:url\" content=\"https:\/\/metaltale.com\/et\/toode\/mooblisang-remik-55-mm\/\" \/>\n<meta property=\"og:site_name\" content=\"MetalTale.com\" \/>\n<meta name=\"twitter:card\" content=\"summary_large_image\" \/>\n<script type=\"application\/ld+json\" class=\"yoast-schema-graph\">{\"@context\":\"https:\/\/schema.org\",\"@graph\":[{\"@type\":\"WebPage\",\"@id\":\"https:\/\/metaltale.com\/et\/toode\/mooblisang-remik-55-mm\/\",\"url\":\"https:\/\/metaltale.com\/et\/toode\/mooblisang-remik-55-mm\/\",\"name\":\"M\u00f6\u00f6blisang REMIK 55 mm - MetalTale.com\",\"isPartOf\":{\"@id\":\"https:\/\/metaltale.com\/et\/#website\"},\"primaryImageOfPage\":{\"@id\":\"https:\/\/metaltale.com\/et\/toode\/mooblisang-remik-55-mm\/#primaryimage\"},\"image\":{\"@id\":\"https:\/\/metaltale.com\/et\/toode\/mooblisang-remik-55-mm\/#primaryimage\"},\"thumbnailUrl\":\"https:\/\/metaltale.com\/wp-content\/uploads\/2023\/10\/Rummy-Vyris-55mm-Juoda-scaled.jpg\",\"datePublished\":\"2024-02-13T11:57:04+00:00\",\"breadcrumb\":{\"@id\":\"https:\/\/metaltale.com\/et\/toode\/mooblisang-remik-55-mm\/#breadcrumb\"},\"inLanguage\":\"et\",\"potentialAction\":[{\"@type\":\"ReadAction\",\"target\":[\"https:\/\/metaltale.com\/et\/toode\/mooblisang-remik-55-mm\/\"]}]},{\"@type\":\"ImageObject\",\"inLanguage\":\"et\",\"@id\":\"https:\/\/metaltale.com\/et\/toode\/mooblisang-remik-55-mm\/#primaryimage\",\"url\":\"https:\/\/metaltale.com\/wp-content\/uploads\/2023\/10\/Rummy-Vyris-55mm-Juoda-scaled.jpg\",\"contentUrl\":\"https:\/\/metaltale.com\/wp-content\/uploads\/2023\/10\/Rummy-Vyris-55mm-Juoda-scaled.jpg\",\"width\":2560,\"height\":2560,\"caption\":\"M\u00f6\u00f6blisang REMIK 55 mm\"},{\"@type\":\"BreadcrumbList\",\"@id\":\"https:\/\/metaltale.com\/et\/toode\/mooblisang-remik-55-mm\/#breadcrumb\",\"itemListElement\":[{\"@type\":\"ListItem\",\"position\":1,\"name\":\"Home\",\"item\":\"https:\/\/metaltale.com\/et\/kodu\/\"},{\"@type\":\"ListItem\",\"position\":2,\"name\":\"Kauplus\",\"item\":\"https:\/\/metaltale.com\/et\/shop\/\"},{\"@type\":\"ListItem\",\"position\":3,\"name\":\"M\u00f6\u00f6blisang REMIK 55 mm\"}]},{\"@type\":\"WebSite\",\"@id\":\"https:\/\/metaltale.com\/et\/#website\",\"url\":\"https:\/\/metaltale.com\/et\/\",\"name\":\"Metaltale.com\",\"description\":\"\",\"potentialAction\":[{\"@type\":\"SearchAction\",\"target\":{\"@type\":\"EntryPoint\",\"urlTemplate\":\"https:\/\/metaltale.com\/et\/?s={search_term_string}\"},\"query-input\":{\"@type\":\"PropertyValueSpecification\",\"valueRequired\":true,\"valueName\":\"search_term_string\"}}],\"inLanguage\":\"et\"}]}<\/script>\n<!-- \/ Yoast SEO plugin. -->","yoast_head_json":{"title":"M\u00f6\u00f6blisang REMIK 55 mm - MetalTale.com","robots":{"index":"index","follow":"follow","max-snippet":"max-snippet:-1","max-image-preview":"max-image-preview:large","max-video-preview":"max-video-preview:-1"},"canonical":"https:\/\/metaltale.com\/et\/toode\/mooblisang-remik-55-mm\/","og_locale":"et_EE","og_type":"article","og_title":"M\u00f6\u00f6blisang REMIK 55 mm - MetalTale.com","og_description":"Mudel AG.15441 EAN. 5905369912412 Materjal teras \u00dcldine k\u00f5rgus (cm) 7 \u00dcldine laius (cm) 5,5 Parema k\u00fclje laius (cm) 2,5 Vasaku","og_url":"https:\/\/metaltale.com\/et\/toode\/mooblisang-remik-55-mm\/","og_site_name":"MetalTale.com","twitter_card":"summary_large_image","schema":{"@context":"https:\/\/schema.org","@graph":[{"@type":"WebPage","@id":"https:\/\/metaltale.com\/et\/toode\/mooblisang-remik-55-mm\/","url":"https:\/\/metaltale.com\/et\/toode\/mooblisang-remik-55-mm\/","name":"M\u00f6\u00f6blisang REMIK 55 mm - MetalTale.com","isPartOf":{"@id":"https:\/\/metaltale.com\/et\/#website"},"primaryImageOfPage":{"@id":"https:\/\/metaltale.com\/et\/toode\/mooblisang-remik-55-mm\/#primaryimage"},"image":{"@id":"https:\/\/metaltale.com\/et\/toode\/mooblisang-remik-55-mm\/#primaryimage"},"thumbnailUrl":"https:\/\/metaltale.com\/wp-content\/uploads\/2023\/10\/Rummy-Vyris-55mm-Juoda-scaled.jpg","datePublished":"2024-02-13T11:57:04+00:00","breadcrumb":{"@id":"https:\/\/metaltale.com\/et\/toode\/mooblisang-remik-55-mm\/#breadcrumb"},"inLanguage":"et","potentialAction":[{"@type":"ReadAction","target":["https:\/\/metaltale.com\/et\/toode\/mooblisang-remik-55-mm\/"]}]},{"@type":"ImageObject","inLanguage":"et","@id":"https:\/\/metaltale.com\/et\/toode\/mooblisang-remik-55-mm\/#primaryimage","url":"https:\/\/metaltale.com\/wp-content\/uploads\/2023\/10\/Rummy-Vyris-55mm-Juoda-scaled.jpg","contentUrl":"https:\/\/metaltale.com\/wp-content\/uploads\/2023\/10\/Rummy-Vyris-55mm-Juoda-scaled.jpg","width":2560,"height":2560,"caption":"M\u00f6\u00f6blisang REMIK 55 mm"},{"@type":"BreadcrumbList","@id":"https:\/\/metaltale.com\/et\/toode\/mooblisang-remik-55-mm\/#breadcrumb","itemListElement":[{"@type":"ListItem","position":1,"name":"Home","item":"https:\/\/metaltale.com\/et\/kodu\/"},{"@type":"ListItem","position":2,"name":"Kauplus","item":"https:\/\/metaltale.com\/et\/shop\/"},{"@type":"ListItem","position":3,"name":"M\u00f6\u00f6blisang REMIK 55 mm"}]},{"@type":"WebSite","@id":"https:\/\/metaltale.com\/et\/#website","url":"https:\/\/metaltale.com\/et\/","name":"Metaltale.com","description":"","potentialAction":[{"@type":"SearchAction","target":{"@type":"EntryPoint","urlTemplate":"https:\/\/metaltale.com\/et\/?s={search_term_string}"},"query-input":{"@type":"PropertyValueSpecification","valueRequired":true,"valueName":"search_term_string"}}],"inLanguage":"et"}]}},"_links":{"self":[{"href":"https:\/\/metaltale.com\/et\/wp-json\/wp\/v2\/product\/138939","targetHints":{"allow":["GET"]}}],"collection":[{"href":"https:\/\/metaltale.com\/et\/wp-json\/wp\/v2\/product"}],"about":[{"href":"https:\/\/metaltale.com\/et\/wp-json\/wp\/v2\/types\/product"}],"replies":[{"embeddable":true,"href":"https:\/\/metaltale.com\/et\/wp-json\/wp\/v2\/comments?post=138939"}],"version-history":[{"count":0,"href":"https:\/\/metaltale.com\/et\/wp-json\/wp\/v2\/product\/138939\/revisions"}],"wp:featuredmedia":[{"embeddable":true,"href":"https:\/\/metaltale.com\/et\/wp-json\/wp\/v2\/media\/82746"}],"wp:attachment":[{"href":"https:\/\/metaltale.com\/et\/wp-json\/wp\/v2\/media?parent=138939"}],"wp:term":[{"taxonomy":"product_brand","embeddable":true,"href":"https:\/\/metaltale.com\/et\/wp-json\/wp\/v2\/product_brand?post=138939"},{"taxonomy":"product_cat","embeddable":true,"href":"https:\/\/metaltale.com\/et\/wp-json\/wp\/v2\/product_cat?post=138939"},{"taxonomy":"product_tag","embeddable":true,"href":"https:\/\/metaltale.com\/et\/wp-json\/wp\/v2\/product_tag?post=138939"}],"curies":[{"name":"wp","href":"https:\/\/api.w.org\/{rel}","templated":true}]}}