{"id":138905,"date":"2024-02-13T13:57:04","date_gmt":"2024-02-13T11:57:04","guid":{"rendered":"https:\/\/metaltale.com\/produktas\/mooblisangad-country-suurus-l-teras\/"},"modified":"2024-02-13T13:57:04","modified_gmt":"2024-02-13T11:57:04","slug":"mooblisangad-country-suurus-l-teras","status":"publish","type":"product","link":"https:\/\/metaltale.com\/et\/toode\/mooblisangad-country-suurus-l-teras\/","title":{"rendered":"M\u00f6\u00f6blisangad COUNTRY suurus L, teras"},"content":{"rendered":"<div class=\"prod_data\">\n<p><strong>Mudel<\/strong> SE RVE HG 3011<br \/>\n<strong>EAN.<\/strong>  5905369912436<br \/>\nMaterjal Ketus<br \/>\n<strong>\u00dcldine k\u00f5rgus (cm)<\/strong> 7,7<br \/>\n<strong>\u00dcldine laius (cm)<\/strong> 6<br \/>\n<strong>Parema k\u00fclje laius (cm)<\/strong> 2,4<br \/>\n<strong>Vasaku k\u00fclje laius (cm)<\/strong> 2,4<br \/>\n<strong>V\u00e4rv<\/strong> teras<\/p>\n<p>Valmistatud kvaliteetsest rauast. Meie veebipoes olevad hinged on suurep\u00e4rane v\u00f5imalus oma m\u00f6\u00f6bli sisustamiseks.<\/p>\n<p>Saranat saab paigaldada nii sise- kui ka v\u00e4liselt. Paigaldatud kolme kindla augu k\u00fclge m\u00f5lemal tiival.<\/p>\n<p>Komplekti kuuluvad vajalikud kruvid, mis h\u00f5lbustavad hingede kiiret ja lihtsat paigaldamist.<\/p>\n<\/div>\n","protected":false},"excerpt":{"rendered":"<p>Mudel SE RVE HG 3011 EAN. 5905369912436 Materjal Ketus \u00dcldine k\u00f5rgus (cm) 7,7 \u00dcldine laius (cm) 6 Parema k\u00fclje laius<\/p>\n","protected":false},"featured_media":121464,"comment_status":"open","ping_status":"closed","template":"","meta":{"_acf_changed":false,"pmpro_default_level":""},"product_brand":[],"product_cat":[24160,24161],"product_tag":[],"class_list":{"0":"post-138905","1":"product","2":"type-product","3":"status-publish","4":"has-post-thumbnail","6":"product_cat-mehed","7":"product_cat-moobli-hinged","8":"pmpro-has-access","10":"first","11":"instock","12":"shipping-taxable","13":"purchasable","14":"product-type-simple"},"acf":[],"yoast_head":"<!-- This site is optimized with the Yoast SEO plugin v24.9 - https:\/\/yoast.com\/wordpress\/plugins\/seo\/ -->\n<title>M\u00f6\u00f6blisangad COUNTRY suurus L, teras - MetalTale.com<\/title>\n<meta name=\"robots\" content=\"index, follow, max-snippet:-1, max-image-preview:large, max-video-preview:-1\" \/>\n<link rel=\"canonical\" href=\"https:\/\/metaltale.com\/et\/toode\/mooblisangad-country-suurus-l-teras\/\" \/>\n<meta property=\"og:locale\" content=\"et_EE\" \/>\n<meta property=\"og:type\" content=\"article\" \/>\n<meta property=\"og:title\" content=\"M\u00f6\u00f6blisangad COUNTRY suurus L, teras - MetalTale.com\" \/>\n<meta property=\"og:description\" content=\"Mudel SE RVE HG 3011 EAN. 5905369912436 Materjal Ketus \u00dcldine k\u00f5rgus (cm) 7,7 \u00dcldine laius (cm) 6 Parema k\u00fclje laius\" \/>\n<meta property=\"og:url\" content=\"https:\/\/metaltale.com\/et\/toode\/mooblisangad-country-suurus-l-teras\/\" \/>\n<meta property=\"og:site_name\" content=\"MetalTale.com\" \/>\n<meta name=\"twitter:card\" content=\"summary_large_image\" \/>\n<script type=\"application\/ld+json\" class=\"yoast-schema-graph\">{\"@context\":\"https:\/\/schema.org\",\"@graph\":[{\"@type\":\"WebPage\",\"@id\":\"https:\/\/metaltale.com\/et\/toode\/mooblisangad-country-suurus-l-teras\/\",\"url\":\"https:\/\/metaltale.com\/et\/toode\/mooblisangad-country-suurus-l-teras\/\",\"name\":\"M\u00f6\u00f6blisangad COUNTRY suurus L, teras - MetalTale.com\",\"isPartOf\":{\"@id\":\"https:\/\/metaltale.com\/et\/#website\"},\"primaryImageOfPage\":{\"@id\":\"https:\/\/metaltale.com\/et\/toode\/mooblisangad-country-suurus-l-teras\/#primaryimage\"},\"image\":{\"@id\":\"https:\/\/metaltale.com\/et\/toode\/mooblisangad-country-suurus-l-teras\/#primaryimage\"},\"thumbnailUrl\":\"https:\/\/metaltale.com\/wp-content\/uploads\/2024\/01\/COUNTRY-LARGE-baldx173-vyriai.jpg\",\"datePublished\":\"2024-02-13T11:57:04+00:00\",\"breadcrumb\":{\"@id\":\"https:\/\/metaltale.com\/et\/toode\/mooblisangad-country-suurus-l-teras\/#breadcrumb\"},\"inLanguage\":\"et\",\"potentialAction\":[{\"@type\":\"ReadAction\",\"target\":[\"https:\/\/metaltale.com\/et\/toode\/mooblisangad-country-suurus-l-teras\/\"]}]},{\"@type\":\"ImageObject\",\"inLanguage\":\"et\",\"@id\":\"https:\/\/metaltale.com\/et\/toode\/mooblisangad-country-suurus-l-teras\/#primaryimage\",\"url\":\"https:\/\/metaltale.com\/wp-content\/uploads\/2024\/01\/COUNTRY-LARGE-baldx173-vyriai.jpg\",\"contentUrl\":\"https:\/\/metaltale.com\/wp-content\/uploads\/2024\/01\/COUNTRY-LARGE-baldx173-vyriai.jpg\",\"width\":800,\"height\":800,\"caption\":\"M\u00f6\u00f6blisangad COUNTRY suurus L, teras\"},{\"@type\":\"BreadcrumbList\",\"@id\":\"https:\/\/metaltale.com\/et\/toode\/mooblisangad-country-suurus-l-teras\/#breadcrumb\",\"itemListElement\":[{\"@type\":\"ListItem\",\"position\":1,\"name\":\"Home\",\"item\":\"https:\/\/metaltale.com\/et\/kodu\/\"},{\"@type\":\"ListItem\",\"position\":2,\"name\":\"Kauplus\",\"item\":\"https:\/\/metaltale.com\/et\/shop\/\"},{\"@type\":\"ListItem\",\"position\":3,\"name\":\"M\u00f6\u00f6blisangad COUNTRY suurus L, teras\"}]},{\"@type\":\"WebSite\",\"@id\":\"https:\/\/metaltale.com\/et\/#website\",\"url\":\"https:\/\/metaltale.com\/et\/\",\"name\":\"Metaltale.com\",\"description\":\"\",\"potentialAction\":[{\"@type\":\"SearchAction\",\"target\":{\"@type\":\"EntryPoint\",\"urlTemplate\":\"https:\/\/metaltale.com\/et\/?s={search_term_string}\"},\"query-input\":{\"@type\":\"PropertyValueSpecification\",\"valueRequired\":true,\"valueName\":\"search_term_string\"}}],\"inLanguage\":\"et\"}]}<\/script>\n<!-- \/ Yoast SEO plugin. -->","yoast_head_json":{"title":"M\u00f6\u00f6blisangad COUNTRY suurus L, teras - MetalTale.com","robots":{"index":"index","follow":"follow","max-snippet":"max-snippet:-1","max-image-preview":"max-image-preview:large","max-video-preview":"max-video-preview:-1"},"canonical":"https:\/\/metaltale.com\/et\/toode\/mooblisangad-country-suurus-l-teras\/","og_locale":"et_EE","og_type":"article","og_title":"M\u00f6\u00f6blisangad COUNTRY suurus L, teras - MetalTale.com","og_description":"Mudel SE RVE HG 3011 EAN. 5905369912436 Materjal Ketus \u00dcldine k\u00f5rgus (cm) 7,7 \u00dcldine laius (cm) 6 Parema k\u00fclje laius","og_url":"https:\/\/metaltale.com\/et\/toode\/mooblisangad-country-suurus-l-teras\/","og_site_name":"MetalTale.com","twitter_card":"summary_large_image","schema":{"@context":"https:\/\/schema.org","@graph":[{"@type":"WebPage","@id":"https:\/\/metaltale.com\/et\/toode\/mooblisangad-country-suurus-l-teras\/","url":"https:\/\/metaltale.com\/et\/toode\/mooblisangad-country-suurus-l-teras\/","name":"M\u00f6\u00f6blisangad COUNTRY suurus L, teras - MetalTale.com","isPartOf":{"@id":"https:\/\/metaltale.com\/et\/#website"},"primaryImageOfPage":{"@id":"https:\/\/metaltale.com\/et\/toode\/mooblisangad-country-suurus-l-teras\/#primaryimage"},"image":{"@id":"https:\/\/metaltale.com\/et\/toode\/mooblisangad-country-suurus-l-teras\/#primaryimage"},"thumbnailUrl":"https:\/\/metaltale.com\/wp-content\/uploads\/2024\/01\/COUNTRY-LARGE-baldx173-vyriai.jpg","datePublished":"2024-02-13T11:57:04+00:00","breadcrumb":{"@id":"https:\/\/metaltale.com\/et\/toode\/mooblisangad-country-suurus-l-teras\/#breadcrumb"},"inLanguage":"et","potentialAction":[{"@type":"ReadAction","target":["https:\/\/metaltale.com\/et\/toode\/mooblisangad-country-suurus-l-teras\/"]}]},{"@type":"ImageObject","inLanguage":"et","@id":"https:\/\/metaltale.com\/et\/toode\/mooblisangad-country-suurus-l-teras\/#primaryimage","url":"https:\/\/metaltale.com\/wp-content\/uploads\/2024\/01\/COUNTRY-LARGE-baldx173-vyriai.jpg","contentUrl":"https:\/\/metaltale.com\/wp-content\/uploads\/2024\/01\/COUNTRY-LARGE-baldx173-vyriai.jpg","width":800,"height":800,"caption":"M\u00f6\u00f6blisangad COUNTRY suurus L, teras"},{"@type":"BreadcrumbList","@id":"https:\/\/metaltale.com\/et\/toode\/mooblisangad-country-suurus-l-teras\/#breadcrumb","itemListElement":[{"@type":"ListItem","position":1,"name":"Home","item":"https:\/\/metaltale.com\/et\/kodu\/"},{"@type":"ListItem","position":2,"name":"Kauplus","item":"https:\/\/metaltale.com\/et\/shop\/"},{"@type":"ListItem","position":3,"name":"M\u00f6\u00f6blisangad COUNTRY suurus L, teras"}]},{"@type":"WebSite","@id":"https:\/\/metaltale.com\/et\/#website","url":"https:\/\/metaltale.com\/et\/","name":"Metaltale.com","description":"","potentialAction":[{"@type":"SearchAction","target":{"@type":"EntryPoint","urlTemplate":"https:\/\/metaltale.com\/et\/?s={search_term_string}"},"query-input":{"@type":"PropertyValueSpecification","valueRequired":true,"valueName":"search_term_string"}}],"inLanguage":"et"}]}},"_links":{"self":[{"href":"https:\/\/metaltale.com\/et\/wp-json\/wp\/v2\/product\/138905","targetHints":{"allow":["GET"]}}],"collection":[{"href":"https:\/\/metaltale.com\/et\/wp-json\/wp\/v2\/product"}],"about":[{"href":"https:\/\/metaltale.com\/et\/wp-json\/wp\/v2\/types\/product"}],"replies":[{"embeddable":true,"href":"https:\/\/metaltale.com\/et\/wp-json\/wp\/v2\/comments?post=138905"}],"version-history":[{"count":0,"href":"https:\/\/metaltale.com\/et\/wp-json\/wp\/v2\/product\/138905\/revisions"}],"wp:featuredmedia":[{"embeddable":true,"href":"https:\/\/metaltale.com\/et\/wp-json\/wp\/v2\/media\/121464"}],"wp:attachment":[{"href":"https:\/\/metaltale.com\/et\/wp-json\/wp\/v2\/media?parent=138905"}],"wp:term":[{"taxonomy":"product_brand","embeddable":true,"href":"https:\/\/metaltale.com\/et\/wp-json\/wp\/v2\/product_brand?post=138905"},{"taxonomy":"product_cat","embeddable":true,"href":"https:\/\/metaltale.com\/et\/wp-json\/wp\/v2\/product_cat?post=138905"},{"taxonomy":"product_tag","embeddable":true,"href":"https:\/\/metaltale.com\/et\/wp-json\/wp\/v2\/product_tag?post=138905"}],"curies":[{"name":"wp","href":"https:\/\/api.w.org\/{rel}","templated":true}]}}