{"id":138891,"date":"2024-02-13T13:57:04","date_gmt":"2024-02-13T11:57:04","guid":{"rendered":"https:\/\/metaltale.com\/produktas\/mooblisangad-lukustatud-paremal\/"},"modified":"2024-02-13T13:57:04","modified_gmt":"2024-02-13T11:57:04","slug":"mooblisangad-lukustatud-paremal","status":"publish","type":"product","link":"https:\/\/metaltale.com\/et\/toode\/mooblisangad-lukustatud-paremal\/","title":{"rendered":"M\u00f6\u00f6blisangad lukustatud paremal"},"content":{"rendered":"<div class=\"prod_data\">\n<p><strong>Mudel<\/strong> 03.304.AI.75R<br \/>\n<strong>Materjal<\/strong> teras<br \/>\n<strong>\u00dcldine laius (cm)<\/strong> 3,7<br \/>\n<strong>\u00dcldl\u00e4bim\u00f5\u00f5t (cm)<\/strong> 0,8<br \/>\n<strong>Parema k\u00fclje laius (cm)<\/strong> 2,7<br \/>\n<strong>Vasaku k\u00fclje laius (cm)<\/strong> 2,7<br \/>\n<strong>V\u00e4rv<\/strong> teras<\/p>\n<p>Vahesang on usaldusv\u00e4\u00e4rne ja funktsionaalne s\u00fcsteem, mis h\u00f5lbustab m\u00f6\u00f6bli kasutamist ja juurdep\u00e4\u00e4su selle sisule. Vajalikud kinnituskruvid on samuti kaasas. Meie poest leiate ka <a href=\"https:\/\/metaltale.com\/produktas\/baldu-lankstas-live-left\/\"><br \/>\n  <span style=\"text-decoration: underline;\">komplekti vasakpoolne hing<\/span><br \/>\n<\/a> .<\/p>\n<p>Kasutatavad m\u00f6\u00f6blihinged on populaarsed lahendused, mis on olnud kasutusel juba mitu p\u00f5lvkonda. Hing on valmistatud t\u00e4ismassist toorterasest.<\/p>\n<p>Selle lengi igal osal on kolm kinnitusauku.<\/p>\n<hr>\n<p>Viimane saadaolev t\u00fckk, toode on m\u00fc\u00fcgilt k\u00f5rvaldatud.<\/p>\n<hr>\n<\/div>\n","protected":false},"excerpt":{"rendered":"<p>Mudel 03.304.AI.75R Materjal teras \u00dcldine laius (cm) 3,7 \u00dcldl\u00e4bim\u00f5\u00f5t (cm) 0,8 Parema k\u00fclje laius (cm) 2,7 Vasaku k\u00fclje laius (cm)<\/p>\n","protected":false},"featured_media":82909,"comment_status":"open","ping_status":"closed","template":"","meta":{"_acf_changed":false,"pmpro_default_level":""},"product_brand":[],"product_cat":[24160,24161,23836],"product_tag":[],"class_list":{"0":"post-138891","1":"product","2":"type-product","3":"status-publish","4":"has-post-thumbnail","6":"product_cat-mehed","7":"product_cat-moobli-hinged","8":"product_cat-moobli-tarvikud","9":"pmpro-has-access","11":"first","12":"instock","13":"shipping-taxable","14":"purchasable","15":"product-type-simple"},"acf":[],"yoast_head":"<!-- This site is optimized with the Yoast SEO plugin v24.9 - https:\/\/yoast.com\/wordpress\/plugins\/seo\/ -->\n<title>M\u00f6\u00f6blisangad lukustatud paremal - MetalTale.com<\/title>\n<meta name=\"robots\" content=\"index, follow, max-snippet:-1, max-image-preview:large, max-video-preview:-1\" \/>\n<link rel=\"canonical\" href=\"https:\/\/metaltale.com\/et\/toode\/mooblisangad-lukustatud-paremal\/\" \/>\n<meta property=\"og:locale\" content=\"et_EE\" \/>\n<meta property=\"og:type\" content=\"article\" \/>\n<meta property=\"og:title\" content=\"M\u00f6\u00f6blisangad lukustatud paremal - MetalTale.com\" \/>\n<meta property=\"og:description\" content=\"Mudel 03.304.AI.75R Materjal teras \u00dcldine laius (cm) 3,7 \u00dcldl\u00e4bim\u00f5\u00f5t (cm) 0,8 Parema k\u00fclje laius (cm) 2,7 Vasaku k\u00fclje laius (cm)\" \/>\n<meta property=\"og:url\" content=\"https:\/\/metaltale.com\/et\/toode\/mooblisangad-lukustatud-paremal\/\" \/>\n<meta property=\"og:site_name\" content=\"MetalTale.com\" \/>\n<meta name=\"twitter:card\" content=\"summary_large_image\" \/>\n<script type=\"application\/ld+json\" class=\"yoast-schema-graph\">{\"@context\":\"https:\/\/schema.org\",\"@graph\":[{\"@type\":\"WebPage\",\"@id\":\"https:\/\/metaltale.com\/et\/toode\/mooblisangad-lukustatud-paremal\/\",\"url\":\"https:\/\/metaltale.com\/et\/toode\/mooblisangad-lukustatud-paremal\/\",\"name\":\"M\u00f6\u00f6blisangad lukustatud paremal - MetalTale.com\",\"isPartOf\":{\"@id\":\"https:\/\/metaltale.com\/et\/#website\"},\"primaryImageOfPage\":{\"@id\":\"https:\/\/metaltale.com\/et\/toode\/mooblisangad-lukustatud-paremal\/#primaryimage\"},\"image\":{\"@id\":\"https:\/\/metaltale.com\/et\/toode\/mooblisangad-lukustatud-paremal\/#primaryimage\"},\"thumbnailUrl\":\"https:\/\/metaltale.com\/wp-content\/uploads\/2023\/10\/Vyris-PRITAIKYTAS-DEx160INYSIS-plienas.jpg\",\"datePublished\":\"2024-02-13T11:57:04+00:00\",\"breadcrumb\":{\"@id\":\"https:\/\/metaltale.com\/et\/toode\/mooblisangad-lukustatud-paremal\/#breadcrumb\"},\"inLanguage\":\"et\",\"potentialAction\":[{\"@type\":\"ReadAction\",\"target\":[\"https:\/\/metaltale.com\/et\/toode\/mooblisangad-lukustatud-paremal\/\"]}]},{\"@type\":\"ImageObject\",\"inLanguage\":\"et\",\"@id\":\"https:\/\/metaltale.com\/et\/toode\/mooblisangad-lukustatud-paremal\/#primaryimage\",\"url\":\"https:\/\/metaltale.com\/wp-content\/uploads\/2023\/10\/Vyris-PRITAIKYTAS-DEx160INYSIS-plienas.jpg\",\"contentUrl\":\"https:\/\/metaltale.com\/wp-content\/uploads\/2023\/10\/Vyris-PRITAIKYTAS-DEx160INYSIS-plienas.jpg\",\"width\":800,\"height\":800,\"caption\":\"M\u00f6\u00f6blisangad lukustatud paremal\"},{\"@type\":\"BreadcrumbList\",\"@id\":\"https:\/\/metaltale.com\/et\/toode\/mooblisangad-lukustatud-paremal\/#breadcrumb\",\"itemListElement\":[{\"@type\":\"ListItem\",\"position\":1,\"name\":\"Home\",\"item\":\"https:\/\/metaltale.com\/et\/kodu\/\"},{\"@type\":\"ListItem\",\"position\":2,\"name\":\"Kauplus\",\"item\":\"https:\/\/metaltale.com\/et\/shop\/\"},{\"@type\":\"ListItem\",\"position\":3,\"name\":\"M\u00f6\u00f6blisangad lukustatud paremal\"}]},{\"@type\":\"WebSite\",\"@id\":\"https:\/\/metaltale.com\/et\/#website\",\"url\":\"https:\/\/metaltale.com\/et\/\",\"name\":\"Metaltale.com\",\"description\":\"\",\"potentialAction\":[{\"@type\":\"SearchAction\",\"target\":{\"@type\":\"EntryPoint\",\"urlTemplate\":\"https:\/\/metaltale.com\/et\/?s={search_term_string}\"},\"query-input\":{\"@type\":\"PropertyValueSpecification\",\"valueRequired\":true,\"valueName\":\"search_term_string\"}}],\"inLanguage\":\"et\"}]}<\/script>\n<!-- \/ Yoast SEO plugin. -->","yoast_head_json":{"title":"M\u00f6\u00f6blisangad lukustatud paremal - MetalTale.com","robots":{"index":"index","follow":"follow","max-snippet":"max-snippet:-1","max-image-preview":"max-image-preview:large","max-video-preview":"max-video-preview:-1"},"canonical":"https:\/\/metaltale.com\/et\/toode\/mooblisangad-lukustatud-paremal\/","og_locale":"et_EE","og_type":"article","og_title":"M\u00f6\u00f6blisangad lukustatud paremal - MetalTale.com","og_description":"Mudel 03.304.AI.75R Materjal teras \u00dcldine laius (cm) 3,7 \u00dcldl\u00e4bim\u00f5\u00f5t (cm) 0,8 Parema k\u00fclje laius (cm) 2,7 Vasaku k\u00fclje laius (cm)","og_url":"https:\/\/metaltale.com\/et\/toode\/mooblisangad-lukustatud-paremal\/","og_site_name":"MetalTale.com","twitter_card":"summary_large_image","schema":{"@context":"https:\/\/schema.org","@graph":[{"@type":"WebPage","@id":"https:\/\/metaltale.com\/et\/toode\/mooblisangad-lukustatud-paremal\/","url":"https:\/\/metaltale.com\/et\/toode\/mooblisangad-lukustatud-paremal\/","name":"M\u00f6\u00f6blisangad lukustatud paremal - MetalTale.com","isPartOf":{"@id":"https:\/\/metaltale.com\/et\/#website"},"primaryImageOfPage":{"@id":"https:\/\/metaltale.com\/et\/toode\/mooblisangad-lukustatud-paremal\/#primaryimage"},"image":{"@id":"https:\/\/metaltale.com\/et\/toode\/mooblisangad-lukustatud-paremal\/#primaryimage"},"thumbnailUrl":"https:\/\/metaltale.com\/wp-content\/uploads\/2023\/10\/Vyris-PRITAIKYTAS-DEx160INYSIS-plienas.jpg","datePublished":"2024-02-13T11:57:04+00:00","breadcrumb":{"@id":"https:\/\/metaltale.com\/et\/toode\/mooblisangad-lukustatud-paremal\/#breadcrumb"},"inLanguage":"et","potentialAction":[{"@type":"ReadAction","target":["https:\/\/metaltale.com\/et\/toode\/mooblisangad-lukustatud-paremal\/"]}]},{"@type":"ImageObject","inLanguage":"et","@id":"https:\/\/metaltale.com\/et\/toode\/mooblisangad-lukustatud-paremal\/#primaryimage","url":"https:\/\/metaltale.com\/wp-content\/uploads\/2023\/10\/Vyris-PRITAIKYTAS-DEx160INYSIS-plienas.jpg","contentUrl":"https:\/\/metaltale.com\/wp-content\/uploads\/2023\/10\/Vyris-PRITAIKYTAS-DEx160INYSIS-plienas.jpg","width":800,"height":800,"caption":"M\u00f6\u00f6blisangad lukustatud paremal"},{"@type":"BreadcrumbList","@id":"https:\/\/metaltale.com\/et\/toode\/mooblisangad-lukustatud-paremal\/#breadcrumb","itemListElement":[{"@type":"ListItem","position":1,"name":"Home","item":"https:\/\/metaltale.com\/et\/kodu\/"},{"@type":"ListItem","position":2,"name":"Kauplus","item":"https:\/\/metaltale.com\/et\/shop\/"},{"@type":"ListItem","position":3,"name":"M\u00f6\u00f6blisangad lukustatud paremal"}]},{"@type":"WebSite","@id":"https:\/\/metaltale.com\/et\/#website","url":"https:\/\/metaltale.com\/et\/","name":"Metaltale.com","description":"","potentialAction":[{"@type":"SearchAction","target":{"@type":"EntryPoint","urlTemplate":"https:\/\/metaltale.com\/et\/?s={search_term_string}"},"query-input":{"@type":"PropertyValueSpecification","valueRequired":true,"valueName":"search_term_string"}}],"inLanguage":"et"}]}},"_links":{"self":[{"href":"https:\/\/metaltale.com\/et\/wp-json\/wp\/v2\/product\/138891","targetHints":{"allow":["GET"]}}],"collection":[{"href":"https:\/\/metaltale.com\/et\/wp-json\/wp\/v2\/product"}],"about":[{"href":"https:\/\/metaltale.com\/et\/wp-json\/wp\/v2\/types\/product"}],"replies":[{"embeddable":true,"href":"https:\/\/metaltale.com\/et\/wp-json\/wp\/v2\/comments?post=138891"}],"version-history":[{"count":0,"href":"https:\/\/metaltale.com\/et\/wp-json\/wp\/v2\/product\/138891\/revisions"}],"wp:featuredmedia":[{"embeddable":true,"href":"https:\/\/metaltale.com\/et\/wp-json\/wp\/v2\/media\/82909"}],"wp:attachment":[{"href":"https:\/\/metaltale.com\/et\/wp-json\/wp\/v2\/media?parent=138891"}],"wp:term":[{"taxonomy":"product_brand","embeddable":true,"href":"https:\/\/metaltale.com\/et\/wp-json\/wp\/v2\/product_brand?post=138891"},{"taxonomy":"product_cat","embeddable":true,"href":"https:\/\/metaltale.com\/et\/wp-json\/wp\/v2\/product_cat?post=138891"},{"taxonomy":"product_tag","embeddable":true,"href":"https:\/\/metaltale.com\/et\/wp-json\/wp\/v2\/product_tag?post=138891"}],"curies":[{"name":"wp","href":"https:\/\/api.w.org\/{rel}","templated":true}]}}