{"id":138868,"date":"2024-02-13T13:59:04","date_gmt":"2024-02-13T11:59:04","guid":{"rendered":"https:\/\/metaltale.com\/produktas\/riiulite-klambrid-milo-215x120-mm-komplekt\/"},"modified":"2024-02-13T13:59:04","modified_gmt":"2024-02-13T11:59:04","slug":"riiulite-klambrid-milo-215x120-mm-komplekt","status":"publish","type":"product","link":"https:\/\/metaltale.com\/et\/toode\/riiulite-klambrid-milo-215x120-mm-komplekt\/","title":{"rendered":"Riiulite klambrid MILO 215&#215;120 mm &#8211; komplekt"},"content":{"rendered":"<div class=\"prod_data\">\n<p><strong>Mudel<\/strong> FOR. WSP.1<br \/>\n<strong>Materjal<\/strong> teras<br \/>\n<strong>\u00dcldine k\u00f5rgus (cm)<\/strong> 12<br \/>\n<strong>\u00dcldine laius (cm)<\/strong> 3<br \/>\n<strong>Koguprojektsioon (cm)<\/strong> 21,5<br \/>\nAukude <strong>vahekaugus (cm)<\/strong> 4<br \/>\nPaigalduskruvid Ei<br \/>\n<strong>V\u00e4rv<\/strong> teras<br \/>\n<strong>Kogus komplekti kohta<\/strong> 2 tk.<\/p>\n<p><span style=\"font-size: medium;\">&#8211; Lihtne arhitektuur, kuid stabiilne riiulite tugi<br \/>\n&#8211; Pulbriline pinnakate tagab suure vastupidavuse kriimustustele ja muljumistele<\/span><br \/>\n<span style=\"font-size: medium;\">&#8211; k\u00f5rgekvaliteediline lakikate pikaajalise v\u00e4rvip\u00fcsivuse tagamiseks<\/span><br \/>\n<span style=\"font-size: medium;\">&#8211; Stabiilsuse tagavad neli kinnitusauku &#8211; kaks kinnitamiseks seina k\u00fclge ja kaks riiuli kinnitamiseks klambri k\u00fclge;<\/span><br \/>\n<span style=\"font-size: medium;\">&#8211; toote mitmek\u00fclgsus v\u00f5imaldab paigaldada puitlaastplaati, MDF-i v\u00f5i naturaalset puitu<\/span><br \/>\n<span style=\"font-size: medium;\">&#8211; klamber v\u00f5imaldab erinevaid riiulide paksusi (\u00fcle 20 mm)<\/span><\/p>\n<hr>\n<p><span style=\"font-size: medium;\">Klambri k\u00f5ige erilisem tunnus on selle range ja lihtne disain. Tootedisain annab kogu lauale <span class=\"hiddenSpellError\">loft-taolise<\/span> iseloomu. Milo on ideaalne pakkumine esikusse, elutuppa, magamistuppa v\u00f5i k\u00f6\u00f6ki. T\u00e4nu oma ajatule kujule sobib see igat t\u00fc\u00fcpi interj\u00f6\u00f6ri. See sobib ideaalselt retro-, loft- ja modernsetesse ruumidesse.<\/span><\/p>\n<hr>\n<p>*Riiulite klambrid on k\u00e4sitsi valmistatud, seega v\u00f5ib esineda v\u00e4ike k\u00f5rvalekalle (mitte t\u00e4pselt 90\u00b0).<\/p>\n<p style=\"text-align: center;\">\n<\/div>\n","protected":false},"excerpt":{"rendered":"<p>Mudel FOR. WSP.1 Materjal teras \u00dcldine k\u00f5rgus (cm) 12 \u00dcldine laius (cm) 3 Koguprojektsioon (cm) 21,5 Aukude vahekaugus (cm) 4<\/p>\n","protected":false},"featured_media":131791,"comment_status":"open","ping_status":"closed","template":"","meta":{"_acf_changed":false,"pmpro_default_level":""},"product_brand":[],"product_cat":[23859,23836],"product_tag":[],"class_list":{"0":"post-138868","1":"product","2":"type-product","3":"status-publish","4":"has-post-thumbnail","6":"product_cat-lentynu-laikikliai-et","7":"product_cat-moobli-tarvikud","8":"pmpro-has-access","10":"first","11":"instock","12":"shipping-taxable","13":"purchasable","14":"product-type-simple"},"acf":[],"yoast_head":"<!-- This site is optimized with the Yoast SEO plugin v24.9 - https:\/\/yoast.com\/wordpress\/plugins\/seo\/ -->\n<title>Riiulite klambrid MILO 215x120 mm - komplekt - MetalTale.com<\/title>\n<meta name=\"robots\" content=\"index, follow, max-snippet:-1, max-image-preview:large, max-video-preview:-1\" \/>\n<link rel=\"canonical\" href=\"https:\/\/metaltale.com\/et\/toode\/riiulite-klambrid-milo-215x120-mm-komplekt\/\" \/>\n<meta property=\"og:locale\" content=\"et_EE\" \/>\n<meta property=\"og:type\" content=\"article\" \/>\n<meta property=\"og:title\" content=\"Riiulite klambrid MILO 215x120 mm - komplekt - MetalTale.com\" \/>\n<meta property=\"og:description\" content=\"Mudel FOR. WSP.1 Materjal teras \u00dcldine k\u00f5rgus (cm) 12 \u00dcldine laius (cm) 3 Koguprojektsioon (cm) 21,5 Aukude vahekaugus (cm) 4\" \/>\n<meta property=\"og:url\" content=\"https:\/\/metaltale.com\/et\/toode\/riiulite-klambrid-milo-215x120-mm-komplekt\/\" \/>\n<meta property=\"og:site_name\" content=\"MetalTale.com\" \/>\n<meta property=\"og:image\" content=\"https:\/\/metaltale.com\/wp-content\/uploads\/2024\/02\/Lentynu-laikikliai-MILO-215x120-mm-rinkinys.jpg\" \/>\n\t<meta property=\"og:image:width\" content=\"800\" \/>\n\t<meta property=\"og:image:height\" content=\"800\" \/>\n\t<meta property=\"og:image:type\" content=\"image\/jpeg\" \/>\n<meta name=\"twitter:card\" content=\"summary_large_image\" \/>\n<meta name=\"twitter:label1\" content=\"Est. reading time\" \/>\n\t<meta name=\"twitter:data1\" content=\"1 minut\" \/>\n<script type=\"application\/ld+json\" class=\"yoast-schema-graph\">{\"@context\":\"https:\/\/schema.org\",\"@graph\":[{\"@type\":\"WebPage\",\"@id\":\"https:\/\/metaltale.com\/et\/toode\/riiulite-klambrid-milo-215x120-mm-komplekt\/\",\"url\":\"https:\/\/metaltale.com\/et\/toode\/riiulite-klambrid-milo-215x120-mm-komplekt\/\",\"name\":\"Riiulite klambrid MILO 215x120 mm - komplekt - MetalTale.com\",\"isPartOf\":{\"@id\":\"https:\/\/metaltale.com\/et\/#website\"},\"primaryImageOfPage\":{\"@id\":\"https:\/\/metaltale.com\/et\/toode\/riiulite-klambrid-milo-215x120-mm-komplekt\/#primaryimage\"},\"image\":{\"@id\":\"https:\/\/metaltale.com\/et\/toode\/riiulite-klambrid-milo-215x120-mm-komplekt\/#primaryimage\"},\"thumbnailUrl\":\"https:\/\/metaltale.com\/wp-content\/uploads\/2024\/02\/Lentynu-laikikliai-MILO-215x120-mm-rinkinys.jpg\",\"datePublished\":\"2024-02-13T11:59:04+00:00\",\"breadcrumb\":{\"@id\":\"https:\/\/metaltale.com\/et\/toode\/riiulite-klambrid-milo-215x120-mm-komplekt\/#breadcrumb\"},\"inLanguage\":\"et\",\"potentialAction\":[{\"@type\":\"ReadAction\",\"target\":[\"https:\/\/metaltale.com\/et\/toode\/riiulite-klambrid-milo-215x120-mm-komplekt\/\"]}]},{\"@type\":\"ImageObject\",\"inLanguage\":\"et\",\"@id\":\"https:\/\/metaltale.com\/et\/toode\/riiulite-klambrid-milo-215x120-mm-komplekt\/#primaryimage\",\"url\":\"https:\/\/metaltale.com\/wp-content\/uploads\/2024\/02\/Lentynu-laikikliai-MILO-215x120-mm-rinkinys.jpg\",\"contentUrl\":\"https:\/\/metaltale.com\/wp-content\/uploads\/2024\/02\/Lentynu-laikikliai-MILO-215x120-mm-rinkinys.jpg\",\"width\":800,\"height\":800,\"caption\":\"Riiulite klambrid MILO 215x120 mm - komplekt\"},{\"@type\":\"BreadcrumbList\",\"@id\":\"https:\/\/metaltale.com\/et\/toode\/riiulite-klambrid-milo-215x120-mm-komplekt\/#breadcrumb\",\"itemListElement\":[{\"@type\":\"ListItem\",\"position\":1,\"name\":\"Home\",\"item\":\"https:\/\/metaltale.com\/et\/kodu\/\"},{\"@type\":\"ListItem\",\"position\":2,\"name\":\"Kauplus\",\"item\":\"https:\/\/metaltale.com\/et\/shop\/\"},{\"@type\":\"ListItem\",\"position\":3,\"name\":\"Riiulite klambrid MILO 215&#215;120 mm &#8211; komplekt\"}]},{\"@type\":\"WebSite\",\"@id\":\"https:\/\/metaltale.com\/et\/#website\",\"url\":\"https:\/\/metaltale.com\/et\/\",\"name\":\"Metaltale.com\",\"description\":\"\",\"potentialAction\":[{\"@type\":\"SearchAction\",\"target\":{\"@type\":\"EntryPoint\",\"urlTemplate\":\"https:\/\/metaltale.com\/et\/?s={search_term_string}\"},\"query-input\":{\"@type\":\"PropertyValueSpecification\",\"valueRequired\":true,\"valueName\":\"search_term_string\"}}],\"inLanguage\":\"et\"}]}<\/script>\n<!-- \/ Yoast SEO plugin. -->","yoast_head_json":{"title":"Riiulite klambrid MILO 215x120 mm - komplekt - MetalTale.com","robots":{"index":"index","follow":"follow","max-snippet":"max-snippet:-1","max-image-preview":"max-image-preview:large","max-video-preview":"max-video-preview:-1"},"canonical":"https:\/\/metaltale.com\/et\/toode\/riiulite-klambrid-milo-215x120-mm-komplekt\/","og_locale":"et_EE","og_type":"article","og_title":"Riiulite klambrid MILO 215x120 mm - komplekt - MetalTale.com","og_description":"Mudel FOR. WSP.1 Materjal teras \u00dcldine k\u00f5rgus (cm) 12 \u00dcldine laius (cm) 3 Koguprojektsioon (cm) 21,5 Aukude vahekaugus (cm) 4","og_url":"https:\/\/metaltale.com\/et\/toode\/riiulite-klambrid-milo-215x120-mm-komplekt\/","og_site_name":"MetalTale.com","og_image":[{"width":800,"height":800,"url":"https:\/\/metaltale.com\/wp-content\/uploads\/2024\/02\/Lentynu-laikikliai-MILO-215x120-mm-rinkinys.jpg","type":"image\/jpeg"}],"twitter_card":"summary_large_image","twitter_misc":{"Est. reading time":"1 minut"},"schema":{"@context":"https:\/\/schema.org","@graph":[{"@type":"WebPage","@id":"https:\/\/metaltale.com\/et\/toode\/riiulite-klambrid-milo-215x120-mm-komplekt\/","url":"https:\/\/metaltale.com\/et\/toode\/riiulite-klambrid-milo-215x120-mm-komplekt\/","name":"Riiulite klambrid MILO 215x120 mm - komplekt - MetalTale.com","isPartOf":{"@id":"https:\/\/metaltale.com\/et\/#website"},"primaryImageOfPage":{"@id":"https:\/\/metaltale.com\/et\/toode\/riiulite-klambrid-milo-215x120-mm-komplekt\/#primaryimage"},"image":{"@id":"https:\/\/metaltale.com\/et\/toode\/riiulite-klambrid-milo-215x120-mm-komplekt\/#primaryimage"},"thumbnailUrl":"https:\/\/metaltale.com\/wp-content\/uploads\/2024\/02\/Lentynu-laikikliai-MILO-215x120-mm-rinkinys.jpg","datePublished":"2024-02-13T11:59:04+00:00","breadcrumb":{"@id":"https:\/\/metaltale.com\/et\/toode\/riiulite-klambrid-milo-215x120-mm-komplekt\/#breadcrumb"},"inLanguage":"et","potentialAction":[{"@type":"ReadAction","target":["https:\/\/metaltale.com\/et\/toode\/riiulite-klambrid-milo-215x120-mm-komplekt\/"]}]},{"@type":"ImageObject","inLanguage":"et","@id":"https:\/\/metaltale.com\/et\/toode\/riiulite-klambrid-milo-215x120-mm-komplekt\/#primaryimage","url":"https:\/\/metaltale.com\/wp-content\/uploads\/2024\/02\/Lentynu-laikikliai-MILO-215x120-mm-rinkinys.jpg","contentUrl":"https:\/\/metaltale.com\/wp-content\/uploads\/2024\/02\/Lentynu-laikikliai-MILO-215x120-mm-rinkinys.jpg","width":800,"height":800,"caption":"Riiulite klambrid MILO 215x120 mm - komplekt"},{"@type":"BreadcrumbList","@id":"https:\/\/metaltale.com\/et\/toode\/riiulite-klambrid-milo-215x120-mm-komplekt\/#breadcrumb","itemListElement":[{"@type":"ListItem","position":1,"name":"Home","item":"https:\/\/metaltale.com\/et\/kodu\/"},{"@type":"ListItem","position":2,"name":"Kauplus","item":"https:\/\/metaltale.com\/et\/shop\/"},{"@type":"ListItem","position":3,"name":"Riiulite klambrid MILO 215&#215;120 mm &#8211; komplekt"}]},{"@type":"WebSite","@id":"https:\/\/metaltale.com\/et\/#website","url":"https:\/\/metaltale.com\/et\/","name":"Metaltale.com","description":"","potentialAction":[{"@type":"SearchAction","target":{"@type":"EntryPoint","urlTemplate":"https:\/\/metaltale.com\/et\/?s={search_term_string}"},"query-input":{"@type":"PropertyValueSpecification","valueRequired":true,"valueName":"search_term_string"}}],"inLanguage":"et"}]}},"_links":{"self":[{"href":"https:\/\/metaltale.com\/et\/wp-json\/wp\/v2\/product\/138868","targetHints":{"allow":["GET"]}}],"collection":[{"href":"https:\/\/metaltale.com\/et\/wp-json\/wp\/v2\/product"}],"about":[{"href":"https:\/\/metaltale.com\/et\/wp-json\/wp\/v2\/types\/product"}],"replies":[{"embeddable":true,"href":"https:\/\/metaltale.com\/et\/wp-json\/wp\/v2\/comments?post=138868"}],"version-history":[{"count":0,"href":"https:\/\/metaltale.com\/et\/wp-json\/wp\/v2\/product\/138868\/revisions"}],"wp:featuredmedia":[{"embeddable":true,"href":"https:\/\/metaltale.com\/et\/wp-json\/wp\/v2\/media\/131791"}],"wp:attachment":[{"href":"https:\/\/metaltale.com\/et\/wp-json\/wp\/v2\/media?parent=138868"}],"wp:term":[{"taxonomy":"product_brand","embeddable":true,"href":"https:\/\/metaltale.com\/et\/wp-json\/wp\/v2\/product_brand?post=138868"},{"taxonomy":"product_cat","embeddable":true,"href":"https:\/\/metaltale.com\/et\/wp-json\/wp\/v2\/product_cat?post=138868"},{"taxonomy":"product_tag","embeddable":true,"href":"https:\/\/metaltale.com\/et\/wp-json\/wp\/v2\/product_tag?post=138868"}],"curies":[{"name":"wp","href":"https:\/\/api.w.org\/{rel}","templated":true}]}}