{"id":138833,"date":"2024-02-13T13:57:43","date_gmt":"2024-02-13T11:57:43","guid":{"rendered":"https:\/\/metaltale.com\/produktas\/mooblisangad-rustic-kattekihi-paremal-pruun\/"},"modified":"2024-07-31T11:44:15","modified_gmt":"2024-07-31T09:44:15","slug":"mooblisangad-rustic-kattekihi-paremal-pruun","status":"publish","type":"product","link":"https:\/\/metaltale.com\/et\/toode\/mooblisangad-rustic-kattekihi-paremal-pruun\/","title":{"rendered":"M\u00f6\u00f6blisangad RUSTIC, kattekihi paremal, pruun"},"content":{"rendered":"<div class=\"prod_data\">\n<p><strong>Mudel<\/strong> 48079.085D0.27<br \/>\n<strong>EAN.<\/strong>  5905369916571<br \/>\n<strong>Materjal<\/strong> teras<br \/>\n\u00dcldine k\u00f5rgus (cm) 8,5<br \/>\n<strong>\u00dcldine laius (cm)<\/strong> 5<br \/>\n<strong>Parema k\u00fclje laius (cm)<\/strong> 2,5<br \/>\n<strong>Vasaku k\u00fclje laius (cm)<\/strong> 2,6<br \/>\nV\u00e4rv Pruun<\/p>\n<p class=\"western\">Paljud kliendid hindavad meie m\u00f6\u00f6blihingede t\u00f5estatud usaldusv\u00e4\u00e4rsust. N\u00e4idatud <strong>pruun m\u00f6\u00f6blisang<\/strong> on valmistatud kvaliteetsest terasest.<\/p>\n<p class=\"western\">T\u00e4nu oma m\u00f5\u00f5tmetele saab seda kasutada kohvrites ja v\u00e4iksemates m\u00f6\u00f6bliesemetes.<\/p>\n<\/div>\n","protected":false},"excerpt":{"rendered":"<p>Mudel 48079.085D0.27 EAN. 5905369916571 Materjal teras \u00dcldine k\u00f5rgus (cm) 8,5 \u00dcldine laius (cm) 5 Parema k\u00fclje laius (cm) 2,5 Vasaku<\/p>\n","protected":false},"featured_media":83196,"comment_status":"open","ping_status":"closed","template":"","meta":{"_acf_changed":false,"pmpro_default_level":""},"product_brand":[],"product_cat":[24160,24161],"product_tag":[],"class_list":{"0":"post-138833","1":"product","2":"type-product","3":"status-publish","4":"has-post-thumbnail","6":"product_cat-mehed","7":"product_cat-moobli-hinged","8":"pmpro-has-access","10":"first","11":"instock","12":"shipping-taxable","13":"purchasable","14":"product-type-simple"},"acf":[],"yoast_head":"<!-- This site is optimized with the Yoast SEO plugin v24.9 - https:\/\/yoast.com\/wordpress\/plugins\/seo\/ -->\n<title>M\u00f6\u00f6blisangad RUSTIC, kattekihi paremal, pruun - MetalTale.com<\/title>\n<meta name=\"robots\" content=\"index, follow, max-snippet:-1, max-image-preview:large, max-video-preview:-1\" \/>\n<link rel=\"canonical\" href=\"https:\/\/metaltale.com\/et\/toode\/mooblisangad-rustic-kattekihi-paremal-pruun\/\" \/>\n<meta property=\"og:locale\" content=\"et_EE\" \/>\n<meta property=\"og:type\" content=\"article\" \/>\n<meta property=\"og:title\" content=\"M\u00f6\u00f6blisangad RUSTIC, kattekihi paremal, pruun - MetalTale.com\" \/>\n<meta property=\"og:description\" content=\"Mudel 48079.085D0.27 EAN. 5905369916571 Materjal teras \u00dcldine k\u00f5rgus (cm) 8,5 \u00dcldine laius (cm) 5 Parema k\u00fclje laius (cm) 2,5 Vasaku\" \/>\n<meta property=\"og:url\" content=\"https:\/\/metaltale.com\/et\/toode\/mooblisangad-rustic-kattekihi-paremal-pruun\/\" \/>\n<meta property=\"og:site_name\" content=\"MetalTale.com\" \/>\n<meta property=\"article:modified_time\" content=\"2024-07-31T09:44:15+00:00\" \/>\n<meta name=\"twitter:card\" content=\"summary_large_image\" \/>\n<script type=\"application\/ld+json\" class=\"yoast-schema-graph\">{\"@context\":\"https:\/\/schema.org\",\"@graph\":[{\"@type\":\"WebPage\",\"@id\":\"https:\/\/metaltale.com\/et\/toode\/mooblisangad-rustic-kattekihi-paremal-pruun\/\",\"url\":\"https:\/\/metaltale.com\/et\/toode\/mooblisangad-rustic-kattekihi-paremal-pruun\/\",\"name\":\"M\u00f6\u00f6blisangad RUSTIC, kattekihi paremal, pruun - MetalTale.com\",\"isPartOf\":{\"@id\":\"https:\/\/metaltale.com\/et\/#website\"},\"primaryImageOfPage\":{\"@id\":\"https:\/\/metaltale.com\/et\/toode\/mooblisangad-rustic-kattekihi-paremal-pruun\/#primaryimage\"},\"image\":{\"@id\":\"https:\/\/metaltale.com\/et\/toode\/mooblisangad-rustic-kattekihi-paremal-pruun\/#primaryimage\"},\"thumbnailUrl\":\"https:\/\/metaltale.com\/wp-content\/uploads\/2023\/10\/x160arnyrinx117-RUSTIC-PRITAIKYTA-teisx117-scaled.jpg\",\"datePublished\":\"2024-02-13T11:57:43+00:00\",\"dateModified\":\"2024-07-31T09:44:15+00:00\",\"breadcrumb\":{\"@id\":\"https:\/\/metaltale.com\/et\/toode\/mooblisangad-rustic-kattekihi-paremal-pruun\/#breadcrumb\"},\"inLanguage\":\"et\",\"potentialAction\":[{\"@type\":\"ReadAction\",\"target\":[\"https:\/\/metaltale.com\/et\/toode\/mooblisangad-rustic-kattekihi-paremal-pruun\/\"]}]},{\"@type\":\"ImageObject\",\"inLanguage\":\"et\",\"@id\":\"https:\/\/metaltale.com\/et\/toode\/mooblisangad-rustic-kattekihi-paremal-pruun\/#primaryimage\",\"url\":\"https:\/\/metaltale.com\/wp-content\/uploads\/2023\/10\/x160arnyrinx117-RUSTIC-PRITAIKYTA-teisx117-scaled.jpg\",\"contentUrl\":\"https:\/\/metaltale.com\/wp-content\/uploads\/2023\/10\/x160arnyrinx117-RUSTIC-PRITAIKYTA-teisx117-scaled.jpg\",\"width\":2560,\"height\":2560,\"caption\":\"M\u00f6\u00f6blisangad RUSTIC, kattekihi paremal, pruun\"},{\"@type\":\"BreadcrumbList\",\"@id\":\"https:\/\/metaltale.com\/et\/toode\/mooblisangad-rustic-kattekihi-paremal-pruun\/#breadcrumb\",\"itemListElement\":[{\"@type\":\"ListItem\",\"position\":1,\"name\":\"Home\",\"item\":\"https:\/\/metaltale.com\/et\/kodu\/\"},{\"@type\":\"ListItem\",\"position\":2,\"name\":\"Kauplus\",\"item\":\"https:\/\/metaltale.com\/et\/shop\/\"},{\"@type\":\"ListItem\",\"position\":3,\"name\":\"M\u00f6\u00f6blisangad RUSTIC, kattekihi paremal, pruun\"}]},{\"@type\":\"WebSite\",\"@id\":\"https:\/\/metaltale.com\/et\/#website\",\"url\":\"https:\/\/metaltale.com\/et\/\",\"name\":\"Metaltale.com\",\"description\":\"\",\"potentialAction\":[{\"@type\":\"SearchAction\",\"target\":{\"@type\":\"EntryPoint\",\"urlTemplate\":\"https:\/\/metaltale.com\/et\/?s={search_term_string}\"},\"query-input\":{\"@type\":\"PropertyValueSpecification\",\"valueRequired\":true,\"valueName\":\"search_term_string\"}}],\"inLanguage\":\"et\"}]}<\/script>\n<!-- \/ Yoast SEO plugin. -->","yoast_head_json":{"title":"M\u00f6\u00f6blisangad RUSTIC, kattekihi paremal, pruun - MetalTale.com","robots":{"index":"index","follow":"follow","max-snippet":"max-snippet:-1","max-image-preview":"max-image-preview:large","max-video-preview":"max-video-preview:-1"},"canonical":"https:\/\/metaltale.com\/et\/toode\/mooblisangad-rustic-kattekihi-paremal-pruun\/","og_locale":"et_EE","og_type":"article","og_title":"M\u00f6\u00f6blisangad RUSTIC, kattekihi paremal, pruun - MetalTale.com","og_description":"Mudel 48079.085D0.27 EAN. 5905369916571 Materjal teras \u00dcldine k\u00f5rgus (cm) 8,5 \u00dcldine laius (cm) 5 Parema k\u00fclje laius (cm) 2,5 Vasaku","og_url":"https:\/\/metaltale.com\/et\/toode\/mooblisangad-rustic-kattekihi-paremal-pruun\/","og_site_name":"MetalTale.com","article_modified_time":"2024-07-31T09:44:15+00:00","twitter_card":"summary_large_image","schema":{"@context":"https:\/\/schema.org","@graph":[{"@type":"WebPage","@id":"https:\/\/metaltale.com\/et\/toode\/mooblisangad-rustic-kattekihi-paremal-pruun\/","url":"https:\/\/metaltale.com\/et\/toode\/mooblisangad-rustic-kattekihi-paremal-pruun\/","name":"M\u00f6\u00f6blisangad RUSTIC, kattekihi paremal, pruun - MetalTale.com","isPartOf":{"@id":"https:\/\/metaltale.com\/et\/#website"},"primaryImageOfPage":{"@id":"https:\/\/metaltale.com\/et\/toode\/mooblisangad-rustic-kattekihi-paremal-pruun\/#primaryimage"},"image":{"@id":"https:\/\/metaltale.com\/et\/toode\/mooblisangad-rustic-kattekihi-paremal-pruun\/#primaryimage"},"thumbnailUrl":"https:\/\/metaltale.com\/wp-content\/uploads\/2023\/10\/x160arnyrinx117-RUSTIC-PRITAIKYTA-teisx117-scaled.jpg","datePublished":"2024-02-13T11:57:43+00:00","dateModified":"2024-07-31T09:44:15+00:00","breadcrumb":{"@id":"https:\/\/metaltale.com\/et\/toode\/mooblisangad-rustic-kattekihi-paremal-pruun\/#breadcrumb"},"inLanguage":"et","potentialAction":[{"@type":"ReadAction","target":["https:\/\/metaltale.com\/et\/toode\/mooblisangad-rustic-kattekihi-paremal-pruun\/"]}]},{"@type":"ImageObject","inLanguage":"et","@id":"https:\/\/metaltale.com\/et\/toode\/mooblisangad-rustic-kattekihi-paremal-pruun\/#primaryimage","url":"https:\/\/metaltale.com\/wp-content\/uploads\/2023\/10\/x160arnyrinx117-RUSTIC-PRITAIKYTA-teisx117-scaled.jpg","contentUrl":"https:\/\/metaltale.com\/wp-content\/uploads\/2023\/10\/x160arnyrinx117-RUSTIC-PRITAIKYTA-teisx117-scaled.jpg","width":2560,"height":2560,"caption":"M\u00f6\u00f6blisangad RUSTIC, kattekihi paremal, pruun"},{"@type":"BreadcrumbList","@id":"https:\/\/metaltale.com\/et\/toode\/mooblisangad-rustic-kattekihi-paremal-pruun\/#breadcrumb","itemListElement":[{"@type":"ListItem","position":1,"name":"Home","item":"https:\/\/metaltale.com\/et\/kodu\/"},{"@type":"ListItem","position":2,"name":"Kauplus","item":"https:\/\/metaltale.com\/et\/shop\/"},{"@type":"ListItem","position":3,"name":"M\u00f6\u00f6blisangad RUSTIC, kattekihi paremal, pruun"}]},{"@type":"WebSite","@id":"https:\/\/metaltale.com\/et\/#website","url":"https:\/\/metaltale.com\/et\/","name":"Metaltale.com","description":"","potentialAction":[{"@type":"SearchAction","target":{"@type":"EntryPoint","urlTemplate":"https:\/\/metaltale.com\/et\/?s={search_term_string}"},"query-input":{"@type":"PropertyValueSpecification","valueRequired":true,"valueName":"search_term_string"}}],"inLanguage":"et"}]}},"_links":{"self":[{"href":"https:\/\/metaltale.com\/et\/wp-json\/wp\/v2\/product\/138833","targetHints":{"allow":["GET"]}}],"collection":[{"href":"https:\/\/metaltale.com\/et\/wp-json\/wp\/v2\/product"}],"about":[{"href":"https:\/\/metaltale.com\/et\/wp-json\/wp\/v2\/types\/product"}],"replies":[{"embeddable":true,"href":"https:\/\/metaltale.com\/et\/wp-json\/wp\/v2\/comments?post=138833"}],"version-history":[{"count":0,"href":"https:\/\/metaltale.com\/et\/wp-json\/wp\/v2\/product\/138833\/revisions"}],"wp:featuredmedia":[{"embeddable":true,"href":"https:\/\/metaltale.com\/et\/wp-json\/wp\/v2\/media\/83196"}],"wp:attachment":[{"href":"https:\/\/metaltale.com\/et\/wp-json\/wp\/v2\/media?parent=138833"}],"wp:term":[{"taxonomy":"product_brand","embeddable":true,"href":"https:\/\/metaltale.com\/et\/wp-json\/wp\/v2\/product_brand?post=138833"},{"taxonomy":"product_cat","embeddable":true,"href":"https:\/\/metaltale.com\/et\/wp-json\/wp\/v2\/product_cat?post=138833"},{"taxonomy":"product_tag","embeddable":true,"href":"https:\/\/metaltale.com\/et\/wp-json\/wp\/v2\/product_tag?post=138833"}],"curies":[{"name":"wp","href":"https:\/\/api.w.org\/{rel}","templated":true}]}}