{"id":138818,"date":"2024-02-13T14:03:04","date_gmt":"2024-02-13T12:03:04","guid":{"rendered":"https:\/\/metaltale.com\/produktas\/roivakeel-triple-125-mm-must\/"},"modified":"2026-04-30T12:19:50","modified_gmt":"2026-04-30T10:19:50","slug":"roivakeel-triple-125-mm-must","status":"publish","type":"product","link":"https:\/\/metaltale.com\/et\/toode\/roivakeel-triple-125-mm-must\/","title":{"rendered":"R\u00f5ivakeel TRIPLE 125 mm, must"},"content":{"rendered":"<div class=\"prod_data\">\n<p><strong>Mudel<\/strong> 49.336T. XX<br \/>\nMaterjal Ketus<br \/>\n<strong>\u00dcldine k\u00f5rgus (cm)<\/strong> 12,5<br \/>\n<strong>Koguprojektsioon (cm)<\/strong> 8,5<br \/>\n<strong>Aluse m\u00f5\u00f5tmed (cm<\/strong> ) 3 x 3,6<br \/>\n<strong>Liik<\/strong> Triple<br \/>\nPaigalduskruvid Jah<br \/>\n<strong>V\u00e4rv<\/strong> Must<br \/>\nKogus komplekti kohta 1 tk.<\/p>\n<p>Lihtsad lahendused ja l\u00e4bim\u00f5eldud mustrid on \u00fcks teguritest, mis on <strong>maal\u00e4hedaste m\u00f6\u00f6blitarvikute<\/strong> taga. Retro aksessuaarid lisavad sisustatud ruumidesse palju soojust ja praktilisust.<\/p>\n<p><strong>Kolmekordne riputuskonks<\/strong> on valatud malmist, mis on v\u00e4ga funktsionaalne t\u00e4iendus rustikaalsele interj\u00f6\u00f6rile. Lamedale alusele paigaldatud lihtne mudel pakub laias valikus rakendusi. Kahte sarnase pikkusega k\u00e4tt rikastas kolmas ripats, mis ulatub \u00fcle terviku.<\/p>\n<p>Kolm kinnitusauku ja kruvid kaasas.<\/p>\n<\/div>\n","protected":false},"excerpt":{"rendered":"<p>Mudel 49.336T. XX Materjal Ketus \u00dcldine k\u00f5rgus (cm) 12,5 Koguprojektsioon (cm) 8,5 Aluse m\u00f5\u00f5tmed (cm ) 3 x 3,6 Liik<\/p>\n","protected":false},"featured_media":129884,"comment_status":"open","ping_status":"closed","template":"","meta":{"_acf_changed":false,"pmpro_default_level":""},"product_brand":[],"product_cat":[24176,23836],"product_tag":[],"class_list":{"0":"post-138818","1":"product","2":"type-product","3":"status-publish","4":"has-post-thumbnail","6":"product_cat-ripatsid-ja-konksud","7":"product_cat-moobli-tarvikud","8":"pmpro-has-access","10":"first","11":"instock","12":"shipping-taxable","13":"purchasable","14":"product-type-simple"},"acf":[],"yoast_head":"<!-- This site is optimized with the Yoast SEO plugin v24.9 - https:\/\/yoast.com\/wordpress\/plugins\/seo\/ -->\n<title>R\u00f5ivakeel TRIPLE 125 mm, must - MetalTale.com<\/title>\n<meta name=\"robots\" content=\"index, follow, max-snippet:-1, max-image-preview:large, max-video-preview:-1\" \/>\n<link rel=\"canonical\" href=\"https:\/\/metaltale.com\/et\/toode\/roivakeel-triple-125-mm-must\/\" \/>\n<meta property=\"og:locale\" content=\"et_EE\" \/>\n<meta property=\"og:type\" content=\"article\" \/>\n<meta property=\"og:title\" content=\"R\u00f5ivakeel TRIPLE 125 mm, must - MetalTale.com\" \/>\n<meta property=\"og:description\" content=\"Mudel 49.336T. XX Materjal Ketus \u00dcldine k\u00f5rgus (cm) 12,5 Koguprojektsioon (cm) 8,5 Aluse m\u00f5\u00f5tmed (cm ) 3 x 3,6 Liik\" \/>\n<meta property=\"og:url\" content=\"https:\/\/metaltale.com\/et\/toode\/roivakeel-triple-125-mm-must\/\" \/>\n<meta property=\"og:site_name\" content=\"MetalTale.com\" \/>\n<meta property=\"article:modified_time\" content=\"2026-04-30T10:19:50+00:00\" \/>\n<meta name=\"twitter:card\" content=\"summary_large_image\" \/>\n<script type=\"application\/ld+json\" class=\"yoast-schema-graph\">{\"@context\":\"https:\/\/schema.org\",\"@graph\":[{\"@type\":\"WebPage\",\"@id\":\"https:\/\/metaltale.com\/et\/toode\/roivakeel-triple-125-mm-must\/\",\"url\":\"https:\/\/metaltale.com\/et\/toode\/roivakeel-triple-125-mm-must\/\",\"name\":\"R\u00f5ivakeel TRIPLE 125 mm, must - MetalTale.com\",\"isPartOf\":{\"@id\":\"https:\/\/metaltale.com\/et\/#website\"},\"primaryImageOfPage\":{\"@id\":\"https:\/\/metaltale.com\/et\/toode\/roivakeel-triple-125-mm-must\/#primaryimage\"},\"image\":{\"@id\":\"https:\/\/metaltale.com\/et\/toode\/roivakeel-triple-125-mm-must\/#primaryimage\"},\"thumbnailUrl\":\"https:\/\/metaltale.com\/wp-content\/uploads\/2024\/01\/kalbiukas-rubams.jpg\",\"datePublished\":\"2024-02-13T12:03:04+00:00\",\"dateModified\":\"2026-04-30T10:19:50+00:00\",\"breadcrumb\":{\"@id\":\"https:\/\/metaltale.com\/et\/toode\/roivakeel-triple-125-mm-must\/#breadcrumb\"},\"inLanguage\":\"et\",\"potentialAction\":[{\"@type\":\"ReadAction\",\"target\":[\"https:\/\/metaltale.com\/et\/toode\/roivakeel-triple-125-mm-must\/\"]}]},{\"@type\":\"ImageObject\",\"inLanguage\":\"et\",\"@id\":\"https:\/\/metaltale.com\/et\/toode\/roivakeel-triple-125-mm-must\/#primaryimage\",\"url\":\"https:\/\/metaltale.com\/wp-content\/uploads\/2024\/01\/kalbiukas-rubams.jpg\",\"contentUrl\":\"https:\/\/metaltale.com\/wp-content\/uploads\/2024\/01\/kalbiukas-rubams.jpg\",\"width\":800,\"height\":800,\"caption\":\"V\u00e4ike keel riiete jaoks\"},{\"@type\":\"BreadcrumbList\",\"@id\":\"https:\/\/metaltale.com\/et\/toode\/roivakeel-triple-125-mm-must\/#breadcrumb\",\"itemListElement\":[{\"@type\":\"ListItem\",\"position\":1,\"name\":\"Home\",\"item\":\"https:\/\/metaltale.com\/et\/kodu\/\"},{\"@type\":\"ListItem\",\"position\":2,\"name\":\"Kauplus\",\"item\":\"https:\/\/metaltale.com\/et\/shop\/\"},{\"@type\":\"ListItem\",\"position\":3,\"name\":\"R\u00f5ivakeel TRIPLE 125 mm, must\"}]},{\"@type\":\"WebSite\",\"@id\":\"https:\/\/metaltale.com\/et\/#website\",\"url\":\"https:\/\/metaltale.com\/et\/\",\"name\":\"Metaltale.com\",\"description\":\"\",\"potentialAction\":[{\"@type\":\"SearchAction\",\"target\":{\"@type\":\"EntryPoint\",\"urlTemplate\":\"https:\/\/metaltale.com\/et\/?s={search_term_string}\"},\"query-input\":{\"@type\":\"PropertyValueSpecification\",\"valueRequired\":true,\"valueName\":\"search_term_string\"}}],\"inLanguage\":\"et\"}]}<\/script>\n<!-- \/ Yoast SEO plugin. -->","yoast_head_json":{"title":"R\u00f5ivakeel TRIPLE 125 mm, must - MetalTale.com","robots":{"index":"index","follow":"follow","max-snippet":"max-snippet:-1","max-image-preview":"max-image-preview:large","max-video-preview":"max-video-preview:-1"},"canonical":"https:\/\/metaltale.com\/et\/toode\/roivakeel-triple-125-mm-must\/","og_locale":"et_EE","og_type":"article","og_title":"R\u00f5ivakeel TRIPLE 125 mm, must - MetalTale.com","og_description":"Mudel 49.336T. XX Materjal Ketus \u00dcldine k\u00f5rgus (cm) 12,5 Koguprojektsioon (cm) 8,5 Aluse m\u00f5\u00f5tmed (cm ) 3 x 3,6 Liik","og_url":"https:\/\/metaltale.com\/et\/toode\/roivakeel-triple-125-mm-must\/","og_site_name":"MetalTale.com","article_modified_time":"2026-04-30T10:19:50+00:00","twitter_card":"summary_large_image","schema":{"@context":"https:\/\/schema.org","@graph":[{"@type":"WebPage","@id":"https:\/\/metaltale.com\/et\/toode\/roivakeel-triple-125-mm-must\/","url":"https:\/\/metaltale.com\/et\/toode\/roivakeel-triple-125-mm-must\/","name":"R\u00f5ivakeel TRIPLE 125 mm, must - MetalTale.com","isPartOf":{"@id":"https:\/\/metaltale.com\/et\/#website"},"primaryImageOfPage":{"@id":"https:\/\/metaltale.com\/et\/toode\/roivakeel-triple-125-mm-must\/#primaryimage"},"image":{"@id":"https:\/\/metaltale.com\/et\/toode\/roivakeel-triple-125-mm-must\/#primaryimage"},"thumbnailUrl":"https:\/\/metaltale.com\/wp-content\/uploads\/2024\/01\/kalbiukas-rubams.jpg","datePublished":"2024-02-13T12:03:04+00:00","dateModified":"2026-04-30T10:19:50+00:00","breadcrumb":{"@id":"https:\/\/metaltale.com\/et\/toode\/roivakeel-triple-125-mm-must\/#breadcrumb"},"inLanguage":"et","potentialAction":[{"@type":"ReadAction","target":["https:\/\/metaltale.com\/et\/toode\/roivakeel-triple-125-mm-must\/"]}]},{"@type":"ImageObject","inLanguage":"et","@id":"https:\/\/metaltale.com\/et\/toode\/roivakeel-triple-125-mm-must\/#primaryimage","url":"https:\/\/metaltale.com\/wp-content\/uploads\/2024\/01\/kalbiukas-rubams.jpg","contentUrl":"https:\/\/metaltale.com\/wp-content\/uploads\/2024\/01\/kalbiukas-rubams.jpg","width":800,"height":800,"caption":"V\u00e4ike keel riiete jaoks"},{"@type":"BreadcrumbList","@id":"https:\/\/metaltale.com\/et\/toode\/roivakeel-triple-125-mm-must\/#breadcrumb","itemListElement":[{"@type":"ListItem","position":1,"name":"Home","item":"https:\/\/metaltale.com\/et\/kodu\/"},{"@type":"ListItem","position":2,"name":"Kauplus","item":"https:\/\/metaltale.com\/et\/shop\/"},{"@type":"ListItem","position":3,"name":"R\u00f5ivakeel TRIPLE 125 mm, must"}]},{"@type":"WebSite","@id":"https:\/\/metaltale.com\/et\/#website","url":"https:\/\/metaltale.com\/et\/","name":"Metaltale.com","description":"","potentialAction":[{"@type":"SearchAction","target":{"@type":"EntryPoint","urlTemplate":"https:\/\/metaltale.com\/et\/?s={search_term_string}"},"query-input":{"@type":"PropertyValueSpecification","valueRequired":true,"valueName":"search_term_string"}}],"inLanguage":"et"}]}},"_links":{"self":[{"href":"https:\/\/metaltale.com\/et\/wp-json\/wp\/v2\/product\/138818","targetHints":{"allow":["GET"]}}],"collection":[{"href":"https:\/\/metaltale.com\/et\/wp-json\/wp\/v2\/product"}],"about":[{"href":"https:\/\/metaltale.com\/et\/wp-json\/wp\/v2\/types\/product"}],"replies":[{"embeddable":true,"href":"https:\/\/metaltale.com\/et\/wp-json\/wp\/v2\/comments?post=138818"}],"version-history":[{"count":0,"href":"https:\/\/metaltale.com\/et\/wp-json\/wp\/v2\/product\/138818\/revisions"}],"wp:featuredmedia":[{"embeddable":true,"href":"https:\/\/metaltale.com\/et\/wp-json\/wp\/v2\/media\/129884"}],"wp:attachment":[{"href":"https:\/\/metaltale.com\/et\/wp-json\/wp\/v2\/media?parent=138818"}],"wp:term":[{"taxonomy":"product_brand","embeddable":true,"href":"https:\/\/metaltale.com\/et\/wp-json\/wp\/v2\/product_brand?post=138818"},{"taxonomy":"product_cat","embeddable":true,"href":"https:\/\/metaltale.com\/et\/wp-json\/wp\/v2\/product_cat?post=138818"},{"taxonomy":"product_tag","embeddable":true,"href":"https:\/\/metaltale.com\/et\/wp-json\/wp\/v2\/product_tag?post=138818"}],"curies":[{"name":"wp","href":"https:\/\/api.w.org\/{rel}","templated":true}]}}