{"id":138813,"date":"2024-02-13T14:03:04","date_gmt":"2024-02-13T12:03:04","guid":{"rendered":"https:\/\/metaltale.com\/produktas\/roivakonks-double-quatro-120-mm\/"},"modified":"2024-02-13T14:03:04","modified_gmt":"2024-02-13T12:03:04","slug":"roivakonks-double-quatro-120-mm","status":"publish","type":"product","link":"https:\/\/metaltale.com\/et\/toode\/roivakonks-double-quatro-120-mm\/","title":{"rendered":"R\u00f5ivakonks DOUBLE QUATRO 120 mm"},"content":{"rendered":"<div class=\"prod_data\">\n<p><strong>Mudel<\/strong> 49.336F. Osa ABW.125XX<br \/>\nMaterjal Ketus<br \/>\n<strong>\u00dcldine k\u00f5rgus (cm)<\/strong> 12<br \/>\n<strong>Koguprojektsioon (cm)<\/strong> 8,2<br \/>\n<strong>Aluse m\u00f5\u00f5tmed (cm<\/strong> ) 4 x 5.4<br \/>\n<strong>Liik<\/strong> Double<br \/>\n<strong>V\u00e4rv<\/strong> teras<\/p>\n<p><strong>Retrostiilis aksessuaarid<\/strong> pakuvad l\u00f5putut huvi. V\u00e4ga huvitav ja ebatavaline viis selle stiili toomiseks paljudesse interj\u00f6\u00f6ridesse on valida \u00f5iged aksessuaarid ja tarvikud.<\/p>\n<p>Meie poes olevad riputuskonksud on \u00fcks selle kategooria funktsionaalseid ja originaalseid lahendusi. Kavandatav konks, mis p\u00f5hineb klassikalisel mudelil, on v\u00e4ga populaarne alternatiiv suurtele vormidele, eriti v\u00e4iksemates ruumides, kus v\u00e4ljat\u00f6\u00f6tatud pindade ergonoomilisus on oluline.<\/p>\n<p>Neli kinnitusauku ja kruvid kaasas.<\/p>\n<\/div>\n","protected":false},"excerpt":{"rendered":"<p>Mudel 49.336F. Osa ABW.125XX Materjal Ketus \u00dcldine k\u00f5rgus (cm) 12 Koguprojektsioon (cm) 8,2 Aluse m\u00f5\u00f5tmed (cm ) 4 x 5.4<\/p>\n","protected":false},"featured_media":84747,"comment_status":"open","ping_status":"closed","template":"","meta":{"_acf_changed":false,"pmpro_default_level":""},"product_brand":[],"product_cat":[24176,23836],"product_tag":[],"class_list":{"0":"post-138813","1":"product","2":"type-product","3":"status-publish","4":"has-post-thumbnail","6":"product_cat-ripatsid-ja-konksud","7":"product_cat-moobli-tarvikud","8":"pmpro-has-access","10":"first","11":"instock","12":"shipping-taxable","13":"purchasable","14":"product-type-simple"},"acf":[],"yoast_head":"<!-- This site is optimized with the Yoast SEO plugin v24.9 - https:\/\/yoast.com\/wordpress\/plugins\/seo\/ -->\n<title>R\u00f5ivakonks DOUBLE QUATRO 120 mm - MetalTale.com<\/title>\n<meta name=\"robots\" content=\"index, follow, max-snippet:-1, max-image-preview:large, max-video-preview:-1\" \/>\n<link rel=\"canonical\" href=\"https:\/\/metaltale.com\/et\/toode\/roivakonks-double-quatro-120-mm\/\" \/>\n<meta property=\"og:locale\" content=\"et_EE\" \/>\n<meta property=\"og:type\" content=\"article\" \/>\n<meta property=\"og:title\" content=\"R\u00f5ivakonks DOUBLE QUATRO 120 mm - MetalTale.com\" \/>\n<meta property=\"og:description\" content=\"Mudel 49.336F. Osa ABW.125XX Materjal Ketus \u00dcldine k\u00f5rgus (cm) 12 Koguprojektsioon (cm) 8,2 Aluse m\u00f5\u00f5tmed (cm ) 4 x 5.4\" \/>\n<meta property=\"og:url\" content=\"https:\/\/metaltale.com\/et\/toode\/roivakonks-double-quatro-120-mm\/\" \/>\n<meta property=\"og:site_name\" content=\"MetalTale.com\" \/>\n<meta name=\"twitter:card\" content=\"summary_large_image\" \/>\n<script type=\"application\/ld+json\" class=\"yoast-schema-graph\">{\"@context\":\"https:\/\/schema.org\",\"@graph\":[{\"@type\":\"WebPage\",\"@id\":\"https:\/\/metaltale.com\/et\/toode\/roivakonks-double-quatro-120-mm\/\",\"url\":\"https:\/\/metaltale.com\/et\/toode\/roivakonks-double-quatro-120-mm\/\",\"name\":\"R\u00f5ivakonks DOUBLE QUATRO 120 mm - MetalTale.com\",\"isPartOf\":{\"@id\":\"https:\/\/metaltale.com\/et\/#website\"},\"primaryImageOfPage\":{\"@id\":\"https:\/\/metaltale.com\/et\/toode\/roivakonks-double-quatro-120-mm\/#primaryimage\"},\"image\":{\"@id\":\"https:\/\/metaltale.com\/et\/toode\/roivakonks-double-quatro-120-mm\/#primaryimage\"},\"thumbnailUrl\":\"https:\/\/metaltale.com\/wp-content\/uploads\/2023\/10\/Kablys-DOUBLE-QUATRO-120-plienas.jpg\",\"datePublished\":\"2024-02-13T12:03:04+00:00\",\"breadcrumb\":{\"@id\":\"https:\/\/metaltale.com\/et\/toode\/roivakonks-double-quatro-120-mm\/#breadcrumb\"},\"inLanguage\":\"et\",\"potentialAction\":[{\"@type\":\"ReadAction\",\"target\":[\"https:\/\/metaltale.com\/et\/toode\/roivakonks-double-quatro-120-mm\/\"]}]},{\"@type\":\"ImageObject\",\"inLanguage\":\"et\",\"@id\":\"https:\/\/metaltale.com\/et\/toode\/roivakonks-double-quatro-120-mm\/#primaryimage\",\"url\":\"https:\/\/metaltale.com\/wp-content\/uploads\/2023\/10\/Kablys-DOUBLE-QUATRO-120-plienas.jpg\",\"contentUrl\":\"https:\/\/metaltale.com\/wp-content\/uploads\/2023\/10\/Kablys-DOUBLE-QUATRO-120-plienas.jpg\",\"width\":800,\"height\":800,\"caption\":\"R\u00f5ivakonks DOUBLE QUATRO 120 mm\"},{\"@type\":\"BreadcrumbList\",\"@id\":\"https:\/\/metaltale.com\/et\/toode\/roivakonks-double-quatro-120-mm\/#breadcrumb\",\"itemListElement\":[{\"@type\":\"ListItem\",\"position\":1,\"name\":\"Home\",\"item\":\"https:\/\/metaltale.com\/et\/kodu\/\"},{\"@type\":\"ListItem\",\"position\":2,\"name\":\"Kauplus\",\"item\":\"https:\/\/metaltale.com\/et\/shop\/\"},{\"@type\":\"ListItem\",\"position\":3,\"name\":\"R\u00f5ivakonks DOUBLE QUATRO 120 mm\"}]},{\"@type\":\"WebSite\",\"@id\":\"https:\/\/metaltale.com\/et\/#website\",\"url\":\"https:\/\/metaltale.com\/et\/\",\"name\":\"Metaltale.com\",\"description\":\"\",\"potentialAction\":[{\"@type\":\"SearchAction\",\"target\":{\"@type\":\"EntryPoint\",\"urlTemplate\":\"https:\/\/metaltale.com\/et\/?s={search_term_string}\"},\"query-input\":{\"@type\":\"PropertyValueSpecification\",\"valueRequired\":true,\"valueName\":\"search_term_string\"}}],\"inLanguage\":\"et\"}]}<\/script>\n<!-- \/ Yoast SEO plugin. -->","yoast_head_json":{"title":"R\u00f5ivakonks DOUBLE QUATRO 120 mm - MetalTale.com","robots":{"index":"index","follow":"follow","max-snippet":"max-snippet:-1","max-image-preview":"max-image-preview:large","max-video-preview":"max-video-preview:-1"},"canonical":"https:\/\/metaltale.com\/et\/toode\/roivakonks-double-quatro-120-mm\/","og_locale":"et_EE","og_type":"article","og_title":"R\u00f5ivakonks DOUBLE QUATRO 120 mm - MetalTale.com","og_description":"Mudel 49.336F. Osa ABW.125XX Materjal Ketus \u00dcldine k\u00f5rgus (cm) 12 Koguprojektsioon (cm) 8,2 Aluse m\u00f5\u00f5tmed (cm ) 4 x 5.4","og_url":"https:\/\/metaltale.com\/et\/toode\/roivakonks-double-quatro-120-mm\/","og_site_name":"MetalTale.com","twitter_card":"summary_large_image","schema":{"@context":"https:\/\/schema.org","@graph":[{"@type":"WebPage","@id":"https:\/\/metaltale.com\/et\/toode\/roivakonks-double-quatro-120-mm\/","url":"https:\/\/metaltale.com\/et\/toode\/roivakonks-double-quatro-120-mm\/","name":"R\u00f5ivakonks DOUBLE QUATRO 120 mm - MetalTale.com","isPartOf":{"@id":"https:\/\/metaltale.com\/et\/#website"},"primaryImageOfPage":{"@id":"https:\/\/metaltale.com\/et\/toode\/roivakonks-double-quatro-120-mm\/#primaryimage"},"image":{"@id":"https:\/\/metaltale.com\/et\/toode\/roivakonks-double-quatro-120-mm\/#primaryimage"},"thumbnailUrl":"https:\/\/metaltale.com\/wp-content\/uploads\/2023\/10\/Kablys-DOUBLE-QUATRO-120-plienas.jpg","datePublished":"2024-02-13T12:03:04+00:00","breadcrumb":{"@id":"https:\/\/metaltale.com\/et\/toode\/roivakonks-double-quatro-120-mm\/#breadcrumb"},"inLanguage":"et","potentialAction":[{"@type":"ReadAction","target":["https:\/\/metaltale.com\/et\/toode\/roivakonks-double-quatro-120-mm\/"]}]},{"@type":"ImageObject","inLanguage":"et","@id":"https:\/\/metaltale.com\/et\/toode\/roivakonks-double-quatro-120-mm\/#primaryimage","url":"https:\/\/metaltale.com\/wp-content\/uploads\/2023\/10\/Kablys-DOUBLE-QUATRO-120-plienas.jpg","contentUrl":"https:\/\/metaltale.com\/wp-content\/uploads\/2023\/10\/Kablys-DOUBLE-QUATRO-120-plienas.jpg","width":800,"height":800,"caption":"R\u00f5ivakonks DOUBLE QUATRO 120 mm"},{"@type":"BreadcrumbList","@id":"https:\/\/metaltale.com\/et\/toode\/roivakonks-double-quatro-120-mm\/#breadcrumb","itemListElement":[{"@type":"ListItem","position":1,"name":"Home","item":"https:\/\/metaltale.com\/et\/kodu\/"},{"@type":"ListItem","position":2,"name":"Kauplus","item":"https:\/\/metaltale.com\/et\/shop\/"},{"@type":"ListItem","position":3,"name":"R\u00f5ivakonks DOUBLE QUATRO 120 mm"}]},{"@type":"WebSite","@id":"https:\/\/metaltale.com\/et\/#website","url":"https:\/\/metaltale.com\/et\/","name":"Metaltale.com","description":"","potentialAction":[{"@type":"SearchAction","target":{"@type":"EntryPoint","urlTemplate":"https:\/\/metaltale.com\/et\/?s={search_term_string}"},"query-input":{"@type":"PropertyValueSpecification","valueRequired":true,"valueName":"search_term_string"}}],"inLanguage":"et"}]}},"_links":{"self":[{"href":"https:\/\/metaltale.com\/et\/wp-json\/wp\/v2\/product\/138813","targetHints":{"allow":["GET"]}}],"collection":[{"href":"https:\/\/metaltale.com\/et\/wp-json\/wp\/v2\/product"}],"about":[{"href":"https:\/\/metaltale.com\/et\/wp-json\/wp\/v2\/types\/product"}],"replies":[{"embeddable":true,"href":"https:\/\/metaltale.com\/et\/wp-json\/wp\/v2\/comments?post=138813"}],"version-history":[{"count":0,"href":"https:\/\/metaltale.com\/et\/wp-json\/wp\/v2\/product\/138813\/revisions"}],"wp:featuredmedia":[{"embeddable":true,"href":"https:\/\/metaltale.com\/et\/wp-json\/wp\/v2\/media\/84747"}],"wp:attachment":[{"href":"https:\/\/metaltale.com\/et\/wp-json\/wp\/v2\/media?parent=138813"}],"wp:term":[{"taxonomy":"product_brand","embeddable":true,"href":"https:\/\/metaltale.com\/et\/wp-json\/wp\/v2\/product_brand?post=138813"},{"taxonomy":"product_cat","embeddable":true,"href":"https:\/\/metaltale.com\/et\/wp-json\/wp\/v2\/product_cat?post=138813"},{"taxonomy":"product_tag","embeddable":true,"href":"https:\/\/metaltale.com\/et\/wp-json\/wp\/v2\/product_tag?post=138813"}],"curies":[{"name":"wp","href":"https:\/\/api.w.org\/{rel}","templated":true}]}}