{"id":138804,"date":"2024-02-13T14:01:42","date_gmt":"2024-02-13T12:01:42","guid":{"rendered":"https:\/\/metaltale.com\/produktas\/riiulihoidja-evora-150x125mm-black\/"},"modified":"2024-02-13T14:01:42","modified_gmt":"2024-02-13T12:01:42","slug":"riiulihoidja-evora-150x125mm-black","status":"publish","type":"product","link":"https:\/\/metaltale.com\/et\/toode\/riiulihoidja-evora-150x125mm-black\/","title":{"rendered":"Riiulihoidja EVORA 150x125mm BLACK"},"content":{"rendered":"<div class=\"prod_data\">\n<p><strong>Mudel<\/strong> AG.12353<br \/>\n<strong>Materjal<\/strong> teras<br \/>\n<strong>\u00dcldine k\u00f5rgus (cm)<\/strong> 12,5<br \/>\n<strong>\u00dcldine laius (cm)<\/strong> 2<br \/>\nKoguprojektsioon (cm) 15<br \/>\nPaigalduskruvid Jah<br \/>\nV\u00e4rv Must<br \/>\n<strong>Viimistlus<\/strong> Lakitud<br \/>\n<strong>Pinna t\u00fc\u00fcp<\/strong> Silea<br \/>\nKogus komplekti kohta 1 tk.<\/p>\n<div>\n<div>\n<p><span style=\"color: #333333; font-size: medium;\">&#8211; hoidja on valmistatud kvaliteetsest terasest<br \/>\n&#8211; lakkimine v\u00f5imaldab toodet kasutada nii sise- kui ka v\u00e4listingimustes<br \/>\n&#8211; erinevad m\u00f5\u00f5tmed v\u00f5imaldavad valmistada riiulit teie soovitud m\u00f5\u00f5tmetega.<br \/>\n&#8211; Osade n\u00f5uetekohane viimistlemine tagab ohutu kokkupaneku ja kasutamise<br \/>\n&#8211; toode on t\u00e4iesti sile t\u00e4nu professionaalsele lakkimismeetodile<br \/>\n&#8211; v\u00f5imalus valmistada riiul erinevatest paksustest laudadest\/plankudest<br \/>\n&#8211; toote kuju v\u00f5imaldab paigaldamist mis tahes hoidiku varre<\/span><\/p>\n<hr>\n<p>&nbsp;<\/p>\n<\/div>\n<div>\n<p><span style=\"color: #333333; font-size: medium;\">VALENCIA klamber v\u00f5imaldab teil valmistada riiuli, mis kaunistab teie maja, korterit, samuti verandat v\u00f5i lehtlaid. Sellest hoidjast valmistatud riiul on ideaalne t\u00e4iendus igat t\u00fc\u00fcpi interj\u00f6\u00f6rile. Kanduri must v\u00e4rvus ja \u00f5laliigese peen keerdumine on t\u00e4iuslik alus Provence&#8217;i riiulile.<\/span><\/p>\n<hr>\n<p>&nbsp;<\/p>\n<\/div>\n<\/div>\n<div style=\"text-align: center;\"><\/div>\n<\/div>\n","protected":false},"excerpt":{"rendered":"<p>Mudel AG.12353 Materjal teras \u00dcldine k\u00f5rgus (cm) 12,5 \u00dcldine laius (cm) 2 Koguprojektsioon (cm) 15 Paigalduskruvid Jah V\u00e4rv Must Viimistlus<\/p>\n","protected":false},"featured_media":113400,"comment_status":"open","ping_status":"closed","template":"","meta":{"_acf_changed":false,"pmpro_default_level":""},"product_brand":[],"product_cat":[23859,23836],"product_tag":[],"class_list":{"0":"post-138804","1":"product","2":"type-product","3":"status-publish","4":"has-post-thumbnail","6":"product_cat-lentynu-laikikliai-et","7":"product_cat-moobli-tarvikud","8":"pmpro-has-access","10":"first","11":"instock","12":"shipping-taxable","13":"purchasable","14":"product-type-simple"},"acf":[],"yoast_head":"<!-- This site is optimized with the Yoast SEO plugin v24.9 - https:\/\/yoast.com\/wordpress\/plugins\/seo\/ -->\n<title>Riiulihoidja EVORA 150x125mm BLACK - MetalTale.com<\/title>\n<meta name=\"robots\" content=\"index, follow, max-snippet:-1, max-image-preview:large, max-video-preview:-1\" \/>\n<link rel=\"canonical\" href=\"https:\/\/metaltale.com\/et\/toode\/riiulihoidja-evora-150x125mm-black\/\" \/>\n<meta property=\"og:locale\" content=\"et_EE\" \/>\n<meta property=\"og:type\" content=\"article\" \/>\n<meta property=\"og:title\" content=\"Riiulihoidja EVORA 150x125mm BLACK - MetalTale.com\" \/>\n<meta property=\"og:description\" content=\"Mudel AG.12353 Materjal teras \u00dcldine k\u00f5rgus (cm) 12,5 \u00dcldine laius (cm) 2 Koguprojektsioon (cm) 15 Paigalduskruvid Jah V\u00e4rv Must Viimistlus\" \/>\n<meta property=\"og:url\" content=\"https:\/\/metaltale.com\/et\/toode\/riiulihoidja-evora-150x125mm-black\/\" \/>\n<meta property=\"og:site_name\" content=\"MetalTale.com\" \/>\n<meta property=\"og:image\" content=\"https:\/\/metaltale.com\/wp-content\/uploads\/2023\/11\/EVORA-laikiklis-150x125-Juoda.jpg\" \/>\n\t<meta property=\"og:image:width\" content=\"800\" \/>\n\t<meta property=\"og:image:height\" content=\"800\" \/>\n\t<meta property=\"og:image:type\" content=\"image\/jpeg\" \/>\n<meta name=\"twitter:card\" content=\"summary_large_image\" \/>\n<meta name=\"twitter:label1\" content=\"Est. reading time\" \/>\n\t<meta name=\"twitter:data1\" content=\"1 minut\" \/>\n<script type=\"application\/ld+json\" class=\"yoast-schema-graph\">{\"@context\":\"https:\/\/schema.org\",\"@graph\":[{\"@type\":\"WebPage\",\"@id\":\"https:\/\/metaltale.com\/et\/toode\/riiulihoidja-evora-150x125mm-black\/\",\"url\":\"https:\/\/metaltale.com\/et\/toode\/riiulihoidja-evora-150x125mm-black\/\",\"name\":\"Riiulihoidja EVORA 150x125mm BLACK - MetalTale.com\",\"isPartOf\":{\"@id\":\"https:\/\/metaltale.com\/et\/#website\"},\"primaryImageOfPage\":{\"@id\":\"https:\/\/metaltale.com\/et\/toode\/riiulihoidja-evora-150x125mm-black\/#primaryimage\"},\"image\":{\"@id\":\"https:\/\/metaltale.com\/et\/toode\/riiulihoidja-evora-150x125mm-black\/#primaryimage\"},\"thumbnailUrl\":\"https:\/\/metaltale.com\/wp-content\/uploads\/2023\/11\/EVORA-laikiklis-150x125-Juoda.jpg\",\"datePublished\":\"2024-02-13T12:01:42+00:00\",\"breadcrumb\":{\"@id\":\"https:\/\/metaltale.com\/et\/toode\/riiulihoidja-evora-150x125mm-black\/#breadcrumb\"},\"inLanguage\":\"et\",\"potentialAction\":[{\"@type\":\"ReadAction\",\"target\":[\"https:\/\/metaltale.com\/et\/toode\/riiulihoidja-evora-150x125mm-black\/\"]}]},{\"@type\":\"ImageObject\",\"inLanguage\":\"et\",\"@id\":\"https:\/\/metaltale.com\/et\/toode\/riiulihoidja-evora-150x125mm-black\/#primaryimage\",\"url\":\"https:\/\/metaltale.com\/wp-content\/uploads\/2023\/11\/EVORA-laikiklis-150x125-Juoda.jpg\",\"contentUrl\":\"https:\/\/metaltale.com\/wp-content\/uploads\/2023\/11\/EVORA-laikiklis-150x125-Juoda.jpg\",\"width\":800,\"height\":800,\"caption\":\"Riiulite klambrid\"},{\"@type\":\"BreadcrumbList\",\"@id\":\"https:\/\/metaltale.com\/et\/toode\/riiulihoidja-evora-150x125mm-black\/#breadcrumb\",\"itemListElement\":[{\"@type\":\"ListItem\",\"position\":1,\"name\":\"Home\",\"item\":\"https:\/\/metaltale.com\/et\/kodu\/\"},{\"@type\":\"ListItem\",\"position\":2,\"name\":\"Kauplus\",\"item\":\"https:\/\/metaltale.com\/et\/shop\/\"},{\"@type\":\"ListItem\",\"position\":3,\"name\":\"Riiulihoidja EVORA 150x125mm BLACK\"}]},{\"@type\":\"WebSite\",\"@id\":\"https:\/\/metaltale.com\/et\/#website\",\"url\":\"https:\/\/metaltale.com\/et\/\",\"name\":\"Metaltale.com\",\"description\":\"\",\"potentialAction\":[{\"@type\":\"SearchAction\",\"target\":{\"@type\":\"EntryPoint\",\"urlTemplate\":\"https:\/\/metaltale.com\/et\/?s={search_term_string}\"},\"query-input\":{\"@type\":\"PropertyValueSpecification\",\"valueRequired\":true,\"valueName\":\"search_term_string\"}}],\"inLanguage\":\"et\"}]}<\/script>\n<!-- \/ Yoast SEO plugin. -->","yoast_head_json":{"title":"Riiulihoidja EVORA 150x125mm BLACK - MetalTale.com","robots":{"index":"index","follow":"follow","max-snippet":"max-snippet:-1","max-image-preview":"max-image-preview:large","max-video-preview":"max-video-preview:-1"},"canonical":"https:\/\/metaltale.com\/et\/toode\/riiulihoidja-evora-150x125mm-black\/","og_locale":"et_EE","og_type":"article","og_title":"Riiulihoidja EVORA 150x125mm BLACK - MetalTale.com","og_description":"Mudel AG.12353 Materjal teras \u00dcldine k\u00f5rgus (cm) 12,5 \u00dcldine laius (cm) 2 Koguprojektsioon (cm) 15 Paigalduskruvid Jah V\u00e4rv Must Viimistlus","og_url":"https:\/\/metaltale.com\/et\/toode\/riiulihoidja-evora-150x125mm-black\/","og_site_name":"MetalTale.com","og_image":[{"width":800,"height":800,"url":"https:\/\/metaltale.com\/wp-content\/uploads\/2023\/11\/EVORA-laikiklis-150x125-Juoda.jpg","type":"image\/jpeg"}],"twitter_card":"summary_large_image","twitter_misc":{"Est. reading time":"1 minut"},"schema":{"@context":"https:\/\/schema.org","@graph":[{"@type":"WebPage","@id":"https:\/\/metaltale.com\/et\/toode\/riiulihoidja-evora-150x125mm-black\/","url":"https:\/\/metaltale.com\/et\/toode\/riiulihoidja-evora-150x125mm-black\/","name":"Riiulihoidja EVORA 150x125mm BLACK - MetalTale.com","isPartOf":{"@id":"https:\/\/metaltale.com\/et\/#website"},"primaryImageOfPage":{"@id":"https:\/\/metaltale.com\/et\/toode\/riiulihoidja-evora-150x125mm-black\/#primaryimage"},"image":{"@id":"https:\/\/metaltale.com\/et\/toode\/riiulihoidja-evora-150x125mm-black\/#primaryimage"},"thumbnailUrl":"https:\/\/metaltale.com\/wp-content\/uploads\/2023\/11\/EVORA-laikiklis-150x125-Juoda.jpg","datePublished":"2024-02-13T12:01:42+00:00","breadcrumb":{"@id":"https:\/\/metaltale.com\/et\/toode\/riiulihoidja-evora-150x125mm-black\/#breadcrumb"},"inLanguage":"et","potentialAction":[{"@type":"ReadAction","target":["https:\/\/metaltale.com\/et\/toode\/riiulihoidja-evora-150x125mm-black\/"]}]},{"@type":"ImageObject","inLanguage":"et","@id":"https:\/\/metaltale.com\/et\/toode\/riiulihoidja-evora-150x125mm-black\/#primaryimage","url":"https:\/\/metaltale.com\/wp-content\/uploads\/2023\/11\/EVORA-laikiklis-150x125-Juoda.jpg","contentUrl":"https:\/\/metaltale.com\/wp-content\/uploads\/2023\/11\/EVORA-laikiklis-150x125-Juoda.jpg","width":800,"height":800,"caption":"Riiulite klambrid"},{"@type":"BreadcrumbList","@id":"https:\/\/metaltale.com\/et\/toode\/riiulihoidja-evora-150x125mm-black\/#breadcrumb","itemListElement":[{"@type":"ListItem","position":1,"name":"Home","item":"https:\/\/metaltale.com\/et\/kodu\/"},{"@type":"ListItem","position":2,"name":"Kauplus","item":"https:\/\/metaltale.com\/et\/shop\/"},{"@type":"ListItem","position":3,"name":"Riiulihoidja EVORA 150x125mm BLACK"}]},{"@type":"WebSite","@id":"https:\/\/metaltale.com\/et\/#website","url":"https:\/\/metaltale.com\/et\/","name":"Metaltale.com","description":"","potentialAction":[{"@type":"SearchAction","target":{"@type":"EntryPoint","urlTemplate":"https:\/\/metaltale.com\/et\/?s={search_term_string}"},"query-input":{"@type":"PropertyValueSpecification","valueRequired":true,"valueName":"search_term_string"}}],"inLanguage":"et"}]}},"_links":{"self":[{"href":"https:\/\/metaltale.com\/et\/wp-json\/wp\/v2\/product\/138804","targetHints":{"allow":["GET"]}}],"collection":[{"href":"https:\/\/metaltale.com\/et\/wp-json\/wp\/v2\/product"}],"about":[{"href":"https:\/\/metaltale.com\/et\/wp-json\/wp\/v2\/types\/product"}],"replies":[{"embeddable":true,"href":"https:\/\/metaltale.com\/et\/wp-json\/wp\/v2\/comments?post=138804"}],"version-history":[{"count":0,"href":"https:\/\/metaltale.com\/et\/wp-json\/wp\/v2\/product\/138804\/revisions"}],"wp:featuredmedia":[{"embeddable":true,"href":"https:\/\/metaltale.com\/et\/wp-json\/wp\/v2\/media\/113400"}],"wp:attachment":[{"href":"https:\/\/metaltale.com\/et\/wp-json\/wp\/v2\/media?parent=138804"}],"wp:term":[{"taxonomy":"product_brand","embeddable":true,"href":"https:\/\/metaltale.com\/et\/wp-json\/wp\/v2\/product_brand?post=138804"},{"taxonomy":"product_cat","embeddable":true,"href":"https:\/\/metaltale.com\/et\/wp-json\/wp\/v2\/product_cat?post=138804"},{"taxonomy":"product_tag","embeddable":true,"href":"https:\/\/metaltale.com\/et\/wp-json\/wp\/v2\/product_tag?post=138804"}],"curies":[{"name":"wp","href":"https:\/\/api.w.org\/{rel}","templated":true}]}}