{"id":138798,"date":"2024-02-13T14:01:42","date_gmt":"2024-02-13T12:01:42","guid":{"rendered":"https:\/\/metaltale.com\/produktas\/riiulihoidja-barning-horns-105x105mm-natural\/"},"modified":"2024-02-13T14:01:42","modified_gmt":"2024-02-13T12:01:42","slug":"riiulihoidja-barning-horns-105x105mm-natural","status":"publish","type":"product","link":"https:\/\/metaltale.com\/et\/toode\/riiulihoidja-barning-horns-105x105mm-natural\/","title":{"rendered":"Riiulihoidja BARNING Horns 105x105mm NATURAL"},"content":{"rendered":"<div class=\"prod_data\">\n<p><strong>Mudel<\/strong> 01.070I. AI.100<br \/>\n<strong>EAN.<\/strong>  5905369921773<br \/>\nMaterjal Ketus<br \/>\n<strong>\u00dcldine k\u00f5rgus (cm)<\/strong> 10,5<br \/>\nKoguprojektsioon (cm) 10,5<br \/>\n<strong>Aluse m\u00f5\u00f5tmed (cm)<\/strong> 1 (laius)<br \/>\nPaigalduskruvid Jah<br \/>\n<strong>V\u00e4rv<\/strong> teras<br \/>\nKogus komplekti kohta 1 tk.<\/p>\n<p><span style=\"font-size: medium;\">&#8211; hoidja on valmistatud kvaliteetsest malmsulamist<\/span><br \/>\n<span style=\"font-size: medium;\">&#8211; toote valmistamisel p\u00f6\u00f6ratakse t\u00e4helepanu igale detailile, mis tagab ohutu kokkupaneku ja kasutamise.<\/span><br \/>\n<span style=\"font-size: medium;\">&#8211; on \u00fcmardatud servade ja k\u00e4sitsi valmistatud detailidega<\/span><br \/>\n<span style=\"font-size: medium;\">&#8211; tootmisprotsessis on tehtud k\u00f5ik endast olenev, et tagada toote pikk kasutusiga.<\/span><br \/>\n<span style=\"font-size: medium;\">&#8211; \u00d5ige arv kinnitusauke tagab riiuli stabiilse kinnituse.<\/span><br \/>\n<span style=\"font-size: medium;\">&#8211; rohkemate sulgude abil saab luua m\u00e4rkimisv\u00e4\u00e4rse pikkusega riiuli.<\/span><br \/>\n<span style=\"font-size: medium;\">&#8211; Riiuli valmistamiseks v\u00f5ib kasutada MDF- v\u00f5i puitlaastplaati, kuid klambrid n\u00e4evad k\u00f5ige efektsemad v\u00e4lja koos naturaalse puiduga.<\/span><\/p>\n<hr>\n<p><span style=\"font-size: medium;\">Kaasasolev klamber oli valmistatud kvaliteetsest malmist ja selle alus oli varustatud vastupidava lambasarvekujulise toega, mis kokku keeratuna v\u00f5imaldab riputada t\u00e4iendavat kaunistust v\u00f5i riidekappi. Vana disain ja ainulaadne v\u00e4rvus muudavad hoidja t\u00f5elise antiikm\u00f6\u00f6bli sarnaseks.  <\/span><\/p>\n<hr>\n<p style=\"text-align: left;\">*Riiulite klambrid on k\u00e4sitsi valmistatud, seega v\u00f5ib esineda v\u00e4ike k\u00f5rvalekalle (mitte t\u00e4pselt 90\u00b0).<\/p>\n<\/div>\n","protected":false},"excerpt":{"rendered":"<p>Mudel 01.070I. AI.100 EAN. 5905369921773 Materjal Ketus \u00dcldine k\u00f5rgus (cm) 10,5 Koguprojektsioon (cm) 10,5 Aluse m\u00f5\u00f5tmed (cm) 1 (laius) Paigalduskruvid<\/p>\n","protected":false},"featured_media":112549,"comment_status":"open","ping_status":"closed","template":"","meta":{"_acf_changed":false,"pmpro_default_level":""},"product_brand":[],"product_cat":[23859,23836],"product_tag":[],"class_list":{"0":"post-138798","1":"product","2":"type-product","3":"status-publish","4":"has-post-thumbnail","6":"product_cat-lentynu-laikikliai-et","7":"product_cat-moobli-tarvikud","8":"pmpro-has-access","10":"first","11":"instock","12":"shipping-taxable","13":"purchasable","14":"product-type-simple"},"acf":[],"yoast_head":"<!-- This site is optimized with the Yoast SEO plugin v24.9 - https:\/\/yoast.com\/wordpress\/plugins\/seo\/ -->\n<title>Riiulihoidja BARNING Horns 105x105mm NATURAL - MetalTale.com<\/title>\n<meta name=\"robots\" content=\"index, follow, max-snippet:-1, max-image-preview:large, max-video-preview:-1\" \/>\n<link rel=\"canonical\" href=\"https:\/\/metaltale.com\/et\/toode\/riiulihoidja-barning-horns-105x105mm-natural\/\" \/>\n<meta property=\"og:locale\" content=\"et_EE\" \/>\n<meta property=\"og:type\" content=\"article\" \/>\n<meta property=\"og:title\" content=\"Riiulihoidja BARNING Horns 105x105mm NATURAL - MetalTale.com\" \/>\n<meta property=\"og:description\" content=\"Mudel 01.070I. AI.100 EAN. 5905369921773 Materjal Ketus \u00dcldine k\u00f5rgus (cm) 10,5 Koguprojektsioon (cm) 10,5 Aluse m\u00f5\u00f5tmed (cm) 1 (laius) Paigalduskruvid\" \/>\n<meta property=\"og:url\" content=\"https:\/\/metaltale.com\/et\/toode\/riiulihoidja-barning-horns-105x105mm-natural\/\" \/>\n<meta property=\"og:site_name\" content=\"MetalTale.com\" \/>\n<meta property=\"og:image\" content=\"https:\/\/metaltale.com\/wp-content\/uploads\/2023\/11\/Laikiklis-x116RIUKx172-RAGAI-105x105-plienas.jpg\" \/>\n\t<meta property=\"og:image:width\" content=\"800\" \/>\n\t<meta property=\"og:image:height\" content=\"800\" \/>\n\t<meta property=\"og:image:type\" content=\"image\/jpeg\" \/>\n<meta name=\"twitter:card\" content=\"summary_large_image\" \/>\n<meta name=\"twitter:label1\" content=\"Est. reading time\" \/>\n\t<meta name=\"twitter:data1\" content=\"1 minut\" \/>\n<script type=\"application\/ld+json\" class=\"yoast-schema-graph\">{\"@context\":\"https:\/\/schema.org\",\"@graph\":[{\"@type\":\"WebPage\",\"@id\":\"https:\/\/metaltale.com\/et\/toode\/riiulihoidja-barning-horns-105x105mm-natural\/\",\"url\":\"https:\/\/metaltale.com\/et\/toode\/riiulihoidja-barning-horns-105x105mm-natural\/\",\"name\":\"Riiulihoidja BARNING Horns 105x105mm NATURAL - MetalTale.com\",\"isPartOf\":{\"@id\":\"https:\/\/metaltale.com\/et\/#website\"},\"primaryImageOfPage\":{\"@id\":\"https:\/\/metaltale.com\/et\/toode\/riiulihoidja-barning-horns-105x105mm-natural\/#primaryimage\"},\"image\":{\"@id\":\"https:\/\/metaltale.com\/et\/toode\/riiulihoidja-barning-horns-105x105mm-natural\/#primaryimage\"},\"thumbnailUrl\":\"https:\/\/metaltale.com\/wp-content\/uploads\/2023\/11\/Laikiklis-x116RIUKx172-RAGAI-105x105-plienas.jpg\",\"datePublished\":\"2024-02-13T12:01:42+00:00\",\"breadcrumb\":{\"@id\":\"https:\/\/metaltale.com\/et\/toode\/riiulihoidja-barning-horns-105x105mm-natural\/#breadcrumb\"},\"inLanguage\":\"et\",\"potentialAction\":[{\"@type\":\"ReadAction\",\"target\":[\"https:\/\/metaltale.com\/et\/toode\/riiulihoidja-barning-horns-105x105mm-natural\/\"]}]},{\"@type\":\"ImageObject\",\"inLanguage\":\"et\",\"@id\":\"https:\/\/metaltale.com\/et\/toode\/riiulihoidja-barning-horns-105x105mm-natural\/#primaryimage\",\"url\":\"https:\/\/metaltale.com\/wp-content\/uploads\/2023\/11\/Laikiklis-x116RIUKx172-RAGAI-105x105-plienas.jpg\",\"contentUrl\":\"https:\/\/metaltale.com\/wp-content\/uploads\/2023\/11\/Laikiklis-x116RIUKx172-RAGAI-105x105-plienas.jpg\",\"width\":800,\"height\":800,\"caption\":\"Riiulite klamber\"},{\"@type\":\"BreadcrumbList\",\"@id\":\"https:\/\/metaltale.com\/et\/toode\/riiulihoidja-barning-horns-105x105mm-natural\/#breadcrumb\",\"itemListElement\":[{\"@type\":\"ListItem\",\"position\":1,\"name\":\"Home\",\"item\":\"https:\/\/metaltale.com\/et\/kodu\/\"},{\"@type\":\"ListItem\",\"position\":2,\"name\":\"Kauplus\",\"item\":\"https:\/\/metaltale.com\/et\/shop\/\"},{\"@type\":\"ListItem\",\"position\":3,\"name\":\"Riiulihoidja BARNING Horns 105x105mm NATURAL\"}]},{\"@type\":\"WebSite\",\"@id\":\"https:\/\/metaltale.com\/et\/#website\",\"url\":\"https:\/\/metaltale.com\/et\/\",\"name\":\"Metaltale.com\",\"description\":\"\",\"potentialAction\":[{\"@type\":\"SearchAction\",\"target\":{\"@type\":\"EntryPoint\",\"urlTemplate\":\"https:\/\/metaltale.com\/et\/?s={search_term_string}\"},\"query-input\":{\"@type\":\"PropertyValueSpecification\",\"valueRequired\":true,\"valueName\":\"search_term_string\"}}],\"inLanguage\":\"et\"}]}<\/script>\n<!-- \/ Yoast SEO plugin. -->","yoast_head_json":{"title":"Riiulihoidja BARNING Horns 105x105mm NATURAL - MetalTale.com","robots":{"index":"index","follow":"follow","max-snippet":"max-snippet:-1","max-image-preview":"max-image-preview:large","max-video-preview":"max-video-preview:-1"},"canonical":"https:\/\/metaltale.com\/et\/toode\/riiulihoidja-barning-horns-105x105mm-natural\/","og_locale":"et_EE","og_type":"article","og_title":"Riiulihoidja BARNING Horns 105x105mm NATURAL - MetalTale.com","og_description":"Mudel 01.070I. AI.100 EAN. 5905369921773 Materjal Ketus \u00dcldine k\u00f5rgus (cm) 10,5 Koguprojektsioon (cm) 10,5 Aluse m\u00f5\u00f5tmed (cm) 1 (laius) Paigalduskruvid","og_url":"https:\/\/metaltale.com\/et\/toode\/riiulihoidja-barning-horns-105x105mm-natural\/","og_site_name":"MetalTale.com","og_image":[{"width":800,"height":800,"url":"https:\/\/metaltale.com\/wp-content\/uploads\/2023\/11\/Laikiklis-x116RIUKx172-RAGAI-105x105-plienas.jpg","type":"image\/jpeg"}],"twitter_card":"summary_large_image","twitter_misc":{"Est. reading time":"1 minut"},"schema":{"@context":"https:\/\/schema.org","@graph":[{"@type":"WebPage","@id":"https:\/\/metaltale.com\/et\/toode\/riiulihoidja-barning-horns-105x105mm-natural\/","url":"https:\/\/metaltale.com\/et\/toode\/riiulihoidja-barning-horns-105x105mm-natural\/","name":"Riiulihoidja BARNING Horns 105x105mm NATURAL - MetalTale.com","isPartOf":{"@id":"https:\/\/metaltale.com\/et\/#website"},"primaryImageOfPage":{"@id":"https:\/\/metaltale.com\/et\/toode\/riiulihoidja-barning-horns-105x105mm-natural\/#primaryimage"},"image":{"@id":"https:\/\/metaltale.com\/et\/toode\/riiulihoidja-barning-horns-105x105mm-natural\/#primaryimage"},"thumbnailUrl":"https:\/\/metaltale.com\/wp-content\/uploads\/2023\/11\/Laikiklis-x116RIUKx172-RAGAI-105x105-plienas.jpg","datePublished":"2024-02-13T12:01:42+00:00","breadcrumb":{"@id":"https:\/\/metaltale.com\/et\/toode\/riiulihoidja-barning-horns-105x105mm-natural\/#breadcrumb"},"inLanguage":"et","potentialAction":[{"@type":"ReadAction","target":["https:\/\/metaltale.com\/et\/toode\/riiulihoidja-barning-horns-105x105mm-natural\/"]}]},{"@type":"ImageObject","inLanguage":"et","@id":"https:\/\/metaltale.com\/et\/toode\/riiulihoidja-barning-horns-105x105mm-natural\/#primaryimage","url":"https:\/\/metaltale.com\/wp-content\/uploads\/2023\/11\/Laikiklis-x116RIUKx172-RAGAI-105x105-plienas.jpg","contentUrl":"https:\/\/metaltale.com\/wp-content\/uploads\/2023\/11\/Laikiklis-x116RIUKx172-RAGAI-105x105-plienas.jpg","width":800,"height":800,"caption":"Riiulite klamber"},{"@type":"BreadcrumbList","@id":"https:\/\/metaltale.com\/et\/toode\/riiulihoidja-barning-horns-105x105mm-natural\/#breadcrumb","itemListElement":[{"@type":"ListItem","position":1,"name":"Home","item":"https:\/\/metaltale.com\/et\/kodu\/"},{"@type":"ListItem","position":2,"name":"Kauplus","item":"https:\/\/metaltale.com\/et\/shop\/"},{"@type":"ListItem","position":3,"name":"Riiulihoidja BARNING Horns 105x105mm NATURAL"}]},{"@type":"WebSite","@id":"https:\/\/metaltale.com\/et\/#website","url":"https:\/\/metaltale.com\/et\/","name":"Metaltale.com","description":"","potentialAction":[{"@type":"SearchAction","target":{"@type":"EntryPoint","urlTemplate":"https:\/\/metaltale.com\/et\/?s={search_term_string}"},"query-input":{"@type":"PropertyValueSpecification","valueRequired":true,"valueName":"search_term_string"}}],"inLanguage":"et"}]}},"_links":{"self":[{"href":"https:\/\/metaltale.com\/et\/wp-json\/wp\/v2\/product\/138798","targetHints":{"allow":["GET"]}}],"collection":[{"href":"https:\/\/metaltale.com\/et\/wp-json\/wp\/v2\/product"}],"about":[{"href":"https:\/\/metaltale.com\/et\/wp-json\/wp\/v2\/types\/product"}],"replies":[{"embeddable":true,"href":"https:\/\/metaltale.com\/et\/wp-json\/wp\/v2\/comments?post=138798"}],"version-history":[{"count":0,"href":"https:\/\/metaltale.com\/et\/wp-json\/wp\/v2\/product\/138798\/revisions"}],"wp:featuredmedia":[{"embeddable":true,"href":"https:\/\/metaltale.com\/et\/wp-json\/wp\/v2\/media\/112549"}],"wp:attachment":[{"href":"https:\/\/metaltale.com\/et\/wp-json\/wp\/v2\/media?parent=138798"}],"wp:term":[{"taxonomy":"product_brand","embeddable":true,"href":"https:\/\/metaltale.com\/et\/wp-json\/wp\/v2\/product_brand?post=138798"},{"taxonomy":"product_cat","embeddable":true,"href":"https:\/\/metaltale.com\/et\/wp-json\/wp\/v2\/product_cat?post=138798"},{"taxonomy":"product_tag","embeddable":true,"href":"https:\/\/metaltale.com\/et\/wp-json\/wp\/v2\/product_tag?post=138798"}],"curies":[{"name":"wp","href":"https:\/\/api.w.org\/{rel}","templated":true}]}}