{"id":138783,"date":"2024-02-13T14:01:42","date_gmt":"2024-02-13T12:01:42","guid":{"rendered":"https:\/\/metaltale.com\/produktas\/lillepoti-hoidja-potted-m\/"},"modified":"2024-02-13T14:01:42","modified_gmt":"2024-02-13T12:01:42","slug":"lillepoti-hoidja-potted-m","status":"publish","type":"product","link":"https:\/\/metaltale.com\/et\/toode\/lillepoti-hoidja-potted-m\/","title":{"rendered":"Lillepoti hoidja POTTED M"},"content":{"rendered":"<div class=\"prod_data\">\n<p><strong>Mudel<\/strong> AF.446.971.6-PRGR<br \/>\nMaterjal Metall<br \/>\n<strong>\u00dcldine k\u00f5rgus (cm)<\/strong> 7<br \/>\n<strong>Koguprojektsioon (cm) <\/strong>21,5<br \/>\nV\u00e4rv Must<br \/>\n[CM] L<strong>ISAINFO<\/strong> R\u00f5nga sisel\u00e4bim\u00f5\u00f5t 13<\/p>\n<p>K\u00f6\u00f6k ilma ravimtaimedeta on nagu aed ilma lilledeta. Roostevaba poti k\u00e4epide sobib suurep\u00e4raselt ruumi stiilseks kasutamiseks ja taimede v\u00e4ljapanekuks. Klassikaline mudel ei r\u00f5hu, kuid on samas tugev tugi pottidele ja kaussidele.<\/p>\n<p>Otsene ja pikaajaline kokkupuude niiskusega v\u00f5ib toodet kahjustada.<\/p>\n<\/div>\n","protected":false},"excerpt":{"rendered":"<p>Mudel AF.446.971.6-PRGR Materjal Metall \u00dcldine k\u00f5rgus (cm) 7 Koguprojektsioon (cm) 21,5 V\u00e4rv Must [CM] LISAINFO R\u00f5nga sisel\u00e4bim\u00f5\u00f5t 13 K\u00f6\u00f6k ilma<\/p>\n","protected":false},"featured_media":68853,"comment_status":"open","ping_status":"closed","template":"","meta":{"_acf_changed":false,"pmpro_default_level":""},"product_brand":[],"product_cat":[23903,23910,23895],"product_tag":[],"class_list":{"0":"post-138783","1":"product","2":"type-product","3":"status-publish","4":"has-post-thumbnail","6":"product_cat-geliu-ir-augalu-dekorai-et","7":"product_cat-geliu-pakabos-ir-vazonu-laikikliai-et","8":"product_cat-kaunistused","9":"pmpro-has-access","11":"first","12":"instock","13":"shipping-taxable","14":"purchasable","15":"product-type-simple"},"acf":[],"yoast_head":"<!-- This site is optimized with the Yoast SEO plugin v24.9 - https:\/\/yoast.com\/wordpress\/plugins\/seo\/ -->\n<title>Lillepoti hoidja POTTED M - MetalTale.com<\/title>\n<meta name=\"robots\" content=\"index, follow, max-snippet:-1, max-image-preview:large, max-video-preview:-1\" \/>\n<link rel=\"canonical\" href=\"https:\/\/metaltale.com\/et\/toode\/lillepoti-hoidja-potted-m\/\" \/>\n<meta property=\"og:locale\" content=\"et_EE\" \/>\n<meta property=\"og:type\" content=\"article\" \/>\n<meta property=\"og:title\" content=\"Lillepoti hoidja POTTED M - MetalTale.com\" \/>\n<meta property=\"og:description\" content=\"Mudel AF.446.971.6-PRGR Materjal Metall \u00dcldine k\u00f5rgus (cm) 7 Koguprojektsioon (cm) 21,5 V\u00e4rv Must [CM] LISAINFO R\u00f5nga sisel\u00e4bim\u00f5\u00f5t 13 K\u00f6\u00f6k ilma\" \/>\n<meta property=\"og:url\" content=\"https:\/\/metaltale.com\/et\/toode\/lillepoti-hoidja-potted-m\/\" \/>\n<meta property=\"og:site_name\" content=\"MetalTale.com\" \/>\n<meta property=\"og:image\" content=\"https:\/\/metaltale.com\/wp-content\/uploads\/2023\/09\/MAx17DAS-vazoninis-laikiklis.jpg\" \/>\n\t<meta property=\"og:image:width\" content=\"800\" \/>\n\t<meta property=\"og:image:height\" content=\"800\" \/>\n\t<meta property=\"og:image:type\" content=\"image\/jpeg\" \/>\n<meta name=\"twitter:card\" content=\"summary_large_image\" \/>\n<script type=\"application\/ld+json\" class=\"yoast-schema-graph\">{\"@context\":\"https:\/\/schema.org\",\"@graph\":[{\"@type\":\"WebPage\",\"@id\":\"https:\/\/metaltale.com\/et\/toode\/lillepoti-hoidja-potted-m\/\",\"url\":\"https:\/\/metaltale.com\/et\/toode\/lillepoti-hoidja-potted-m\/\",\"name\":\"Lillepoti hoidja POTTED M - MetalTale.com\",\"isPartOf\":{\"@id\":\"https:\/\/metaltale.com\/et\/#website\"},\"primaryImageOfPage\":{\"@id\":\"https:\/\/metaltale.com\/et\/toode\/lillepoti-hoidja-potted-m\/#primaryimage\"},\"image\":{\"@id\":\"https:\/\/metaltale.com\/et\/toode\/lillepoti-hoidja-potted-m\/#primaryimage\"},\"thumbnailUrl\":\"https:\/\/metaltale.com\/wp-content\/uploads\/2023\/09\/MAx17DAS-vazoninis-laikiklis.jpg\",\"datePublished\":\"2024-02-13T12:01:42+00:00\",\"breadcrumb\":{\"@id\":\"https:\/\/metaltale.com\/et\/toode\/lillepoti-hoidja-potted-m\/#breadcrumb\"},\"inLanguage\":\"et\",\"potentialAction\":[{\"@type\":\"ReadAction\",\"target\":[\"https:\/\/metaltale.com\/et\/toode\/lillepoti-hoidja-potted-m\/\"]}]},{\"@type\":\"ImageObject\",\"inLanguage\":\"et\",\"@id\":\"https:\/\/metaltale.com\/et\/toode\/lillepoti-hoidja-potted-m\/#primaryimage\",\"url\":\"https:\/\/metaltale.com\/wp-content\/uploads\/2023\/09\/MAx17DAS-vazoninis-laikiklis.jpg\",\"contentUrl\":\"https:\/\/metaltale.com\/wp-content\/uploads\/2023\/09\/MAx17DAS-vazoninis-laikiklis.jpg\",\"width\":800,\"height\":800},{\"@type\":\"BreadcrumbList\",\"@id\":\"https:\/\/metaltale.com\/et\/toode\/lillepoti-hoidja-potted-m\/#breadcrumb\",\"itemListElement\":[{\"@type\":\"ListItem\",\"position\":1,\"name\":\"Home\",\"item\":\"https:\/\/metaltale.com\/et\/kodu\/\"},{\"@type\":\"ListItem\",\"position\":2,\"name\":\"Kauplus\",\"item\":\"https:\/\/metaltale.com\/et\/shop\/\"},{\"@type\":\"ListItem\",\"position\":3,\"name\":\"Lillepoti hoidja POTTED M\"}]},{\"@type\":\"WebSite\",\"@id\":\"https:\/\/metaltale.com\/et\/#website\",\"url\":\"https:\/\/metaltale.com\/et\/\",\"name\":\"Metaltale.com\",\"description\":\"\",\"potentialAction\":[{\"@type\":\"SearchAction\",\"target\":{\"@type\":\"EntryPoint\",\"urlTemplate\":\"https:\/\/metaltale.com\/et\/?s={search_term_string}\"},\"query-input\":{\"@type\":\"PropertyValueSpecification\",\"valueRequired\":true,\"valueName\":\"search_term_string\"}}],\"inLanguage\":\"et\"}]}<\/script>\n<!-- \/ Yoast SEO plugin. -->","yoast_head_json":{"title":"Lillepoti hoidja POTTED M - MetalTale.com","robots":{"index":"index","follow":"follow","max-snippet":"max-snippet:-1","max-image-preview":"max-image-preview:large","max-video-preview":"max-video-preview:-1"},"canonical":"https:\/\/metaltale.com\/et\/toode\/lillepoti-hoidja-potted-m\/","og_locale":"et_EE","og_type":"article","og_title":"Lillepoti hoidja POTTED M - MetalTale.com","og_description":"Mudel AF.446.971.6-PRGR Materjal Metall \u00dcldine k\u00f5rgus (cm) 7 Koguprojektsioon (cm) 21,5 V\u00e4rv Must [CM] LISAINFO R\u00f5nga sisel\u00e4bim\u00f5\u00f5t 13 K\u00f6\u00f6k ilma","og_url":"https:\/\/metaltale.com\/et\/toode\/lillepoti-hoidja-potted-m\/","og_site_name":"MetalTale.com","og_image":[{"width":800,"height":800,"url":"https:\/\/metaltale.com\/wp-content\/uploads\/2023\/09\/MAx17DAS-vazoninis-laikiklis.jpg","type":"image\/jpeg"}],"twitter_card":"summary_large_image","schema":{"@context":"https:\/\/schema.org","@graph":[{"@type":"WebPage","@id":"https:\/\/metaltale.com\/et\/toode\/lillepoti-hoidja-potted-m\/","url":"https:\/\/metaltale.com\/et\/toode\/lillepoti-hoidja-potted-m\/","name":"Lillepoti hoidja POTTED M - MetalTale.com","isPartOf":{"@id":"https:\/\/metaltale.com\/et\/#website"},"primaryImageOfPage":{"@id":"https:\/\/metaltale.com\/et\/toode\/lillepoti-hoidja-potted-m\/#primaryimage"},"image":{"@id":"https:\/\/metaltale.com\/et\/toode\/lillepoti-hoidja-potted-m\/#primaryimage"},"thumbnailUrl":"https:\/\/metaltale.com\/wp-content\/uploads\/2023\/09\/MAx17DAS-vazoninis-laikiklis.jpg","datePublished":"2024-02-13T12:01:42+00:00","breadcrumb":{"@id":"https:\/\/metaltale.com\/et\/toode\/lillepoti-hoidja-potted-m\/#breadcrumb"},"inLanguage":"et","potentialAction":[{"@type":"ReadAction","target":["https:\/\/metaltale.com\/et\/toode\/lillepoti-hoidja-potted-m\/"]}]},{"@type":"ImageObject","inLanguage":"et","@id":"https:\/\/metaltale.com\/et\/toode\/lillepoti-hoidja-potted-m\/#primaryimage","url":"https:\/\/metaltale.com\/wp-content\/uploads\/2023\/09\/MAx17DAS-vazoninis-laikiklis.jpg","contentUrl":"https:\/\/metaltale.com\/wp-content\/uploads\/2023\/09\/MAx17DAS-vazoninis-laikiklis.jpg","width":800,"height":800},{"@type":"BreadcrumbList","@id":"https:\/\/metaltale.com\/et\/toode\/lillepoti-hoidja-potted-m\/#breadcrumb","itemListElement":[{"@type":"ListItem","position":1,"name":"Home","item":"https:\/\/metaltale.com\/et\/kodu\/"},{"@type":"ListItem","position":2,"name":"Kauplus","item":"https:\/\/metaltale.com\/et\/shop\/"},{"@type":"ListItem","position":3,"name":"Lillepoti hoidja POTTED M"}]},{"@type":"WebSite","@id":"https:\/\/metaltale.com\/et\/#website","url":"https:\/\/metaltale.com\/et\/","name":"Metaltale.com","description":"","potentialAction":[{"@type":"SearchAction","target":{"@type":"EntryPoint","urlTemplate":"https:\/\/metaltale.com\/et\/?s={search_term_string}"},"query-input":{"@type":"PropertyValueSpecification","valueRequired":true,"valueName":"search_term_string"}}],"inLanguage":"et"}]}},"_links":{"self":[{"href":"https:\/\/metaltale.com\/et\/wp-json\/wp\/v2\/product\/138783","targetHints":{"allow":["GET"]}}],"collection":[{"href":"https:\/\/metaltale.com\/et\/wp-json\/wp\/v2\/product"}],"about":[{"href":"https:\/\/metaltale.com\/et\/wp-json\/wp\/v2\/types\/product"}],"replies":[{"embeddable":true,"href":"https:\/\/metaltale.com\/et\/wp-json\/wp\/v2\/comments?post=138783"}],"version-history":[{"count":0,"href":"https:\/\/metaltale.com\/et\/wp-json\/wp\/v2\/product\/138783\/revisions"}],"wp:featuredmedia":[{"embeddable":true,"href":"https:\/\/metaltale.com\/et\/wp-json\/wp\/v2\/media\/68853"}],"wp:attachment":[{"href":"https:\/\/metaltale.com\/et\/wp-json\/wp\/v2\/media?parent=138783"}],"wp:term":[{"taxonomy":"product_brand","embeddable":true,"href":"https:\/\/metaltale.com\/et\/wp-json\/wp\/v2\/product_brand?post=138783"},{"taxonomy":"product_cat","embeddable":true,"href":"https:\/\/metaltale.com\/et\/wp-json\/wp\/v2\/product_cat?post=138783"},{"taxonomy":"product_tag","embeddable":true,"href":"https:\/\/metaltale.com\/et\/wp-json\/wp\/v2\/product_tag?post=138783"}],"curies":[{"name":"wp","href":"https:\/\/api.w.org\/{rel}","templated":true}]}}