{"id":138757,"date":"2024-02-13T14:01:04","date_gmt":"2024-02-13T12:01:04","guid":{"rendered":"https:\/\/metaltale.com\/produktas\/riiulihoidja-leaf-130x110mm-natural\/"},"modified":"2024-02-13T14:01:04","modified_gmt":"2024-02-13T12:01:04","slug":"riiulihoidja-leaf-130x110mm-natural","status":"publish","type":"product","link":"https:\/\/metaltale.com\/et\/toode\/riiulihoidja-leaf-130x110mm-natural\/","title":{"rendered":"Riiulihoidja LEAF 130x110mm NATURAL"},"content":{"rendered":"<div class=\"prod_data\">\n<p><strong>Mudel<\/strong> 01.070L. AI.115<br \/>\n<strong>EAN.<\/strong>  5905369922152<br \/>\nMaterjal Ketus<br \/>\n\u00dcldine k\u00f5rgus (cm) 11<br \/>\n<strong>Koguprojektsioon (cm)<\/strong> 13<br \/>\n<strong>Aluse m\u00f5\u00f5tmed (cm)<\/strong> 2 (laius)<br \/>\nPaigalduskruvid Jah<br \/>\n<strong>V\u00e4rv<\/strong> teras<br \/>\nKogus komplekti kohta 1 tk.<\/p>\n<div>\n<p><span style=\"color: #333333;\">&#8211; k\u00e4sitsi valmistatud detailidega malmist hoidja<br \/>\n&#8211; tsingitud kinnitusaugud v\u00f5imaldavad kruvide asetamist konsooli pinnaga samale tasapinnale<br \/>\n&#8211; Toote m\u00f5\u00f5tmed v\u00f5imaldavad v\u00e4iksemaid riiulite suurusi<br \/>\n&#8211; Riiulite jaoks v\u00f5ib kasutada MDF- v\u00f5i puitlaastplaati, kuid k\u00f5ige paremini sobib naturaalne puit.<br \/>\n&#8211; \u00fcmardatud servad on esteetilise funktsiooniga ja m\u00f5jutavad hoidja ohutust.<br \/>\n&#8211; toode on varustatud t\u00e4pselt valmistatud dekoratiivsete aktsentidega lehtede kujul.<\/span><\/p>\n<hr>\n<p>&nbsp;<\/p>\n<\/div>\n<div style=\"text-align: left;\">\n<p><span style=\"color: #333333;\"><span style=\"color: #333333;\">Valurauast hoidik, mis koos naturaalse puiduga r\u00f5hutab stiilselt viimistletud interj\u00f6\u00f6ri. Koos valge riiuliga on see ideaalne kompositsioon Provence&#8217;i interj\u00f6\u00f6ri jaoks. Loodusest inspireerituna valmistas ta t\u00e4pselt lehekujulisi dekoratiivseid elemente. Selle v\u00e4ikesed m\u00f5\u00f5tmed v\u00f5imaldavad teha riiulit kohta, kus iga sentimeeter loeb. Hoidja ilu teeb sellest t\u00e4iusliku pakkumise k\u00f5igile, kes otsivad retrostiili kombineerituna peenuse ja rafineeritusega.<\/span><\/span><\/p>\n<hr>\n<p>*Riiulite klambrid on k\u00e4sitsi valmistatud, seega v\u00f5ib esineda v\u00e4ike k\u00f5rvalekalle (mitte t\u00e4pselt 90\u00b0).<\/p>\n<\/div>\n<div style=\"text-align: left;\"><\/div>\n<div style=\"text-align: center;\"><\/div>\n<\/div>\n","protected":false},"excerpt":{"rendered":"<p>Mudel 01.070L. AI.115 EAN. 5905369922152 Materjal Ketus \u00dcldine k\u00f5rgus (cm) 11 Koguprojektsioon (cm) 13 Aluse m\u00f5\u00f5tmed (cm) 2 (laius) Paigalduskruvid<\/p>\n","protected":false},"featured_media":84201,"comment_status":"open","ping_status":"closed","template":"","meta":{"_acf_changed":false,"pmpro_default_level":""},"product_brand":[],"product_cat":[23859,23836],"product_tag":[],"class_list":{"0":"post-138757","1":"product","2":"type-product","3":"status-publish","4":"has-post-thumbnail","6":"product_cat-lentynu-laikikliai-et","7":"product_cat-moobli-tarvikud","8":"pmpro-has-access","10":"first","11":"instock","12":"shipping-taxable","13":"purchasable","14":"product-type-simple"},"acf":[],"yoast_head":"<!-- This site is optimized with the Yoast SEO plugin v24.9 - https:\/\/yoast.com\/wordpress\/plugins\/seo\/ -->\n<title>Riiulihoidja LEAF 130x110mm NATURAL - MetalTale.com<\/title>\n<meta name=\"robots\" content=\"index, follow, max-snippet:-1, max-image-preview:large, max-video-preview:-1\" \/>\n<link rel=\"canonical\" href=\"https:\/\/metaltale.com\/et\/toode\/riiulihoidja-leaf-130x110mm-natural\/\" \/>\n<meta property=\"og:locale\" content=\"et_EE\" \/>\n<meta property=\"og:type\" content=\"article\" \/>\n<meta property=\"og:title\" content=\"Riiulihoidja LEAF 130x110mm NATURAL - MetalTale.com\" \/>\n<meta property=\"og:description\" content=\"Mudel 01.070L. AI.115 EAN. 5905369922152 Materjal Ketus \u00dcldine k\u00f5rgus (cm) 11 Koguprojektsioon (cm) 13 Aluse m\u00f5\u00f5tmed (cm) 2 (laius) Paigalduskruvid\" \/>\n<meta property=\"og:url\" content=\"https:\/\/metaltale.com\/et\/toode\/riiulihoidja-leaf-130x110mm-natural\/\" \/>\n<meta property=\"og:site_name\" content=\"MetalTale.com\" \/>\n<meta property=\"og:image\" content=\"https:\/\/metaltale.com\/wp-content\/uploads\/2023\/10\/LEAF-laikiklis-130x110-plienas.jpg\" \/>\n\t<meta property=\"og:image:width\" content=\"800\" \/>\n\t<meta property=\"og:image:height\" content=\"800\" \/>\n\t<meta property=\"og:image:type\" content=\"image\/jpeg\" \/>\n<meta name=\"twitter:card\" content=\"summary_large_image\" \/>\n<meta name=\"twitter:label1\" content=\"Est. reading time\" \/>\n\t<meta name=\"twitter:data1\" content=\"1 minut\" \/>\n<script type=\"application\/ld+json\" class=\"yoast-schema-graph\">{\"@context\":\"https:\/\/schema.org\",\"@graph\":[{\"@type\":\"WebPage\",\"@id\":\"https:\/\/metaltale.com\/et\/toode\/riiulihoidja-leaf-130x110mm-natural\/\",\"url\":\"https:\/\/metaltale.com\/et\/toode\/riiulihoidja-leaf-130x110mm-natural\/\",\"name\":\"Riiulihoidja LEAF 130x110mm NATURAL - MetalTale.com\",\"isPartOf\":{\"@id\":\"https:\/\/metaltale.com\/et\/#website\"},\"primaryImageOfPage\":{\"@id\":\"https:\/\/metaltale.com\/et\/toode\/riiulihoidja-leaf-130x110mm-natural\/#primaryimage\"},\"image\":{\"@id\":\"https:\/\/metaltale.com\/et\/toode\/riiulihoidja-leaf-130x110mm-natural\/#primaryimage\"},\"thumbnailUrl\":\"https:\/\/metaltale.com\/wp-content\/uploads\/2023\/10\/LEAF-laikiklis-130x110-plienas.jpg\",\"datePublished\":\"2024-02-13T12:01:04+00:00\",\"breadcrumb\":{\"@id\":\"https:\/\/metaltale.com\/et\/toode\/riiulihoidja-leaf-130x110mm-natural\/#breadcrumb\"},\"inLanguage\":\"et\",\"potentialAction\":[{\"@type\":\"ReadAction\",\"target\":[\"https:\/\/metaltale.com\/et\/toode\/riiulihoidja-leaf-130x110mm-natural\/\"]}]},{\"@type\":\"ImageObject\",\"inLanguage\":\"et\",\"@id\":\"https:\/\/metaltale.com\/et\/toode\/riiulihoidja-leaf-130x110mm-natural\/#primaryimage\",\"url\":\"https:\/\/metaltale.com\/wp-content\/uploads\/2023\/10\/LEAF-laikiklis-130x110-plienas.jpg\",\"contentUrl\":\"https:\/\/metaltale.com\/wp-content\/uploads\/2023\/10\/LEAF-laikiklis-130x110-plienas.jpg\",\"width\":800,\"height\":800,\"caption\":\"Riiulite klambrid\"},{\"@type\":\"BreadcrumbList\",\"@id\":\"https:\/\/metaltale.com\/et\/toode\/riiulihoidja-leaf-130x110mm-natural\/#breadcrumb\",\"itemListElement\":[{\"@type\":\"ListItem\",\"position\":1,\"name\":\"Home\",\"item\":\"https:\/\/metaltale.com\/et\/kodu\/\"},{\"@type\":\"ListItem\",\"position\":2,\"name\":\"Kauplus\",\"item\":\"https:\/\/metaltale.com\/et\/shop\/\"},{\"@type\":\"ListItem\",\"position\":3,\"name\":\"Riiulihoidja LEAF 130x110mm NATURAL\"}]},{\"@type\":\"WebSite\",\"@id\":\"https:\/\/metaltale.com\/et\/#website\",\"url\":\"https:\/\/metaltale.com\/et\/\",\"name\":\"Metaltale.com\",\"description\":\"\",\"potentialAction\":[{\"@type\":\"SearchAction\",\"target\":{\"@type\":\"EntryPoint\",\"urlTemplate\":\"https:\/\/metaltale.com\/et\/?s={search_term_string}\"},\"query-input\":{\"@type\":\"PropertyValueSpecification\",\"valueRequired\":true,\"valueName\":\"search_term_string\"}}],\"inLanguage\":\"et\"}]}<\/script>\n<!-- \/ Yoast SEO plugin. -->","yoast_head_json":{"title":"Riiulihoidja LEAF 130x110mm NATURAL - MetalTale.com","robots":{"index":"index","follow":"follow","max-snippet":"max-snippet:-1","max-image-preview":"max-image-preview:large","max-video-preview":"max-video-preview:-1"},"canonical":"https:\/\/metaltale.com\/et\/toode\/riiulihoidja-leaf-130x110mm-natural\/","og_locale":"et_EE","og_type":"article","og_title":"Riiulihoidja LEAF 130x110mm NATURAL - MetalTale.com","og_description":"Mudel 01.070L. AI.115 EAN. 5905369922152 Materjal Ketus \u00dcldine k\u00f5rgus (cm) 11 Koguprojektsioon (cm) 13 Aluse m\u00f5\u00f5tmed (cm) 2 (laius) Paigalduskruvid","og_url":"https:\/\/metaltale.com\/et\/toode\/riiulihoidja-leaf-130x110mm-natural\/","og_site_name":"MetalTale.com","og_image":[{"width":800,"height":800,"url":"https:\/\/metaltale.com\/wp-content\/uploads\/2023\/10\/LEAF-laikiklis-130x110-plienas.jpg","type":"image\/jpeg"}],"twitter_card":"summary_large_image","twitter_misc":{"Est. reading time":"1 minut"},"schema":{"@context":"https:\/\/schema.org","@graph":[{"@type":"WebPage","@id":"https:\/\/metaltale.com\/et\/toode\/riiulihoidja-leaf-130x110mm-natural\/","url":"https:\/\/metaltale.com\/et\/toode\/riiulihoidja-leaf-130x110mm-natural\/","name":"Riiulihoidja LEAF 130x110mm NATURAL - MetalTale.com","isPartOf":{"@id":"https:\/\/metaltale.com\/et\/#website"},"primaryImageOfPage":{"@id":"https:\/\/metaltale.com\/et\/toode\/riiulihoidja-leaf-130x110mm-natural\/#primaryimage"},"image":{"@id":"https:\/\/metaltale.com\/et\/toode\/riiulihoidja-leaf-130x110mm-natural\/#primaryimage"},"thumbnailUrl":"https:\/\/metaltale.com\/wp-content\/uploads\/2023\/10\/LEAF-laikiklis-130x110-plienas.jpg","datePublished":"2024-02-13T12:01:04+00:00","breadcrumb":{"@id":"https:\/\/metaltale.com\/et\/toode\/riiulihoidja-leaf-130x110mm-natural\/#breadcrumb"},"inLanguage":"et","potentialAction":[{"@type":"ReadAction","target":["https:\/\/metaltale.com\/et\/toode\/riiulihoidja-leaf-130x110mm-natural\/"]}]},{"@type":"ImageObject","inLanguage":"et","@id":"https:\/\/metaltale.com\/et\/toode\/riiulihoidja-leaf-130x110mm-natural\/#primaryimage","url":"https:\/\/metaltale.com\/wp-content\/uploads\/2023\/10\/LEAF-laikiklis-130x110-plienas.jpg","contentUrl":"https:\/\/metaltale.com\/wp-content\/uploads\/2023\/10\/LEAF-laikiklis-130x110-plienas.jpg","width":800,"height":800,"caption":"Riiulite klambrid"},{"@type":"BreadcrumbList","@id":"https:\/\/metaltale.com\/et\/toode\/riiulihoidja-leaf-130x110mm-natural\/#breadcrumb","itemListElement":[{"@type":"ListItem","position":1,"name":"Home","item":"https:\/\/metaltale.com\/et\/kodu\/"},{"@type":"ListItem","position":2,"name":"Kauplus","item":"https:\/\/metaltale.com\/et\/shop\/"},{"@type":"ListItem","position":3,"name":"Riiulihoidja LEAF 130x110mm NATURAL"}]},{"@type":"WebSite","@id":"https:\/\/metaltale.com\/et\/#website","url":"https:\/\/metaltale.com\/et\/","name":"Metaltale.com","description":"","potentialAction":[{"@type":"SearchAction","target":{"@type":"EntryPoint","urlTemplate":"https:\/\/metaltale.com\/et\/?s={search_term_string}"},"query-input":{"@type":"PropertyValueSpecification","valueRequired":true,"valueName":"search_term_string"}}],"inLanguage":"et"}]}},"_links":{"self":[{"href":"https:\/\/metaltale.com\/et\/wp-json\/wp\/v2\/product\/138757","targetHints":{"allow":["GET"]}}],"collection":[{"href":"https:\/\/metaltale.com\/et\/wp-json\/wp\/v2\/product"}],"about":[{"href":"https:\/\/metaltale.com\/et\/wp-json\/wp\/v2\/types\/product"}],"replies":[{"embeddable":true,"href":"https:\/\/metaltale.com\/et\/wp-json\/wp\/v2\/comments?post=138757"}],"version-history":[{"count":0,"href":"https:\/\/metaltale.com\/et\/wp-json\/wp\/v2\/product\/138757\/revisions"}],"wp:featuredmedia":[{"embeddable":true,"href":"https:\/\/metaltale.com\/et\/wp-json\/wp\/v2\/media\/84201"}],"wp:attachment":[{"href":"https:\/\/metaltale.com\/et\/wp-json\/wp\/v2\/media?parent=138757"}],"wp:term":[{"taxonomy":"product_brand","embeddable":true,"href":"https:\/\/metaltale.com\/et\/wp-json\/wp\/v2\/product_brand?post=138757"},{"taxonomy":"product_cat","embeddable":true,"href":"https:\/\/metaltale.com\/et\/wp-json\/wp\/v2\/product_cat?post=138757"},{"taxonomy":"product_tag","embeddable":true,"href":"https:\/\/metaltale.com\/et\/wp-json\/wp\/v2\/product_tag?post=138757"}],"curies":[{"name":"wp","href":"https:\/\/api.w.org\/{rel}","templated":true}]}}