{"id":138749,"date":"2024-02-13T14:01:04","date_gmt":"2024-02-13T12:01:04","guid":{"rendered":"https:\/\/metaltale.com\/produktas\/riiulihoidik-valencia-150x150-mm-musta\/"},"modified":"2024-02-13T14:01:04","modified_gmt":"2024-02-13T12:01:04","slug":"riiulihoidik-valencia-150x150-mm-musta","status":"publish","type":"product","link":"https:\/\/metaltale.com\/et\/toode\/riiulihoidik-valencia-150x150-mm-musta\/","title":{"rendered":"Riiulihoidik VALENCIA 150&#215;150 mm MUSTA"},"content":{"rendered":"<div class=\"prod_data\">\n<p><strong>Mudel<\/strong> AG.12347<br \/>\n<strong>EAN.<\/strong>  5905369911842<br \/>\n<strong>Materjal<\/strong> teras<br \/>\n<strong>\u00dcldine k\u00f5rgus (cm)<\/strong> 15<br \/>\n<strong>\u00dcldine laius (cm)<\/strong> 2<br \/>\nKoguprojektsioon (cm) 15<br \/>\nPaigalduskruvid Jah<br \/>\n<strong>Aluse l\u00e4bim\u00f5\u00f5t (cm)<\/strong> 2<br \/>\nV\u00e4rv Must<br \/>\n<strong>Pinna t\u00fc\u00fcp<\/strong> Silea<br \/>\nKogus komplekti kohta 1 tk.<\/p>\n<p><span style=\"font-size: medium;\">&#8211; hoidja on valmistatud kvaliteetsest terasest<\/span><br \/>\n<span style=\"font-size: medium;\">&#8211; lakkimine v\u00f5imaldab toodet kasutada nii sise- kui ka v\u00e4listingimustes<\/span><br \/>\n<span style=\"font-size: medium;\">&#8211; erinevad m\u00f5\u00f5tmed v\u00f5imaldavad valmistada riiulit teie soovitud m\u00f5\u00f5tmetega.<\/span><br \/>\n<span style=\"font-size: medium;\">&#8211; Osade n\u00f5uetekohane viimistlemine tagab ohutu kokkupaneku ja kasutamise<\/span><br \/>\n<span style=\"font-size: medium;\">&#8211; toode on t\u00e4iesti sile t\u00e4nu professionaalsele lakkimismeetodile<\/span><br \/>\n<span style=\"font-size: medium;\">&#8211; v\u00f5imalus valmistada riiul erinevatest paksustest laudadest\/plankudest<\/span><br \/>\n<span style=\"font-size: medium;\">&#8211; toote kuju v\u00f5imaldab paigaldamist mis tahes hoidiku varre<\/span><\/p>\n<hr>\n<p><span style=\"font-size: medium;\">VALENCIA klamber v\u00f5imaldab teil valmistada riiul, mis kaunistab teie maja, korterit, samuti veranda v\u00f5i lehtla. Sellest hoidjast valmistatud riiul on suurep\u00e4rane t\u00e4iendus igat t\u00fc\u00fcpi interj\u00f6\u00f6rile. Kanduri must v\u00e4rvus ja peenelt rullivad otsad on t\u00e4iuslik alus Provence&#8217;i riiulile.  <\/span><\/p>\n<hr>\n<p style=\"text-align: left;\">*Riiulite klambrid on k\u00e4sitsi valmistatud, seega v\u00f5ib esineda v\u00e4ike k\u00f5rvalekalle (mitte t\u00e4pselt 90\u00b0).<\/p>\n<\/div>\n","protected":false},"excerpt":{"rendered":"<p>Mudel AG.12347 EAN. 5905369911842 Materjal teras \u00dcldine k\u00f5rgus (cm) 15 \u00dcldine laius (cm) 2 Koguprojektsioon (cm) 15 Paigalduskruvid Jah Aluse<\/p>\n","protected":false},"featured_media":84059,"comment_status":"open","ping_status":"closed","template":"","meta":{"_acf_changed":false,"pmpro_default_level":""},"product_brand":[],"product_cat":[23859,23836],"product_tag":[],"class_list":{"0":"post-138749","1":"product","2":"type-product","3":"status-publish","4":"has-post-thumbnail","6":"product_cat-lentynu-laikikliai-et","7":"product_cat-moobli-tarvikud","8":"pmpro-has-access","10":"first","11":"instock","12":"shipping-taxable","13":"purchasable","14":"product-type-simple"},"acf":[],"yoast_head":"<!-- This site is optimized with the Yoast SEO plugin v24.9 - https:\/\/yoast.com\/wordpress\/plugins\/seo\/ -->\n<title>Riiulihoidik VALENCIA 150x150 mm MUSTA - MetalTale.com<\/title>\n<meta name=\"robots\" content=\"index, follow, max-snippet:-1, max-image-preview:large, max-video-preview:-1\" \/>\n<link rel=\"canonical\" href=\"https:\/\/metaltale.com\/et\/toode\/riiulihoidik-valencia-150x150-mm-musta\/\" \/>\n<meta property=\"og:locale\" content=\"et_EE\" \/>\n<meta property=\"og:type\" content=\"article\" \/>\n<meta property=\"og:title\" content=\"Riiulihoidik VALENCIA 150x150 mm MUSTA - MetalTale.com\" \/>\n<meta property=\"og:description\" content=\"Mudel AG.12347 EAN. 5905369911842 Materjal teras \u00dcldine k\u00f5rgus (cm) 15 \u00dcldine laius (cm) 2 Koguprojektsioon (cm) 15 Paigalduskruvid Jah Aluse\" \/>\n<meta property=\"og:url\" content=\"https:\/\/metaltale.com\/et\/toode\/riiulihoidik-valencia-150x150-mm-musta\/\" \/>\n<meta property=\"og:site_name\" content=\"MetalTale.com\" \/>\n<meta property=\"og:image\" content=\"https:\/\/metaltale.com\/wp-content\/uploads\/2023\/10\/VALENSIJOS-laikiklis.jpg\" \/>\n\t<meta property=\"og:image:width\" content=\"800\" \/>\n\t<meta property=\"og:image:height\" content=\"800\" \/>\n\t<meta property=\"og:image:type\" content=\"image\/jpeg\" \/>\n<meta name=\"twitter:card\" content=\"summary_large_image\" \/>\n<meta name=\"twitter:label1\" content=\"Est. reading time\" \/>\n\t<meta name=\"twitter:data1\" content=\"1 minut\" \/>\n<script type=\"application\/ld+json\" class=\"yoast-schema-graph\">{\"@context\":\"https:\/\/schema.org\",\"@graph\":[{\"@type\":\"WebPage\",\"@id\":\"https:\/\/metaltale.com\/et\/toode\/riiulihoidik-valencia-150x150-mm-musta\/\",\"url\":\"https:\/\/metaltale.com\/et\/toode\/riiulihoidik-valencia-150x150-mm-musta\/\",\"name\":\"Riiulihoidik VALENCIA 150x150 mm MUSTA - MetalTale.com\",\"isPartOf\":{\"@id\":\"https:\/\/metaltale.com\/et\/#website\"},\"primaryImageOfPage\":{\"@id\":\"https:\/\/metaltale.com\/et\/toode\/riiulihoidik-valencia-150x150-mm-musta\/#primaryimage\"},\"image\":{\"@id\":\"https:\/\/metaltale.com\/et\/toode\/riiulihoidik-valencia-150x150-mm-musta\/#primaryimage\"},\"thumbnailUrl\":\"https:\/\/metaltale.com\/wp-content\/uploads\/2023\/10\/VALENSIJOS-laikiklis.jpg\",\"datePublished\":\"2024-02-13T12:01:04+00:00\",\"breadcrumb\":{\"@id\":\"https:\/\/metaltale.com\/et\/toode\/riiulihoidik-valencia-150x150-mm-musta\/#breadcrumb\"},\"inLanguage\":\"et\",\"potentialAction\":[{\"@type\":\"ReadAction\",\"target\":[\"https:\/\/metaltale.com\/et\/toode\/riiulihoidik-valencia-150x150-mm-musta\/\"]}]},{\"@type\":\"ImageObject\",\"inLanguage\":\"et\",\"@id\":\"https:\/\/metaltale.com\/et\/toode\/riiulihoidik-valencia-150x150-mm-musta\/#primaryimage\",\"url\":\"https:\/\/metaltale.com\/wp-content\/uploads\/2023\/10\/VALENSIJOS-laikiklis.jpg\",\"contentUrl\":\"https:\/\/metaltale.com\/wp-content\/uploads\/2023\/10\/VALENSIJOS-laikiklis.jpg\",\"width\":800,\"height\":800,\"caption\":\"Riiulihoidik VALENCIA 150x150 mm MUSTA\"},{\"@type\":\"BreadcrumbList\",\"@id\":\"https:\/\/metaltale.com\/et\/toode\/riiulihoidik-valencia-150x150-mm-musta\/#breadcrumb\",\"itemListElement\":[{\"@type\":\"ListItem\",\"position\":1,\"name\":\"Home\",\"item\":\"https:\/\/metaltale.com\/et\/kodu\/\"},{\"@type\":\"ListItem\",\"position\":2,\"name\":\"Kauplus\",\"item\":\"https:\/\/metaltale.com\/et\/shop\/\"},{\"@type\":\"ListItem\",\"position\":3,\"name\":\"Riiulihoidik VALENCIA 150&#215;150 mm MUSTA\"}]},{\"@type\":\"WebSite\",\"@id\":\"https:\/\/metaltale.com\/et\/#website\",\"url\":\"https:\/\/metaltale.com\/et\/\",\"name\":\"Metaltale.com\",\"description\":\"\",\"potentialAction\":[{\"@type\":\"SearchAction\",\"target\":{\"@type\":\"EntryPoint\",\"urlTemplate\":\"https:\/\/metaltale.com\/et\/?s={search_term_string}\"},\"query-input\":{\"@type\":\"PropertyValueSpecification\",\"valueRequired\":true,\"valueName\":\"search_term_string\"}}],\"inLanguage\":\"et\"}]}<\/script>\n<!-- \/ Yoast SEO plugin. -->","yoast_head_json":{"title":"Riiulihoidik VALENCIA 150x150 mm MUSTA - MetalTale.com","robots":{"index":"index","follow":"follow","max-snippet":"max-snippet:-1","max-image-preview":"max-image-preview:large","max-video-preview":"max-video-preview:-1"},"canonical":"https:\/\/metaltale.com\/et\/toode\/riiulihoidik-valencia-150x150-mm-musta\/","og_locale":"et_EE","og_type":"article","og_title":"Riiulihoidik VALENCIA 150x150 mm MUSTA - MetalTale.com","og_description":"Mudel AG.12347 EAN. 5905369911842 Materjal teras \u00dcldine k\u00f5rgus (cm) 15 \u00dcldine laius (cm) 2 Koguprojektsioon (cm) 15 Paigalduskruvid Jah Aluse","og_url":"https:\/\/metaltale.com\/et\/toode\/riiulihoidik-valencia-150x150-mm-musta\/","og_site_name":"MetalTale.com","og_image":[{"width":800,"height":800,"url":"https:\/\/metaltale.com\/wp-content\/uploads\/2023\/10\/VALENSIJOS-laikiklis.jpg","type":"image\/jpeg"}],"twitter_card":"summary_large_image","twitter_misc":{"Est. reading time":"1 minut"},"schema":{"@context":"https:\/\/schema.org","@graph":[{"@type":"WebPage","@id":"https:\/\/metaltale.com\/et\/toode\/riiulihoidik-valencia-150x150-mm-musta\/","url":"https:\/\/metaltale.com\/et\/toode\/riiulihoidik-valencia-150x150-mm-musta\/","name":"Riiulihoidik VALENCIA 150x150 mm MUSTA - MetalTale.com","isPartOf":{"@id":"https:\/\/metaltale.com\/et\/#website"},"primaryImageOfPage":{"@id":"https:\/\/metaltale.com\/et\/toode\/riiulihoidik-valencia-150x150-mm-musta\/#primaryimage"},"image":{"@id":"https:\/\/metaltale.com\/et\/toode\/riiulihoidik-valencia-150x150-mm-musta\/#primaryimage"},"thumbnailUrl":"https:\/\/metaltale.com\/wp-content\/uploads\/2023\/10\/VALENSIJOS-laikiklis.jpg","datePublished":"2024-02-13T12:01:04+00:00","breadcrumb":{"@id":"https:\/\/metaltale.com\/et\/toode\/riiulihoidik-valencia-150x150-mm-musta\/#breadcrumb"},"inLanguage":"et","potentialAction":[{"@type":"ReadAction","target":["https:\/\/metaltale.com\/et\/toode\/riiulihoidik-valencia-150x150-mm-musta\/"]}]},{"@type":"ImageObject","inLanguage":"et","@id":"https:\/\/metaltale.com\/et\/toode\/riiulihoidik-valencia-150x150-mm-musta\/#primaryimage","url":"https:\/\/metaltale.com\/wp-content\/uploads\/2023\/10\/VALENSIJOS-laikiklis.jpg","contentUrl":"https:\/\/metaltale.com\/wp-content\/uploads\/2023\/10\/VALENSIJOS-laikiklis.jpg","width":800,"height":800,"caption":"Riiulihoidik VALENCIA 150x150 mm MUSTA"},{"@type":"BreadcrumbList","@id":"https:\/\/metaltale.com\/et\/toode\/riiulihoidik-valencia-150x150-mm-musta\/#breadcrumb","itemListElement":[{"@type":"ListItem","position":1,"name":"Home","item":"https:\/\/metaltale.com\/et\/kodu\/"},{"@type":"ListItem","position":2,"name":"Kauplus","item":"https:\/\/metaltale.com\/et\/shop\/"},{"@type":"ListItem","position":3,"name":"Riiulihoidik VALENCIA 150&#215;150 mm MUSTA"}]},{"@type":"WebSite","@id":"https:\/\/metaltale.com\/et\/#website","url":"https:\/\/metaltale.com\/et\/","name":"Metaltale.com","description":"","potentialAction":[{"@type":"SearchAction","target":{"@type":"EntryPoint","urlTemplate":"https:\/\/metaltale.com\/et\/?s={search_term_string}"},"query-input":{"@type":"PropertyValueSpecification","valueRequired":true,"valueName":"search_term_string"}}],"inLanguage":"et"}]}},"_links":{"self":[{"href":"https:\/\/metaltale.com\/et\/wp-json\/wp\/v2\/product\/138749","targetHints":{"allow":["GET"]}}],"collection":[{"href":"https:\/\/metaltale.com\/et\/wp-json\/wp\/v2\/product"}],"about":[{"href":"https:\/\/metaltale.com\/et\/wp-json\/wp\/v2\/types\/product"}],"replies":[{"embeddable":true,"href":"https:\/\/metaltale.com\/et\/wp-json\/wp\/v2\/comments?post=138749"}],"version-history":[{"count":0,"href":"https:\/\/metaltale.com\/et\/wp-json\/wp\/v2\/product\/138749\/revisions"}],"wp:featuredmedia":[{"embeddable":true,"href":"https:\/\/metaltale.com\/et\/wp-json\/wp\/v2\/media\/84059"}],"wp:attachment":[{"href":"https:\/\/metaltale.com\/et\/wp-json\/wp\/v2\/media?parent=138749"}],"wp:term":[{"taxonomy":"product_brand","embeddable":true,"href":"https:\/\/metaltale.com\/et\/wp-json\/wp\/v2\/product_brand?post=138749"},{"taxonomy":"product_cat","embeddable":true,"href":"https:\/\/metaltale.com\/et\/wp-json\/wp\/v2\/product_cat?post=138749"},{"taxonomy":"product_tag","embeddable":true,"href":"https:\/\/metaltale.com\/et\/wp-json\/wp\/v2\/product_tag?post=138749"}],"curies":[{"name":"wp","href":"https:\/\/api.w.org\/{rel}","templated":true}]}}