{"id":138708,"date":"2024-02-13T13:59:38","date_gmt":"2024-02-13T11:59:38","guid":{"rendered":"https:\/\/metaltale.com\/produktas\/riiulitugi-engraveeritud-130x130-mm\/"},"modified":"2024-02-13T13:59:38","modified_gmt":"2024-02-13T11:59:38","slug":"riiulitugi-engraveeritud-130x130-mm","status":"publish","type":"product","link":"https:\/\/metaltale.com\/et\/toode\/riiulitugi-engraveeritud-130x130-mm\/","title":{"rendered":"Riiulitugi ENGRAVEERITUD 130&#215;130 mm"},"content":{"rendered":"<div class=\"prod_data\">\n<p><strong>Mudel<\/strong> 70.070FXX<br \/>\nMaterjal Ketus<br \/>\n<strong>Koguk\u00f5rgus (cm<\/strong> ) Valikuv\u00f5imalus<br \/>\nPaigalduskruvid Jah<br \/>\n<strong>V\u00e4rv<\/strong> teras<br \/>\nKogus komplekti kohta 1 tk.<\/p>\n<p>&#8211; k\u00f5rgekvaliteedilisest survevalust valmistatud malmist klamber<br \/>\n&#8211; zhitty kinnitusaugud v\u00f5imaldavad kruvide joondamist klambri pinnaga, andes sellele \u00fchtlase pinna<br \/>\n&#8211; Riiuli valmistamiseks v\u00f5ib kasutada MDF- v\u00f5i puitlaastplaati, kuid k\u00f5ige paremini n\u00e4eb klamber v\u00e4lja naturaalsest puidust.<br \/>\n&#8211; \u00fcmardatud servad on esteetilise funktsiooniga ja m\u00f5jutavad toote ohutust.<br \/>\n&#8211; klambrit eristab ettev\u00f5tte nime \u00fchendavate t\u00e4htede t\u00e4pne vormimine.<\/p>\n<hr>\n<p>Originaalne ja pilkup\u00fc\u00fcdev ENGRAVED hoidja on ideaalne t\u00e4iendus igasse moodsasse ja retroh\u00f5ngulisse interj\u00f6\u00f6ri. Kujude ja vormide valik muudab toote v\u00e4limuse v\u00e4ga muljetavaldavaks. T\u00e4pselt valmistatud, see tagab stabiilsuse ja vastupidavuse. T\u00e4nu oma erinevatele m\u00f5\u00f5tmetele toimib hoidja tugevaks riiuliks raamatute v\u00f5i dekoratsioonide jaoks. Toorest malmist struktuur muudab hoidja v\u00e4ljan\u00e4gemise t\u00f5elise antiikm\u00f6\u00f6bli sarnaseks.<\/p>\n<hr>\n<p style=\"text-align: left;\">*Riiulite klambrid on k\u00e4sitsi valmistatud, seega v\u00f5ib esineda v\u00e4ike k\u00f5rvalekalle (mitte t\u00e4pselt 90\u00b0).<\/p>\n<\/div>\n","protected":false},"excerpt":{"rendered":"<p>Mudel 70.070FXX Materjal Ketus Koguk\u00f5rgus (cm ) Valikuv\u00f5imalus Paigalduskruvid Jah V\u00e4rv teras Kogus komplekti kohta 1 tk. &#8211; k\u00f5rgekvaliteedilisest survevalust<\/p>\n","protected":false},"featured_media":101151,"comment_status":"open","ping_status":"closed","template":"","meta":{"_acf_changed":false,"pmpro_default_level":""},"product_brand":[],"product_cat":[23859,23836],"product_tag":[],"class_list":{"0":"post-138708","1":"product","2":"type-product","3":"status-publish","4":"has-post-thumbnail","6":"product_cat-lentynu-laikikliai-et","7":"product_cat-moobli-tarvikud","8":"pmpro-has-access","10":"first","11":"instock","12":"shipping-taxable","13":"purchasable","14":"product-type-simple"},"acf":[],"yoast_head":"<!-- This site is optimized with the Yoast SEO plugin v24.9 - https:\/\/yoast.com\/wordpress\/plugins\/seo\/ -->\n<title>Riiulitugi ENGRAVEERITUD 130x130 mm - MetalTale.com<\/title>\n<meta name=\"robots\" content=\"index, follow, max-snippet:-1, max-image-preview:large, max-video-preview:-1\" \/>\n<link rel=\"canonical\" href=\"https:\/\/metaltale.com\/et\/toode\/riiulitugi-engraveeritud-130x130-mm\/\" \/>\n<meta property=\"og:locale\" content=\"et_EE\" \/>\n<meta property=\"og:type\" content=\"article\" \/>\n<meta property=\"og:title\" content=\"Riiulitugi ENGRAVEERITUD 130x130 mm - MetalTale.com\" \/>\n<meta property=\"og:description\" content=\"Mudel 70.070FXX Materjal Ketus Koguk\u00f5rgus (cm ) Valikuv\u00f5imalus Paigalduskruvid Jah V\u00e4rv teras Kogus komplekti kohta 1 tk. &#8211; k\u00f5rgekvaliteedilisest survevalust\" \/>\n<meta property=\"og:url\" content=\"https:\/\/metaltale.com\/et\/toode\/riiulitugi-engraveeritud-130x130-mm\/\" \/>\n<meta property=\"og:site_name\" content=\"MetalTale.com\" \/>\n<meta property=\"og:image\" content=\"https:\/\/metaltale.com\/wp-content\/uploads\/2023\/11\/Laikiklis-GRAVIRUOTAS-130x130-plienas.jpg\" \/>\n\t<meta property=\"og:image:width\" content=\"800\" \/>\n\t<meta property=\"og:image:height\" content=\"800\" \/>\n\t<meta property=\"og:image:type\" content=\"image\/jpeg\" \/>\n<meta name=\"twitter:card\" content=\"summary_large_image\" \/>\n<meta name=\"twitter:label1\" content=\"Est. reading time\" \/>\n\t<meta name=\"twitter:data1\" content=\"1 minut\" \/>\n<script type=\"application\/ld+json\" class=\"yoast-schema-graph\">{\"@context\":\"https:\/\/schema.org\",\"@graph\":[{\"@type\":\"WebPage\",\"@id\":\"https:\/\/metaltale.com\/et\/toode\/riiulitugi-engraveeritud-130x130-mm\/\",\"url\":\"https:\/\/metaltale.com\/et\/toode\/riiulitugi-engraveeritud-130x130-mm\/\",\"name\":\"Riiulitugi ENGRAVEERITUD 130x130 mm - MetalTale.com\",\"isPartOf\":{\"@id\":\"https:\/\/metaltale.com\/et\/#website\"},\"primaryImageOfPage\":{\"@id\":\"https:\/\/metaltale.com\/et\/toode\/riiulitugi-engraveeritud-130x130-mm\/#primaryimage\"},\"image\":{\"@id\":\"https:\/\/metaltale.com\/et\/toode\/riiulitugi-engraveeritud-130x130-mm\/#primaryimage\"},\"thumbnailUrl\":\"https:\/\/metaltale.com\/wp-content\/uploads\/2023\/11\/Laikiklis-GRAVIRUOTAS-130x130-plienas.jpg\",\"datePublished\":\"2024-02-13T11:59:38+00:00\",\"breadcrumb\":{\"@id\":\"https:\/\/metaltale.com\/et\/toode\/riiulitugi-engraveeritud-130x130-mm\/#breadcrumb\"},\"inLanguage\":\"et\",\"potentialAction\":[{\"@type\":\"ReadAction\",\"target\":[\"https:\/\/metaltale.com\/et\/toode\/riiulitugi-engraveeritud-130x130-mm\/\"]}]},{\"@type\":\"ImageObject\",\"inLanguage\":\"et\",\"@id\":\"https:\/\/metaltale.com\/et\/toode\/riiulitugi-engraveeritud-130x130-mm\/#primaryimage\",\"url\":\"https:\/\/metaltale.com\/wp-content\/uploads\/2023\/11\/Laikiklis-GRAVIRUOTAS-130x130-plienas.jpg\",\"contentUrl\":\"https:\/\/metaltale.com\/wp-content\/uploads\/2023\/11\/Laikiklis-GRAVIRUOTAS-130x130-plienas.jpg\",\"width\":800,\"height\":800,\"caption\":\"Riiulitugi ENGRAVEERITUD 155x155 mm\"},{\"@type\":\"BreadcrumbList\",\"@id\":\"https:\/\/metaltale.com\/et\/toode\/riiulitugi-engraveeritud-130x130-mm\/#breadcrumb\",\"itemListElement\":[{\"@type\":\"ListItem\",\"position\":1,\"name\":\"Home\",\"item\":\"https:\/\/metaltale.com\/et\/kodu\/\"},{\"@type\":\"ListItem\",\"position\":2,\"name\":\"Kauplus\",\"item\":\"https:\/\/metaltale.com\/et\/shop\/\"},{\"@type\":\"ListItem\",\"position\":3,\"name\":\"Riiulitugi ENGRAVEERITUD 130&#215;130 mm\"}]},{\"@type\":\"WebSite\",\"@id\":\"https:\/\/metaltale.com\/et\/#website\",\"url\":\"https:\/\/metaltale.com\/et\/\",\"name\":\"Metaltale.com\",\"description\":\"\",\"potentialAction\":[{\"@type\":\"SearchAction\",\"target\":{\"@type\":\"EntryPoint\",\"urlTemplate\":\"https:\/\/metaltale.com\/et\/?s={search_term_string}\"},\"query-input\":{\"@type\":\"PropertyValueSpecification\",\"valueRequired\":true,\"valueName\":\"search_term_string\"}}],\"inLanguage\":\"et\"}]}<\/script>\n<!-- \/ Yoast SEO plugin. -->","yoast_head_json":{"title":"Riiulitugi ENGRAVEERITUD 130x130 mm - MetalTale.com","robots":{"index":"index","follow":"follow","max-snippet":"max-snippet:-1","max-image-preview":"max-image-preview:large","max-video-preview":"max-video-preview:-1"},"canonical":"https:\/\/metaltale.com\/et\/toode\/riiulitugi-engraveeritud-130x130-mm\/","og_locale":"et_EE","og_type":"article","og_title":"Riiulitugi ENGRAVEERITUD 130x130 mm - MetalTale.com","og_description":"Mudel 70.070FXX Materjal Ketus Koguk\u00f5rgus (cm ) Valikuv\u00f5imalus Paigalduskruvid Jah V\u00e4rv teras Kogus komplekti kohta 1 tk. &#8211; k\u00f5rgekvaliteedilisest survevalust","og_url":"https:\/\/metaltale.com\/et\/toode\/riiulitugi-engraveeritud-130x130-mm\/","og_site_name":"MetalTale.com","og_image":[{"width":800,"height":800,"url":"https:\/\/metaltale.com\/wp-content\/uploads\/2023\/11\/Laikiklis-GRAVIRUOTAS-130x130-plienas.jpg","type":"image\/jpeg"}],"twitter_card":"summary_large_image","twitter_misc":{"Est. reading time":"1 minut"},"schema":{"@context":"https:\/\/schema.org","@graph":[{"@type":"WebPage","@id":"https:\/\/metaltale.com\/et\/toode\/riiulitugi-engraveeritud-130x130-mm\/","url":"https:\/\/metaltale.com\/et\/toode\/riiulitugi-engraveeritud-130x130-mm\/","name":"Riiulitugi ENGRAVEERITUD 130x130 mm - MetalTale.com","isPartOf":{"@id":"https:\/\/metaltale.com\/et\/#website"},"primaryImageOfPage":{"@id":"https:\/\/metaltale.com\/et\/toode\/riiulitugi-engraveeritud-130x130-mm\/#primaryimage"},"image":{"@id":"https:\/\/metaltale.com\/et\/toode\/riiulitugi-engraveeritud-130x130-mm\/#primaryimage"},"thumbnailUrl":"https:\/\/metaltale.com\/wp-content\/uploads\/2023\/11\/Laikiklis-GRAVIRUOTAS-130x130-plienas.jpg","datePublished":"2024-02-13T11:59:38+00:00","breadcrumb":{"@id":"https:\/\/metaltale.com\/et\/toode\/riiulitugi-engraveeritud-130x130-mm\/#breadcrumb"},"inLanguage":"et","potentialAction":[{"@type":"ReadAction","target":["https:\/\/metaltale.com\/et\/toode\/riiulitugi-engraveeritud-130x130-mm\/"]}]},{"@type":"ImageObject","inLanguage":"et","@id":"https:\/\/metaltale.com\/et\/toode\/riiulitugi-engraveeritud-130x130-mm\/#primaryimage","url":"https:\/\/metaltale.com\/wp-content\/uploads\/2023\/11\/Laikiklis-GRAVIRUOTAS-130x130-plienas.jpg","contentUrl":"https:\/\/metaltale.com\/wp-content\/uploads\/2023\/11\/Laikiklis-GRAVIRUOTAS-130x130-plienas.jpg","width":800,"height":800,"caption":"Riiulitugi ENGRAVEERITUD 155x155 mm"},{"@type":"BreadcrumbList","@id":"https:\/\/metaltale.com\/et\/toode\/riiulitugi-engraveeritud-130x130-mm\/#breadcrumb","itemListElement":[{"@type":"ListItem","position":1,"name":"Home","item":"https:\/\/metaltale.com\/et\/kodu\/"},{"@type":"ListItem","position":2,"name":"Kauplus","item":"https:\/\/metaltale.com\/et\/shop\/"},{"@type":"ListItem","position":3,"name":"Riiulitugi ENGRAVEERITUD 130&#215;130 mm"}]},{"@type":"WebSite","@id":"https:\/\/metaltale.com\/et\/#website","url":"https:\/\/metaltale.com\/et\/","name":"Metaltale.com","description":"","potentialAction":[{"@type":"SearchAction","target":{"@type":"EntryPoint","urlTemplate":"https:\/\/metaltale.com\/et\/?s={search_term_string}"},"query-input":{"@type":"PropertyValueSpecification","valueRequired":true,"valueName":"search_term_string"}}],"inLanguage":"et"}]}},"_links":{"self":[{"href":"https:\/\/metaltale.com\/et\/wp-json\/wp\/v2\/product\/138708","targetHints":{"allow":["GET"]}}],"collection":[{"href":"https:\/\/metaltale.com\/et\/wp-json\/wp\/v2\/product"}],"about":[{"href":"https:\/\/metaltale.com\/et\/wp-json\/wp\/v2\/types\/product"}],"replies":[{"embeddable":true,"href":"https:\/\/metaltale.com\/et\/wp-json\/wp\/v2\/comments?post=138708"}],"version-history":[{"count":0,"href":"https:\/\/metaltale.com\/et\/wp-json\/wp\/v2\/product\/138708\/revisions"}],"wp:featuredmedia":[{"embeddable":true,"href":"https:\/\/metaltale.com\/et\/wp-json\/wp\/v2\/media\/101151"}],"wp:attachment":[{"href":"https:\/\/metaltale.com\/et\/wp-json\/wp\/v2\/media?parent=138708"}],"wp:term":[{"taxonomy":"product_brand","embeddable":true,"href":"https:\/\/metaltale.com\/et\/wp-json\/wp\/v2\/product_brand?post=138708"},{"taxonomy":"product_cat","embeddable":true,"href":"https:\/\/metaltale.com\/et\/wp-json\/wp\/v2\/product_cat?post=138708"},{"taxonomy":"product_tag","embeddable":true,"href":"https:\/\/metaltale.com\/et\/wp-json\/wp\/v2\/product_tag?post=138708"}],"curies":[{"name":"wp","href":"https:\/\/api.w.org\/{rel}","templated":true}]}}