{"id":138679,"date":"2024-02-13T14:01:04","date_gmt":"2024-02-13T12:01:04","guid":{"rendered":"https:\/\/metaltale.com\/produktas\/riiulitugi-blanka-120x180-mm-must\/"},"modified":"2024-02-13T14:01:04","modified_gmt":"2024-02-13T12:01:04","slug":"riiulitugi-blanka-120x180-mm-must","status":"publish","type":"product","link":"https:\/\/metaltale.com\/et\/toode\/riiulitugi-blanka-120x180-mm-must\/","title":{"rendered":"Riiulitugi BLANKA 120&#215;180 mm must"},"content":{"rendered":"<div class=\"prod_data\">\n<p><strong>Mudel<\/strong> FOR. WDRXX<br \/>\n<strong>Materjal<\/strong> teras<br \/>\n<strong>Koguk\u00f5rgus (cm<\/strong> ) Valikuv\u00f5imalus<br \/>\n<strong>Koguprojektsioon (cm)<\/strong> 18<br \/>\nPaigalduskruvid Ei<br \/>\n<strong>V\u00e4rv<\/strong> Must<br \/>\n<strong>Kogus komplekti kohta<\/strong> 2 tk.<\/p>\n<p>&#8211; mitmek\u00fclgsus v\u00f5imaldab kasutada hoidikut erinevatest materjalidest valmistatud riiulite jaoks: puit, puitlaastplaat ja MDF-plaat.<br \/>\n&#8211; originaalne disain, mis tuleneb varda ja lamevarda kombinatsioonist, eristab toodet teistest oma kategooria toodetest.<br \/>\n&#8211; vastupidavus ja stabiilsus, mis on tagatud eespool nimetatud sidemete abil<br \/>\n&#8211; Pulbrilise pinnakatte kasutamine tagab suure vastupidavuse kriimustuste ja muljumiste suhtes.<br \/>\n&#8211; k\u00f5rgekvaliteediline lakkviimistlus tagab v\u00e4rvi pikaajalise s\u00e4ilimise<br \/>\n&#8211; erinevad m\u00f5\u00f5tmed ja v\u00e4rvid, et luua k\u00f5ige sobivamate m\u00f5\u00f5tmetega riiul<br \/>\n&#8211; V\u00f5imalus kasutada erineva paksusega laudu \/ planku<br \/>\n&#8211; Servade ja nurkade lihvimine tagab ohutu kokkupaneku ja kasutamise.<\/p>\n<hr>\n<p style=\"margin-bottom: 0cm;\">Blanka t\u00f6\u00f6stuslikud riiulid on pakkumine k\u00f5igile neile, kes otsivad praktilisi ja vastupidavaid tooteid, millel on lihtne arhitektuur, kuid ebatavaline disain.<\/p>\n<hr>\n<p style=\"margin-bottom: 0cm; text-align: left;\">*Riiulite klambrid on k\u00e4sitsi valmistatud, seega v\u00f5ib esineda v\u00e4ike k\u00f5rvalekalle (mitte t\u00e4pselt 90\u00b0).<\/p>\n<\/div>\n","protected":false},"excerpt":{"rendered":"<p>Mudel FOR. WDRXX Materjal teras Koguk\u00f5rgus (cm ) Valikuv\u00f5imalus Koguprojektsioon (cm) 18 Paigalduskruvid Ei V\u00e4rv Must Kogus komplekti kohta 2<\/p>\n","protected":false},"featured_media":131709,"comment_status":"open","ping_status":"closed","template":"","meta":{"_acf_changed":false,"pmpro_default_level":""},"product_brand":[],"product_cat":[23859,23836],"product_tag":[],"class_list":{"0":"post-138679","1":"product","2":"type-product","3":"status-publish","4":"has-post-thumbnail","6":"product_cat-lentynu-laikikliai-et","7":"product_cat-moobli-tarvikud","8":"pmpro-has-access","10":"first","11":"instock","12":"shipping-taxable","13":"purchasable","14":"product-type-simple"},"acf":[],"yoast_head":"<!-- This site is optimized with the Yoast SEO plugin v24.9 - https:\/\/yoast.com\/wordpress\/plugins\/seo\/ -->\n<title>Riiulitugi BLANKA 120x180 mm must - MetalTale.com<\/title>\n<meta name=\"robots\" content=\"index, follow, max-snippet:-1, max-image-preview:large, max-video-preview:-1\" \/>\n<link rel=\"canonical\" href=\"https:\/\/metaltale.com\/et\/toode\/riiulitugi-blanka-120x180-mm-must\/\" \/>\n<meta property=\"og:locale\" content=\"et_EE\" \/>\n<meta property=\"og:type\" content=\"article\" \/>\n<meta property=\"og:title\" content=\"Riiulitugi BLANKA 120x180 mm must - MetalTale.com\" \/>\n<meta property=\"og:description\" content=\"Mudel FOR. WDRXX Materjal teras Koguk\u00f5rgus (cm ) Valikuv\u00f5imalus Koguprojektsioon (cm) 18 Paigalduskruvid Ei V\u00e4rv Must Kogus komplekti kohta 2\" \/>\n<meta property=\"og:url\" content=\"https:\/\/metaltale.com\/et\/toode\/riiulitugi-blanka-120x180-mm-must\/\" \/>\n<meta property=\"og:site_name\" content=\"MetalTale.com\" \/>\n<meta property=\"og:image\" content=\"https:\/\/metaltale.com\/wp-content\/uploads\/2024\/02\/Lentynos-atramos-BLANKA-90x130-mm-juoda.jpg\" \/>\n\t<meta property=\"og:image:width\" content=\"800\" \/>\n\t<meta property=\"og:image:height\" content=\"800\" \/>\n\t<meta property=\"og:image:type\" content=\"image\/jpeg\" \/>\n<meta name=\"twitter:card\" content=\"summary_large_image\" \/>\n<meta name=\"twitter:label1\" content=\"Est. reading time\" \/>\n\t<meta name=\"twitter:data1\" content=\"1 minut\" \/>\n<script type=\"application\/ld+json\" class=\"yoast-schema-graph\">{\"@context\":\"https:\/\/schema.org\",\"@graph\":[{\"@type\":\"WebPage\",\"@id\":\"https:\/\/metaltale.com\/et\/toode\/riiulitugi-blanka-120x180-mm-must\/\",\"url\":\"https:\/\/metaltale.com\/et\/toode\/riiulitugi-blanka-120x180-mm-must\/\",\"name\":\"Riiulitugi BLANKA 120x180 mm must - MetalTale.com\",\"isPartOf\":{\"@id\":\"https:\/\/metaltale.com\/et\/#website\"},\"primaryImageOfPage\":{\"@id\":\"https:\/\/metaltale.com\/et\/toode\/riiulitugi-blanka-120x180-mm-must\/#primaryimage\"},\"image\":{\"@id\":\"https:\/\/metaltale.com\/et\/toode\/riiulitugi-blanka-120x180-mm-must\/#primaryimage\"},\"thumbnailUrl\":\"https:\/\/metaltale.com\/wp-content\/uploads\/2024\/02\/Lentynos-atramos-BLANKA-90x130-mm-juoda.jpg\",\"datePublished\":\"2024-02-13T12:01:04+00:00\",\"breadcrumb\":{\"@id\":\"https:\/\/metaltale.com\/et\/toode\/riiulitugi-blanka-120x180-mm-must\/#breadcrumb\"},\"inLanguage\":\"et\",\"potentialAction\":[{\"@type\":\"ReadAction\",\"target\":[\"https:\/\/metaltale.com\/et\/toode\/riiulitugi-blanka-120x180-mm-must\/\"]}]},{\"@type\":\"ImageObject\",\"inLanguage\":\"et\",\"@id\":\"https:\/\/metaltale.com\/et\/toode\/riiulitugi-blanka-120x180-mm-must\/#primaryimage\",\"url\":\"https:\/\/metaltale.com\/wp-content\/uploads\/2024\/02\/Lentynos-atramos-BLANKA-90x130-mm-juoda.jpg\",\"contentUrl\":\"https:\/\/metaltale.com\/wp-content\/uploads\/2024\/02\/Lentynos-atramos-BLANKA-90x130-mm-juoda.jpg\",\"width\":800,\"height\":800,\"caption\":\"Riiulitoed BLANKA 90x130 mm mustad\"},{\"@type\":\"BreadcrumbList\",\"@id\":\"https:\/\/metaltale.com\/et\/toode\/riiulitugi-blanka-120x180-mm-must\/#breadcrumb\",\"itemListElement\":[{\"@type\":\"ListItem\",\"position\":1,\"name\":\"Home\",\"item\":\"https:\/\/metaltale.com\/et\/kodu\/\"},{\"@type\":\"ListItem\",\"position\":2,\"name\":\"Kauplus\",\"item\":\"https:\/\/metaltale.com\/et\/shop\/\"},{\"@type\":\"ListItem\",\"position\":3,\"name\":\"Riiulitugi BLANKA 120&#215;180 mm must\"}]},{\"@type\":\"WebSite\",\"@id\":\"https:\/\/metaltale.com\/et\/#website\",\"url\":\"https:\/\/metaltale.com\/et\/\",\"name\":\"Metaltale.com\",\"description\":\"\",\"potentialAction\":[{\"@type\":\"SearchAction\",\"target\":{\"@type\":\"EntryPoint\",\"urlTemplate\":\"https:\/\/metaltale.com\/et\/?s={search_term_string}\"},\"query-input\":{\"@type\":\"PropertyValueSpecification\",\"valueRequired\":true,\"valueName\":\"search_term_string\"}}],\"inLanguage\":\"et\"}]}<\/script>\n<!-- \/ Yoast SEO plugin. -->","yoast_head_json":{"title":"Riiulitugi BLANKA 120x180 mm must - MetalTale.com","robots":{"index":"index","follow":"follow","max-snippet":"max-snippet:-1","max-image-preview":"max-image-preview:large","max-video-preview":"max-video-preview:-1"},"canonical":"https:\/\/metaltale.com\/et\/toode\/riiulitugi-blanka-120x180-mm-must\/","og_locale":"et_EE","og_type":"article","og_title":"Riiulitugi BLANKA 120x180 mm must - MetalTale.com","og_description":"Mudel FOR. WDRXX Materjal teras Koguk\u00f5rgus (cm ) Valikuv\u00f5imalus Koguprojektsioon (cm) 18 Paigalduskruvid Ei V\u00e4rv Must Kogus komplekti kohta 2","og_url":"https:\/\/metaltale.com\/et\/toode\/riiulitugi-blanka-120x180-mm-must\/","og_site_name":"MetalTale.com","og_image":[{"width":800,"height":800,"url":"https:\/\/metaltale.com\/wp-content\/uploads\/2024\/02\/Lentynos-atramos-BLANKA-90x130-mm-juoda.jpg","type":"image\/jpeg"}],"twitter_card":"summary_large_image","twitter_misc":{"Est. reading time":"1 minut"},"schema":{"@context":"https:\/\/schema.org","@graph":[{"@type":"WebPage","@id":"https:\/\/metaltale.com\/et\/toode\/riiulitugi-blanka-120x180-mm-must\/","url":"https:\/\/metaltale.com\/et\/toode\/riiulitugi-blanka-120x180-mm-must\/","name":"Riiulitugi BLANKA 120x180 mm must - MetalTale.com","isPartOf":{"@id":"https:\/\/metaltale.com\/et\/#website"},"primaryImageOfPage":{"@id":"https:\/\/metaltale.com\/et\/toode\/riiulitugi-blanka-120x180-mm-must\/#primaryimage"},"image":{"@id":"https:\/\/metaltale.com\/et\/toode\/riiulitugi-blanka-120x180-mm-must\/#primaryimage"},"thumbnailUrl":"https:\/\/metaltale.com\/wp-content\/uploads\/2024\/02\/Lentynos-atramos-BLANKA-90x130-mm-juoda.jpg","datePublished":"2024-02-13T12:01:04+00:00","breadcrumb":{"@id":"https:\/\/metaltale.com\/et\/toode\/riiulitugi-blanka-120x180-mm-must\/#breadcrumb"},"inLanguage":"et","potentialAction":[{"@type":"ReadAction","target":["https:\/\/metaltale.com\/et\/toode\/riiulitugi-blanka-120x180-mm-must\/"]}]},{"@type":"ImageObject","inLanguage":"et","@id":"https:\/\/metaltale.com\/et\/toode\/riiulitugi-blanka-120x180-mm-must\/#primaryimage","url":"https:\/\/metaltale.com\/wp-content\/uploads\/2024\/02\/Lentynos-atramos-BLANKA-90x130-mm-juoda.jpg","contentUrl":"https:\/\/metaltale.com\/wp-content\/uploads\/2024\/02\/Lentynos-atramos-BLANKA-90x130-mm-juoda.jpg","width":800,"height":800,"caption":"Riiulitoed BLANKA 90x130 mm mustad"},{"@type":"BreadcrumbList","@id":"https:\/\/metaltale.com\/et\/toode\/riiulitugi-blanka-120x180-mm-must\/#breadcrumb","itemListElement":[{"@type":"ListItem","position":1,"name":"Home","item":"https:\/\/metaltale.com\/et\/kodu\/"},{"@type":"ListItem","position":2,"name":"Kauplus","item":"https:\/\/metaltale.com\/et\/shop\/"},{"@type":"ListItem","position":3,"name":"Riiulitugi BLANKA 120&#215;180 mm must"}]},{"@type":"WebSite","@id":"https:\/\/metaltale.com\/et\/#website","url":"https:\/\/metaltale.com\/et\/","name":"Metaltale.com","description":"","potentialAction":[{"@type":"SearchAction","target":{"@type":"EntryPoint","urlTemplate":"https:\/\/metaltale.com\/et\/?s={search_term_string}"},"query-input":{"@type":"PropertyValueSpecification","valueRequired":true,"valueName":"search_term_string"}}],"inLanguage":"et"}]}},"_links":{"self":[{"href":"https:\/\/metaltale.com\/et\/wp-json\/wp\/v2\/product\/138679","targetHints":{"allow":["GET"]}}],"collection":[{"href":"https:\/\/metaltale.com\/et\/wp-json\/wp\/v2\/product"}],"about":[{"href":"https:\/\/metaltale.com\/et\/wp-json\/wp\/v2\/types\/product"}],"replies":[{"embeddable":true,"href":"https:\/\/metaltale.com\/et\/wp-json\/wp\/v2\/comments?post=138679"}],"version-history":[{"count":0,"href":"https:\/\/metaltale.com\/et\/wp-json\/wp\/v2\/product\/138679\/revisions"}],"wp:featuredmedia":[{"embeddable":true,"href":"https:\/\/metaltale.com\/et\/wp-json\/wp\/v2\/media\/131709"}],"wp:attachment":[{"href":"https:\/\/metaltale.com\/et\/wp-json\/wp\/v2\/media?parent=138679"}],"wp:term":[{"taxonomy":"product_brand","embeddable":true,"href":"https:\/\/metaltale.com\/et\/wp-json\/wp\/v2\/product_brand?post=138679"},{"taxonomy":"product_cat","embeddable":true,"href":"https:\/\/metaltale.com\/et\/wp-json\/wp\/v2\/product_cat?post=138679"},{"taxonomy":"product_tag","embeddable":true,"href":"https:\/\/metaltale.com\/et\/wp-json\/wp\/v2\/product_tag?post=138679"}],"curies":[{"name":"wp","href":"https:\/\/api.w.org\/{rel}","templated":true}]}}